{"id":12419,"date":"2020-05-21T11:37:21","date_gmt":"2020-05-21T09:37:21","guid":{"rendered":"https:\/\/www.visioneyes.ro\/?page_id=12419"},"modified":"2020-05-21T11:44:35","modified_gmt":"2020-05-21T09:44:35","slug":"visioneyes-va-prezinta-proiectul-clar-pentru-copii-visioneyes-ro","status":"publish","type":"page","link":"https:\/\/www.visioneyes.ro\/en\/visioneyes-va-prezinta-proiectul-clar-pentru-copii-visioneyes-ro\/","title":{"rendered":"VISIONEyes v\u0103 prezint\u0103 proiectul \u201eCLAR \u2013 pentru COPII\u201d &#8211; VisionEyes.ro"},"content":{"rendered":"[vc_row][vc_column][vc_separator][\/vc_column][\/vc_row][vc_row][vc_column width=&#8221;1\/2&#8243;][vc_single_image image=&#8221;12420&#8243; img_size=&#8221;full&#8221; alignment=&#8221;center&#8221;][vc_separator][vc_column_text]\n<p style=\"text-align: center;\"><strong>Daca aveti intrebari va putem raspunde la ele, va rugam completati formularul de mai jos si o sa va contactam !<\/strong><\/p>\n[\/vc_column_text]<div role=\"form\" class=\"wpcf7\" id=\"wpcf7-f5-o1\" lang=\"ro-RO\" dir=\"ltr\">\n<div class=\"screen-reader-response\"><p role=\"status\" aria-live=\"polite\" aria-atomic=\"true\"><\/p> <ul><\/ul><\/div>\n<form action=\"\/en\/wp-json\/wp\/v2\/pages\/12419#wpcf7-f5-o1\" method=\"post\" class=\"wpcf7-form init\" novalidate=\"novalidate\" data-status=\"init\">\n<div style=\"display: none;\">\n<input type=\"hidden\" name=\"_wpcf7\" value=\"5\" \/>\n<input type=\"hidden\" name=\"_wpcf7_version\" value=\"5.3.2\" \/>\n<input type=\"hidden\" name=\"_wpcf7_locale\" value=\"ro_RO\" \/>\n<input type=\"hidden\" name=\"_wpcf7_unit_tag\" value=\"wpcf7-f5-o1\" \/>\n<input type=\"hidden\" name=\"_wpcf7_container_post\" value=\"0\" \/>\n<input type=\"hidden\" name=\"_wpcf7_posted_data_hash\" value=\"\" \/>\n<\/div>\n<p>Numele t\u0103u (obligatoriu) <span class=\"wpcf7-form-control-wrap your-name\"><input type=\"text\" name=\"your-name\" value=\"\" size=\"40\" class=\"wpcf7-form-control wpcf7-text wpcf7-validates-as-required\" aria-required=\"true\" aria-invalid=\"false\" \/><\/span> <\/p>\n<p>Adresa ta de email (obligatoriu) <span class=\"wpcf7-form-control-wrap your-email\"><input type=\"email\" name=\"your-email\" value=\"\" size=\"40\" class=\"wpcf7-form-control wpcf7-text wpcf7-email wpcf7-validates-as-required wpcf7-validates-as-email\" aria-required=\"true\" aria-invalid=\"false\" \/><\/span> <\/p>\n<p>Telefon <span class=\"wpcf7-form-control-wrap tel-740\"><input type=\"tel\" name=\"tel-740\" value=\"\" size=\"40\" class=\"wpcf7-form-control wpcf7-text wpcf7-tel wpcf7-validates-as-tel\" aria-invalid=\"false\" \/><\/span> <\/p>\n<p class=\"product_subject\">Subiect <span class=\"wpcf7-form-control-wrap your-subject\"><input type=\"text\" name=\"your-subject\" value=\"\" size=\"40\" class=\"wpcf7-form-control wpcf7-text product_name\" aria-invalid=\"false\" \/><\/span> <\/p>\n<p>Mesajul t\u0103u <span class=\"wpcf7-form-control-wrap your-message\"><textarea name=\"your-message\" cols=\"40\" rows=\"10\" class=\"wpcf7-form-control wpcf7-textarea\" aria-invalid=\"false\"><\/textarea><\/span> <\/p>\n<p><span class=\"wpcf7-form-control-wrap wpgdprc\"><span class=\"wpcf7-form-control wpcf7-validates-as-required wpcf7-wpgdprc\"><span class=\"wpcf7-list-item\"><input type=\"checkbox\" name=\"wpgdprc\" value=\"1\" aria-required=\"true\" aria-invalid=\"false\" \/><span class=\"wpcf7-list-item-label\">Prin utilizarea acestui formular sunte\u021bi de acord cu stocarea \u0219i manipularea datelor dvs pe acest site web in conformitate cu politica GDPR.<\/span><\/span><\/span><\/span><\/p>\n<p><input type=\"submit\" value=\"Trimite\" class=\"wpcf7-form-control wpcf7-submit\" \/><\/p>\n<div class=\"wpcf7-response-output\" aria-hidden=\"true\"><\/div><\/form><\/div>[\/vc_column][vc_column width=&#8221;1\/2&#8243;][vc_column_text]<strong>Descrierea Proiectului \u201e CLAR \u2013 pentru COPII\u201d <\/strong><\/p>\n<p>O vedere bun\u0103 este unul dintre elementele cheie \u00een dezvoltarea unui copil, de la starea general\u0103 de s\u0103n\u0103tate a acestuia, p\u00e2n\u0103 la performan\u021ba \u0219colar\u0103. Este esen\u021bial ca un specialist s\u0103 verifice acuitatea vizuala a unui copil \u00een stadiile importante ale dezvolt\u0103rii lui sau oric\u00e2nd este suspectat\u0103 vreo problem\u0103. Majoritatea problemelor pot fi astfel evitate sau corectate rapid.<\/p>\n<p>Problemele de vedere care apar \u00een cazul copiilor sunt adeseori diagnosticate tardiv, deoarece cei mici nu sunt \u00eentotdeauna capabili s\u0103 descrie modificarile ce apar in acest sens. De aceea, controlul regulat la oftalmolog reprezint\u0103 cea mai eficient\u0103 metod\u0103 de preven\u0163ie, dar \u015fi calea sigur\u0103 de diagnostic prompt.<\/p>\n<p>Ca regul\u0103 general\u0103, valabil\u0103 \u0219i \u00een cazul ochilor, cu c\u00e2t o problem\u0103 este identificat\u0103 mai devreme, cu at\u00e2t ea va putea fi tratat\u0103 mai eficient. De aceea, este recomandat controlul periodic al copiilor, pentru a detecta din timp orice potential\u0103 problem\u0103 \u0219i de a o remedia c\u00e2t se poate de repede.<\/p>\n<p>Controalele de screening vizual la copii pot identifica \u00een afara de vicii de refrac\u021bie \u0219i alte probleme cu impact vizual major: strabism, ambliopie, cataract\u0103 congenital\u0103, patologie retinian\u0103, etc.<\/p>\n<p>Cel mai des observate \u00een cazul viciilor de refrac\u021bie la copii sunt str\u00e2ngerea\/clipitul ochilor, privitul aproape la televizor, frecarea ochilor sau chiar aplecatul \u00een fa\u021b\u0103 pentru a vedea mai bine. De asemenea, pot ap\u0103rea sensibilitate la lumin\u0103 sau l\u0103crimare excesiv\u0103 \u0219i chiar evitarea activit\u0103\u021bilor care presupun un anumit efort vizual. \u00cen cazul \u0219colarilor, se observa c\u0103 \u00eent\u00e2mpin\u0103 dificult\u0103\u021bi \u00een cititul de aproape sau la tabl\u0103, nu \u00ee\u0219i pot focaliza privirea \u0219i chiar pierd r\u00e2ndul c\u00e2nd citesc folosindu-se de degete pentru a urm\u0103ri mai bine. Pot ap\u0103rea \u0219i dureri de cap sau senza\u021bia de oboseal\u0103 ocular\u0103.<\/p>\n<p>\u00cen cazul \u00een care unul dintre ochi are vedere mai slab\u0103, cel mai puternic va deveni dominant \u0219i creierul va \u00eencepe s\u0103 ignore mesajele din partea celuilalt, \u00eencet\u00e2nd dezvoltarea conexiunilor nervoase care duc la acesta. De aceea, este extrem de important\u0103 examinarea regulat\u0103 a copilului de c\u0103tre un medic oftalmolog pediatru. Verificarea copiilor ar trebui facut\u0103 pe etape de v\u00e2rst\u0103, primele verific\u0103ri pot fi f\u0103cute la gr\u0103dini\u021b\u0103, apoi \u00een primul an de \u0219coal\u0103.<\/p>\n<p>Proiectul \u201eCLAR \u2013 pentru COPII\u201d aprobat prin Hot\u0103r\u00e2rea Consiliului General al Municipiului Bucure\u0219ti nr. 57 din data de 14.02.2020, se va derula \u00een perioada 2020-2021 \u0219i are ca obiectiv remedierea problemelor de vedere \u00een r\u00e2ndul copiilor, cu impact asupra calit\u0103\u021bii vie\u021bii, inclusiv beneficii economice prin diminuarea cheltuielilor aferente tratamentelor oftalmologice ulterioare sau bolilor generale asociate, prin acordarea unui sprijin financiar \u00een cuantum de <strong>maximum 500 lei\/beneficiar<\/strong>, pentru un num\u0103r total de 4000 copii cu v\u00e2rste cuprinse \u00eentre 0 \u0219i 17 ani, pentru achizitionarea unei perechi de ochelari de vedere (rame \u0219i lentile).<\/p>\n<p><strong>2. Informa\u0163ii desf\u0103\u015furare proiect<\/strong><\/p>\n<p><strong>Durat\u0103 proiect \u015fi locul desf\u0103\u015fur\u0103rii: <\/strong>2020-2021, \u00een Municipiul Bucuresti, adresa:<\/p>\n<p>Punct de lucru DRISTOR : <strong>Soseaua Mihai Bravu Nr 309, Dristor, Bucuresti <\/strong><br \/>\nPunct de lucru VULCAN VALUE CENTER : <strong>Str Mihail Sebastian Nr 88, Complex Comercial Careffour Vulcan<\/strong>.<\/p>\n<p><strong>Beneficiarii proiectului: <\/strong>Copiii din municipiul Bucure\u015fti, cu v\u00e2rste cuprinse \u00eentre 0 &#8211; 17 ani, cu recomandare medical\u0103 de la medicul specialist\/oftalmolog.<\/p>\n<p>* Recomandarea de la medic\/oftalmolog este foarte important\u0103, deoarece la VisionEyes avem doar speciali\u015fti optometri\u015fti.<\/p>\n<p><strong>Valoare voucher:<\/strong> 500 de lei pentru fiecare beneficiar, suma ce include at\u00e2t lentilele, c\u00e2t \u015fi ramele (se aplic\u0103 o singur\u0103 dat\u0103).<\/p>\n<p>* \u00cen cazul \u00een care comanda plasat\u0103 de c\u0103tre client este mai mare de 500 de lei, atunci trebuie achitata diferen\u0163a.<\/p>\n<p>&nbsp;<\/p>\n<p><strong>3. Regulament de \u00eenscriere<\/strong><\/p>\n<p>Pentru a beneficia de aceste vouchere, reprezentan\u0163ii legali ai copiilor (p\u0103rin\u0163ii\/bunicii etc) trebuie s\u0103 :<\/p>\n<ul>\n<li>se \u00eenscrie online pe <a href=\"http:\/\/clar.assmb.ro\/\">http:\/\/clar.assmb.ro\/<\/a> (urm\u0103rind pa\u015fii de acolo);<\/li>\n<li>s\u0103 bifeze optica VisionEYes;<\/li>\n<li>s\u0103 a\u015ftepte r\u0103spunsul de la UIP (unitatea de implementare a proiectelor \u00een cadrul ASSMB);<\/li>\n<li>s\u0103 se prezinte la sediul ASSMB din blv. Ion Mihalache cu documentele solicitate \u00een format fizic, de unde prime\u015fte \u015fi contractul de acordare a sprijinului aferent proiectului;<\/li>\n<li>s\u0103 se prezinte \u00een maxim 30 de zile \u00een showroom-ul VisionEyes, \u00een vederea achizi\u0163ion\u0103rii ochelarilor medicali necesari, av\u00e2nd asupra sa un act de identitate \u015fi decizia de aprobare.<\/li>\n<\/ul>\n<p>&nbsp;<\/p>\n<p><strong>Organizatorul Proiectului este Municipiul Bucure\u0219ti prin Administra\u021bia Spitalelor \u0219i Serviciilor Medicale Bucure\u0219ti.<\/strong>[\/vc_column_text][\/vc_column][\/vc_row]\n","protected":false},"excerpt":{"rendered":"[vc_row][vc_column][vc_separator][\/vc_column][\/vc_row][vc_row][vc_column width=&#8221;1\/2&#8243;][vc_single_image image=&#8221;12420&#8243; img_size=&#8221;full&#8221; alignment=&#8221;center&#8221;][vc_separator][vc_column_text] Daca aveti intrebari va putem raspunde la ele, va rugam completati formularul de mai jos si o sa va contactam ! [\/vc_column_text][\/vc_column][vc_column width=&#8221;1\/2&#8243;][vc_column_text]Descrierea Proiectului \u201e CLAR \u2013 pentru COPII\u201d O vedere bun\u0103 este unul dintre elementele cheie \u00een dezvoltarea unui copil, de la starea general\u0103 de s\u0103n\u0103tate a acestuia, p\u00e2n\u0103 [&#8230;]\n","protected":false},"author":1,"featured_media":0,"parent":0,"menu_order":0,"comment_status":"closed","ping_status":"closed","template":"page-blank-title-center.php","meta":[],"yoast_head":"<!-- This site is optimized with the Yoast SEO plugin v15.5 - https:\/\/yoast.com\/wordpress\/plugins\/seo\/ -->\n<title>VISIONEyes v\u0103 prezint\u0103 proiectul \u201eCLAR \u2013 pentru COPII\u201d - VisionEyes.ro - Sun glasses, Contact Lenses, Eye glasses, Eyeglass Frames | VisionEyes<\/title>\n<meta name=\"robots\" content=\"index, follow, max-snippet:-1, max-image-preview:large, max-video-preview:-1\" \/>\n<link rel=\"canonical\" href=\"https:\/\/www.visioneyes.ro\/en\/visioneyes-va-prezinta-proiectul-clar-pentru-copii-visioneyes-ro\/\" \/>\n<meta property=\"og:locale\" content=\"en_US\" \/>\n<meta property=\"og:type\" content=\"article\" \/>\n<meta property=\"og:title\" content=\"VISIONEyes v\u0103 prezint\u0103 proiectul \u201eCLAR \u2013 pentru COPII\u201d - VisionEyes.ro - Sun glasses, Contact Lenses, Eye glasses, Eyeglass Frames | VisionEyes\" \/>\n<meta property=\"og:description\" content=\"[vc_row][vc_column][vc_separator][\/vc_column][\/vc_row][vc_row][vc_column width=&#8221;1\/2&#8243;][vc_single_image image=&#8221;12420&#8243; img_size=&#8221;full&#8221; alignment=&#8221;center&#8221;][vc_separator][vc_column_text] Daca aveti intrebari va putem raspunde la ele, va rugam completati formularul de mai jos si o sa va contactam ! [\/vc_column_text][\/vc_column][vc_column width=&#8221;1\/2&#8243;][vc_column_text]Descrierea Proiectului \u201e CLAR \u2013 pentru COPII\u201d O vedere bun\u0103 este unul dintre elementele cheie \u00een dezvoltarea unui copil, de la starea general\u0103 de s\u0103n\u0103tate a acestuia, p\u00e2n\u0103 [...]\" \/>\n<meta property=\"og:url\" content=\"https:\/\/www.visioneyes.ro\/en\/visioneyes-va-prezinta-proiectul-clar-pentru-copii-visioneyes-ro\/\" \/>\n<meta property=\"og:site_name\" content=\"Sun glasses, Contact Lenses, Eye glasses, Eyeglass Frames | VisionEyes\" \/>\n<meta property=\"article:modified_time\" content=\"2020-05-21T09:44:35+00:00\" \/>\n<meta name=\"twitter:card\" content=\"summary_large_image\" \/>\n<meta name=\"twitter:label1\" content=\"Est. reading time\">\n\t<meta name=\"twitter:data1\" content=\"3 minutes\">\n<script type=\"application\/ld+json\" class=\"yoast-schema-graph\">{\"@context\":\"https:\/\/schema.org\",\"@graph\":[{\"@type\":\"WebSite\",\"@id\":\"https:\/\/www.visioneyes.ro\/#website\",\"url\":\"https:\/\/www.visioneyes.ro\/\",\"name\":\"Sun glasses, Contact Lenses, Eye glasses, Eyeglass Frames | VisionEyes\",\"description\":\"\",\"potentialAction\":[{\"@type\":\"SearchAction\",\"target\":\"https:\/\/www.visioneyes.ro\/?s={search_term_string}\",\"query-input\":\"required name=search_term_string\"}],\"inLanguage\":\"en-US\"},{\"@type\":\"WebPage\",\"@id\":\"https:\/\/www.visioneyes.ro\/en\/visioneyes-va-prezinta-proiectul-clar-pentru-copii-visioneyes-ro\/#webpage\",\"url\":\"https:\/\/www.visioneyes.ro\/en\/visioneyes-va-prezinta-proiectul-clar-pentru-copii-visioneyes-ro\/\",\"name\":\"VISIONEyes v\\u0103 prezint\\u0103 proiectul \\u201eCLAR \\u2013 pentru COPII\\u201d - VisionEyes.ro - Sun glasses, Contact Lenses, Eye glasses, Eyeglass Frames | VisionEyes\",\"isPartOf\":{\"@id\":\"https:\/\/www.visioneyes.ro\/#website\"},\"datePublished\":\"2020-05-21T09:37:21+00:00\",\"dateModified\":\"2020-05-21T09:44:35+00:00\",\"inLanguage\":\"en-US\",\"potentialAction\":[{\"@type\":\"ReadAction\",\"target\":[\"https:\/\/www.visioneyes.ro\/en\/visioneyes-va-prezinta-proiectul-clar-pentru-copii-visioneyes-ro\/\"]}]}]}<\/script>\n<!-- \/ Yoast SEO plugin. -->","_links":{"self":[{"href":"https:\/\/www.visioneyes.ro\/en\/wp-json\/wp\/v2\/pages\/12419"}],"collection":[{"href":"https:\/\/www.visioneyes.ro\/en\/wp-json\/wp\/v2\/pages"}],"about":[{"href":"https:\/\/www.visioneyes.ro\/en\/wp-json\/wp\/v2\/types\/page"}],"author":[{"embeddable":true,"href":"https:\/\/www.visioneyes.ro\/en\/wp-json\/wp\/v2\/users\/1"}],"replies":[{"embeddable":true,"href":"https:\/\/www.visioneyes.ro\/en\/wp-json\/wp\/v2\/comments?post=12419"}],"version-history":[{"count":6,"href":"https:\/\/www.visioneyes.ro\/en\/wp-json\/wp\/v2\/pages\/12419\/revisions"}],"predecessor-version":[{"id":12426,"href":"https:\/\/www.visioneyes.ro\/en\/wp-json\/wp\/v2\/pages\/12419\/revisions\/12426"}],"wp:attachment":[{"href":"https:\/\/www.visioneyes.ro\/en\/wp-json\/wp\/v2\/media?parent=12419"}],"curies":[{"name":"wp","href":"https:\/\/api.w.org\/{rel}","templated":true}]}}