{"id":10051,"date":"2019-09-11T18:15:21","date_gmt":"2019-09-11T16:15:21","guid":{"rendered":"https:\/\/www.visioneyes.ro\/?post_type=product&#038;p=10051"},"modified":"2024-12-30T13:03:19","modified_gmt":"2024-12-30T11:03:19","slug":"giorgio-armani-ar5087-3010-55","status":"publish","type":"product","link":"https:\/\/www.visioneyes.ro\/en\/shop-online\/giorgio-armani-ar5087-3010-55\/","title":{"rendered":"Giorgio Armani AR5087 3010 55"},"content":{"rendered":"<div class=\"eoFontsizeXL eoTextBold\">AR 5087 Informa\u0162ii modele<\/div>\n<div class=\"eoEmptyBorderBox\"><\/div>\n<table class=\"eoDetailPropertyListTable\" width=\"95%\">\n<tbody>\n<tr class=\"eoDetailItem eoFontSizeS\">\n<td>Dimensiuni &amp; Detalii<\/td>\n<td><span id=\"InfoSizeLabel775531\" class=\"sizeInfoRows\">S<\/span><span class=\"sizeInfoRowsMargin\">\/<\/span><span id=\"InfoSizeLabel775532\" class=\"sizeInfoRows\">M<\/span><\/td>\n<\/tr>\n<tr class=\"eoDetailItem eoFontSizeS\">\n<td>Dimensiunea lentilei<\/td>\n<td><span id=\"InfoLensSize775531\" class=\"sizeInfoRows\">53<\/span><span class=\"sizeInfoRowsMargin\">\/<\/span><span id=\"InfoLensSize775532\" class=\"sizeInfoRows\">55<\/span><\/td>\n<\/tr>\n<tr class=\"eoDetailItem eoFontSizeS\">\n<td>Dimensiunea ramei \u00eentre lentile<\/td>\n<td><span id=\"InfoBridgeSize775531\" class=\"sizeInfoRows\">18<\/span><span class=\"sizeInfoRowsMargin\">\/<\/span><span id=\"InfoBridgeSize775532\" class=\"sizeInfoRows\">18<\/span><\/td>\n<\/tr>\n<tr class=\"eoDetailItem eoFontSizeS\">\n<td>Lungimea tijei<\/td>\n<td><span id=\"InfoTempleSize775531\" class=\"sizeInfoRows\">140<\/span><span class=\"sizeInfoRowsMargin\">\/<\/span><span id=\"InfoTempleSize775532\" class=\"sizeInfoRows\">140<\/span><\/td>\n<\/tr>\n<tr class=\"eoDetailItem eoFontSizeS\">\n<td class=\"eoDetailFeatureName\">Genul<\/td>\n<td class=\"eoDetailFeature\">Femei<\/td>\n<\/tr>\n<tr class=\"eoDetailItem eoFontSizeS\">\n<td class=\"eoDetailFeatureName\">Tipul ramei<\/td>\n<td class=\"eoDetailFeature\">Rame pe fir<\/td>\n<\/tr>\n<tr class=\"eoDetailItem eoFontSizeS\">\n<td class=\"eoDetailFeatureName\">Culoare rame<\/td>\n<td class=\"eoDetailFeature\">Gunmetal<\/td>\n<\/tr>\n<\/tbody>\n<\/table>\n<p>&nbsp;<\/p>\n<div class=\"eoFontsizeXL eoTextBold\">\u200cAR5087\/3010 Ochelari de design<\/div>\n<p>\u00cen calitate de client al Opti Eyes cu siguran\u0163\u0103 \u015fti deja c\u0103 ochelarii dau tonul stilului. Cu aceast\u0103 \u201ebijuterie\u201d po\u0163i conferi oric\u0103rei \u0163inute o not\u0103 \u201esmart\u201d, fie c\u0103 e\u015fti la munc\u0103, \u00een birou sau \u00een timpul liber. Modelul AR5087 este lansat de cur\u00e2nd pe pia\u0163\u0103 \u00een 2019, a\u015fa \u00eenc\u00e2t cu siguran\u0163\u0103 vei fi la ultimul r\u0103cnet cu ace\u015fti ochelari. Modelul AR5087 este disponibil \u00een m\u0103rimile 53 mm, 55 mm. Cu ajutorul cuponului de returnare, pe care \u0163i-l punem la dispozi\u0163ie, po\u0163i s\u0103 ne trimi\u0163i gratuit ochelarii \u00eenapoi, \u00een cazul \u00een care nu se potrivesc. Modelul de ochelari AR5087 este disponibil \u00een shop-ul online Edel-Optics \u015fi \u00een alte variante \u015fic de la <b>Giorgio Armani<\/b>, din colec\u0163iile 2018 \u015fi 2019.<\/p>\n<p>Prin acest model de ochelari, designerii se adreseaz\u0103 mai ales\u00a0<b>doamnelor<\/b>, care se simt \u00een largul lor \u00een marile metropole ale lumii. Cine mai are timp s\u0103 se g\u00e2ndeasc\u0103 la \u201eMr. Right\u201c? Acum este mai important\u0103 stabilirea stilului perfect pentru 2019!Ochelarii cu\u00a0<b>semirame<\/b>\u00a0se bucur\u0103 de un aspect extrem de delicat, astfel \u00eenc\u00e2t acestia se potrivesc oricarui look, indiferent de ocazie \u015fi de \u0163inuta impus\u0103 de aceasta. Ramele cu\u00a0<b>form\u0103 p\u0103trat\u0103<\/b>\u00a0au o form\u0103 clasic\u0103, care reprezint\u0103 un semn de recunoastere al personalit\u0103\u0163ilor caracterizate de onestitate.\u00a0<b>Negru<\/b>\u00a0este pentru tine o culoare prea sobr\u0103, iar culorile stridente nu te reprezint\u0103? Atunci\u00a0<b>griul<\/b>\u00a0poate reprezenta pentru tine o alternativ\u0103 ideal\u0103! Culoarea\u00a0<b>griulul<\/b>\u00a0nu numai c\u0103 este \u00een momentul de fa\u0163\u0103 \u00een tendin\u0163e, dar se \u015fi potrive\u015fte la orice nuan\u0163\u0103 de ten \u015fi poate fi asortat\u0103 cu u\u015furin\u0163\u0103 la orice outfit<\/p>\n","protected":false},"excerpt":{"rendered":"<p>AR 5087 Informa\u0162ii modele Dimensiuni &amp; Detalii S\/M Dimensiunea lentilei 53\/55 Dimensiunea ramei \u00eentre lentile 18\/18 Lungimea tijei 140\/140 Genul Femei Tipul ramei Rame pe fir Culoare rame Gunmetal &nbsp; \u200cAR5087\/3010 Ochelari de design \u00cen calitate de client al Opti Eyes cu siguran\u0163\u0103 \u015fti deja c\u0103 ochelarii dau tonul stilului. Cu aceast\u0103 \u201ebijuterie\u201d po\u0163i conferi [&#8230;]\n","protected":false},"featured_media":10052,"comment_status":"open","ping_status":"closed","template":"","meta":[],"yoast_head":"<!-- This site is optimized with the Yoast SEO plugin v15.5 - https:\/\/yoast.com\/wordpress\/plugins\/seo\/ -->\n<title>Giorgio Armani AR5087 3010 55 - Sun glasses, Contact Lenses, Eye glasses, Eyeglass Frames | VisionEyes<\/title>\n<meta name=\"robots\" content=\"index, follow, max-snippet:-1, max-image-preview:large, max-video-preview:-1\" \/>\n<link rel=\"canonical\" href=\"https:\/\/www.visioneyes.ro\/shop-online\/giorgio-armani-ar5087-3010-55\/\" \/>\n<meta property=\"og:locale\" content=\"en_US\" \/>\n<meta property=\"og:type\" content=\"article\" \/>\n<meta property=\"og:title\" content=\"Giorgio Armani AR5087 3010 55 - Sun glasses, Contact Lenses, Eye glasses, Eyeglass Frames | VisionEyes\" \/>\n<meta property=\"og:description\" content=\"AR 5087 Informa\u0162ii modele Dimensiuni &amp; Detalii S\/M Dimensiunea lentilei 53\/55 Dimensiunea ramei \u00eentre lentile 18\/18 Lungimea tijei 140\/140 Genul Femei Tipul ramei Rame pe fir Culoare rame Gunmetal &nbsp; \u200cAR5087\/3010 Ochelari de design \u00cen calitate de client al Opti Eyes cu siguran\u0163\u0103 \u015fti deja c\u0103 ochelarii dau tonul stilului. Cu aceast\u0103 \u201ebijuterie\u201d po\u0163i conferi [...]\" \/>\n<meta property=\"og:url\" content=\"https:\/\/www.visioneyes.ro\/shop-online\/giorgio-armani-ar5087-3010-55\/\" \/>\n<meta property=\"og:site_name\" content=\"Sun glasses, Contact Lenses, Eye glasses, Eyeglass Frames | VisionEyes\" \/>\n<meta property=\"article:modified_time\" content=\"2024-12-30T11:03:19+00:00\" \/>\n<meta property=\"og:image\" content=\"https:\/\/www.visioneyes.ro\/wp-content\/uploads\/Giorgio-Armani-AR5087-3010.jpg\" \/>\n\t<meta property=\"og:image:width\" content=\"1024\" \/>\n\t<meta property=\"og:image:height\" content=\"533\" \/>\n<meta name=\"twitter:card\" content=\"summary_large_image\" \/>\n<meta name=\"twitter:label1\" content=\"Est. reading time\">\n\t<meta name=\"twitter:data1\" content=\"1 minute\">\n<script type=\"application\/ld+json\" class=\"yoast-schema-graph\">{\"@context\":\"https:\/\/schema.org\",\"@graph\":[{\"@type\":\"WebSite\",\"@id\":\"https:\/\/www.visioneyes.ro\/#website\",\"url\":\"https:\/\/www.visioneyes.ro\/\",\"name\":\"Sun glasses, Contact Lenses, Eye glasses, Eyeglass Frames | VisionEyes\",\"description\":\"\",\"potentialAction\":[{\"@type\":\"SearchAction\",\"target\":\"https:\/\/www.visioneyes.ro\/?s={search_term_string}\",\"query-input\":\"required name=search_term_string\"}],\"inLanguage\":\"en-US\"},{\"@type\":\"ImageObject\",\"@id\":\"https:\/\/www.visioneyes.ro\/shop-online\/giorgio-armani-ar5087-3010-55\/#primaryimage\",\"inLanguage\":\"en-US\",\"url\":\"https:\/\/www.visioneyes.ro\/wp-content\/uploads\/Giorgio-Armani-AR5087-3010.jpg\",\"width\":1024,\"height\":533},{\"@type\":\"WebPage\",\"@id\":\"https:\/\/www.visioneyes.ro\/shop-online\/giorgio-armani-ar5087-3010-55\/#webpage\",\"url\":\"https:\/\/www.visioneyes.ro\/shop-online\/giorgio-armani-ar5087-3010-55\/\",\"name\":\"Giorgio Armani AR5087 3010 55 - Sun glasses, Contact Lenses, Eye glasses, Eyeglass Frames | VisionEyes\",\"isPartOf\":{\"@id\":\"https:\/\/www.visioneyes.ro\/#website\"},\"primaryImageOfPage\":{\"@id\":\"https:\/\/www.visioneyes.ro\/shop-online\/giorgio-armani-ar5087-3010-55\/#primaryimage\"},\"datePublished\":\"2019-09-11T16:15:21+00:00\",\"dateModified\":\"2024-12-30T11:03:19+00:00\",\"inLanguage\":\"en-US\",\"potentialAction\":[{\"@type\":\"ReadAction\",\"target\":[\"https:\/\/www.visioneyes.ro\/shop-online\/giorgio-armani-ar5087-3010-55\/\"]}]}]}<\/script>\n<!-- \/ Yoast SEO plugin. -->","_links":{"self":[{"href":"https:\/\/www.visioneyes.ro\/en\/wp-json\/wp\/v2\/product\/10051"}],"collection":[{"href":"https:\/\/www.visioneyes.ro\/en\/wp-json\/wp\/v2\/product"}],"about":[{"href":"https:\/\/www.visioneyes.ro\/en\/wp-json\/wp\/v2\/types\/product"}],"replies":[{"embeddable":true,"href":"https:\/\/www.visioneyes.ro\/en\/wp-json\/wp\/v2\/comments?post=10051"}],"wp:featuredmedia":[{"embeddable":true,"href":"https:\/\/www.visioneyes.ro\/en\/wp-json\/wp\/v2\/media\/10052"}],"wp:attachment":[{"href":"https:\/\/www.visioneyes.ro\/en\/wp-json\/wp\/v2\/media?parent=10051"}],"curies":[{"name":"wp","href":"https:\/\/api.w.org\/{rel}","templated":true}]}}