{"id":10145,"date":"2019-09-17T16:50:28","date_gmt":"2019-09-17T13:50:28","guid":{"rendered":"https:\/\/www.visioneyes.ro\/?post_type=product&#038;p=10145"},"modified":"2025-03-25T14:47:03","modified_gmt":"2025-03-25T12:47:03","slug":"giorgio-armani-ar7037-5089","status":"publish","type":"product","link":"https:\/\/www.visioneyes.ro\/en\/shop-online\/giorgio-armani-ar7037-5089\/","title":{"rendered":"Giorgio Armani  AR7037 (5089)"},"content":{"rendered":"<div class=\"eoFontsizeXL eoTextBold\">AR 7037 Informa\u0162ii modele<\/div>\n<div class=\"eoEmptyBorderBox\"><\/div>\n<table class=\"eoDetailPropertyListTable\" width=\"95%\">\n<tbody>\n<tr class=\"eoDetailItem eoFontSizeS\">\n<td>Dimensiuni &amp; Detalii<\/td>\n<td><span id=\"InfoSizeLabel519335\" class=\"sizeInfoRows\">M<\/span><span class=\"sizeInfoRowsMargin\">\/<\/span><span id=\"InfoSizeLabel519334\" class=\"sizeInfoRows\">M<\/span><\/td>\n<\/tr>\n<tr class=\"eoDetailItem eoFontSizeS\">\n<td>Dimensiunea lentilei<\/td>\n<td><span id=\"InfoLensSize519335\" class=\"sizeInfoRows\">53<\/span><span class=\"sizeInfoRowsMargin\">\/<\/span><span id=\"InfoLensSize519334\" class=\"sizeInfoRows\">55<\/span><\/td>\n<\/tr>\n<tr class=\"eoDetailItem eoFontSizeS\">\n<td>Dimensiunea ramei \u00eentre lentile<\/td>\n<td><span id=\"InfoBridgeSize519335\" class=\"sizeInfoRows\">17<\/span><span class=\"sizeInfoRowsMargin\">\/<\/span><span id=\"InfoBridgeSize519334\" class=\"sizeInfoRows\">17<\/span><\/td>\n<\/tr>\n<tr class=\"eoDetailItem eoFontSizeS\">\n<td>Lungimea tijei<\/td>\n<td><span id=\"InfoTempleSize519335\" class=\"sizeInfoRows\">145<\/span><span class=\"sizeInfoRowsMargin\">\/<\/span><span id=\"InfoTempleSize519334\" class=\"sizeInfoRows\">145<\/span><\/td>\n<\/tr>\n<tr class=\"eoDetailItem eoFontSizeS\">\n<td class=\"eoDetailFeatureName\">Genul<\/td>\n<td class=\"eoDetailFeature\">B\u0103rba\u0163i<\/td>\n<\/tr>\n<tr class=\"eoDetailItem eoFontSizeS\">\n<td class=\"eoDetailFeatureName\">Tipul ramei<\/td>\n<td class=\"eoDetailFeature\">Ram\u0103 complet\u0103<\/td>\n<\/tr>\n<tr class=\"eoDetailItem eoFontSizeS\">\n<td class=\"eoDetailFeatureName\">Culoare rame<\/td>\n<td class=\"eoDetailFeature\">Matte Dark Havana<\/td>\n<\/tr>\n<\/tbody>\n<\/table>\n","protected":false},"excerpt":{"rendered":"<p>AR 7037 Informa\u0162ii modele Dimensiuni &amp; Detalii M\/M Dimensiunea lentilei 53\/55 Dimensiunea ramei \u00eentre lentile 17\/17 Lungimea tijei 145\/145 Genul B\u0103rba\u0163i Tipul ramei Ram\u0103 complet\u0103 Culoare rame Matte Dark Havana<\/p>\n","protected":false},"featured_media":10146,"comment_status":"open","ping_status":"closed","template":"","meta":[],"yoast_head":"<!-- This site is optimized with the Yoast SEO plugin v15.5 - https:\/\/yoast.com\/wordpress\/plugins\/seo\/ -->\n<title>Giorgio Armani AR7037 (5089) - Sun glasses, Contact Lenses, Eye glasses, Eyeglass Frames | VisionEyes<\/title>\n<meta name=\"robots\" content=\"index, follow, max-snippet:-1, max-image-preview:large, max-video-preview:-1\" \/>\n<link rel=\"canonical\" href=\"https:\/\/www.visioneyes.ro\/shop-online\/giorgio-armani-ar7037-5089\/\" \/>\n<meta property=\"og:locale\" content=\"en_US\" \/>\n<meta property=\"og:type\" content=\"article\" \/>\n<meta property=\"og:title\" content=\"Giorgio Armani AR7037 (5089) - Sun glasses, Contact Lenses, Eye glasses, Eyeglass Frames | VisionEyes\" \/>\n<meta property=\"og:description\" content=\"AR 7037 Informa\u0162ii modele Dimensiuni &amp; Detalii M\/M Dimensiunea lentilei 53\/55 Dimensiunea ramei \u00eentre lentile 17\/17 Lungimea tijei 145\/145 Genul B\u0103rba\u0163i Tipul ramei Ram\u0103 complet\u0103 Culoare rame Matte Dark Havana\" \/>\n<meta property=\"og:url\" content=\"https:\/\/www.visioneyes.ro\/shop-online\/giorgio-armani-ar7037-5089\/\" \/>\n<meta property=\"og:site_name\" content=\"Sun glasses, Contact Lenses, Eye glasses, Eyeglass Frames | VisionEyes\" \/>\n<meta property=\"article:modified_time\" content=\"2025-03-25T12:47:03+00:00\" \/>\n<meta property=\"og:image\" content=\"https:\/\/www.visioneyes.ro\/wp-content\/uploads\/Giorgio-Armani-AR7037-5089.jpg\" \/>\n\t<meta property=\"og:image:width\" content=\"1024\" \/>\n\t<meta property=\"og:image:height\" content=\"533\" \/>\n<meta name=\"twitter:card\" content=\"summary_large_image\" \/>\n<meta name=\"twitter:label1\" content=\"Est. reading time\">\n\t<meta name=\"twitter:data1\" content=\"0 minutes\">\n<script type=\"application\/ld+json\" class=\"yoast-schema-graph\">{\"@context\":\"https:\/\/schema.org\",\"@graph\":[{\"@type\":\"WebSite\",\"@id\":\"https:\/\/www.visioneyes.ro\/#website\",\"url\":\"https:\/\/www.visioneyes.ro\/\",\"name\":\"Sun glasses, Contact Lenses, Eye glasses, Eyeglass Frames | VisionEyes\",\"description\":\"\",\"potentialAction\":[{\"@type\":\"SearchAction\",\"target\":\"https:\/\/www.visioneyes.ro\/?s={search_term_string}\",\"query-input\":\"required name=search_term_string\"}],\"inLanguage\":\"en-US\"},{\"@type\":\"ImageObject\",\"@id\":\"https:\/\/www.visioneyes.ro\/shop-online\/giorgio-armani-ar7037-5089\/#primaryimage\",\"inLanguage\":\"en-US\",\"url\":\"https:\/\/www.visioneyes.ro\/wp-content\/uploads\/Giorgio-Armani-AR7037-5089.jpg\",\"width\":1024,\"height\":533},{\"@type\":\"WebPage\",\"@id\":\"https:\/\/www.visioneyes.ro\/shop-online\/giorgio-armani-ar7037-5089\/#webpage\",\"url\":\"https:\/\/www.visioneyes.ro\/shop-online\/giorgio-armani-ar7037-5089\/\",\"name\":\"Giorgio Armani AR7037 (5089) - Sun glasses, Contact Lenses, Eye glasses, Eyeglass Frames | VisionEyes\",\"isPartOf\":{\"@id\":\"https:\/\/www.visioneyes.ro\/#website\"},\"primaryImageOfPage\":{\"@id\":\"https:\/\/www.visioneyes.ro\/shop-online\/giorgio-armani-ar7037-5089\/#primaryimage\"},\"datePublished\":\"2019-09-17T13:50:28+00:00\",\"dateModified\":\"2025-03-25T12:47:03+00:00\",\"inLanguage\":\"en-US\",\"potentialAction\":[{\"@type\":\"ReadAction\",\"target\":[\"https:\/\/www.visioneyes.ro\/shop-online\/giorgio-armani-ar7037-5089\/\"]}]}]}<\/script>\n<!-- \/ Yoast SEO plugin. -->","_links":{"self":[{"href":"https:\/\/www.visioneyes.ro\/en\/wp-json\/wp\/v2\/product\/10145"}],"collection":[{"href":"https:\/\/www.visioneyes.ro\/en\/wp-json\/wp\/v2\/product"}],"about":[{"href":"https:\/\/www.visioneyes.ro\/en\/wp-json\/wp\/v2\/types\/product"}],"replies":[{"embeddable":true,"href":"https:\/\/www.visioneyes.ro\/en\/wp-json\/wp\/v2\/comments?post=10145"}],"wp:featuredmedia":[{"embeddable":true,"href":"https:\/\/www.visioneyes.ro\/en\/wp-json\/wp\/v2\/media\/10146"}],"wp:attachment":[{"href":"https:\/\/www.visioneyes.ro\/en\/wp-json\/wp\/v2\/media?parent=10145"}],"curies":[{"name":"wp","href":"https:\/\/api.w.org\/{rel}","templated":true}]}}