{"id":10617,"date":"2019-11-11T15:33:34","date_gmt":"2019-11-11T12:33:34","guid":{"rendered":"https:\/\/www.visioneyes.ro\/?post_type=product&#038;p=10617"},"modified":"2025-11-04T12:52:27","modified_gmt":"2025-11-04T10:52:27","slug":"bvlgari-bv4174-501-52","status":"publish","type":"product","link":"https:\/\/www.visioneyes.ro\/en\/shop-online\/bvlgari-bv4174-501-52\/","title":{"rendered":"BVLGARI BV4174 501 52"},"content":{"rendered":"<h3 class=\"page-product-heading page-product-heading-half\">CARACTERISTICI<\/h3>\n<h3 class=\"page-product-heading page-product-heading-half hidden-sm\">DIMENSIUNI<\/h3>\n<div class=\"specificatii\">\n<table class=\"table-data-sheet\">\n<tbody>\n<tr class=\"odd\">\n<td>Tip Rama<\/td>\n<td>Intreaga<\/td>\n<\/tr>\n<tr class=\"even\">\n<td>Gen<\/td>\n<td>Femei<\/td>\n<\/tr>\n<tr class=\"odd\">\n<td>Material rama<\/td>\n<td>Plastic<\/td>\n<\/tr>\n<tr class=\"even\">\n<td>Forma rama<\/td>\n<td>Ochi de pisica<\/td>\n<\/tr>\n<tr class=\"odd\">\n<td>Culoare rama<\/td>\n<td>Neagra<\/td>\n<\/tr>\n<tr class=\"even\">\n<td>Termen livrare<\/td>\n<td>1-3 zile lucratoare<\/td>\n<\/tr>\n<\/tbody>\n<\/table>\n<\/div>\n<div class=\"feature_lens_size feature_backgroundimg\"><\/div>\n<div><strong>Mai mult dec\u00e2t at\u00e2t, la noi po\u0163i cump\u0103ra lentilele perfecte de vedere, la un pre\u0163 imbatabil. Tot ceea de ce ai nevoie sunt valorile actuale de dioptrii, care \u00ee\u0163i pot fi furnizate de un doctor oftalmolog de \u00eencredere sau poti venii in magazinul nostru din Vulcan Value Centre pentru o determinare de dioptrii.<\/strong><\/div>\n","protected":false},"excerpt":{"rendered":"<p>CARACTERISTICI DIMENSIUNI Tip Rama Intreaga Gen Femei Material rama Plastic Forma rama Ochi de pisica Culoare rama Neagra Termen livrare 1-3 zile lucratoare Mai mult dec\u00e2t at\u00e2t, la noi po\u0163i cump\u0103ra lentilele perfecte de vedere, la un pre\u0163 imbatabil. Tot ceea de ce ai nevoie sunt valorile actuale de dioptrii, care \u00ee\u0163i pot fi furnizate [&#8230;]\n","protected":false},"featured_media":10618,"comment_status":"open","ping_status":"closed","template":"","meta":[],"yoast_head":"<!-- This site is optimized with the Yoast SEO plugin v15.5 - https:\/\/yoast.com\/wordpress\/plugins\/seo\/ -->\n<title>BVLGARI BV4174 501 52 - Sun glasses, Contact Lenses, Eye glasses, Eyeglass Frames | VisionEyes<\/title>\n<meta name=\"robots\" content=\"index, follow, max-snippet:-1, max-image-preview:large, max-video-preview:-1\" \/>\n<link rel=\"canonical\" href=\"https:\/\/www.visioneyes.ro\/shop-online\/bvlgari-bv4174-501-52\/\" \/>\n<meta property=\"og:locale\" content=\"en_US\" \/>\n<meta property=\"og:type\" content=\"article\" \/>\n<meta property=\"og:title\" content=\"BVLGARI BV4174 501 52 - Sun glasses, Contact Lenses, Eye glasses, Eyeglass Frames | VisionEyes\" \/>\n<meta property=\"og:description\" content=\"CARACTERISTICI DIMENSIUNI Tip Rama Intreaga Gen Femei Material rama Plastic Forma rama Ochi de pisica Culoare rama Neagra Termen livrare 1-3 zile lucratoare Mai mult dec\u00e2t at\u00e2t, la noi po\u0163i cump\u0103ra lentilele perfecte de vedere, la un pre\u0163 imbatabil. Tot ceea de ce ai nevoie sunt valorile actuale de dioptrii, care \u00ee\u0163i pot fi furnizate [...]\" \/>\n<meta property=\"og:url\" content=\"https:\/\/www.visioneyes.ro\/shop-online\/bvlgari-bv4174-501-52\/\" \/>\n<meta property=\"og:site_name\" content=\"Sun glasses, Contact Lenses, Eye glasses, Eyeglass Frames | VisionEyes\" \/>\n<meta property=\"article:modified_time\" content=\"2025-11-04T10:52:27+00:00\" \/>\n<meta property=\"og:image\" content=\"https:\/\/www.visioneyes.ro\/wp-content\/uploads\/bvlgari-bv4174-501-52.jpg\" \/>\n\t<meta property=\"og:image:width\" content=\"515\" \/>\n\t<meta property=\"og:image:height\" content=\"515\" \/>\n<meta name=\"twitter:card\" content=\"summary_large_image\" \/>\n<meta name=\"twitter:label1\" content=\"Est. reading time\">\n\t<meta name=\"twitter:data1\" content=\"0 minutes\">\n<script type=\"application\/ld+json\" class=\"yoast-schema-graph\">{\"@context\":\"https:\/\/schema.org\",\"@graph\":[{\"@type\":\"WebSite\",\"@id\":\"https:\/\/www.visioneyes.ro\/#website\",\"url\":\"https:\/\/www.visioneyes.ro\/\",\"name\":\"Sun glasses, Contact Lenses, Eye glasses, Eyeglass Frames | VisionEyes\",\"description\":\"\",\"potentialAction\":[{\"@type\":\"SearchAction\",\"target\":\"https:\/\/www.visioneyes.ro\/?s={search_term_string}\",\"query-input\":\"required name=search_term_string\"}],\"inLanguage\":\"en-US\"},{\"@type\":\"ImageObject\",\"@id\":\"https:\/\/www.visioneyes.ro\/shop-online\/bvlgari-bv4174-501-52\/#primaryimage\",\"inLanguage\":\"en-US\",\"url\":\"https:\/\/www.visioneyes.ro\/wp-content\/uploads\/bvlgari-bv4174-501-52.jpg\",\"width\":515,\"height\":515},{\"@type\":\"WebPage\",\"@id\":\"https:\/\/www.visioneyes.ro\/shop-online\/bvlgari-bv4174-501-52\/#webpage\",\"url\":\"https:\/\/www.visioneyes.ro\/shop-online\/bvlgari-bv4174-501-52\/\",\"name\":\"BVLGARI BV4174 501 52 - Sun glasses, Contact Lenses, Eye glasses, Eyeglass Frames | VisionEyes\",\"isPartOf\":{\"@id\":\"https:\/\/www.visioneyes.ro\/#website\"},\"primaryImageOfPage\":{\"@id\":\"https:\/\/www.visioneyes.ro\/shop-online\/bvlgari-bv4174-501-52\/#primaryimage\"},\"datePublished\":\"2019-11-11T12:33:34+00:00\",\"dateModified\":\"2025-11-04T10:52:27+00:00\",\"inLanguage\":\"en-US\",\"potentialAction\":[{\"@type\":\"ReadAction\",\"target\":[\"https:\/\/www.visioneyes.ro\/shop-online\/bvlgari-bv4174-501-52\/\"]}]}]}<\/script>\n<!-- \/ Yoast SEO plugin. -->","_links":{"self":[{"href":"https:\/\/www.visioneyes.ro\/en\/wp-json\/wp\/v2\/product\/10617"}],"collection":[{"href":"https:\/\/www.visioneyes.ro\/en\/wp-json\/wp\/v2\/product"}],"about":[{"href":"https:\/\/www.visioneyes.ro\/en\/wp-json\/wp\/v2\/types\/product"}],"replies":[{"embeddable":true,"href":"https:\/\/www.visioneyes.ro\/en\/wp-json\/wp\/v2\/comments?post=10617"}],"wp:featuredmedia":[{"embeddable":true,"href":"https:\/\/www.visioneyes.ro\/en\/wp-json\/wp\/v2\/media\/10618"}],"wp:attachment":[{"href":"https:\/\/www.visioneyes.ro\/en\/wp-json\/wp\/v2\/media?parent=10617"}],"curies":[{"name":"wp","href":"https:\/\/api.w.org\/{rel}","templated":true}]}}