{"id":10637,"date":"2019-11-11T16:35:12","date_gmt":"2019-11-11T13:35:12","guid":{"rendered":"https:\/\/www.visioneyes.ro\/?post_type=product&#038;p=10637"},"modified":"2019-11-11T16:35:13","modified_gmt":"2019-11-11T13:35:13","slug":"10637","status":"publish","type":"product","link":"https:\/\/www.visioneyes.ro\/en\/shop-online\/10637\/","title":{"rendered":""},"content":{"rendered":"<h3 class=\"page-product-heading page-product-heading-half\">CARACTERISTICI<\/h3>\n<h3 class=\"page-product-heading page-product-heading-half hidden-sm\">DIMENSIUNI<\/h3>\n<div class=\"specificatii\">\n<table class=\"table-data-sheet\">\n<tbody>\n<tr class=\"odd\">\n<td>Tip Rama<\/td>\n<td>Intreaga<\/td>\n<\/tr>\n<tr class=\"even\">\n<td>Gen<\/td>\n<td>Femei<\/td>\n<\/tr>\n<tr class=\"odd\">\n<td>Material rama<\/td>\n<td>Plastic<\/td>\n<\/tr>\n<tr class=\"even\">\n<td>Forma rama<\/td>\n<td>Ochi de pisica<\/td>\n<\/tr>\n<tr class=\"odd\">\n<td>Culoare rama<\/td>\n<td>Neagra<\/td>\n<\/tr>\n<tr class=\"even\">\n<td>Culoare lentila<\/td>\n<td>Gri<\/td>\n<\/tr>\n<tr class=\"odd\">\n<td>Tip lentila<\/td>\n<td>Degrade<\/td>\n<\/tr>\n<\/tbody>\n<\/table>\n<div id=\"features_with_images\">\n<div class=\"feature_img_container\">\n<div class=\"feature_lens_size feature_backgroundimg\"><span class=\"feature_value feature_left\">48 mm <\/span><span class=\"feature_label feature_left\">Inaltime lentila<\/span><\/div>\n<div class=\"feature_lens_size feature_backgroundimg\"><span class=\"feature_value feature_right\">57 mm <\/span><span class=\"feature_label feature_right\">Latime lentila<\/span><\/div>\n<\/div>\n<div class=\"feature_img_container\">\n<div class=\"feature_bridge feature_backgroundimg\"><span class=\"feature_value\">17 mm <\/span><span class=\"feature_label\">Punte nazala<\/span><\/div>\n<\/div>\n<div class=\"feature_img_container\">\n<div class=\"feature_temple_length feature_backgroundimg\"><span class=\"feature_value\">140 mm <\/span><span class=\"feature_label\">Lungime brat<\/span><\/div>\n<\/div>\n<\/div>\n<\/div>\n<div><\/div>\n<div><strong>Mai mult dec\u00e2t at\u00e2t, la noi po\u0163i cump\u0103ra lentilele perfecte de vedere, la un pre\u0163 imbatabil. Tot ceea de ce ai nevoie sunt valorile actuale de dioptrii, care \u00ee\u0163i pot fi furnizate de un doctor oftalmolog de \u00eencredere sau poti venii in magazinul nostru din Vulcan Value Centre pentru o determinare de dioptrii.<\/strong><\/div>\n<div><\/div>\n","protected":false},"excerpt":{"rendered":"<p>CARACTERISTICI DIMENSIUNI Tip Rama Intreaga Gen Femei Material rama Plastic Forma rama Ochi de pisica Culoare rama Neagra Culoare lentila Gri Tip lentila Degrade 48 mm Inaltime lentila 57 mm Latime lentila 17 mm Punte nazala 140 mm Lungime brat Mai mult dec\u00e2t at\u00e2t, la noi po\u0163i cump\u0103ra lentilele perfecte de vedere, la un pre\u0163 [&#8230;]\n","protected":false},"featured_media":10638,"comment_status":"open","ping_status":"closed","template":"","meta":[],"yoast_head":"<!-- This site is optimized with the Yoast SEO plugin v15.5 - https:\/\/yoast.com\/wordpress\/plugins\/seo\/ -->\n<title>- Sun glasses, Contact Lenses, Eye glasses, Eyeglass Frames | VisionEyes<\/title>\n<meta name=\"robots\" content=\"index, follow, max-snippet:-1, max-image-preview:large, max-video-preview:-1\" \/>\n<link rel=\"canonical\" href=\"https:\/\/www.visioneyes.ro\/shop-online\/10637\/\" \/>\n<meta property=\"og:locale\" content=\"en_US\" \/>\n<meta property=\"og:type\" content=\"article\" \/>\n<meta property=\"og:title\" content=\"- Sun glasses, Contact Lenses, Eye glasses, Eyeglass Frames | VisionEyes\" \/>\n<meta property=\"og:description\" content=\"CARACTERISTICI DIMENSIUNI Tip Rama Intreaga Gen Femei Material rama Plastic Forma rama Ochi de pisica Culoare rama Neagra Culoare lentila Gri Tip lentila Degrade 48 mm Inaltime lentila 57 mm Latime lentila 17 mm Punte nazala 140 mm Lungime brat Mai mult dec\u00e2t at\u00e2t, la noi po\u0163i cump\u0103ra lentilele perfecte de vedere, la un pre\u0163 [...]\" \/>\n<meta property=\"og:url\" content=\"https:\/\/www.visioneyes.ro\/shop-online\/10637\/\" \/>\n<meta property=\"og:site_name\" content=\"Sun glasses, Contact Lenses, Eye glasses, Eyeglass Frames | VisionEyes\" \/>\n<meta property=\"article:modified_time\" content=\"2019-11-11T13:35:13+00:00\" \/>\n<meta property=\"og:image\" content=\"https:\/\/www.visioneyes.ro\/wp-content\/uploads\/bvlgari-bv8194b-501-8g-57.jpg\" \/>\n\t<meta property=\"og:image:width\" content=\"515\" \/>\n\t<meta property=\"og:image:height\" content=\"515\" \/>\n<meta name=\"twitter:card\" content=\"summary_large_image\" \/>\n<meta name=\"twitter:label1\" content=\"Est. reading time\">\n\t<meta name=\"twitter:data1\" content=\"0 minutes\">\n<script type=\"application\/ld+json\" class=\"yoast-schema-graph\">{\"@context\":\"https:\/\/schema.org\",\"@graph\":[{\"@type\":\"WebSite\",\"@id\":\"https:\/\/www.visioneyes.ro\/#website\",\"url\":\"https:\/\/www.visioneyes.ro\/\",\"name\":\"Sun glasses, Contact Lenses, Eye glasses, Eyeglass Frames | VisionEyes\",\"description\":\"\",\"potentialAction\":[{\"@type\":\"SearchAction\",\"target\":\"https:\/\/www.visioneyes.ro\/?s={search_term_string}\",\"query-input\":\"required name=search_term_string\"}],\"inLanguage\":\"en-US\"},{\"@type\":\"ImageObject\",\"@id\":\"https:\/\/www.visioneyes.ro\/shop-online\/10637\/#primaryimage\",\"inLanguage\":\"en-US\",\"url\":\"https:\/\/www.visioneyes.ro\/wp-content\/uploads\/bvlgari-bv8194b-501-8g-57.jpg\",\"width\":515,\"height\":515},{\"@type\":\"WebPage\",\"@id\":\"https:\/\/www.visioneyes.ro\/shop-online\/10637\/#webpage\",\"url\":\"https:\/\/www.visioneyes.ro\/shop-online\/10637\/\",\"name\":\"- Sun glasses, Contact Lenses, Eye glasses, Eyeglass Frames | VisionEyes\",\"isPartOf\":{\"@id\":\"https:\/\/www.visioneyes.ro\/#website\"},\"primaryImageOfPage\":{\"@id\":\"https:\/\/www.visioneyes.ro\/shop-online\/10637\/#primaryimage\"},\"datePublished\":\"2019-11-11T13:35:12+00:00\",\"dateModified\":\"2019-11-11T13:35:13+00:00\",\"inLanguage\":\"en-US\",\"potentialAction\":[{\"@type\":\"ReadAction\",\"target\":[\"https:\/\/www.visioneyes.ro\/shop-online\/10637\/\"]}]}]}<\/script>\n<!-- \/ Yoast SEO plugin. -->","_links":{"self":[{"href":"https:\/\/www.visioneyes.ro\/en\/wp-json\/wp\/v2\/product\/10637"}],"collection":[{"href":"https:\/\/www.visioneyes.ro\/en\/wp-json\/wp\/v2\/product"}],"about":[{"href":"https:\/\/www.visioneyes.ro\/en\/wp-json\/wp\/v2\/types\/product"}],"replies":[{"embeddable":true,"href":"https:\/\/www.visioneyes.ro\/en\/wp-json\/wp\/v2\/comments?post=10637"}],"wp:featuredmedia":[{"embeddable":true,"href":"https:\/\/www.visioneyes.ro\/en\/wp-json\/wp\/v2\/media\/10638"}],"wp:attachment":[{"href":"https:\/\/www.visioneyes.ro\/en\/wp-json\/wp\/v2\/media?parent=10637"}],"curies":[{"name":"wp","href":"https:\/\/api.w.org\/{rel}","templated":true}]}}