{"id":10890,"date":"2019-11-12T19:28:02","date_gmt":"2019-11-12T16:28:02","guid":{"rendered":"https:\/\/www.visioneyes.ro\/?post_type=product&#038;p=10890"},"modified":"2019-11-12T19:28:03","modified_gmt":"2019-11-12T16:28:03","slug":"ochelari-de-soare-dama-dolce-gabbana-dg4364-502-13","status":"publish","type":"product","link":"https:\/\/www.visioneyes.ro\/en\/shop-online\/ochelari-de-soare-dama-dolce-gabbana-dg4364-502-13\/","title":{"rendered":"Ochelari de soare dama Dolce &#038; Gabbana DG4364 502\/13"},"content":{"rendered":"<div class=\"eoFontsizeXL eoTextBold\"><strong><span style=\"font-size: 130%;\">DG 4364 Informatii modele<\/span><\/strong><\/div>\n<div class=\"eoEmptyBorderBox\"><\/div>\n<table class=\"eoDetailPropertyListTable\" width=\"95%\">\n<tbody>\n<tr class=\"eoDetailItem eoFontSizeS\">\n<td>Dimensiuni &amp; Detalii<\/td>\n<td><span id=\"InfoSizeLabel772788\" class=\"sizeInfoRows\">S<\/span><\/td>\n<\/tr>\n<tr class=\"eoDetailItem eoFontSizeS\">\n<td>Dimensiunea lentilei<\/td>\n<td><span id=\"InfoLensSize772788\" class=\"sizeInfoRows\">54<\/span><\/td>\n<\/tr>\n<tr class=\"eoDetailItem eoFontSizeS\">\n<td>Dimensiunea ramei \u00eentre lentile<\/td>\n<td><span id=\"InfoBridgeSize772788\" class=\"sizeInfoRows\">19<\/span><\/td>\n<\/tr>\n<tr class=\"eoDetailItem eoFontSizeS\">\n<td>Lungimea tijei<\/td>\n<td><span id=\"InfoTempleSize772788\" class=\"sizeInfoRows\">140<\/span><\/td>\n<\/tr>\n<tr class=\"eoDetailItem eoFontSizeS\">\n<td class=\"eoDetailFeatureName\">Genul<\/td>\n<td class=\"eoDetailFeature\">Femei<\/td>\n<\/tr>\n<tr class=\"eoDetailItem eoFontSizeS\">\n<td class=\"eoDetailFeatureName\">Tipul ramei<\/td>\n<td class=\"eoDetailFeature\">Ram\u0103 complet\u0103<\/td>\n<\/tr>\n<tr class=\"eoDetailItem eoFontSizeS\">\n<td class=\"eoDetailFeatureName\">Form\u0103 rame<\/td>\n<td class=\"eoDetailFeature\">Cat-Eye<\/td>\n<\/tr>\n<tr class=\"eoDetailItem eoFontSizeS\">\n<td class=\"eoDetailFeatureName\">Material rame<\/td>\n<td class=\"eoDetailFeature\">Plastic<\/td>\n<\/tr>\n<tr class=\"eoDetailItem eoFontSizeS\">\n<td class=\"eoDetailFeatureName\">Lentile<\/td>\n<td class=\"eoDetailFeature\">Posibilitate de montare lentile de corec\u0163ie<\/td>\n<\/tr>\n<tr class=\"eoDetailItem eoFontSizeS\">\n<td class=\"eoDetailFeatureName\">Culoare rame<\/td>\n<td class=\"eoDetailFeature\">Havana<\/td>\n<\/tr>\n<tr class=\"eoDetailItem eoFontSizeS\">\n<td class=\"eoDetailFeatureName\">Culoarea lentilei<\/td>\n<td class=\"eoDetailFeature\">Brown Gradient<\/td>\n<\/tr>\n<\/tbody>\n<\/table>\n<p>&nbsp;<\/p>\n<div class=\"eoFontsizeXL eoTextBold\"><strong><span style=\"font-size: 120%;\">\u200cDG4364\/502\/13 Ochelari oftalmologici<\/span><\/strong><\/div>\n<p>Prin intermediul acestor ochelari de soare po\u0163i s\u0103-\u0163i completezi look-ul cu un accesoriu calitativ, plin de originalitate. Exact \u00een spiritul motto-ului Optieyes \u201eSEE AND BE SEEN\u201c te vei reg\u0103si mai aproape de staruri dec\u00e2t ai crede \u015fi vei reu\u015fi s\u0103 treze\u015fti uimirea \u00een orice situa\u0163ie. Cu acest nou model de la <b>Dolce &amp; Gabbana<\/b> po\u0163i demonstra c\u0103 e\u015fti un \u201etrend-setter\u201c veritabil. Chiar \u015fi \u00een sezonul actual, acest brand reu\u015fe\u015fte s\u0103 se impun\u0103 prin colec\u0163ia sa, stabilind un trend deosebit pentru 2019. Modelul de ochelari DG4364 este disponibil \u00een shop-ul online visioneyes.ro \u015fi \u00een alte variante \u015fic de la Dolce &amp; Gabbana, din colec\u0163iile 2018 \u015fi 2019.<\/p>\n","protected":false},"excerpt":{"rendered":"<p>DG 4364 Informatii modele Dimensiuni &amp; Detalii S Dimensiunea lentilei 54 Dimensiunea ramei \u00eentre lentile 19 Lungimea tijei 140 Genul Femei Tipul ramei Ram\u0103 complet\u0103 Form\u0103 rame Cat-Eye Material rame Plastic Lentile Posibilitate de montare lentile de corec\u0163ie Culoare rame Havana Culoarea lentilei Brown Gradient &nbsp; \u200cDG4364\/502\/13 Ochelari oftalmologici Prin intermediul acestor ochelari de soare [&#8230;]\n","protected":false},"featured_media":10891,"comment_status":"open","ping_status":"closed","template":"","meta":[],"yoast_head":"<!-- This site is optimized with the Yoast SEO plugin v15.5 - https:\/\/yoast.com\/wordpress\/plugins\/seo\/ -->\n<title>Ochelari de soare dama Dolce &amp; Gabbana DG4364 502\/13 - Sun glasses, Contact Lenses, Eye glasses, Eyeglass Frames | VisionEyes<\/title>\n<meta name=\"robots\" content=\"index, follow, max-snippet:-1, max-image-preview:large, max-video-preview:-1\" \/>\n<link rel=\"canonical\" href=\"https:\/\/www.visioneyes.ro\/shop-online\/ochelari-de-soare-dama-dolce-gabbana-dg4364-502-13\/\" \/>\n<meta property=\"og:locale\" content=\"en_US\" \/>\n<meta property=\"og:type\" content=\"article\" \/>\n<meta property=\"og:title\" content=\"Ochelari de soare dama Dolce &amp; Gabbana DG4364 502\/13 - Sun glasses, Contact Lenses, Eye glasses, Eyeglass Frames | VisionEyes\" \/>\n<meta property=\"og:description\" content=\"DG 4364 Informatii modele Dimensiuni &amp; Detalii S Dimensiunea lentilei 54 Dimensiunea ramei \u00eentre lentile 19 Lungimea tijei 140 Genul Femei Tipul ramei Ram\u0103 complet\u0103 Form\u0103 rame Cat-Eye Material rame Plastic Lentile Posibilitate de montare lentile de corec\u0163ie Culoare rame Havana Culoarea lentilei Brown Gradient &nbsp; \u200cDG4364\/502\/13 Ochelari oftalmologici Prin intermediul acestor ochelari de soare [...]\" \/>\n<meta property=\"og:url\" content=\"https:\/\/www.visioneyes.ro\/shop-online\/ochelari-de-soare-dama-dolce-gabbana-dg4364-502-13\/\" \/>\n<meta property=\"og:site_name\" content=\"Sun glasses, Contact Lenses, Eye glasses, Eyeglass Frames | VisionEyes\" \/>\n<meta property=\"article:modified_time\" content=\"2019-11-12T16:28:03+00:00\" \/>\n<meta property=\"og:image\" content=\"https:\/\/www.visioneyes.ro\/wp-content\/uploads\/Dolce-and-Gabbana-DG4364-502-13.jpg\" \/>\n\t<meta property=\"og:image:width\" content=\"1024\" \/>\n\t<meta property=\"og:image:height\" content=\"533\" \/>\n<meta name=\"twitter:card\" content=\"summary_large_image\" \/>\n<meta name=\"twitter:label1\" content=\"Est. reading time\">\n\t<meta name=\"twitter:data1\" content=\"1 minute\">\n<script type=\"application\/ld+json\" class=\"yoast-schema-graph\">{\"@context\":\"https:\/\/schema.org\",\"@graph\":[{\"@type\":\"WebSite\",\"@id\":\"https:\/\/www.visioneyes.ro\/#website\",\"url\":\"https:\/\/www.visioneyes.ro\/\",\"name\":\"Sun glasses, Contact Lenses, Eye glasses, Eyeglass Frames | VisionEyes\",\"description\":\"\",\"potentialAction\":[{\"@type\":\"SearchAction\",\"target\":\"https:\/\/www.visioneyes.ro\/?s={search_term_string}\",\"query-input\":\"required name=search_term_string\"}],\"inLanguage\":\"en-US\"},{\"@type\":\"ImageObject\",\"@id\":\"https:\/\/www.visioneyes.ro\/shop-online\/ochelari-de-soare-dama-dolce-gabbana-dg4364-502-13\/#primaryimage\",\"inLanguage\":\"en-US\",\"url\":\"https:\/\/www.visioneyes.ro\/wp-content\/uploads\/Dolce-and-Gabbana-DG4364-502-13.jpg\",\"width\":1024,\"height\":533},{\"@type\":\"WebPage\",\"@id\":\"https:\/\/www.visioneyes.ro\/shop-online\/ochelari-de-soare-dama-dolce-gabbana-dg4364-502-13\/#webpage\",\"url\":\"https:\/\/www.visioneyes.ro\/shop-online\/ochelari-de-soare-dama-dolce-gabbana-dg4364-502-13\/\",\"name\":\"Ochelari de soare dama Dolce & Gabbana DG4364 502\/13 - Sun glasses, Contact Lenses, Eye glasses, Eyeglass Frames | VisionEyes\",\"isPartOf\":{\"@id\":\"https:\/\/www.visioneyes.ro\/#website\"},\"primaryImageOfPage\":{\"@id\":\"https:\/\/www.visioneyes.ro\/shop-online\/ochelari-de-soare-dama-dolce-gabbana-dg4364-502-13\/#primaryimage\"},\"datePublished\":\"2019-11-12T16:28:02+00:00\",\"dateModified\":\"2019-11-12T16:28:03+00:00\",\"inLanguage\":\"en-US\",\"potentialAction\":[{\"@type\":\"ReadAction\",\"target\":[\"https:\/\/www.visioneyes.ro\/shop-online\/ochelari-de-soare-dama-dolce-gabbana-dg4364-502-13\/\"]}]}]}<\/script>\n<!-- \/ Yoast SEO plugin. -->","_links":{"self":[{"href":"https:\/\/www.visioneyes.ro\/en\/wp-json\/wp\/v2\/product\/10890"}],"collection":[{"href":"https:\/\/www.visioneyes.ro\/en\/wp-json\/wp\/v2\/product"}],"about":[{"href":"https:\/\/www.visioneyes.ro\/en\/wp-json\/wp\/v2\/types\/product"}],"replies":[{"embeddable":true,"href":"https:\/\/www.visioneyes.ro\/en\/wp-json\/wp\/v2\/comments?post=10890"}],"wp:featuredmedia":[{"embeddable":true,"href":"https:\/\/www.visioneyes.ro\/en\/wp-json\/wp\/v2\/media\/10891"}],"wp:attachment":[{"href":"https:\/\/www.visioneyes.ro\/en\/wp-json\/wp\/v2\/media?parent=10890"}],"curies":[{"name":"wp","href":"https:\/\/api.w.org\/{rel}","templated":true}]}}