{"id":10894,"date":"2019-11-12T19:32:19","date_gmt":"2019-11-12T16:32:19","guid":{"rendered":"https:\/\/www.visioneyes.ro\/?post_type=product&#038;p=10894"},"modified":"2019-11-12T19:32:19","modified_gmt":"2019-11-12T16:32:19","slug":"ochelari-de-soare-dama-dolce-gabbana-dg6124-501-8g","status":"publish","type":"product","link":"https:\/\/www.visioneyes.ro\/en\/shop-online\/ochelari-de-soare-dama-dolce-gabbana-dg6124-501-8g\/","title":{"rendered":"Ochelari de soare dama Dolce &#038; Gabbana DG6124 501\/8G"},"content":{"rendered":"<div class=\"product-description clearfix margin-bottom-md\">\n<h3><strong>Descriere Ochelari de soare dama Dolce &amp; Gabbana DG6124 501\/8G de la Dolce &amp; Gabbana<\/strong><\/h3>\n<div class=\"clearfix\"><\/div>\n<div class=\"long-description\">\n<p><span style=\"font-size: 110%;\"><strong>Dimensiuni<\/strong><\/span><\/p>\n<div>\n<table border=\"0\" cellspacing=\"0\" cellpadding=\"0\">\n<tbody>\n<tr>\n<td><span class=\"f_name\">Inaltime lentile<\/span><br \/>\n<strong>&#8212; mm<\/strong><\/td>\n<td><span class=\"f_name\">Latime rama<\/span><br \/>\n<strong>&#8212; mm<\/strong><\/td>\n<td><span class=\"f_name\">Latime lentile<\/span><br \/>\n<strong>53 mm<\/strong><\/td>\n<td><span class=\"f_name\">Lungime brate<\/span><br \/>\n<strong>140 mm<\/strong><\/td>\n<td><span class=\"f_name\">Punte nazala<\/span><br \/>\n<strong>21 mm<\/strong><\/td>\n<\/tr>\n<tr>\n<td><span class=\"f_name\"><img loading=\"lazy\" src=\"https:\/\/lensa.ro\/data\/uploads\/products\/14949\/Inaltime-lentile.jpg\" alt=\"\" width=\"49\" height=\"25\" \/><\/span><\/td>\n<td><span class=\"f_name\"><img loading=\"lazy\" src=\"https:\/\/lensa.ro\/data\/uploads\/products\/14949\/Latime-ochelari.jpg\" alt=\"\" width=\"49\" height=\"25\" \/><br \/>\n<\/span><\/td>\n<td><span class=\"f_name\"><img loading=\"lazy\" src=\"https:\/\/lensa.ro\/data\/uploads\/products\/14949\/Latime-lentile.jpg\" alt=\"\" width=\"49\" height=\"25\" \/><br \/>\n<\/span><\/td>\n<td><span class=\"f_name\"><img loading=\"lazy\" src=\"https:\/\/lensa.ro\/data\/uploads\/products\/14949\/Lungime-brate.jpg\" alt=\"\" width=\"49\" height=\"25\" \/><\/span><\/td>\n<td><span class=\"f_name\"><img loading=\"lazy\" src=\"https:\/\/lensa.ro\/data\/uploads\/products\/14949\/Punte-nazala.jpg\" alt=\"\" width=\"49\" height=\"25\" \/><\/span><\/td>\n<\/tr>\n<\/tbody>\n<\/table>\n<\/div>\n<\/div>\n<p>Produsul este nou si comercializat in ambalajul original al producatorului. Imaginile de pe visioneyes.ro au caracter informativ. <strong>Nuanta, tonul si intensitatea culorii pot varia in functie de monitor.<\/strong><\/p>\n<\/div>\n<h3><strong>Caracteristici<\/strong><\/h3>\n<div class=\"characteristics margin-bottom-md\">\n<table class=\"table table-striped\">\n<tbody>\n<tr>\n<td class=\"col-xs-6 col-sm-4 text-gray\">Producator<\/td>\n<td class=\"col-xs-6 col-sm-8\">Dolce &amp; Gabbana<\/td>\n<\/tr>\n<tr>\n<td class=\"col-xs-6 col-sm-4 text-gray\">Model<\/td>\n<td class=\"col-xs-6 col-sm-8\">DG6124 501\/8G<\/td>\n<\/tr>\n<tr>\n<td class=\"col-xs-6 col-sm-4 text-gray\">Pentru<\/td>\n<td class=\"col-xs-6 col-sm-8\">Dama<\/td>\n<\/tr>\n<tr>\n<td class=\"col-xs-6 col-sm-4 text-gray\">Stil rama<\/td>\n<td class=\"col-xs-6 col-sm-8\">Ochi de pisica<\/td>\n<\/tr>\n<tr>\n<td class=\"col-xs-6 col-sm-4 text-gray\">Culoare rama<\/td>\n<td class=\"col-xs-6 col-sm-8\">Negru<\/td>\n<\/tr>\n<tr>\n<td class=\"col-xs-6 col-sm-4 text-gray\">Culoare lentile<\/td>\n<td class=\"col-xs-6 col-sm-8\">Gri<\/td>\n<\/tr>\n<tr>\n<td class=\"col-xs-6 col-sm-4 text-gray\">Marime<\/td>\n<td class=\"col-xs-6 col-sm-8\">53<\/td>\n<\/tr>\n<tr>\n<td class=\"col-xs-6 col-sm-4 text-gray\">Material rama<\/td>\n<td class=\"col-xs-6 col-sm-8\">Plastic<\/td>\n<\/tr>\n<tr>\n<td class=\"col-xs-6 col-sm-4 text-gray\">Tip lentila<\/td>\n<td class=\"col-xs-6 col-sm-8\">Gradient<\/td>\n<\/tr>\n<tr>\n<td class=\"col-xs-6 col-sm-4 text-gray\">Tip rama<\/td>\n<td class=\"col-xs-6 col-sm-8\">Rama completa<\/td>\n<\/tr>\n<tr>\n<td class=\"col-xs-6 col-sm-4 text-gray\">Garantie<\/td>\n<td class=\"col-xs-6 col-sm-8\">24 luni<\/td>\n<\/tr>\n<\/tbody>\n<\/table>\n<p><strong>Mai mult dec\u00e2t at\u00e2t, la noi po\u0163i cump\u0103ra lentilele perfecte de vedere, la un pre\u0163 imbatabil. Tot ceea de ce ai nevoie sunt valorile actuale de dioptrii, care \u00ee\u0163i pot fi furnizate de un doctor oftalmolog de \u00eencredere sau poti venii in unul din magazinele noastre Optieyes din Bucuresti pentru o determinare de dioptrii.<\/strong><\/p>\n<\/div>\n","protected":false},"excerpt":{"rendered":"<p>Descriere Ochelari de soare dama Dolce &amp; Gabbana DG6124 501\/8G de la Dolce &amp; Gabbana Dimensiuni Inaltime lentile &#8212; mm Latime rama &#8212; mm Latime lentile 53 mm Lungime brate 140 mm Punte nazala 21 mm Produsul este nou si comercializat in ambalajul original al producatorului. Imaginile de pe visioneyes.ro au caracter informativ. Nuanta, tonul [&#8230;]\n","protected":false},"featured_media":10895,"comment_status":"open","ping_status":"closed","template":"","meta":[],"yoast_head":"<!-- This site is optimized with the Yoast SEO plugin v15.5 - https:\/\/yoast.com\/wordpress\/plugins\/seo\/ -->\n<title>Ochelari de soare dama Dolce &amp; Gabbana DG6124 501\/8G - Sun glasses, Contact Lenses, Eye glasses, Eyeglass Frames | VisionEyes<\/title>\n<meta name=\"robots\" content=\"index, follow, max-snippet:-1, max-image-preview:large, max-video-preview:-1\" \/>\n<link rel=\"canonical\" href=\"https:\/\/www.visioneyes.ro\/shop-online\/ochelari-de-soare-dama-dolce-gabbana-dg6124-501-8g\/\" \/>\n<meta property=\"og:locale\" content=\"en_US\" \/>\n<meta property=\"og:type\" content=\"article\" \/>\n<meta property=\"og:title\" content=\"Ochelari de soare dama Dolce &amp; Gabbana DG6124 501\/8G - Sun glasses, Contact Lenses, Eye glasses, Eyeglass Frames | VisionEyes\" \/>\n<meta property=\"og:description\" content=\"Descriere Ochelari de soare dama Dolce &amp; Gabbana DG6124 501\/8G de la Dolce &amp; Gabbana Dimensiuni Inaltime lentile &#8212; mm Latime rama &#8212; mm Latime lentile 53 mm Lungime brate 140 mm Punte nazala 21 mm Produsul este nou si comercializat in ambalajul original al producatorului. Imaginile de pe visioneyes.ro au caracter informativ. Nuanta, tonul [...]\" \/>\n<meta property=\"og:url\" content=\"https:\/\/www.visioneyes.ro\/shop-online\/ochelari-de-soare-dama-dolce-gabbana-dg6124-501-8g\/\" \/>\n<meta property=\"og:site_name\" content=\"Sun glasses, Contact Lenses, Eye glasses, Eyeglass Frames | VisionEyes\" \/>\n<meta property=\"og:image\" content=\"https:\/\/www.visioneyes.ro\/wp-content\/uploads\/Dolce-and-Gabbana-DG6124-501-8G.jpg\" \/>\n\t<meta property=\"og:image:width\" content=\"1024\" \/>\n\t<meta property=\"og:image:height\" content=\"533\" \/>\n<meta name=\"twitter:card\" content=\"summary_large_image\" \/>\n<meta name=\"twitter:label1\" content=\"Est. reading time\">\n\t<meta name=\"twitter:data1\" content=\"1 minute\">\n<script type=\"application\/ld+json\" class=\"yoast-schema-graph\">{\"@context\":\"https:\/\/schema.org\",\"@graph\":[{\"@type\":\"WebSite\",\"@id\":\"https:\/\/www.visioneyes.ro\/#website\",\"url\":\"https:\/\/www.visioneyes.ro\/\",\"name\":\"Sun glasses, Contact Lenses, Eye glasses, Eyeglass Frames | VisionEyes\",\"description\":\"\",\"potentialAction\":[{\"@type\":\"SearchAction\",\"target\":\"https:\/\/www.visioneyes.ro\/?s={search_term_string}\",\"query-input\":\"required name=search_term_string\"}],\"inLanguage\":\"en-US\"},{\"@type\":\"ImageObject\",\"@id\":\"https:\/\/www.visioneyes.ro\/shop-online\/ochelari-de-soare-dama-dolce-gabbana-dg6124-501-8g\/#primaryimage\",\"inLanguage\":\"en-US\",\"url\":\"https:\/\/www.visioneyes.ro\/wp-content\/uploads\/Dolce-and-Gabbana-DG6124-501-8G.jpg\",\"width\":1024,\"height\":533},{\"@type\":\"WebPage\",\"@id\":\"https:\/\/www.visioneyes.ro\/shop-online\/ochelari-de-soare-dama-dolce-gabbana-dg6124-501-8g\/#webpage\",\"url\":\"https:\/\/www.visioneyes.ro\/shop-online\/ochelari-de-soare-dama-dolce-gabbana-dg6124-501-8g\/\",\"name\":\"Ochelari de soare dama Dolce & Gabbana DG6124 501\/8G - Sun glasses, Contact Lenses, Eye glasses, Eyeglass Frames | VisionEyes\",\"isPartOf\":{\"@id\":\"https:\/\/www.visioneyes.ro\/#website\"},\"primaryImageOfPage\":{\"@id\":\"https:\/\/www.visioneyes.ro\/shop-online\/ochelari-de-soare-dama-dolce-gabbana-dg6124-501-8g\/#primaryimage\"},\"datePublished\":\"2019-11-12T16:32:19+00:00\",\"dateModified\":\"2019-11-12T16:32:19+00:00\",\"inLanguage\":\"en-US\",\"potentialAction\":[{\"@type\":\"ReadAction\",\"target\":[\"https:\/\/www.visioneyes.ro\/shop-online\/ochelari-de-soare-dama-dolce-gabbana-dg6124-501-8g\/\"]}]}]}<\/script>\n<!-- \/ Yoast SEO plugin. -->","_links":{"self":[{"href":"https:\/\/www.visioneyes.ro\/en\/wp-json\/wp\/v2\/product\/10894"}],"collection":[{"href":"https:\/\/www.visioneyes.ro\/en\/wp-json\/wp\/v2\/product"}],"about":[{"href":"https:\/\/www.visioneyes.ro\/en\/wp-json\/wp\/v2\/types\/product"}],"replies":[{"embeddable":true,"href":"https:\/\/www.visioneyes.ro\/en\/wp-json\/wp\/v2\/comments?post=10894"}],"wp:featuredmedia":[{"embeddable":true,"href":"https:\/\/www.visioneyes.ro\/en\/wp-json\/wp\/v2\/media\/10895"}],"wp:attachment":[{"href":"https:\/\/www.visioneyes.ro\/en\/wp-json\/wp\/v2\/media?parent=10894"}],"curies":[{"name":"wp","href":"https:\/\/api.w.org\/{rel}","templated":true}]}}