{"id":11075,"date":"2019-11-15T20:10:47","date_gmt":"2019-11-15T17:10:47","guid":{"rendered":"https:\/\/www.visioneyes.ro\/?post_type=product&#038;p=11075"},"modified":"2025-03-25T11:33:48","modified_gmt":"2025-03-25T09:33:48","slug":"ochelari-de-soare-giorgio-armani-ar-6050-015-2","status":"publish","type":"product","link":"https:\/\/www.visioneyes.ro\/en\/shop-online\/ochelari-de-soare-giorgio-armani-ar-6050-015-2\/","title":{"rendered":"Ochelari de soare Giorgio Armani AR 6050 015\/2"},"content":{"rendered":"<div class=\"eoFontsizeXL eoTextBold\"><strong><span style=\"font-size: 130%;\">AR 6050 Informatii modele<\/span><\/strong><\/div>\n<div class=\"eoEmptyBorderBox\"><\/div>\n<table class=\"eoDetailPropertyListTable\" width=\"95%\">\n<tbody>\n<tr class=\"eoDetailItem eoFontSizeS\">\n<td>Dimensiuni &amp; Detalii<\/td>\n<td><span id=\"InfoSizeLabel716949\" class=\"sizeInfoRows\">L<\/span><\/td>\n<\/tr>\n<tr class=\"eoDetailItem eoFontSizeS\">\n<td>Dimensiunea lentilei<\/td>\n<td><span id=\"InfoLensSize716949\" class=\"sizeInfoRows\">54<\/span><\/td>\n<\/tr>\n<tr class=\"eoDetailItem eoFontSizeS\">\n<td>Dimensiunea ramei \u00eentre lentile<\/td>\n<td><span id=\"InfoBridgeSize716949\" class=\"sizeInfoRows\">19<\/span><\/td>\n<\/tr>\n<tr class=\"eoDetailItem eoFontSizeS\">\n<td>Lungimea tijei<\/td>\n<td><span id=\"InfoTempleSize716949\" class=\"sizeInfoRows\">150<\/span><\/td>\n<\/tr>\n<tr class=\"eoDetailItem eoFontSizeS\">\n<td class=\"eoDetailFeatureName\">Genul<\/td>\n<td class=\"eoDetailFeature\">Femei<\/td>\n<\/tr>\n<tr class=\"eoDetailItem eoFontSizeS\">\n<td class=\"eoDetailFeatureName\">Tipul ramei<\/td>\n<td class=\"eoDetailFeature\">Ram\u0103 complet\u0103<\/td>\n<\/tr>\n<tr class=\"eoDetailItem eoFontSizeS\">\n<td class=\"eoDetailFeatureName\">Form\u0103 rame<\/td>\n<td class=\"eoDetailFeature\">Rotund<\/td>\n<\/tr>\n<tr class=\"eoDetailItem eoFontSizeS\">\n<td class=\"eoDetailFeatureName\">Material rame<\/td>\n<td class=\"eoDetailFeature\">Metal<\/td>\n<\/tr>\n<tr class=\"eoDetailItem eoFontSizeS\">\n<td class=\"eoDetailFeatureName\">Lentile<\/td>\n<td class=\"eoDetailFeature\">Posibilitate de montare lentile de corec\u0163ie<\/td>\n<\/tr>\n<tr class=\"eoDetailItem eoFontSizeS\">\n<td class=\"eoDetailFeatureName\">Culoare rame<\/td>\n<td class=\"eoDetailFeature\">Silver<\/td>\n<\/tr>\n<tr class=\"eoDetailItem eoFontSizeS\">\n<td class=\"eoDetailFeatureName\">Culoarea lentilei<\/td>\n<td class=\"eoDetailFeature\">Light Green<\/td>\n<\/tr>\n<\/tbody>\n<\/table>\n<p>&nbsp;<\/p>\n<p>Acest model de ochelari a fost special creat pentru\u00a0<b>femeile<\/b>\u00a0puternice, care \u015ftiu ce vor. Design-ul gra\u0163ios, plin de expresivitate, face o corela\u0163ie fermec\u0103toare cu stilul chic consacrat.\u00a0<b>Ochelarii rotunzi<\/b>\u00a0confer\u0103 chipurilor o imagine distinct\u0103, u\u015for de recunoscut. Chiar \u015fi John Lennon \u015ftia acest lucru \u015fi ap\u0103rea \u00een concertele sale extrem de rar f\u0103r\u0103 ace\u015ftia. Harry Potter nu ar mai fi cu siguran\u0163\u0103 acela\u015fi, f\u0103r\u0103 renumi\u0163ii s\u0103i ochelari. Datorit\u0103 formei sale, modelul AR6050 are o \u201evalabilitate\u201d etern\u0103, pentru c\u0103\u00a0<b>ochelarii rotunzi<\/b>\u00a0nu vor ie\u015fi niciodat\u0103 din mod\u0103! La noi, al\u0103turi de estetic\u0103, un loc important este ocupat \u015fi de func\u0163ionalitate! Cu o\u00a0<b>protec\u0163ie 100% contra razelor\u00a0UV<\/b>\u00a0a ochilor t\u0103i, acum poate r\u0103s\u0103rii \u015fi soarele.<\/p>\n","protected":false},"excerpt":{"rendered":"<p>AR 6050 Informatii modele Dimensiuni &amp; Detalii L Dimensiunea lentilei 54 Dimensiunea ramei \u00eentre lentile 19 Lungimea tijei 150 Genul Femei Tipul ramei Ram\u0103 complet\u0103 Form\u0103 rame Rotund Material rame Metal Lentile Posibilitate de montare lentile de corec\u0163ie Culoare rame Silver Culoarea lentilei Light Green &nbsp; Acest model de ochelari a fost special creat pentru\u00a0femeile\u00a0puternice, [&#8230;]\n","protected":false},"featured_media":11076,"comment_status":"open","ping_status":"closed","template":"","meta":[],"yoast_head":"<!-- This site is optimized with the Yoast SEO plugin v15.5 - https:\/\/yoast.com\/wordpress\/plugins\/seo\/ -->\n<title>Ochelari de soare Giorgio Armani AR 6050 015\/2 - Sun glasses, Contact Lenses, Eye glasses, Eyeglass Frames | VisionEyes<\/title>\n<meta name=\"robots\" content=\"index, follow, max-snippet:-1, max-image-preview:large, max-video-preview:-1\" \/>\n<link rel=\"canonical\" href=\"https:\/\/www.visioneyes.ro\/shop-online\/ochelari-de-soare-giorgio-armani-ar-6050-015-2\/\" \/>\n<meta property=\"og:locale\" content=\"en_US\" \/>\n<meta property=\"og:type\" content=\"article\" \/>\n<meta property=\"og:title\" content=\"Ochelari de soare Giorgio Armani AR 6050 015\/2 - Sun glasses, Contact Lenses, Eye glasses, Eyeglass Frames | VisionEyes\" \/>\n<meta property=\"og:description\" content=\"AR 6050 Informatii modele Dimensiuni &amp; Detalii L Dimensiunea lentilei 54 Dimensiunea ramei \u00eentre lentile 19 Lungimea tijei 150 Genul Femei Tipul ramei Ram\u0103 complet\u0103 Form\u0103 rame Rotund Material rame Metal Lentile Posibilitate de montare lentile de corec\u0163ie Culoare rame Silver Culoarea lentilei Light Green &nbsp; Acest model de ochelari a fost special creat pentru\u00a0femeile\u00a0puternice, [...]\" \/>\n<meta property=\"og:url\" content=\"https:\/\/www.visioneyes.ro\/shop-online\/ochelari-de-soare-giorgio-armani-ar-6050-015-2\/\" \/>\n<meta property=\"og:site_name\" content=\"Sun glasses, Contact Lenses, Eye glasses, Eyeglass Frames | VisionEyes\" \/>\n<meta property=\"article:modified_time\" content=\"2025-03-25T09:33:48+00:00\" \/>\n<meta property=\"og:image\" content=\"https:\/\/www.visioneyes.ro\/wp-content\/uploads\/Giorgio-Armani-AR6050-3015-2.jpg\" \/>\n\t<meta property=\"og:image:width\" content=\"1024\" \/>\n\t<meta property=\"og:image:height\" content=\"533\" \/>\n<meta name=\"twitter:card\" content=\"summary_large_image\" \/>\n<meta name=\"twitter:label1\" content=\"Est. reading time\">\n\t<meta name=\"twitter:data1\" content=\"1 minute\">\n<script type=\"application\/ld+json\" class=\"yoast-schema-graph\">{\"@context\":\"https:\/\/schema.org\",\"@graph\":[{\"@type\":\"WebSite\",\"@id\":\"https:\/\/www.visioneyes.ro\/#website\",\"url\":\"https:\/\/www.visioneyes.ro\/\",\"name\":\"Sun glasses, Contact Lenses, Eye glasses, Eyeglass Frames | VisionEyes\",\"description\":\"\",\"potentialAction\":[{\"@type\":\"SearchAction\",\"target\":\"https:\/\/www.visioneyes.ro\/?s={search_term_string}\",\"query-input\":\"required name=search_term_string\"}],\"inLanguage\":\"en-US\"},{\"@type\":\"ImageObject\",\"@id\":\"https:\/\/www.visioneyes.ro\/shop-online\/ochelari-de-soare-giorgio-armani-ar-6050-015-2\/#primaryimage\",\"inLanguage\":\"en-US\",\"url\":\"https:\/\/www.visioneyes.ro\/wp-content\/uploads\/Giorgio-Armani-AR6050-3015-2.jpg\",\"width\":1024,\"height\":533},{\"@type\":\"WebPage\",\"@id\":\"https:\/\/www.visioneyes.ro\/shop-online\/ochelari-de-soare-giorgio-armani-ar-6050-015-2\/#webpage\",\"url\":\"https:\/\/www.visioneyes.ro\/shop-online\/ochelari-de-soare-giorgio-armani-ar-6050-015-2\/\",\"name\":\"Ochelari de soare Giorgio Armani AR 6050 015\/2 - Sun glasses, Contact Lenses, Eye glasses, Eyeglass Frames | VisionEyes\",\"isPartOf\":{\"@id\":\"https:\/\/www.visioneyes.ro\/#website\"},\"primaryImageOfPage\":{\"@id\":\"https:\/\/www.visioneyes.ro\/shop-online\/ochelari-de-soare-giorgio-armani-ar-6050-015-2\/#primaryimage\"},\"datePublished\":\"2019-11-15T17:10:47+00:00\",\"dateModified\":\"2025-03-25T09:33:48+00:00\",\"inLanguage\":\"en-US\",\"potentialAction\":[{\"@type\":\"ReadAction\",\"target\":[\"https:\/\/www.visioneyes.ro\/shop-online\/ochelari-de-soare-giorgio-armani-ar-6050-015-2\/\"]}]}]}<\/script>\n<!-- \/ Yoast SEO plugin. -->","_links":{"self":[{"href":"https:\/\/www.visioneyes.ro\/en\/wp-json\/wp\/v2\/product\/11075"}],"collection":[{"href":"https:\/\/www.visioneyes.ro\/en\/wp-json\/wp\/v2\/product"}],"about":[{"href":"https:\/\/www.visioneyes.ro\/en\/wp-json\/wp\/v2\/types\/product"}],"replies":[{"embeddable":true,"href":"https:\/\/www.visioneyes.ro\/en\/wp-json\/wp\/v2\/comments?post=11075"}],"wp:featuredmedia":[{"embeddable":true,"href":"https:\/\/www.visioneyes.ro\/en\/wp-json\/wp\/v2\/media\/11076"}],"wp:attachment":[{"href":"https:\/\/www.visioneyes.ro\/en\/wp-json\/wp\/v2\/media?parent=11075"}],"curies":[{"name":"wp","href":"https:\/\/api.w.org\/{rel}","templated":true}]}}