{"id":11083,"date":"2019-11-15T20:27:11","date_gmt":"2019-11-15T17:27:11","guid":{"rendered":"https:\/\/www.visioneyes.ro\/?post_type=product&#038;p=11083"},"modified":"2025-03-25T11:33:46","modified_gmt":"2025-03-25T09:33:46","slug":"ochelari-de-soare-giorgio-armani-ar-6050-30136h","status":"publish","type":"product","link":"https:\/\/www.visioneyes.ro\/en\/shop-online\/ochelari-de-soare-giorgio-armani-ar-6050-30136h\/","title":{"rendered":"Ochelari de soare Giorgio Armani AR 6050 30136H"},"content":{"rendered":"<div class=\"eoFontsizeXL eoTextBold\"><strong><span style=\"font-size: 130%;\">AR 6050 Informatii modele<\/span><\/strong><\/div>\n<div class=\"eoEmptyBorderBox\"><\/div>\n<table class=\"eoDetailPropertyListTable\" width=\"95%\">\n<tbody>\n<tr class=\"eoDetailItem eoFontSizeS\">\n<td>Dimensiuni &amp; Detalii<\/td>\n<td><span id=\"InfoSizeLabel772832\" class=\"sizeInfoRows\">L<\/span><\/td>\n<\/tr>\n<tr class=\"eoDetailItem eoFontSizeS\">\n<td>Dimensiunea lentilei<\/td>\n<td><span id=\"InfoLensSize772832\" class=\"sizeInfoRows\">54<\/span><\/td>\n<\/tr>\n<tr class=\"eoDetailItem eoFontSizeS\">\n<td>Dimensiunea ramei \u00eentre lentile<\/td>\n<td><span id=\"InfoBridgeSize772832\" class=\"sizeInfoRows\">19<\/span><\/td>\n<\/tr>\n<tr class=\"eoDetailItem eoFontSizeS\">\n<td>Lungimea tijei<\/td>\n<td><span id=\"InfoTempleSize772832\" class=\"sizeInfoRows\">150<\/span><\/td>\n<\/tr>\n<tr class=\"eoDetailItem eoFontSizeS\">\n<td class=\"eoDetailFeatureName\">Genul<\/td>\n<td class=\"eoDetailFeature\">Femei<\/td>\n<\/tr>\n<tr class=\"eoDetailItem eoFontSizeS\">\n<td class=\"eoDetailFeatureName\">Tipul ramei<\/td>\n<td class=\"eoDetailFeature\">Ram\u0103 complet\u0103<\/td>\n<\/tr>\n<tr class=\"eoDetailItem eoFontSizeS\">\n<td class=\"eoDetailFeatureName\">Form\u0103 rame<\/td>\n<td class=\"eoDetailFeature\">Rotund<\/td>\n<\/tr>\n<tr class=\"eoDetailItem eoFontSizeS\">\n<td class=\"eoDetailFeatureName\">Material rame<\/td>\n<td class=\"eoDetailFeature\">Metal<\/td>\n<\/tr>\n<tr class=\"eoDetailItem eoFontSizeS\">\n<td class=\"eoDetailFeatureName\">Lentile<\/td>\n<td class=\"eoDetailFeature\">Cu lentile oglindite<\/td>\n<\/tr>\n<tr class=\"eoDetailItem eoFontSizeS\">\n<td class=\"eoDetailFeatureName\"><\/td>\n<td class=\"eoDetailFeature\">Posibilitate de montare lentile de corec\u0163ie<\/td>\n<\/tr>\n<tr class=\"eoDetailItem eoFontSizeS\">\n<td class=\"eoDetailFeatureName\">Culoare rame<\/td>\n<td class=\"eoDetailFeature\">Pale Gold<\/td>\n<\/tr>\n<tr class=\"eoDetailItem eoFontSizeS\">\n<td class=\"eoDetailFeatureName\">Culoarea lentilei<\/td>\n<td class=\"eoDetailFeature\">Brown Mirror Gold<\/td>\n<\/tr>\n<\/tbody>\n<\/table>\n<p>&nbsp;<\/p>\n<p>Ace\u015fti ochelari de soare sunt accesoriul perfect pentru orele de relaxare la plaj\u0103, \u00een drumul c\u0103tre birou sau plimb\u0103rile cu prietenii prin ora\u015f. Exist\u0103 \u00eens\u0103 \u015fi un dezavantaj: cu siguran\u0163\u0103 vei atrage pe ici-colo \u015fi c\u00e2teva priviri invidioase. Cu acest nou model de la\u00a0<b>Giorgio Armani<\/b> po\u0163i demonstra c\u0103 e\u015fti un \u201etrend-setter\u201c veritabil. Chiar \u015fi \u00een sezonul actual, acest brand reu\u015fe\u015fte s\u0103 se impun\u0103 prin colec\u0163ia sa, stabilind un trend deosebit pentru 2019. Modelul de ochelari AR6050 este disponibil \u00een shop-ul online visioneyes.ro \u015fi \u00een alte variante \u015fic de la Giorgio Armani, din colec\u0163iile 2018 \u015fi 2019.<\/p>\n<p>Acest model de ochelari a fost special creat pentru\u00a0<b>femeile<\/b>\u00a0puternice, care \u015ftiu ce vor. Design-ul gra\u0163ios, plin de expresivitate, face o corela\u0163ie fermec\u0103toare cu stilul chic consacrat. Ochelarii cu rame\u00a0<b>complete<\/b>\u00a0au lentilele total \u00eencadrate de rame. Cei care sunt purt\u0103tori \u00eenr\u0103i\u0163i de ochelari, \u00ee\u015fi pot \u00eenchipui cu greu, doar \u00een situa\u0163i critice, un alt tip de ochelari dec\u00e2t acesta.\u00a0<b>Ochelarii rotunzi<\/b>\u00a0confer\u0103 chipurilor o imagine distinct\u0103, u\u015for de recunoscut. Chiar \u015fi John Lennon \u015ftia acest lucru \u015fi ap\u0103rea \u00een concertele sale extrem de rar f\u0103r\u0103 ace\u015ftia. Harry Potter nu ar mai fi cu siguran\u0163\u0103 acela\u015fi, f\u0103r\u0103 renumi\u0163ii s\u0103i ochelari. Datorit\u0103 formei sale, modelul AR6050 are o \u201evalabilitate\u201d etern\u0103, pentru c\u0103\u00a0<b>ochelarii rotunzi<\/b>\u00a0nu vor ie\u015fi niciodat\u0103 din mod\u0103! Ochelarii cu nuan\u0163e\u00a0<b>aurii<\/b>\u00a0par \u00eentotdeauna extrem de nobili \u015fi au o greutate \u00eensemnat\u0103 \u00een moda actual\u0103. Ei pot fi asorta\u0163i la orice \u0163inut\u0103 \u015fi te vor face pur \u015fi simplu s\u0103 str\u0103luce\u015fti.<\/p>\n<p>&nbsp;<\/p>\n","protected":false},"excerpt":{"rendered":"<p>AR 6050 Informatii modele Dimensiuni &amp; Detalii L Dimensiunea lentilei 54 Dimensiunea ramei \u00eentre lentile 19 Lungimea tijei 150 Genul Femei Tipul ramei Ram\u0103 complet\u0103 Form\u0103 rame Rotund Material rame Metal Lentile Cu lentile oglindite Posibilitate de montare lentile de corec\u0163ie Culoare rame Pale Gold Culoarea lentilei Brown Mirror Gold &nbsp; Ace\u015fti ochelari de soare [&#8230;]\n","protected":false},"featured_media":11084,"comment_status":"open","ping_status":"closed","template":"","meta":[],"yoast_head":"<!-- This site is optimized with the Yoast SEO plugin v15.5 - https:\/\/yoast.com\/wordpress\/plugins\/seo\/ -->\n<title>Ochelari de soare Giorgio Armani AR 6050 30136H - Sun glasses, Contact Lenses, Eye glasses, Eyeglass Frames | VisionEyes<\/title>\n<meta name=\"robots\" content=\"index, follow, max-snippet:-1, max-image-preview:large, max-video-preview:-1\" \/>\n<link rel=\"canonical\" href=\"https:\/\/www.visioneyes.ro\/shop-online\/ochelari-de-soare-giorgio-armani-ar-6050-30136h\/\" \/>\n<meta property=\"og:locale\" content=\"en_US\" \/>\n<meta property=\"og:type\" content=\"article\" \/>\n<meta property=\"og:title\" content=\"Ochelari de soare Giorgio Armani AR 6050 30136H - Sun glasses, Contact Lenses, Eye glasses, Eyeglass Frames | VisionEyes\" \/>\n<meta property=\"og:description\" content=\"AR 6050 Informatii modele Dimensiuni &amp; Detalii L Dimensiunea lentilei 54 Dimensiunea ramei \u00eentre lentile 19 Lungimea tijei 150 Genul Femei Tipul ramei Ram\u0103 complet\u0103 Form\u0103 rame Rotund Material rame Metal Lentile Cu lentile oglindite Posibilitate de montare lentile de corec\u0163ie Culoare rame Pale Gold Culoarea lentilei Brown Mirror Gold &nbsp; Ace\u015fti ochelari de soare [...]\" \/>\n<meta property=\"og:url\" content=\"https:\/\/www.visioneyes.ro\/shop-online\/ochelari-de-soare-giorgio-armani-ar-6050-30136h\/\" \/>\n<meta property=\"og:site_name\" content=\"Sun glasses, Contact Lenses, Eye glasses, Eyeglass Frames | VisionEyes\" \/>\n<meta property=\"article:modified_time\" content=\"2025-03-25T09:33:46+00:00\" \/>\n<meta property=\"og:image\" content=\"https:\/\/www.visioneyes.ro\/wp-content\/uploads\/Giorgio-Armani-AR6050-30136H.jpg\" \/>\n\t<meta property=\"og:image:width\" content=\"1024\" \/>\n\t<meta property=\"og:image:height\" content=\"533\" \/>\n<meta name=\"twitter:card\" content=\"summary_large_image\" \/>\n<meta name=\"twitter:label1\" content=\"Est. reading time\">\n\t<meta name=\"twitter:data1\" content=\"1 minute\">\n<script type=\"application\/ld+json\" class=\"yoast-schema-graph\">{\"@context\":\"https:\/\/schema.org\",\"@graph\":[{\"@type\":\"WebSite\",\"@id\":\"https:\/\/www.visioneyes.ro\/#website\",\"url\":\"https:\/\/www.visioneyes.ro\/\",\"name\":\"Sun glasses, Contact Lenses, Eye glasses, Eyeglass Frames | VisionEyes\",\"description\":\"\",\"potentialAction\":[{\"@type\":\"SearchAction\",\"target\":\"https:\/\/www.visioneyes.ro\/?s={search_term_string}\",\"query-input\":\"required name=search_term_string\"}],\"inLanguage\":\"en-US\"},{\"@type\":\"ImageObject\",\"@id\":\"https:\/\/www.visioneyes.ro\/shop-online\/ochelari-de-soare-giorgio-armani-ar-6050-30136h\/#primaryimage\",\"inLanguage\":\"en-US\",\"url\":\"https:\/\/www.visioneyes.ro\/wp-content\/uploads\/Giorgio-Armani-AR6050-30136H.jpg\",\"width\":1024,\"height\":533},{\"@type\":\"WebPage\",\"@id\":\"https:\/\/www.visioneyes.ro\/shop-online\/ochelari-de-soare-giorgio-armani-ar-6050-30136h\/#webpage\",\"url\":\"https:\/\/www.visioneyes.ro\/shop-online\/ochelari-de-soare-giorgio-armani-ar-6050-30136h\/\",\"name\":\"Ochelari de soare Giorgio Armani AR 6050 30136H - Sun glasses, Contact Lenses, Eye glasses, Eyeglass Frames | VisionEyes\",\"isPartOf\":{\"@id\":\"https:\/\/www.visioneyes.ro\/#website\"},\"primaryImageOfPage\":{\"@id\":\"https:\/\/www.visioneyes.ro\/shop-online\/ochelari-de-soare-giorgio-armani-ar-6050-30136h\/#primaryimage\"},\"datePublished\":\"2019-11-15T17:27:11+00:00\",\"dateModified\":\"2025-03-25T09:33:46+00:00\",\"inLanguage\":\"en-US\",\"potentialAction\":[{\"@type\":\"ReadAction\",\"target\":[\"https:\/\/www.visioneyes.ro\/shop-online\/ochelari-de-soare-giorgio-armani-ar-6050-30136h\/\"]}]}]}<\/script>\n<!-- \/ Yoast SEO plugin. -->","_links":{"self":[{"href":"https:\/\/www.visioneyes.ro\/en\/wp-json\/wp\/v2\/product\/11083"}],"collection":[{"href":"https:\/\/www.visioneyes.ro\/en\/wp-json\/wp\/v2\/product"}],"about":[{"href":"https:\/\/www.visioneyes.ro\/en\/wp-json\/wp\/v2\/types\/product"}],"replies":[{"embeddable":true,"href":"https:\/\/www.visioneyes.ro\/en\/wp-json\/wp\/v2\/comments?post=11083"}],"wp:featuredmedia":[{"embeddable":true,"href":"https:\/\/www.visioneyes.ro\/en\/wp-json\/wp\/v2\/media\/11084"}],"wp:attachment":[{"href":"https:\/\/www.visioneyes.ro\/en\/wp-json\/wp\/v2\/media?parent=11083"}],"curies":[{"name":"wp","href":"https:\/\/api.w.org\/{rel}","templated":true}]}}