{"id":11095,"date":"2019-11-19T19:21:21","date_gmt":"2019-11-19T16:21:21","guid":{"rendered":"https:\/\/www.visioneyes.ro\/?post_type=product&#038;p=11095"},"modified":"2020-03-02T14:05:57","modified_gmt":"2020-03-02T11:05:57","slug":"ochelari-de-soare-moschino-mos014-f-s-807-ir","status":"publish","type":"product","link":"https:\/\/www.visioneyes.ro\/en\/shop-online\/ochelari-de-soare-moschino-mos014-f-s-807-ir\/","title":{"rendered":"Ochelari de soare Moschino MOS014\/F\/S 807\/IR"},"content":{"rendered":"<div class=\"eoFontsizeXL eoTextBold\"><strong><span style=\"font-size: 130%;\">MOS 014\/F\/S Informatii modele<\/span><\/strong><\/div>\n<div class=\"eoEmptyBorderBox\"><\/div>\n<table class=\"eoDetailPropertyListTable\" width=\"95%\">\n<tbody>\n<tr class=\"eoDetailItem eoFontSizeS\">\n<td>Dimensiuni &amp; Detalii<\/td>\n<td><span id=\"InfoSizeLabel649389\" class=\"sizeInfoRows\">M<\/span><\/td>\n<\/tr>\n<tr class=\"eoDetailItem eoFontSizeS\">\n<td>Dimensiunea lentilei<\/td>\n<td><span id=\"InfoLensSize649389\" class=\"sizeInfoRows\">57<\/span><\/td>\n<\/tr>\n<tr class=\"eoDetailItem eoFontSizeS\">\n<td>Dimensiunea ramei \u00eentre lentile<\/td>\n<td><span id=\"InfoBridgeSize649389\" class=\"sizeInfoRows\">16<\/span><\/td>\n<\/tr>\n<tr class=\"eoDetailItem eoFontSizeS\">\n<td>Lungimea tijei<\/td>\n<td><span id=\"InfoTempleSize649389\" class=\"sizeInfoRows\">140<\/span><\/td>\n<\/tr>\n<tr class=\"eoDetailItem eoFontSizeS\">\n<td class=\"eoDetailFeatureName\">Genul<\/td>\n<td class=\"eoDetailFeature\">Femei<\/td>\n<\/tr>\n<tr class=\"eoDetailItem eoFontSizeS\">\n<td class=\"eoDetailFeatureName\">Tipul ramei<\/td>\n<td class=\"eoDetailFeature\">Ram\u0103 complet\u0103<\/td>\n<\/tr>\n<tr class=\"eoDetailItem eoFontSizeS\">\n<td class=\"eoDetailFeatureName\">Form\u0103 rame<\/td>\n<td class=\"eoDetailFeature\">Square<\/td>\n<\/tr>\n<tr class=\"eoDetailItem eoFontSizeS\">\n<td class=\"eoDetailFeatureName\">Material rame<\/td>\n<td class=\"eoDetailFeature\">Plastic<\/td>\n<\/tr>\n<tr class=\"eoDetailItem eoFontSizeS\">\n<td class=\"eoDetailFeatureName\">Lentile<\/td>\n<td class=\"eoDetailFeature\">Posibilitate de montare lentile de corec\u0163ie<\/td>\n<\/tr>\n<tr class=\"eoDetailItem eoFontSizeS\">\n<td class=\"eoDetailFeatureName\">Culoare rame<\/td>\n<td class=\"eoDetailFeature\">Black<\/td>\n<\/tr>\n<tr class=\"eoDetailItem eoFontSizeS\">\n<td class=\"eoDetailFeatureName\">Culoarea lentilei<\/td>\n<td class=\"eoDetailFeature\">Grey<\/td>\n<\/tr>\n<\/tbody>\n<\/table>\n<p>&nbsp;<\/p>\n<div class=\"eoFontsizeXL eoTextBold\">\u200cMOS014\/F\/S\/807\/IR Ochelari oftalmologici<\/div>\n<p>Ace\u015fti ochelari de soare sunt accesoriul perfect pentru orele de relaxare la plaj\u0103, \u00een drumul c\u0103tre birou sau plimb\u0103rile cu prietenii prin ora\u015f. Exist\u0103 \u00eens\u0103 \u015fi un dezavantaj: cu siguran\u0163\u0103 vei atrage pe ici-colo \u015fi c\u00e2teva priviri invidioase. Cu acest nou model de la\u00a0<b>Moschino<\/b> po\u0163i demonstra c\u0103 e\u015fti un \u201etrend-setter\u201c veritabil. Chiar \u015fi \u00een sezonul actual, acest brand reu\u015fe\u015fte s\u0103 se impun\u0103 prin colec\u0163ia sa, stabilind un trend deosebit pentru 2018. Modelul de ochelari MOS014\/F\/S este disponibil \u00een shop-ul online visioneyes.ro \u015fi \u00een alte variante \u015fic de la Moschino, din colec\u0163iile 2017 \u015fi 2018.<\/p>\n<p>Liniile pline de expresivitate confer\u0103 notei clasice a acestui model un caracter inconfundabil, ceea ce face din aceast\u0103 pereche de ochelari un must-have inevitabil pentru orice\u00a0<b>femeie<\/b>\u00a0care se respect\u0103.O pereche de ochelari cu rame\u00a0<b>negre<\/b>\u00a0sunt un adev\u0103rat \u201emust-have\u201c. Ei pot fi asorta\u0163i la orice \u015fi confer\u0103 stil oric\u0103rei \u0163inute. Fie la birou, \u00een club sau la Fashion Week \u2013\u00a0<b>negru<\/b>\u00a0este potrivit \u00eentotdeauna. Culoarea\u00a0<b>gri<\/b>\u00a0se potrive\u015fte \u00eentotdeauna, chiar \u015fi atunci c\u00e2nd vine vorba de lentilele ochelarilor de soare. Ea poate fi asortat\u0103 cu tot ceea ce se g\u0103se\u015fte \u00een garderob\u0103 \u015fi nu se demodeaz\u0103 niciodat\u0103. Ace\u015fti ochelari de marc\u0103 confer\u0103 desigur \u015fi o protec\u0163ia\u00a0<b>UV400<\/b>\u00a0optim\u0103 pentru ochii t\u0103i.<\/p>\n","protected":false},"excerpt":{"rendered":"<p>MOS 014\/F\/S Informatii modele Dimensiuni &amp; Detalii M Dimensiunea lentilei 57 Dimensiunea ramei \u00eentre lentile 16 Lungimea tijei 140 Genul Femei Tipul ramei Ram\u0103 complet\u0103 Form\u0103 rame Square Material rame Plastic Lentile Posibilitate de montare lentile de corec\u0163ie Culoare rame Black Culoarea lentilei Grey &nbsp; \u200cMOS014\/F\/S\/807\/IR Ochelari oftalmologici Ace\u015fti ochelari de soare sunt accesoriul perfect [&#8230;]\n","protected":false},"featured_media":11096,"comment_status":"open","ping_status":"closed","template":"","meta":[],"yoast_head":"<!-- This site is optimized with the Yoast SEO plugin v15.5 - https:\/\/yoast.com\/wordpress\/plugins\/seo\/ -->\n<title>Ochelari de soare Moschino MOS014\/F\/S 807\/IR - Sun glasses, Contact Lenses, Eye glasses, Eyeglass Frames | VisionEyes<\/title>\n<meta name=\"robots\" content=\"index, follow, max-snippet:-1, max-image-preview:large, max-video-preview:-1\" \/>\n<link rel=\"canonical\" href=\"https:\/\/www.visioneyes.ro\/shop-online\/ochelari-de-soare-moschino-mos014-f-s-807-ir\/\" \/>\n<meta property=\"og:locale\" content=\"en_US\" \/>\n<meta property=\"og:type\" content=\"article\" \/>\n<meta property=\"og:title\" content=\"Ochelari de soare Moschino MOS014\/F\/S 807\/IR - Sun glasses, Contact Lenses, Eye glasses, Eyeglass Frames | VisionEyes\" \/>\n<meta property=\"og:description\" content=\"MOS 014\/F\/S Informatii modele Dimensiuni &amp; Detalii M Dimensiunea lentilei 57 Dimensiunea ramei \u00eentre lentile 16 Lungimea tijei 140 Genul Femei Tipul ramei Ram\u0103 complet\u0103 Form\u0103 rame Square Material rame Plastic Lentile Posibilitate de montare lentile de corec\u0163ie Culoare rame Black Culoarea lentilei Grey &nbsp; \u200cMOS014\/F\/S\/807\/IR Ochelari oftalmologici Ace\u015fti ochelari de soare sunt accesoriul perfect [...]\" \/>\n<meta property=\"og:url\" content=\"https:\/\/www.visioneyes.ro\/shop-online\/ochelari-de-soare-moschino-mos014-f-s-807-ir\/\" \/>\n<meta property=\"og:site_name\" content=\"Sun glasses, Contact Lenses, Eye glasses, Eyeglass Frames | VisionEyes\" \/>\n<meta property=\"article:modified_time\" content=\"2020-03-02T11:05:57+00:00\" \/>\n<meta property=\"og:image\" content=\"https:\/\/www.visioneyes.ro\/wp-content\/uploads\/Moschino-MOS014-F-S-807-IR.jpg\" \/>\n\t<meta property=\"og:image:width\" content=\"1024\" \/>\n\t<meta property=\"og:image:height\" content=\"533\" \/>\n<meta name=\"twitter:card\" content=\"summary_large_image\" \/>\n<meta name=\"twitter:label1\" content=\"Est. reading time\">\n\t<meta name=\"twitter:data1\" content=\"1 minute\">\n<script type=\"application\/ld+json\" class=\"yoast-schema-graph\">{\"@context\":\"https:\/\/schema.org\",\"@graph\":[{\"@type\":\"WebSite\",\"@id\":\"https:\/\/www.visioneyes.ro\/#website\",\"url\":\"https:\/\/www.visioneyes.ro\/\",\"name\":\"Sun glasses, Contact Lenses, Eye glasses, Eyeglass Frames | VisionEyes\",\"description\":\"\",\"potentialAction\":[{\"@type\":\"SearchAction\",\"target\":\"https:\/\/www.visioneyes.ro\/?s={search_term_string}\",\"query-input\":\"required name=search_term_string\"}],\"inLanguage\":\"en-US\"},{\"@type\":\"ImageObject\",\"@id\":\"https:\/\/www.visioneyes.ro\/shop-online\/ochelari-de-soare-moschino-mos014-f-s-807-ir\/#primaryimage\",\"inLanguage\":\"en-US\",\"url\":\"https:\/\/www.visioneyes.ro\/wp-content\/uploads\/Moschino-MOS014-F-S-807-IR.jpg\",\"width\":1024,\"height\":533},{\"@type\":\"WebPage\",\"@id\":\"https:\/\/www.visioneyes.ro\/shop-online\/ochelari-de-soare-moschino-mos014-f-s-807-ir\/#webpage\",\"url\":\"https:\/\/www.visioneyes.ro\/shop-online\/ochelari-de-soare-moschino-mos014-f-s-807-ir\/\",\"name\":\"Ochelari de soare Moschino MOS014\/F\/S 807\/IR - Sun glasses, Contact Lenses, Eye glasses, Eyeglass Frames | VisionEyes\",\"isPartOf\":{\"@id\":\"https:\/\/www.visioneyes.ro\/#website\"},\"primaryImageOfPage\":{\"@id\":\"https:\/\/www.visioneyes.ro\/shop-online\/ochelari-de-soare-moschino-mos014-f-s-807-ir\/#primaryimage\"},\"datePublished\":\"2019-11-19T16:21:21+00:00\",\"dateModified\":\"2020-03-02T11:05:57+00:00\",\"inLanguage\":\"en-US\",\"potentialAction\":[{\"@type\":\"ReadAction\",\"target\":[\"https:\/\/www.visioneyes.ro\/shop-online\/ochelari-de-soare-moschino-mos014-f-s-807-ir\/\"]}]}]}<\/script>\n<!-- \/ Yoast SEO plugin. -->","_links":{"self":[{"href":"https:\/\/www.visioneyes.ro\/en\/wp-json\/wp\/v2\/product\/11095"}],"collection":[{"href":"https:\/\/www.visioneyes.ro\/en\/wp-json\/wp\/v2\/product"}],"about":[{"href":"https:\/\/www.visioneyes.ro\/en\/wp-json\/wp\/v2\/types\/product"}],"replies":[{"embeddable":true,"href":"https:\/\/www.visioneyes.ro\/en\/wp-json\/wp\/v2\/comments?post=11095"}],"wp:featuredmedia":[{"embeddable":true,"href":"https:\/\/www.visioneyes.ro\/en\/wp-json\/wp\/v2\/media\/11096"}],"wp:attachment":[{"href":"https:\/\/www.visioneyes.ro\/en\/wp-json\/wp\/v2\/media?parent=11095"}],"curies":[{"name":"wp","href":"https:\/\/api.w.org\/{rel}","templated":true}]}}