{"id":11136,"date":"2019-11-19T20:58:27","date_gmt":"2019-11-19T17:58:27","guid":{"rendered":"https:\/\/www.visioneyes.ro\/?post_type=product&#038;p=11136"},"modified":"2020-03-02T14:04:20","modified_gmt":"2020-03-02T11:04:20","slug":"ochelari-de-soare-moschino-mos058-f-s-086-ga","status":"publish","type":"product","link":"https:\/\/www.visioneyes.ro\/en\/shop-online\/ochelari-de-soare-moschino-mos058-f-s-086-ga\/","title":{"rendered":"Ochelari de soare Moschino MOS058\/F\/S 086\/GA"},"content":{"rendered":"<div class=\"eoFontsizeXL eoTextBold\"><strong><span style=\"font-size: 130%;\">MOS 058\/F\/S Informatii modele<\/span><\/strong><\/div>\n<div class=\"eoEmptyBorderBox\"><\/div>\n<table class=\"eoDetailPropertyListTable\" width=\"95%\">\n<tbody>\n<tr class=\"eoDetailItem eoFontSizeS\">\n<td>Dimensiuni &amp; Detalii<\/td>\n<td><span id=\"InfoSizeLabel891753\" class=\"sizeInfoRows\">L<\/span><\/td>\n<\/tr>\n<tr class=\"eoDetailItem eoFontSizeS\">\n<td>Dimensiunea lentilei<\/td>\n<td><span id=\"InfoLensSize891753\" class=\"sizeInfoRows\">57<\/span><\/td>\n<\/tr>\n<tr class=\"eoDetailItem eoFontSizeS\">\n<td>Dimensiunea ramei \u00eentre lentile<\/td>\n<td><span id=\"InfoBridgeSize891753\" class=\"sizeInfoRows\">18<\/span><\/td>\n<\/tr>\n<tr class=\"eoDetailItem eoFontSizeS\">\n<td>Lungimea tijei<\/td>\n<td><span id=\"InfoTempleSize891753\" class=\"sizeInfoRows\">145<\/span><\/td>\n<\/tr>\n<tr class=\"eoDetailItem eoFontSizeS\">\n<td class=\"eoDetailFeatureName\">Genul<\/td>\n<td class=\"eoDetailFeature\">Femei<\/td>\n<\/tr>\n<tr class=\"eoDetailItem eoFontSizeS\">\n<td class=\"eoDetailFeatureName\">Tipul ramei<\/td>\n<td class=\"eoDetailFeature\">Ram\u0103 complet\u0103<\/td>\n<\/tr>\n<tr class=\"eoDetailItem eoFontSizeS\">\n<td class=\"eoDetailFeatureName\">Form\u0103 rame<\/td>\n<td class=\"eoDetailFeature\">Square<\/td>\n<\/tr>\n<tr class=\"eoDetailItem eoFontSizeS\">\n<td class=\"eoDetailFeatureName\">Material rame<\/td>\n<td class=\"eoDetailFeature\">Plastic<\/td>\n<\/tr>\n<tr class=\"eoDetailItem eoFontSizeS\">\n<td class=\"eoDetailFeatureName\">Lentile<\/td>\n<td class=\"eoDetailFeature\">Posibilitate de montare lentile de corec\u0163ie<\/td>\n<\/tr>\n<tr class=\"eoDetailItem eoFontSizeS\">\n<td class=\"eoDetailFeatureName\">Culoare rame<\/td>\n<td class=\"eoDetailFeature\">Dkhavana<\/td>\n<\/tr>\n<tr class=\"eoDetailItem eoFontSizeS\">\n<td class=\"eoDetailFeatureName\">Culoarea lentilei<\/td>\n<td class=\"eoDetailFeature\">Brown Ochre<\/td>\n<\/tr>\n<\/tbody>\n<\/table>\n","protected":false},"excerpt":{"rendered":"<p>MOS 058\/F\/S Informatii modele Dimensiuni &amp; Detalii L Dimensiunea lentilei 57 Dimensiunea ramei \u00eentre lentile 18 Lungimea tijei 145 Genul Femei Tipul ramei Ram\u0103 complet\u0103 Form\u0103 rame Square Material rame Plastic Lentile Posibilitate de montare lentile de corec\u0163ie Culoare rame Dkhavana Culoarea lentilei Brown Ochre<\/p>\n","protected":false},"featured_media":11137,"comment_status":"open","ping_status":"closed","template":"","meta":[],"yoast_head":"<!-- This site is optimized with the Yoast SEO plugin v15.5 - https:\/\/yoast.com\/wordpress\/plugins\/seo\/ -->\n<title>Ochelari de soare Moschino MOS058\/F\/S 086\/GA - Sun glasses, Contact Lenses, Eye glasses, Eyeglass Frames | VisionEyes<\/title>\n<meta name=\"robots\" content=\"index, follow, max-snippet:-1, max-image-preview:large, max-video-preview:-1\" \/>\n<link rel=\"canonical\" href=\"https:\/\/www.visioneyes.ro\/shop-online\/ochelari-de-soare-moschino-mos058-f-s-086-ga\/\" \/>\n<meta property=\"og:locale\" content=\"en_US\" \/>\n<meta property=\"og:type\" content=\"article\" \/>\n<meta property=\"og:title\" content=\"Ochelari de soare Moschino MOS058\/F\/S 086\/GA - Sun glasses, Contact Lenses, Eye glasses, Eyeglass Frames | VisionEyes\" \/>\n<meta property=\"og:description\" content=\"MOS 058\/F\/S Informatii modele Dimensiuni &amp; Detalii L Dimensiunea lentilei 57 Dimensiunea ramei \u00eentre lentile 18 Lungimea tijei 145 Genul Femei Tipul ramei Ram\u0103 complet\u0103 Form\u0103 rame Square Material rame Plastic Lentile Posibilitate de montare lentile de corec\u0163ie Culoare rame Dkhavana Culoarea lentilei Brown Ochre\" \/>\n<meta property=\"og:url\" content=\"https:\/\/www.visioneyes.ro\/shop-online\/ochelari-de-soare-moschino-mos058-f-s-086-ga\/\" \/>\n<meta property=\"og:site_name\" content=\"Sun glasses, Contact Lenses, Eye glasses, Eyeglass Frames | VisionEyes\" \/>\n<meta property=\"article:modified_time\" content=\"2020-03-02T11:04:20+00:00\" \/>\n<meta property=\"og:image\" content=\"https:\/\/www.visioneyes.ro\/wp-content\/uploads\/Moschino-MOS058-F-S-086-GA.jpg\" \/>\n\t<meta property=\"og:image:width\" content=\"1024\" \/>\n\t<meta property=\"og:image:height\" content=\"533\" \/>\n<meta name=\"twitter:card\" content=\"summary_large_image\" \/>\n<meta name=\"twitter:label1\" content=\"Est. reading time\">\n\t<meta name=\"twitter:data1\" content=\"0 minutes\">\n<script type=\"application\/ld+json\" class=\"yoast-schema-graph\">{\"@context\":\"https:\/\/schema.org\",\"@graph\":[{\"@type\":\"WebSite\",\"@id\":\"https:\/\/www.visioneyes.ro\/#website\",\"url\":\"https:\/\/www.visioneyes.ro\/\",\"name\":\"Sun glasses, Contact Lenses, Eye glasses, Eyeglass Frames | VisionEyes\",\"description\":\"\",\"potentialAction\":[{\"@type\":\"SearchAction\",\"target\":\"https:\/\/www.visioneyes.ro\/?s={search_term_string}\",\"query-input\":\"required name=search_term_string\"}],\"inLanguage\":\"en-US\"},{\"@type\":\"ImageObject\",\"@id\":\"https:\/\/www.visioneyes.ro\/shop-online\/ochelari-de-soare-moschino-mos058-f-s-086-ga\/#primaryimage\",\"inLanguage\":\"en-US\",\"url\":\"https:\/\/www.visioneyes.ro\/wp-content\/uploads\/Moschino-MOS058-F-S-086-GA.jpg\",\"width\":1024,\"height\":533},{\"@type\":\"WebPage\",\"@id\":\"https:\/\/www.visioneyes.ro\/shop-online\/ochelari-de-soare-moschino-mos058-f-s-086-ga\/#webpage\",\"url\":\"https:\/\/www.visioneyes.ro\/shop-online\/ochelari-de-soare-moschino-mos058-f-s-086-ga\/\",\"name\":\"Ochelari de soare Moschino MOS058\/F\/S 086\/GA - Sun glasses, Contact Lenses, Eye glasses, Eyeglass Frames | VisionEyes\",\"isPartOf\":{\"@id\":\"https:\/\/www.visioneyes.ro\/#website\"},\"primaryImageOfPage\":{\"@id\":\"https:\/\/www.visioneyes.ro\/shop-online\/ochelari-de-soare-moschino-mos058-f-s-086-ga\/#primaryimage\"},\"datePublished\":\"2019-11-19T17:58:27+00:00\",\"dateModified\":\"2020-03-02T11:04:20+00:00\",\"inLanguage\":\"en-US\",\"potentialAction\":[{\"@type\":\"ReadAction\",\"target\":[\"https:\/\/www.visioneyes.ro\/shop-online\/ochelari-de-soare-moschino-mos058-f-s-086-ga\/\"]}]}]}<\/script>\n<!-- \/ Yoast SEO plugin. -->","_links":{"self":[{"href":"https:\/\/www.visioneyes.ro\/en\/wp-json\/wp\/v2\/product\/11136"}],"collection":[{"href":"https:\/\/www.visioneyes.ro\/en\/wp-json\/wp\/v2\/product"}],"about":[{"href":"https:\/\/www.visioneyes.ro\/en\/wp-json\/wp\/v2\/types\/product"}],"replies":[{"embeddable":true,"href":"https:\/\/www.visioneyes.ro\/en\/wp-json\/wp\/v2\/comments?post=11136"}],"wp:featuredmedia":[{"embeddable":true,"href":"https:\/\/www.visioneyes.ro\/en\/wp-json\/wp\/v2\/media\/11137"}],"wp:attachment":[{"href":"https:\/\/www.visioneyes.ro\/en\/wp-json\/wp\/v2\/media?parent=11136"}],"curies":[{"name":"wp","href":"https:\/\/api.w.org\/{rel}","templated":true}]}}