{"id":11142,"date":"2019-11-19T21:35:57","date_gmt":"2019-11-19T18:35:57","guid":{"rendered":"https:\/\/www.visioneyes.ro\/?post_type=product&#038;p=11142"},"modified":"2020-03-02T14:03:43","modified_gmt":"2020-03-02T11:03:43","slug":"ochelari-de-soare-moschino-mos009-s-086-9o","status":"publish","type":"product","link":"https:\/\/www.visioneyes.ro\/en\/shop-online\/ochelari-de-soare-moschino-mos009-s-086-9o\/","title":{"rendered":"Ochelari de soare Moschino MOS009\/S 086\/9O"},"content":{"rendered":"<div class=\"eoFontsizeXL eoTextBold\"><span style=\"font-size: 130%;\"><strong><span style=\"color: #000080;\">MOS 009\/S Informatii model<\/span><\/strong><\/span><\/div>\n<div><\/div>\n<div class=\"eoEmptyBorderBox\"><\/div>\n<table class=\"eoDetailPropertyListTable\" width=\"95%\">\n<tbody>\n<tr class=\"eoDetailItem eoFontSizeS\">\n<td>Dimensiuni &amp; Detalii<\/td>\n<td><span id=\"InfoSizeLabel649277\" class=\"sizeInfoRows\">S<\/span><\/td>\n<\/tr>\n<tr class=\"eoDetailItem eoFontSizeS\">\n<td>Dimensiunea lentilei<\/td>\n<td><span id=\"InfoLensSize649277\" class=\"sizeInfoRows\">52<\/span><\/td>\n<\/tr>\n<tr class=\"eoDetailItem eoFontSizeS\">\n<td>Dimensiunea ramei \u00eentre lentile<\/td>\n<td><span id=\"InfoBridgeSize649277\" class=\"sizeInfoRows\">18<\/span><\/td>\n<\/tr>\n<tr class=\"eoDetailItem eoFontSizeS\">\n<td>Lungimea tijei<\/td>\n<td><span id=\"InfoTempleSize649277\" class=\"sizeInfoRows\">145<\/span><\/td>\n<\/tr>\n<tr class=\"eoDetailItem eoFontSizeS\">\n<td class=\"eoDetailFeatureName\">Genul<\/td>\n<td class=\"eoDetailFeature\">Femei<\/td>\n<\/tr>\n<tr class=\"eoDetailItem eoFontSizeS\">\n<td class=\"eoDetailFeatureName\">Tipul ramei<\/td>\n<td class=\"eoDetailFeature\">Ram\u0103 complet\u0103<\/td>\n<\/tr>\n<tr class=\"eoDetailItem eoFontSizeS\">\n<td class=\"eoDetailFeatureName\">Form\u0103 rame<\/td>\n<td class=\"eoDetailFeature\">Cat-Eye<\/td>\n<\/tr>\n<tr class=\"eoDetailItem eoFontSizeS\">\n<td class=\"eoDetailFeatureName\">Material rame<\/td>\n<td class=\"eoDetailFeature\">Plastic<\/td>\n<\/tr>\n<tr class=\"eoDetailItem eoFontSizeS\">\n<td class=\"eoDetailFeatureName\">Lentile<\/td>\n<td class=\"eoDetailFeature\">Posibilitate de montare lentile de corec\u0163ie<\/td>\n<\/tr>\n<tr class=\"eoDetailItem eoFontSizeS\">\n<td class=\"eoDetailFeatureName\">Culoare rame<\/td>\n<td class=\"eoDetailFeature\">Dkhavana<\/td>\n<\/tr>\n<tr class=\"eoDetailItem eoFontSizeS\">\n<td class=\"eoDetailFeatureName\">Culoarea lentilei<\/td>\n<td class=\"eoDetailFeature\">Dark Grey Sf<\/td>\n<\/tr>\n<\/tbody>\n<\/table>\n<p>&nbsp;<\/p>\n<div class=\"eoFontsizeXL eoTextBold\">\u200cMOS009\/S\/086\/9O Ochelari oftalmologici<\/div>\n<p>Modelul MOS009\/S reprezint\u0103 o adev\u0103rat\u0103 sclipire de fashion, deoarece ace\u015fti ochelari de soare \u00ee\u0163i vor conferi o str\u0103lucire aparte, care va transforma noaptea \u00een zi f\u0103r\u0103 a fi nici m\u0103car o raz\u0103 de soare necesar\u0103. Modelul MOS009\/S este lansat de cur\u00e2nd pe pia\u0163\u0103 \u00een 2018, a\u015fa \u00eenc\u00e2t cu siguran\u0163\u0103 vei fi la ultimul r\u0103cnet cu ace\u015fti ochelari. Modelul de ochelari MOS009\/S este disponibil \u00een shop-ul online visioneyes.ro \u015fi \u00een alte variante \u015fic de la <b>Moschino<\/b>, din colec\u0163iile 2017 \u015fi 2018.<\/p>\n<p>Acest model de ochelari a fost special creat pentru\u00a0<b>femeile<\/b>\u00a0puternice, care \u015ftiu ce vor. Design-ul gra\u0163ios, plin de expresivitate, face o corela\u0163ie fermec\u0103toare cu stilul chic consacrat.\u00a0<b>Maro<\/b>\u00a0este actual o culoare trendy \u015fi totodat\u0103 un\u00a0<b>\u201eevergreen\u201c<\/b>\u00a0absolut (chiar dac\u0103\u00a0<b>\u201everde\u201c<\/b>\u00a0este de asemenea o culoare). Aceast\u0103 culoare confer\u0103 un contrast echilibrat \u00eentre nuan\u0163a pielii \u015fi cea a ramelor, astfel \u00eenc\u00e2t ochelarii devin o parte integrat\u0103, discret\u0103 \u015fi armonioas\u0103 \u00een cadrul chipului. Lentilele\u00a0<b>gri<\/b>\u00a0\u00een cadrul ochelarilor de soare sunt un element clasic. Pe l\u00e2ng\u0103 faptul c\u0103 prin ele c\u00e2mpului vizual cap\u0103t\u0103 o caracteristic\u0103 neutr\u0103 relaxant\u0103, ele sunt \u015fi extrem de potrivite pentru orice situa\u0163ie. Ace\u015fti ochelari de marc\u0103 confer\u0103 desigur \u015fi o protec\u0163ia\u00a0<b>UV400<\/b>\u00a0optim\u0103 pentru ochii t\u0103i.<\/p>\n","protected":false},"excerpt":{"rendered":"<p>MOS 009\/S Informatii model Dimensiuni &amp; Detalii S Dimensiunea lentilei 52 Dimensiunea ramei \u00eentre lentile 18 Lungimea tijei 145 Genul Femei Tipul ramei Ram\u0103 complet\u0103 Form\u0103 rame Cat-Eye Material rame Plastic Lentile Posibilitate de montare lentile de corec\u0163ie Culoare rame Dkhavana Culoarea lentilei Dark Grey Sf &nbsp; \u200cMOS009\/S\/086\/9O Ochelari oftalmologici Modelul MOS009\/S reprezint\u0103 o adev\u0103rat\u0103 [&#8230;]\n","protected":false},"featured_media":11143,"comment_status":"open","ping_status":"closed","template":"","meta":[],"yoast_head":"<!-- This site is optimized with the Yoast SEO plugin v15.5 - https:\/\/yoast.com\/wordpress\/plugins\/seo\/ -->\n<title>Ochelari de soare Moschino MOS009\/S 086\/9O - Sun glasses, Contact Lenses, Eye glasses, Eyeglass Frames | VisionEyes<\/title>\n<meta name=\"robots\" content=\"index, follow, max-snippet:-1, max-image-preview:large, max-video-preview:-1\" \/>\n<link rel=\"canonical\" href=\"https:\/\/www.visioneyes.ro\/shop-online\/ochelari-de-soare-moschino-mos009-s-086-9o\/\" \/>\n<meta property=\"og:locale\" content=\"en_US\" \/>\n<meta property=\"og:type\" content=\"article\" \/>\n<meta property=\"og:title\" content=\"Ochelari de soare Moschino MOS009\/S 086\/9O - Sun glasses, Contact Lenses, Eye glasses, Eyeglass Frames | VisionEyes\" \/>\n<meta property=\"og:description\" content=\"MOS 009\/S Informatii model Dimensiuni &amp; Detalii S Dimensiunea lentilei 52 Dimensiunea ramei \u00eentre lentile 18 Lungimea tijei 145 Genul Femei Tipul ramei Ram\u0103 complet\u0103 Form\u0103 rame Cat-Eye Material rame Plastic Lentile Posibilitate de montare lentile de corec\u0163ie Culoare rame Dkhavana Culoarea lentilei Dark Grey Sf &nbsp; \u200cMOS009\/S\/086\/9O Ochelari oftalmologici Modelul MOS009\/S reprezint\u0103 o adev\u0103rat\u0103 [...]\" \/>\n<meta property=\"og:url\" content=\"https:\/\/www.visioneyes.ro\/shop-online\/ochelari-de-soare-moschino-mos009-s-086-9o\/\" \/>\n<meta property=\"og:site_name\" content=\"Sun glasses, Contact Lenses, Eye glasses, Eyeglass Frames | VisionEyes\" \/>\n<meta property=\"article:modified_time\" content=\"2020-03-02T11:03:43+00:00\" \/>\n<meta property=\"og:image\" content=\"https:\/\/www.visioneyes.ro\/wp-content\/uploads\/Moschino-MOS009-S-086-9O.jpg\" \/>\n\t<meta property=\"og:image:width\" content=\"1024\" \/>\n\t<meta property=\"og:image:height\" content=\"533\" \/>\n<meta name=\"twitter:card\" content=\"summary_large_image\" \/>\n<meta name=\"twitter:label1\" content=\"Est. reading time\">\n\t<meta name=\"twitter:data1\" content=\"1 minute\">\n<script type=\"application\/ld+json\" class=\"yoast-schema-graph\">{\"@context\":\"https:\/\/schema.org\",\"@graph\":[{\"@type\":\"WebSite\",\"@id\":\"https:\/\/www.visioneyes.ro\/#website\",\"url\":\"https:\/\/www.visioneyes.ro\/\",\"name\":\"Sun glasses, Contact Lenses, Eye glasses, Eyeglass Frames | VisionEyes\",\"description\":\"\",\"potentialAction\":[{\"@type\":\"SearchAction\",\"target\":\"https:\/\/www.visioneyes.ro\/?s={search_term_string}\",\"query-input\":\"required name=search_term_string\"}],\"inLanguage\":\"en-US\"},{\"@type\":\"ImageObject\",\"@id\":\"https:\/\/www.visioneyes.ro\/shop-online\/ochelari-de-soare-moschino-mos009-s-086-9o\/#primaryimage\",\"inLanguage\":\"en-US\",\"url\":\"https:\/\/www.visioneyes.ro\/wp-content\/uploads\/Moschino-MOS009-S-086-9O.jpg\",\"width\":1024,\"height\":533},{\"@type\":\"WebPage\",\"@id\":\"https:\/\/www.visioneyes.ro\/shop-online\/ochelari-de-soare-moschino-mos009-s-086-9o\/#webpage\",\"url\":\"https:\/\/www.visioneyes.ro\/shop-online\/ochelari-de-soare-moschino-mos009-s-086-9o\/\",\"name\":\"Ochelari de soare Moschino MOS009\/S 086\/9O - Sun glasses, Contact Lenses, Eye glasses, Eyeglass Frames | VisionEyes\",\"isPartOf\":{\"@id\":\"https:\/\/www.visioneyes.ro\/#website\"},\"primaryImageOfPage\":{\"@id\":\"https:\/\/www.visioneyes.ro\/shop-online\/ochelari-de-soare-moschino-mos009-s-086-9o\/#primaryimage\"},\"datePublished\":\"2019-11-19T18:35:57+00:00\",\"dateModified\":\"2020-03-02T11:03:43+00:00\",\"inLanguage\":\"en-US\",\"potentialAction\":[{\"@type\":\"ReadAction\",\"target\":[\"https:\/\/www.visioneyes.ro\/shop-online\/ochelari-de-soare-moschino-mos009-s-086-9o\/\"]}]}]}<\/script>\n<!-- \/ Yoast SEO plugin. -->","_links":{"self":[{"href":"https:\/\/www.visioneyes.ro\/en\/wp-json\/wp\/v2\/product\/11142"}],"collection":[{"href":"https:\/\/www.visioneyes.ro\/en\/wp-json\/wp\/v2\/product"}],"about":[{"href":"https:\/\/www.visioneyes.ro\/en\/wp-json\/wp\/v2\/types\/product"}],"replies":[{"embeddable":true,"href":"https:\/\/www.visioneyes.ro\/en\/wp-json\/wp\/v2\/comments?post=11142"}],"wp:featuredmedia":[{"embeddable":true,"href":"https:\/\/www.visioneyes.ro\/en\/wp-json\/wp\/v2\/media\/11143"}],"wp:attachment":[{"href":"https:\/\/www.visioneyes.ro\/en\/wp-json\/wp\/v2\/media?parent=11142"}],"curies":[{"name":"wp","href":"https:\/\/api.w.org\/{rel}","templated":true}]}}