{"id":11372,"date":"2019-11-26T14:56:52","date_gmt":"2019-11-26T11:56:52","guid":{"rendered":"https:\/\/www.visioneyes.ro\/?post_type=product&#038;p=11372"},"modified":"2025-11-04T12:51:45","modified_gmt":"2025-11-04T10:51:45","slug":"rame-ochelari-de-vedere-bvlgaribv-4135b-5333","status":"publish","type":"product","link":"https:\/\/www.visioneyes.ro\/en\/shop-online\/rame-ochelari-de-vedere-bvlgaribv-4135b-5333\/","title":{"rendered":"Rame Ochelari de Vedere BvlgariBV 4135B 5333"},"content":{"rendered":"<div class=\"eoFontsizeXL eoTextBold\"><strong><span style=\"font-size: 130%;\">BV 4135B Informatii modele<\/span><\/strong><\/div>\n<div class=\"eoEmptyBorderBox\"><\/div>\n<table class=\"eoDetailPropertyListTable\" width=\"95%\">\n<tbody>\n<tr class=\"eoDetailItem eoFontSizeS\">\n<td>Dimensiuni &amp; Detalii<\/td>\n<td><span id=\"InfoSizeLabel488415\" class=\"sizeInfoRows\">S<\/span><span class=\"sizeInfoRowsMargin\">\/<\/span><span id=\"InfoSizeLabel488416\" class=\"sizeInfoRows\">M<\/span><\/td>\n<\/tr>\n<tr class=\"eoDetailItem eoFontSizeS\">\n<td>Dimensiunea lentilei<\/td>\n<td><span id=\"InfoLensSize488415\" class=\"sizeInfoRows\">53<\/span><span class=\"sizeInfoRowsMargin\">\/<\/span><span id=\"InfoLensSize488416\" class=\"sizeInfoRows\">55<\/span><\/td>\n<\/tr>\n<tr class=\"eoDetailItem eoFontSizeS\">\n<td>Dimensiunea ramei \u00eentre lentile<\/td>\n<td><span id=\"InfoBridgeSize488415\" class=\"sizeInfoRows\">17<\/span><span class=\"sizeInfoRowsMargin\">\/<\/span><span id=\"InfoBridgeSize488416\" class=\"sizeInfoRows\">17<\/span><\/td>\n<\/tr>\n<tr class=\"eoDetailItem eoFontSizeS\">\n<td>Lungimea tijei<\/td>\n<td><span id=\"InfoTempleSize488415\" class=\"sizeInfoRows\">140<\/span><span class=\"sizeInfoRowsMargin\">\/<\/span><span id=\"InfoTempleSize488416\" class=\"sizeInfoRows\">140<\/span><\/td>\n<\/tr>\n<tr class=\"eoDetailItem eoFontSizeS\">\n<td class=\"eoDetailFeatureName\">Genul<\/td>\n<td class=\"eoDetailFeature\">Femei<\/td>\n<\/tr>\n<tr class=\"eoDetailItem eoFontSizeS\">\n<td class=\"eoDetailFeatureName\">Tipul ramei<\/td>\n<td class=\"eoDetailFeature\"><a href=\"https:\/\/www.visioneyes.ro\/categorie\/rame-de-ochelari\/\">Ram\u0103 complet\u0103<\/a><\/td>\n<\/tr>\n<tr class=\"eoDetailItem eoFontSizeS\">\n<td class=\"eoDetailFeatureName\">Form\u0103 rame<\/td>\n<td class=\"eoDetailFeature\">Rectangle<\/td>\n<\/tr>\n<tr class=\"eoDetailItem eoFontSizeS\">\n<td class=\"eoDetailFeatureName\">Material rame<\/td>\n<td class=\"eoDetailFeature\">Plastic<\/td>\n<\/tr>\n<tr class=\"eoDetailItem eoFontSizeS\">\n<td class=\"eoDetailFeatureName\">Culoare rame<\/td>\n<td class=\"eoDetailFeature\">Red<\/td>\n<\/tr>\n<\/tbody>\n<\/table>\n<p>&nbsp;<\/p>\n<div class=\"eoFontsizeXL eoTextBold\"><span style=\"font-size: 110%;\"><strong>\u200cBV4135B\/5333 Ochelari de design<\/strong><\/span><\/div>\n<p>Cu aceast\u0103 pies\u0103 de designer \u00ee\u0163i po\u0163i considera ochii perfect \u201e\u00eembr\u0103ca\u0163i\u201d \u00een fiecare zi. Modelul BV4135B este lansat de cur\u00e2nd pe pia\u0163\u0103 \u00een 2019, a\u015fa \u00eenc\u00e2t cu siguran\u0163\u0103 vei fi la ultimul r\u0103cnet cu ace\u015fti ochelari. \u00cen cazul modelului BV4135B po\u0163i alege \u00eentre urm\u0103toarele m\u0103rimi: 53 mm, 55 mm. Po\u0163i comanda cu \u00eencredere, chiar \u015fi dac\u0103 nu crezi c\u0103 ai g\u0103sit exact perechea potrivit\u0103 de ochelari, deoarece po\u0163i s\u0103 ne trimi\u0163i f\u0103r\u0103 probleme, gratis, articolele nepotrivite \u00eenapoi! Modelul de ochelari BV4135B este disponibil \u00een shop-ul online <a href=\"https:\/\/www.visioneyes.ro\/categorie\/rame-de-ochelari\/\"><span style=\"color: #000080;\"><strong>OptiEyes<\/strong><\/span><\/a> \u015fi \u00een alte variante \u015fic de la <a href=\"https:\/\/www.visioneyes.ro\/categorie\/rame-de-ochelari\/bvlgari\/\"><b>Bvlgari<\/b><\/a>, din colec\u0163iile 2018 \u015fi 2019.<\/p>\n<p>Produsul este nou si comercializat in ambalajul original al producatorului.<\/p>\n<p><strong>Mai mult dec\u00e2t at\u00e2t, la noi po\u0163i cump\u0103ra lentilele perfecte de vedere, la un pre\u0163 imbatabil. Tot ceea de ce ai nevoie sunt valorile actuale de dioptrii, care \u00ee\u0163i pot fi furnizate de un doctor oftalmolog de \u00eencredere sau poti venii in magazinele noastre din Vulcan Value Centre sau Dristor pentru o determinare de dioptrii.<\/strong><\/p>\n","protected":false},"excerpt":{"rendered":"<p>BV 4135B Informatii modele Dimensiuni &amp; Detalii S\/M Dimensiunea lentilei 53\/55 Dimensiunea ramei \u00eentre lentile 17\/17 Lungimea tijei 140\/140 Genul Femei Tipul ramei Ram\u0103 complet\u0103 Form\u0103 rame Rectangle Material rame Plastic Culoare rame Red &nbsp; \u200cBV4135B\/5333 Ochelari de design Cu aceast\u0103 pies\u0103 de designer \u00ee\u0163i po\u0163i considera ochii perfect \u201e\u00eembr\u0103ca\u0163i\u201d \u00een fiecare zi. Modelul BV4135B [&#8230;]\n","protected":false},"featured_media":11373,"comment_status":"open","ping_status":"closed","template":"","meta":[],"yoast_head":"<!-- This site is optimized with the Yoast SEO plugin v15.5 - https:\/\/yoast.com\/wordpress\/plugins\/seo\/ -->\n<title>Rame Ochelari de Vedere BvlgariBV 4135B 5333 - Sun glasses, Contact Lenses, Eye glasses, Eyeglass Frames | VisionEyes<\/title>\n<meta name=\"robots\" content=\"index, follow, max-snippet:-1, max-image-preview:large, max-video-preview:-1\" \/>\n<link rel=\"canonical\" href=\"https:\/\/www.visioneyes.ro\/shop-online\/rame-ochelari-de-vedere-bvlgaribv-4135b-5333\/\" \/>\n<meta property=\"og:locale\" content=\"en_US\" \/>\n<meta property=\"og:type\" content=\"article\" \/>\n<meta property=\"og:title\" content=\"Rame Ochelari de Vedere BvlgariBV 4135B 5333 - Sun glasses, Contact Lenses, Eye glasses, Eyeglass Frames | VisionEyes\" \/>\n<meta property=\"og:description\" content=\"BV 4135B Informatii modele Dimensiuni &amp; Detalii S\/M Dimensiunea lentilei 53\/55 Dimensiunea ramei \u00eentre lentile 17\/17 Lungimea tijei 140\/140 Genul Femei Tipul ramei Ram\u0103 complet\u0103 Form\u0103 rame Rectangle Material rame Plastic Culoare rame Red &nbsp; \u200cBV4135B\/5333 Ochelari de design Cu aceast\u0103 pies\u0103 de designer \u00ee\u0163i po\u0163i considera ochii perfect \u201e\u00eembr\u0103ca\u0163i\u201d \u00een fiecare zi. Modelul BV4135B [...]\" \/>\n<meta property=\"og:url\" content=\"https:\/\/www.visioneyes.ro\/shop-online\/rame-ochelari-de-vedere-bvlgaribv-4135b-5333\/\" \/>\n<meta property=\"og:site_name\" content=\"Sun glasses, Contact Lenses, Eye glasses, Eyeglass Frames | VisionEyes\" \/>\n<meta property=\"article:modified_time\" content=\"2025-11-04T10:51:45+00:00\" \/>\n<meta property=\"og:image\" content=\"https:\/\/www.visioneyes.ro\/wp-content\/uploads\/Bvlgari-BV4135B-5333.jpg\" \/>\n\t<meta property=\"og:image:width\" content=\"1024\" \/>\n\t<meta property=\"og:image:height\" content=\"533\" \/>\n<meta name=\"twitter:card\" content=\"summary_large_image\" \/>\n<meta name=\"twitter:label1\" content=\"Est. reading time\">\n\t<meta name=\"twitter:data1\" content=\"1 minute\">\n<script type=\"application\/ld+json\" class=\"yoast-schema-graph\">{\"@context\":\"https:\/\/schema.org\",\"@graph\":[{\"@type\":\"WebSite\",\"@id\":\"https:\/\/www.visioneyes.ro\/#website\",\"url\":\"https:\/\/www.visioneyes.ro\/\",\"name\":\"Sun glasses, Contact Lenses, Eye glasses, Eyeglass Frames | VisionEyes\",\"description\":\"\",\"potentialAction\":[{\"@type\":\"SearchAction\",\"target\":\"https:\/\/www.visioneyes.ro\/?s={search_term_string}\",\"query-input\":\"required name=search_term_string\"}],\"inLanguage\":\"en-US\"},{\"@type\":\"ImageObject\",\"@id\":\"https:\/\/www.visioneyes.ro\/shop-online\/rame-ochelari-de-vedere-bvlgaribv-4135b-5333\/#primaryimage\",\"inLanguage\":\"en-US\",\"url\":\"https:\/\/www.visioneyes.ro\/wp-content\/uploads\/Bvlgari-BV4135B-5333.jpg\",\"width\":1024,\"height\":533},{\"@type\":\"WebPage\",\"@id\":\"https:\/\/www.visioneyes.ro\/shop-online\/rame-ochelari-de-vedere-bvlgaribv-4135b-5333\/#webpage\",\"url\":\"https:\/\/www.visioneyes.ro\/shop-online\/rame-ochelari-de-vedere-bvlgaribv-4135b-5333\/\",\"name\":\"Rame Ochelari de Vedere BvlgariBV 4135B 5333 - Sun glasses, Contact Lenses, Eye glasses, Eyeglass Frames | VisionEyes\",\"isPartOf\":{\"@id\":\"https:\/\/www.visioneyes.ro\/#website\"},\"primaryImageOfPage\":{\"@id\":\"https:\/\/www.visioneyes.ro\/shop-online\/rame-ochelari-de-vedere-bvlgaribv-4135b-5333\/#primaryimage\"},\"datePublished\":\"2019-11-26T11:56:52+00:00\",\"dateModified\":\"2025-11-04T10:51:45+00:00\",\"inLanguage\":\"en-US\",\"potentialAction\":[{\"@type\":\"ReadAction\",\"target\":[\"https:\/\/www.visioneyes.ro\/shop-online\/rame-ochelari-de-vedere-bvlgaribv-4135b-5333\/\"]}]}]}<\/script>\n<!-- \/ Yoast SEO plugin. -->","_links":{"self":[{"href":"https:\/\/www.visioneyes.ro\/en\/wp-json\/wp\/v2\/product\/11372"}],"collection":[{"href":"https:\/\/www.visioneyes.ro\/en\/wp-json\/wp\/v2\/product"}],"about":[{"href":"https:\/\/www.visioneyes.ro\/en\/wp-json\/wp\/v2\/types\/product"}],"replies":[{"embeddable":true,"href":"https:\/\/www.visioneyes.ro\/en\/wp-json\/wp\/v2\/comments?post=11372"}],"wp:featuredmedia":[{"embeddable":true,"href":"https:\/\/www.visioneyes.ro\/en\/wp-json\/wp\/v2\/media\/11373"}],"wp:attachment":[{"href":"https:\/\/www.visioneyes.ro\/en\/wp-json\/wp\/v2\/media?parent=11372"}],"curies":[{"name":"wp","href":"https:\/\/api.w.org\/{rel}","templated":true}]}}