{"id":11442,"date":"2019-11-26T20:51:46","date_gmt":"2019-11-26T17:51:46","guid":{"rendered":"https:\/\/www.visioneyes.ro\/?post_type=product&#038;p=11442"},"modified":"2025-11-04T12:51:22","modified_gmt":"2025-11-04T10:51:22","slug":"rame-ochelari-de-vedere-bvlgari-bv-1095-2013","status":"publish","type":"product","link":"https:\/\/www.visioneyes.ro\/en\/shop-online\/rame-ochelari-de-vedere-bvlgari-bv-1095-2013\/","title":{"rendered":"Rame Ochelari de Vedere Bvlgari BV 1095 2013"},"content":{"rendered":"<div class=\"eoFontsizeXL eoTextBold\"><strong><span style=\"font-size: 130%;\">BV 1095 Informatii modele<\/span><\/strong><\/div>\n<div class=\"eoEmptyBorderBox\"><\/div>\n<table class=\"eoDetailPropertyListTable\" width=\"95%\">\n<tbody>\n<tr class=\"eoDetailItem eoFontSizeS\">\n<td>Dimensiuni &amp; Detalii<\/td>\n<td><span id=\"InfoSizeLabel488360\" class=\"sizeInfoRows\">M<\/span><\/td>\n<\/tr>\n<tr class=\"eoDetailItem eoFontSizeS\">\n<td>Dimensiunea lentilei<\/td>\n<td><span id=\"InfoLensSize488360\" class=\"sizeInfoRows\">53<\/span><\/td>\n<\/tr>\n<tr class=\"eoDetailItem eoFontSizeS\">\n<td>Dimensiunea ramei \u00eentre lentile<\/td>\n<td><span id=\"InfoBridgeSize488360\" class=\"sizeInfoRows\">19<\/span><\/td>\n<\/tr>\n<tr class=\"eoDetailItem eoFontSizeS\">\n<td>Lungimea tijei<\/td>\n<td><span id=\"InfoTempleSize488360\" class=\"sizeInfoRows\">145<\/span><\/td>\n<\/tr>\n<tr class=\"eoDetailItem eoFontSizeS\">\n<td class=\"eoDetailFeatureName\">Genul<\/td>\n<td class=\"eoDetailFeature\">B\u0103rba\u0163i<\/td>\n<\/tr>\n<tr class=\"eoDetailItem eoFontSizeS\">\n<td class=\"eoDetailFeatureName\">Tipul ramei<\/td>\n<td class=\"eoDetailFeature\">Ram\u0103 complet\u0103<\/td>\n<\/tr>\n<tr class=\"eoDetailItem eoFontSizeS\">\n<td class=\"eoDetailFeatureName\">Form\u0103 rame<\/td>\n<td class=\"eoDetailFeature\">Square<\/td>\n<\/tr>\n<tr class=\"eoDetailItem eoFontSizeS\">\n<td class=\"eoDetailFeatureName\">Material rame<\/td>\n<td class=\"eoDetailFeature\">Metal<\/td>\n<\/tr>\n<tr class=\"eoDetailItem eoFontSizeS\">\n<td class=\"eoDetailFeatureName\">Culoare rame<\/td>\n<td class=\"eoDetailFeature\">Matte Pink Gold\/matte Black<\/td>\n<\/tr>\n<\/tbody>\n<\/table>\n<p>&nbsp;<\/p>\n<div class=\"eoFontsizeXL eoTextBold\"><span style=\"font-size: 110%;\"><strong>\u200cBV1095\/2013 Ochelari de design<\/strong><\/span><\/div>\n<p>Termenul de \u201eajutor vizual\u201c este total neinspirat pentru modelul BV1095. Cu aceast\u0103 pereche de ochelari ai achizi\u0163ionat un accesoriu, care i\u0163i va revolu\u0163iona stilul personal, dovedind c\u0103 ai un gust aparte \u00een materie de mod\u0103! Modelul BV1095 este lansat de cur\u00e2nd pe pia\u0163\u0103 \u00een 2019, a\u015fa \u00eenc\u00e2t cu siguran\u0163\u0103 vei fi la ultimul r\u0103cnet cu ace\u015fti ochelari. \u00cen cazul modelului BV1095 po\u0163i alege \u00eentre urm\u0103toarele m\u0103rimi: 51 mm, 53 mm. Po\u0163i comanda cu \u00eencredere, chiar \u015fi dac\u0103 nu crezi c\u0103 ai g\u0103sit exact perechea potrivit\u0103 de ochelari, deoarece po\u0163i s\u0103 ne trimi\u0163i f\u0103r\u0103 probleme, gratis, articolele nepotrivite \u00eenapoi! Modelul de ochelari BV1095 este disponibil \u00een shop-ul online <a href=\"https:\/\/www.visioneyes.ro\/categorie\/rame-de-ochelari\/bvlgari\/\">OptiEyes<\/a> \u015fi \u00een alte variante \u015fic de la <a href=\"https:\/\/www.visioneyes.ro\/categorie\/rame-de-ochelari\/bvlgari\/\"><b>Bvlgari<\/b><\/a>, din colec\u0163iile 2018 \u015fi 2019.<\/p>\n<p>&nbsp;<\/p>\n<p>&nbsp;<\/p>\n","protected":false},"excerpt":{"rendered":"<p>BV 1095 Informatii modele Dimensiuni &amp; Detalii M Dimensiunea lentilei 53 Dimensiunea ramei \u00eentre lentile 19 Lungimea tijei 145 Genul B\u0103rba\u0163i Tipul ramei Ram\u0103 complet\u0103 Form\u0103 rame Square Material rame Metal Culoare rame Matte Pink Gold\/matte Black &nbsp; \u200cBV1095\/2013 Ochelari de design Termenul de \u201eajutor vizual\u201c este total neinspirat pentru modelul BV1095. Cu aceast\u0103 pereche [&#8230;]\n","protected":false},"featured_media":11443,"comment_status":"open","ping_status":"closed","template":"","meta":[],"yoast_head":"<!-- This site is optimized with the Yoast SEO plugin v15.5 - https:\/\/yoast.com\/wordpress\/plugins\/seo\/ -->\n<title>Rame Ochelari de Vedere Bvlgari BV 1095 2013 - Sun glasses, Contact Lenses, Eye glasses, Eyeglass Frames | VisionEyes<\/title>\n<meta name=\"robots\" content=\"index, follow, max-snippet:-1, max-image-preview:large, max-video-preview:-1\" \/>\n<link rel=\"canonical\" href=\"https:\/\/www.visioneyes.ro\/shop-online\/rame-ochelari-de-vedere-bvlgari-bv-1095-2013\/\" \/>\n<meta property=\"og:locale\" content=\"en_US\" \/>\n<meta property=\"og:type\" content=\"article\" \/>\n<meta property=\"og:title\" content=\"Rame Ochelari de Vedere Bvlgari BV 1095 2013 - Sun glasses, Contact Lenses, Eye glasses, Eyeglass Frames | VisionEyes\" \/>\n<meta property=\"og:description\" content=\"BV 1095 Informatii modele Dimensiuni &amp; Detalii M Dimensiunea lentilei 53 Dimensiunea ramei \u00eentre lentile 19 Lungimea tijei 145 Genul B\u0103rba\u0163i Tipul ramei Ram\u0103 complet\u0103 Form\u0103 rame Square Material rame Metal Culoare rame Matte Pink Gold\/matte Black &nbsp; \u200cBV1095\/2013 Ochelari de design Termenul de \u201eajutor vizual\u201c este total neinspirat pentru modelul BV1095. Cu aceast\u0103 pereche [...]\" \/>\n<meta property=\"og:url\" content=\"https:\/\/www.visioneyes.ro\/shop-online\/rame-ochelari-de-vedere-bvlgari-bv-1095-2013\/\" \/>\n<meta property=\"og:site_name\" content=\"Sun glasses, Contact Lenses, Eye glasses, Eyeglass Frames | VisionEyes\" \/>\n<meta property=\"article:modified_time\" content=\"2025-11-04T10:51:22+00:00\" \/>\n<meta property=\"og:image\" content=\"https:\/\/www.visioneyes.ro\/wp-content\/uploads\/Bvlgari-BV1095-2013.jpg\" \/>\n\t<meta property=\"og:image:width\" content=\"1024\" \/>\n\t<meta property=\"og:image:height\" content=\"533\" \/>\n<meta name=\"twitter:card\" content=\"summary_large_image\" \/>\n<meta name=\"twitter:label1\" content=\"Est. reading time\">\n\t<meta name=\"twitter:data1\" content=\"1 minute\">\n<script type=\"application\/ld+json\" class=\"yoast-schema-graph\">{\"@context\":\"https:\/\/schema.org\",\"@graph\":[{\"@type\":\"WebSite\",\"@id\":\"https:\/\/www.visioneyes.ro\/#website\",\"url\":\"https:\/\/www.visioneyes.ro\/\",\"name\":\"Sun glasses, Contact Lenses, Eye glasses, Eyeglass Frames | VisionEyes\",\"description\":\"\",\"potentialAction\":[{\"@type\":\"SearchAction\",\"target\":\"https:\/\/www.visioneyes.ro\/?s={search_term_string}\",\"query-input\":\"required name=search_term_string\"}],\"inLanguage\":\"en-US\"},{\"@type\":\"ImageObject\",\"@id\":\"https:\/\/www.visioneyes.ro\/shop-online\/rame-ochelari-de-vedere-bvlgari-bv-1095-2013\/#primaryimage\",\"inLanguage\":\"en-US\",\"url\":\"https:\/\/www.visioneyes.ro\/wp-content\/uploads\/Bvlgari-BV1095-2013.jpg\",\"width\":1024,\"height\":533},{\"@type\":\"WebPage\",\"@id\":\"https:\/\/www.visioneyes.ro\/shop-online\/rame-ochelari-de-vedere-bvlgari-bv-1095-2013\/#webpage\",\"url\":\"https:\/\/www.visioneyes.ro\/shop-online\/rame-ochelari-de-vedere-bvlgari-bv-1095-2013\/\",\"name\":\"Rame Ochelari de Vedere Bvlgari BV 1095 2013 - Sun glasses, Contact Lenses, Eye glasses, Eyeglass Frames | VisionEyes\",\"isPartOf\":{\"@id\":\"https:\/\/www.visioneyes.ro\/#website\"},\"primaryImageOfPage\":{\"@id\":\"https:\/\/www.visioneyes.ro\/shop-online\/rame-ochelari-de-vedere-bvlgari-bv-1095-2013\/#primaryimage\"},\"datePublished\":\"2019-11-26T17:51:46+00:00\",\"dateModified\":\"2025-11-04T10:51:22+00:00\",\"inLanguage\":\"en-US\",\"potentialAction\":[{\"@type\":\"ReadAction\",\"target\":[\"https:\/\/www.visioneyes.ro\/shop-online\/rame-ochelari-de-vedere-bvlgari-bv-1095-2013\/\"]}]}]}<\/script>\n<!-- \/ Yoast SEO plugin. -->","_links":{"self":[{"href":"https:\/\/www.visioneyes.ro\/en\/wp-json\/wp\/v2\/product\/11442"}],"collection":[{"href":"https:\/\/www.visioneyes.ro\/en\/wp-json\/wp\/v2\/product"}],"about":[{"href":"https:\/\/www.visioneyes.ro\/en\/wp-json\/wp\/v2\/types\/product"}],"replies":[{"embeddable":true,"href":"https:\/\/www.visioneyes.ro\/en\/wp-json\/wp\/v2\/comments?post=11442"}],"wp:featuredmedia":[{"embeddable":true,"href":"https:\/\/www.visioneyes.ro\/en\/wp-json\/wp\/v2\/media\/11443"}],"wp:attachment":[{"href":"https:\/\/www.visioneyes.ro\/en\/wp-json\/wp\/v2\/media?parent=11442"}],"curies":[{"name":"wp","href":"https:\/\/api.w.org\/{rel}","templated":true}]}}