{"id":11521,"date":"2019-12-06T16:54:16","date_gmt":"2019-12-06T13:54:16","guid":{"rendered":"https:\/\/www.visioneyes.ro\/?post_type=product&#038;p=11521"},"modified":"2019-12-06T16:54:18","modified_gmt":"2019-12-06T13:54:18","slug":"rame-ochelari-de-vedere-hugo-boss-hg-1007-oit","status":"publish","type":"product","link":"https:\/\/www.visioneyes.ro\/en\/shop-online\/rame-ochelari-de-vedere-hugo-boss-hg-1007-oit\/","title":{"rendered":"Rame Ochelari de vedere HUGO BOSS HG 1007 OIT"},"content":{"rendered":"<div class=\"eoFontsizeXL eoTextBold\"><strong><span style=\"font-size: 130%;\">HG 1007 Informatii modele<\/span><\/strong><\/div>\n<div class=\"eoEmptyBorderBox\"><\/div>\n<table class=\"eoDetailPropertyListTable\" width=\"95%\">\n<tbody>\n<tr class=\"eoDetailItem eoFontSizeS\">\n<td>Dimensiuni &amp; Detalii<\/td>\n<td><span id=\"InfoSizeLabel762400\" class=\"sizeInfoRows\">XS<\/span><\/td>\n<\/tr>\n<tr class=\"eoDetailItem eoFontSizeS\">\n<td>Dimensiunea lentilei<\/td>\n<td><span id=\"InfoLensSize762400\" class=\"sizeInfoRows\">48<\/span><\/td>\n<\/tr>\n<tr class=\"eoDetailItem eoFontSizeS\">\n<td>Dimensiunea ramei \u00eentre lentile<\/td>\n<td><span id=\"InfoBridgeSize762400\" class=\"sizeInfoRows\">20<\/span><\/td>\n<\/tr>\n<tr class=\"eoDetailItem eoFontSizeS\">\n<td>Lungimea tijei<\/td>\n<td><span id=\"InfoTempleSize762400\" class=\"sizeInfoRows\">145<\/span><\/td>\n<\/tr>\n<tr class=\"eoDetailItem eoFontSizeS\">\n<td class=\"eoDetailFeatureName\">Genul<\/td>\n<td class=\"eoDetailFeature\">B\u0103rba\u0163i<\/td>\n<\/tr>\n<tr class=\"eoDetailItem eoFontSizeS\">\n<td class=\"eoDetailFeatureName\">Tipul ramei<\/td>\n<td class=\"eoDetailFeature\">Ram\u0103 complet\u0103<\/td>\n<\/tr>\n<tr class=\"eoDetailItem eoFontSizeS\">\n<td class=\"eoDetailFeatureName\">Form\u0103 rame<\/td>\n<td class=\"eoDetailFeature\">Square<\/td>\n<\/tr>\n<tr class=\"eoDetailItem eoFontSizeS\">\n<td class=\"eoDetailFeatureName\">Material rame<\/td>\n<td class=\"eoDetailFeature\">Plastic<\/td>\n<\/tr>\n<tr class=\"eoDetailItem eoFontSizeS\">\n<td class=\"eoDetailFeatureName\">Culoare rame<\/td>\n<td class=\"eoDetailFeature\">Blk Redgd<\/td>\n<\/tr>\n<\/tbody>\n<\/table>\n<p>&nbsp;<\/p>\n<div class=\"eoFontsizeXL eoTextBold\"><span style=\"font-size: 110%;\"><strong>\u200cHG 1007\/OIT Ochelari de design<\/strong><\/span><\/div>\n<p>\u00cen calitate de client al OptiEyes cu siguran\u0163\u0103 \u015fti deja c\u0103 ochelarii dau tonul stilului. Cu aceast\u0103 \u201ebijuterie\u201d po\u0163i conferi oric\u0103rei \u0163inute o not\u0103 \u201esmart\u201d, fie c\u0103 e\u015fti la munc\u0103, \u00een birou sau \u00een timpul liber. Cu acest nou model de la <a href=\"https:\/\/www.visioneyes.ro\/categorie\/rame-de-ochelari\/hugo-boss\/\"><b>Hugo<\/b><\/a>\u00a0po\u0163i demonstra c\u0103 e\u015fti un \u201etrend-setter\u201c veritabil. Chiar \u015fi \u00een sezonul actual, acest brand reu\u015fe\u015fte s\u0103 se impun\u0103 prin colec\u0163ia sa, stabilind un trend deosebit pentru 2019. Sunt frumo\u015fi, dar totu\u015fi o alt\u0103 culoare ar fi mai potrivit\u0103 pentru hainele tale preferate? Atunci verific\u0103 \u015fi celelalte variante ale modelului HG 1007 din sortimentul nostru de la Hugo, din 2018 \u015fi 2019.<\/p>\n<p>Produsul este nou si comercializat in ambalajul original al producatorului.<\/p>\n<p><strong>Mai mult dec\u00e2t at\u00e2t, la noi po\u0163i cump\u0103ra lentilele perfecte de vedere, la un pre\u0163 imbatabil. Tot ceea de ce ai nevoie sunt valorile actuale de dioptrii, care \u00ee\u0163i pot fi furnizate de un doctor oftalmolog de \u00eencredere sau poti venii in magazinele noastre din Vulcan Value Centre sau Dristor pentru o determinare de dioptrii.<\/strong><\/p>\n","protected":false},"excerpt":{"rendered":"<p>HG 1007 Informatii modele Dimensiuni &amp; Detalii XS Dimensiunea lentilei 48 Dimensiunea ramei \u00eentre lentile 20 Lungimea tijei 145 Genul B\u0103rba\u0163i Tipul ramei Ram\u0103 complet\u0103 Form\u0103 rame Square Material rame Plastic Culoare rame Blk Redgd &nbsp; \u200cHG 1007\/OIT Ochelari de design \u00cen calitate de client al OptiEyes cu siguran\u0163\u0103 \u015fti deja c\u0103 ochelarii dau tonul [&#8230;]\n","protected":false},"featured_media":11522,"comment_status":"open","ping_status":"closed","template":"","meta":[],"yoast_head":"<!-- This site is optimized with the Yoast SEO plugin v15.5 - https:\/\/yoast.com\/wordpress\/plugins\/seo\/ -->\n<title>Rame Ochelari de vedere HUGO BOSS HG 1007 OIT - Sun glasses, Contact Lenses, Eye glasses, Eyeglass Frames | VisionEyes<\/title>\n<meta name=\"robots\" content=\"index, follow, max-snippet:-1, max-image-preview:large, max-video-preview:-1\" \/>\n<link rel=\"canonical\" href=\"https:\/\/www.visioneyes.ro\/shop-online\/rame-ochelari-de-vedere-hugo-boss-hg-1007-oit\/\" \/>\n<meta property=\"og:locale\" content=\"en_US\" \/>\n<meta property=\"og:type\" content=\"article\" \/>\n<meta property=\"og:title\" content=\"Rame Ochelari de vedere HUGO BOSS HG 1007 OIT - Sun glasses, Contact Lenses, Eye glasses, Eyeglass Frames | VisionEyes\" \/>\n<meta property=\"og:description\" content=\"HG 1007 Informatii modele Dimensiuni &amp; Detalii XS Dimensiunea lentilei 48 Dimensiunea ramei \u00eentre lentile 20 Lungimea tijei 145 Genul B\u0103rba\u0163i Tipul ramei Ram\u0103 complet\u0103 Form\u0103 rame Square Material rame Plastic Culoare rame Blk Redgd &nbsp; \u200cHG 1007\/OIT Ochelari de design \u00cen calitate de client al OptiEyes cu siguran\u0163\u0103 \u015fti deja c\u0103 ochelarii dau tonul [...]\" \/>\n<meta property=\"og:url\" content=\"https:\/\/www.visioneyes.ro\/shop-online\/rame-ochelari-de-vedere-hugo-boss-hg-1007-oit\/\" \/>\n<meta property=\"og:site_name\" content=\"Sun glasses, Contact Lenses, Eye glasses, Eyeglass Frames | VisionEyes\" \/>\n<meta property=\"article:modified_time\" content=\"2019-12-06T13:54:18+00:00\" \/>\n<meta property=\"og:image\" content=\"https:\/\/www.visioneyes.ro\/wp-content\/uploads\/Hugo-HG-1007-OIT.jpg\" \/>\n\t<meta property=\"og:image:width\" content=\"1024\" \/>\n\t<meta property=\"og:image:height\" content=\"533\" \/>\n<meta name=\"twitter:card\" content=\"summary_large_image\" \/>\n<meta name=\"twitter:label1\" content=\"Est. reading time\">\n\t<meta name=\"twitter:data1\" content=\"1 minute\">\n<script type=\"application\/ld+json\" class=\"yoast-schema-graph\">{\"@context\":\"https:\/\/schema.org\",\"@graph\":[{\"@type\":\"WebSite\",\"@id\":\"https:\/\/www.visioneyes.ro\/#website\",\"url\":\"https:\/\/www.visioneyes.ro\/\",\"name\":\"Sun glasses, Contact Lenses, Eye glasses, Eyeglass Frames | VisionEyes\",\"description\":\"\",\"potentialAction\":[{\"@type\":\"SearchAction\",\"target\":\"https:\/\/www.visioneyes.ro\/?s={search_term_string}\",\"query-input\":\"required name=search_term_string\"}],\"inLanguage\":\"en-US\"},{\"@type\":\"ImageObject\",\"@id\":\"https:\/\/www.visioneyes.ro\/shop-online\/rame-ochelari-de-vedere-hugo-boss-hg-1007-oit\/#primaryimage\",\"inLanguage\":\"en-US\",\"url\":\"https:\/\/www.visioneyes.ro\/wp-content\/uploads\/Hugo-HG-1007-OIT.jpg\",\"width\":1024,\"height\":533},{\"@type\":\"WebPage\",\"@id\":\"https:\/\/www.visioneyes.ro\/shop-online\/rame-ochelari-de-vedere-hugo-boss-hg-1007-oit\/#webpage\",\"url\":\"https:\/\/www.visioneyes.ro\/shop-online\/rame-ochelari-de-vedere-hugo-boss-hg-1007-oit\/\",\"name\":\"Rame Ochelari de vedere HUGO BOSS HG 1007 OIT - Sun glasses, Contact Lenses, Eye glasses, Eyeglass Frames | VisionEyes\",\"isPartOf\":{\"@id\":\"https:\/\/www.visioneyes.ro\/#website\"},\"primaryImageOfPage\":{\"@id\":\"https:\/\/www.visioneyes.ro\/shop-online\/rame-ochelari-de-vedere-hugo-boss-hg-1007-oit\/#primaryimage\"},\"datePublished\":\"2019-12-06T13:54:16+00:00\",\"dateModified\":\"2019-12-06T13:54:18+00:00\",\"inLanguage\":\"en-US\",\"potentialAction\":[{\"@type\":\"ReadAction\",\"target\":[\"https:\/\/www.visioneyes.ro\/shop-online\/rame-ochelari-de-vedere-hugo-boss-hg-1007-oit\/\"]}]}]}<\/script>\n<!-- \/ Yoast SEO plugin. -->","_links":{"self":[{"href":"https:\/\/www.visioneyes.ro\/en\/wp-json\/wp\/v2\/product\/11521"}],"collection":[{"href":"https:\/\/www.visioneyes.ro\/en\/wp-json\/wp\/v2\/product"}],"about":[{"href":"https:\/\/www.visioneyes.ro\/en\/wp-json\/wp\/v2\/types\/product"}],"replies":[{"embeddable":true,"href":"https:\/\/www.visioneyes.ro\/en\/wp-json\/wp\/v2\/comments?post=11521"}],"wp:featuredmedia":[{"embeddable":true,"href":"https:\/\/www.visioneyes.ro\/en\/wp-json\/wp\/v2\/media\/11522"}],"wp:attachment":[{"href":"https:\/\/www.visioneyes.ro\/en\/wp-json\/wp\/v2\/media?parent=11521"}],"curies":[{"name":"wp","href":"https:\/\/api.w.org\/{rel}","templated":true}]}}