{"id":11893,"date":"2020-02-06T19:26:38","date_gmt":"2020-02-06T16:26:38","guid":{"rendered":"https:\/\/www.visioneyes.ro\/?post_type=product&#038;p=11893"},"modified":"2020-02-06T19:26:40","modified_gmt":"2020-02-06T16:26:40","slug":"rama-ochelari-de-vedere-police-vpl843-0300","status":"publish","type":"product","link":"https:\/\/www.visioneyes.ro\/en\/shop-online\/rama-ochelari-de-vedere-police-vpl843-0300\/","title":{"rendered":"Rama ochelari de vedere Police VPL843 0300"},"content":{"rendered":"<div class=\"eoFontsizeXL eoTextBold\"><strong><span style=\"font-size: 140%;\">VPL 843 Informa\u021bii modele<\/span><\/strong><\/div>\n<div class=\"eoEmptyBorderBox\"><\/div>\n<table class=\"eoDetailPropertyListTable\" width=\"95%\">\n<tbody>\n<tr class=\"eoDetailItem eoFontSizeS\">\n<td>Dimensiuni &amp; Detalii<\/td>\n<td><span id=\"InfoSizeLabel731412\" class=\"sizeInfoRows\">S<\/span><\/td>\n<\/tr>\n<tr class=\"eoDetailItem eoFontSizeS\">\n<td>Dimensiunea lentilei<\/td>\n<td><span id=\"InfoLensSize731412\" class=\"sizeInfoRows\">53<\/span><\/td>\n<\/tr>\n<tr class=\"eoDetailItem eoFontSizeS\">\n<td>Dimensiunea ramei \u00eentre lentile<\/td>\n<td><span id=\"InfoBridgeSize731412\" class=\"sizeInfoRows\">18<\/span><\/td>\n<\/tr>\n<tr class=\"eoDetailItem eoFontSizeS\">\n<td>Lungimea tijei<\/td>\n<td><span id=\"InfoTempleSize731412\" class=\"sizeInfoRows\">135<\/span><\/td>\n<\/tr>\n<tr class=\"eoDetailItem eoFontSizeS\">\n<td class=\"eoDetailFeatureName\">Genul<\/td>\n<td class=\"eoDetailFeature\">Femei<\/td>\n<\/tr>\n<tr class=\"eoDetailItem eoFontSizeS\">\n<td class=\"eoDetailFeatureName\">Tipul ramei<\/td>\n<td class=\"eoDetailFeature\">Ram\u0103 complet\u0103<\/td>\n<\/tr>\n<tr class=\"eoDetailItem eoFontSizeS\">\n<td class=\"eoDetailFeatureName\">Form\u0103 rame<\/td>\n<td class=\"eoDetailFeature\">Rotund<\/td>\n<\/tr>\n<tr class=\"eoDetailItem eoFontSizeS\">\n<td class=\"eoDetailFeatureName\">Material rame<\/td>\n<td class=\"eoDetailFeature\">Metal<\/td>\n<\/tr>\n<tr class=\"eoDetailItem eoFontSizeS\">\n<td class=\"eoDetailFeatureName\">Culoare rame<\/td>\n<td class=\"eoDetailFeature\">Black<\/td>\n<\/tr>\n<\/tbody>\n<\/table>\n<div><\/div>\n<div class=\"eoFontsizeXL eoTextBold\"><span style=\"font-size: 115%;\"><strong>\u200cVPL843\/0300 Ochelari de design<\/strong><\/span><\/div>\n<p>Cu aceast\u0103 pies\u0103 de designer \u00ee\u0163i po\u0163i considera ochii perfect \u201e\u00eembr\u0103ca\u0163i\u201d \u00een fiecare zi. Modelul VPL843 este lansat de cur\u00e2nd pe pia\u0163\u0103 \u00een 2018, a\u015fa \u00eenc\u00e2t cu siguran\u0163\u0103 vei fi la ultimul r\u0103cnet cu ace\u015fti ochelari.<\/p>\n<p>Prin acest model de ochelari, designerii se adreseaz\u0103 mai ales\u00a0<b>doamnelor<\/b>, care se simt \u00een largul lor \u00een marile metropole ale lumii. Cine mai are timp s\u0103 se g\u00e2ndeasc\u0103 la \u201eMr. Right\u201c? Acum este mai important\u0103 stabilirea stilului perfect pentru 2018!<\/p>\n","protected":false},"excerpt":{"rendered":"<p>VPL 843 Informa\u021bii modele Dimensiuni &amp; Detalii S Dimensiunea lentilei 53 Dimensiunea ramei \u00eentre lentile 18 Lungimea tijei 135 Genul Femei Tipul ramei Ram\u0103 complet\u0103 Form\u0103 rame Rotund Material rame Metal Culoare rame Black \u200cVPL843\/0300 Ochelari de design Cu aceast\u0103 pies\u0103 de designer \u00ee\u0163i po\u0163i considera ochii perfect \u201e\u00eembr\u0103ca\u0163i\u201d \u00een fiecare zi. Modelul VPL843 este [&#8230;]\n","protected":false},"featured_media":11894,"comment_status":"open","ping_status":"closed","template":"","meta":[],"yoast_head":"<!-- This site is optimized with the Yoast SEO plugin v15.5 - https:\/\/yoast.com\/wordpress\/plugins\/seo\/ -->\n<title>Rama ochelari de vedere Police VPL843 0300 - Sun glasses, Contact Lenses, Eye glasses, Eyeglass Frames | VisionEyes<\/title>\n<meta name=\"robots\" content=\"index, follow, max-snippet:-1, max-image-preview:large, max-video-preview:-1\" \/>\n<link rel=\"canonical\" href=\"https:\/\/www.visioneyes.ro\/shop-online\/rama-ochelari-de-vedere-police-vpl843-0300\/\" \/>\n<meta property=\"og:locale\" content=\"en_US\" \/>\n<meta property=\"og:type\" content=\"article\" \/>\n<meta property=\"og:title\" content=\"Rama ochelari de vedere Police VPL843 0300 - Sun glasses, Contact Lenses, Eye glasses, Eyeglass Frames | VisionEyes\" \/>\n<meta property=\"og:description\" content=\"VPL 843 Informa\u021bii modele Dimensiuni &amp; Detalii S Dimensiunea lentilei 53 Dimensiunea ramei \u00eentre lentile 18 Lungimea tijei 135 Genul Femei Tipul ramei Ram\u0103 complet\u0103 Form\u0103 rame Rotund Material rame Metal Culoare rame Black \u200cVPL843\/0300 Ochelari de design Cu aceast\u0103 pies\u0103 de designer \u00ee\u0163i po\u0163i considera ochii perfect \u201e\u00eembr\u0103ca\u0163i\u201d \u00een fiecare zi. Modelul VPL843 este [...]\" \/>\n<meta property=\"og:url\" content=\"https:\/\/www.visioneyes.ro\/shop-online\/rama-ochelari-de-vedere-police-vpl843-0300\/\" \/>\n<meta property=\"og:site_name\" content=\"Sun glasses, Contact Lenses, Eye glasses, Eyeglass Frames | VisionEyes\" \/>\n<meta property=\"article:modified_time\" content=\"2020-02-06T16:26:40+00:00\" \/>\n<meta property=\"og:image\" content=\"https:\/\/www.visioneyes.ro\/wp-content\/uploads\/Police_VPL843-0300-1_1024x.jpg\" \/>\n\t<meta property=\"og:image:width\" content=\"1024\" \/>\n\t<meta property=\"og:image:height\" content=\"700\" \/>\n<meta name=\"twitter:card\" content=\"summary_large_image\" \/>\n<meta name=\"twitter:label1\" content=\"Est. reading time\">\n\t<meta name=\"twitter:data1\" content=\"0 minutes\">\n<script type=\"application\/ld+json\" class=\"yoast-schema-graph\">{\"@context\":\"https:\/\/schema.org\",\"@graph\":[{\"@type\":\"WebSite\",\"@id\":\"https:\/\/www.visioneyes.ro\/#website\",\"url\":\"https:\/\/www.visioneyes.ro\/\",\"name\":\"Sun glasses, Contact Lenses, Eye glasses, Eyeglass Frames | VisionEyes\",\"description\":\"\",\"potentialAction\":[{\"@type\":\"SearchAction\",\"target\":\"https:\/\/www.visioneyes.ro\/?s={search_term_string}\",\"query-input\":\"required name=search_term_string\"}],\"inLanguage\":\"en-US\"},{\"@type\":\"ImageObject\",\"@id\":\"https:\/\/www.visioneyes.ro\/shop-online\/rama-ochelari-de-vedere-police-vpl843-0300\/#primaryimage\",\"inLanguage\":\"en-US\",\"url\":\"https:\/\/www.visioneyes.ro\/wp-content\/uploads\/Police_VPL843-0300-1_1024x.jpg\",\"width\":1024,\"height\":700},{\"@type\":\"WebPage\",\"@id\":\"https:\/\/www.visioneyes.ro\/shop-online\/rama-ochelari-de-vedere-police-vpl843-0300\/#webpage\",\"url\":\"https:\/\/www.visioneyes.ro\/shop-online\/rama-ochelari-de-vedere-police-vpl843-0300\/\",\"name\":\"Rama ochelari de vedere Police VPL843 0300 - Sun glasses, Contact Lenses, Eye glasses, Eyeglass Frames | VisionEyes\",\"isPartOf\":{\"@id\":\"https:\/\/www.visioneyes.ro\/#website\"},\"primaryImageOfPage\":{\"@id\":\"https:\/\/www.visioneyes.ro\/shop-online\/rama-ochelari-de-vedere-police-vpl843-0300\/#primaryimage\"},\"datePublished\":\"2020-02-06T16:26:38+00:00\",\"dateModified\":\"2020-02-06T16:26:40+00:00\",\"inLanguage\":\"en-US\",\"potentialAction\":[{\"@type\":\"ReadAction\",\"target\":[\"https:\/\/www.visioneyes.ro\/shop-online\/rama-ochelari-de-vedere-police-vpl843-0300\/\"]}]}]}<\/script>\n<!-- \/ Yoast SEO plugin. -->","_links":{"self":[{"href":"https:\/\/www.visioneyes.ro\/en\/wp-json\/wp\/v2\/product\/11893"}],"collection":[{"href":"https:\/\/www.visioneyes.ro\/en\/wp-json\/wp\/v2\/product"}],"about":[{"href":"https:\/\/www.visioneyes.ro\/en\/wp-json\/wp\/v2\/types\/product"}],"replies":[{"embeddable":true,"href":"https:\/\/www.visioneyes.ro\/en\/wp-json\/wp\/v2\/comments?post=11893"}],"wp:featuredmedia":[{"embeddable":true,"href":"https:\/\/www.visioneyes.ro\/en\/wp-json\/wp\/v2\/media\/11894"}],"wp:attachment":[{"href":"https:\/\/www.visioneyes.ro\/en\/wp-json\/wp\/v2\/media?parent=11893"}],"curies":[{"name":"wp","href":"https:\/\/api.w.org\/{rel}","templated":true}]}}