{"id":11926,"date":"2020-02-06T21:25:59","date_gmt":"2020-02-06T19:25:59","guid":{"rendered":"https:\/\/www.visioneyes.ro\/?post_type=product&#038;p=11926"},"modified":"2023-08-22T14:20:07","modified_gmt":"2023-08-22T12:20:07","slug":"rame-ochelari-de-vedere-police-vpl886-0738","status":"publish","type":"product","link":"https:\/\/www.visioneyes.ro\/en\/shop-online\/rame-ochelari-de-vedere-police-vpl886-0738\/","title":{"rendered":"Rame ochelari de vedere Police VPL886 0738"},"content":{"rendered":"<h3><strong>Descriere Rame ochelari de vedere barbati Police VPL886 0738 de la Police<\/strong><\/h3>\n<div class=\"clearfix\"><\/div>\n<div class=\"long-description\">\n<p><strong>Dimensiuni<\/strong><\/p>\n<div>\n<table border=\"0\" cellspacing=\"0\" cellpadding=\"0\">\n<tbody>\n<tr>\n<td><span class=\"f_name\">Inaltime lentile<\/span><br \/>\n<strong>&#8212; mm<\/strong><\/td>\n<td><span class=\"f_name\">Latime rama<\/span><br \/>\n<strong>&#8212; mm<\/strong><\/td>\n<td><span class=\"f_name\">Latime lentile<\/span><br \/>\n<strong>54 mm<\/strong><\/td>\n<td><span class=\"f_name\">Lungime brate<\/span><br \/>\n<strong>145 mm<\/strong><\/td>\n<td><span class=\"f_name\">Punte nazala<\/span><br \/>\n<strong>18 mm<\/strong><\/td>\n<\/tr>\n<tr>\n<td><span class=\"f_name\"><img loading=\"lazy\" src=\"https:\/\/lensa.ro\/data\/uploads\/products\/14949\/Inaltime-lentile.jpg\" alt=\"\" width=\"49\" height=\"25\" \/><\/span><\/td>\n<td><span class=\"f_name\"><img loading=\"lazy\" src=\"https:\/\/lensa.ro\/data\/uploads\/products\/14949\/Latime-ochelari.jpg\" alt=\"\" width=\"49\" height=\"25\" \/><br \/>\n<\/span><\/td>\n<td><span class=\"f_name\"><img loading=\"lazy\" src=\"https:\/\/lensa.ro\/data\/uploads\/products\/14949\/Latime-lentile.jpg\" alt=\"\" width=\"49\" height=\"25\" \/><br \/>\n<\/span><\/td>\n<td><span class=\"f_name\"><img loading=\"lazy\" src=\"https:\/\/lensa.ro\/data\/uploads\/products\/14949\/Lungime-brate.jpg\" alt=\"\" width=\"49\" height=\"25\" \/><\/span><\/td>\n<td><span class=\"f_name\"><img loading=\"lazy\" src=\"https:\/\/lensa.ro\/data\/uploads\/products\/14949\/Punte-nazala.jpg\" alt=\"\" width=\"49\" height=\"25\" \/><\/span><\/td>\n<\/tr>\n<\/tbody>\n<\/table>\n<\/div>\n<div class=\"product-description clearfix margin-bottom-md\">\n<p>Produsul este nou \u0219i comercializat in ambalajul original al producatorului. Imaginile de pe visioneyes.ro au caracter informativ, iar nuanta, tonul \u0219i intensitatea culorii pot varia \u00een func\u021bie de monitor. Accesoriile expuse in fotografii sau materiale video sunt cu titlu de prezentare, iar acestea pot sa difere in func\u021bie de sezonalitate.<\/p>\n<div class=\"clearfix\"><strong><span style=\"font-size: 20.16px;\">Caracteristici<\/span><\/strong><\/div>\n<\/div>\n<div class=\"characteristics margin-bottom-md\">\n<table class=\"table table-striped\">\n<tbody>\n<tr>\n<td class=\"col-xs-6 col-sm-4 text-gray\">Producator<\/td>\n<td class=\"col-xs-6 col-sm-8\">Police<\/td>\n<\/tr>\n<tr>\n<td class=\"col-xs-6 col-sm-4 text-gray\">Model<\/td>\n<td class=\"col-xs-6 col-sm-8\">VPL886 0738<\/td>\n<\/tr>\n<tr>\n<td class=\"col-xs-6 col-sm-4 text-gray\">Pentru<\/td>\n<td class=\"col-xs-6 col-sm-8\">Barbati<\/td>\n<\/tr>\n<tr>\n<td class=\"col-xs-6 col-sm-4 text-gray\">Culoare rama<\/td>\n<td class=\"col-xs-6 col-sm-8\">Havana<\/td>\n<\/tr>\n<tr>\n<td class=\"col-xs-6 col-sm-4 text-gray\">Stil rama<\/td>\n<td class=\"col-xs-6 col-sm-8\">Rectangular<\/td>\n<\/tr>\n<tr>\n<td class=\"col-xs-6 col-sm-4 text-gray\">Marime<\/td>\n<td class=\"col-xs-6 col-sm-8\">54<\/td>\n<\/tr>\n<tr>\n<td class=\"col-xs-6 col-sm-4 text-gray\">Material rama<\/td>\n<td class=\"col-xs-6 col-sm-8\">Plastic<\/td>\n<\/tr>\n<tr>\n<td class=\"col-xs-6 col-sm-4 text-gray\">Tip rama<\/td>\n<td class=\"col-xs-6 col-sm-8\">Rama completa<\/td>\n<\/tr>\n<\/tbody>\n<\/table>\n<p><strong>Mai mult dec\u00e2t at\u00e2t, la noi po\u0163i cump\u0103ra lentilele perfecte de vedere, la un pre\u0163 imbatabil. Tot ceea de ce ai nevoie sunt valorile actuale de dioptrii, care \u00ee\u0163i pot fi furnizate de un doctor oftalmolog de \u00eencredere sau poti venii in magazinele noastre din Vulcan Value Centre sau Dristor pentru o determinare de dioptrii.<\/strong><\/p>\n<\/div>\n<\/div>\n","protected":false},"excerpt":{"rendered":"<p>Descriere Rame ochelari de vedere barbati Police VPL886 0738 de la Police Dimensiuni Inaltime lentile &#8212; mm Latime rama &#8212; mm Latime lentile 54 mm Lungime brate 145 mm Punte nazala 18 mm Produsul este nou \u0219i comercializat in ambalajul original al producatorului. Imaginile de pe visioneyes.ro au caracter informativ, iar nuanta, tonul \u0219i intensitatea [&#8230;]\n","protected":false},"featured_media":11927,"comment_status":"open","ping_status":"closed","template":"","meta":[],"yoast_head":"<!-- This site is optimized with the Yoast SEO plugin v15.5 - https:\/\/yoast.com\/wordpress\/plugins\/seo\/ -->\n<title>Rame ochelari de vedere Police VPL886 0738 - Sun glasses, Contact Lenses, Eye glasses, Eyeglass Frames | VisionEyes<\/title>\n<meta name=\"robots\" content=\"index, follow, max-snippet:-1, max-image-preview:large, max-video-preview:-1\" \/>\n<link rel=\"canonical\" href=\"https:\/\/www.visioneyes.ro\/shop-online\/rame-ochelari-de-vedere-police-vpl886-0738\/\" \/>\n<meta property=\"og:locale\" content=\"en_US\" \/>\n<meta property=\"og:type\" content=\"article\" \/>\n<meta property=\"og:title\" content=\"Rame ochelari de vedere Police VPL886 0738 - Sun glasses, Contact Lenses, Eye glasses, Eyeglass Frames | VisionEyes\" \/>\n<meta property=\"og:description\" content=\"Descriere Rame ochelari de vedere barbati Police VPL886 0738 de la Police Dimensiuni Inaltime lentile &#8212; mm Latime rama &#8212; mm Latime lentile 54 mm Lungime brate 145 mm Punte nazala 18 mm Produsul este nou \u0219i comercializat in ambalajul original al producatorului. Imaginile de pe visioneyes.ro au caracter informativ, iar nuanta, tonul \u0219i intensitatea [...]\" \/>\n<meta property=\"og:url\" content=\"https:\/\/www.visioneyes.ro\/shop-online\/rame-ochelari-de-vedere-police-vpl886-0738\/\" \/>\n<meta property=\"og:site_name\" content=\"Sun glasses, Contact Lenses, Eye glasses, Eyeglass Frames | VisionEyes\" \/>\n<meta property=\"article:modified_time\" content=\"2023-08-22T12:20:07+00:00\" \/>\n<meta property=\"og:image\" content=\"https:\/\/www.visioneyes.ro\/wp-content\/uploads\/police-rame-ochelari-de-vedere-barbati-police-vpl886-0738-81205.jpg\" \/>\n\t<meta property=\"og:image:width\" content=\"900\" \/>\n\t<meta property=\"og:image:height\" content=\"900\" \/>\n<meta name=\"twitter:card\" content=\"summary_large_image\" \/>\n<meta name=\"twitter:label1\" content=\"Est. reading time\">\n\t<meta name=\"twitter:data1\" content=\"1 minute\">\n<script type=\"application\/ld+json\" class=\"yoast-schema-graph\">{\"@context\":\"https:\/\/schema.org\",\"@graph\":[{\"@type\":\"WebSite\",\"@id\":\"https:\/\/www.visioneyes.ro\/#website\",\"url\":\"https:\/\/www.visioneyes.ro\/\",\"name\":\"Sun glasses, Contact Lenses, Eye glasses, Eyeglass Frames | VisionEyes\",\"description\":\"\",\"potentialAction\":[{\"@type\":\"SearchAction\",\"target\":\"https:\/\/www.visioneyes.ro\/?s={search_term_string}\",\"query-input\":\"required name=search_term_string\"}],\"inLanguage\":\"en-US\"},{\"@type\":\"ImageObject\",\"@id\":\"https:\/\/www.visioneyes.ro\/shop-online\/rame-ochelari-de-vedere-police-vpl886-0738\/#primaryimage\",\"inLanguage\":\"en-US\",\"url\":\"https:\/\/www.visioneyes.ro\/wp-content\/uploads\/police-rame-ochelari-de-vedere-barbati-police-vpl886-0738-81205.jpg\",\"width\":900,\"height\":900},{\"@type\":\"WebPage\",\"@id\":\"https:\/\/www.visioneyes.ro\/shop-online\/rame-ochelari-de-vedere-police-vpl886-0738\/#webpage\",\"url\":\"https:\/\/www.visioneyes.ro\/shop-online\/rame-ochelari-de-vedere-police-vpl886-0738\/\",\"name\":\"Rame ochelari de vedere Police VPL886 0738 - Sun glasses, Contact Lenses, Eye glasses, Eyeglass Frames | VisionEyes\",\"isPartOf\":{\"@id\":\"https:\/\/www.visioneyes.ro\/#website\"},\"primaryImageOfPage\":{\"@id\":\"https:\/\/www.visioneyes.ro\/shop-online\/rame-ochelari-de-vedere-police-vpl886-0738\/#primaryimage\"},\"datePublished\":\"2020-02-06T19:25:59+00:00\",\"dateModified\":\"2023-08-22T12:20:07+00:00\",\"inLanguage\":\"en-US\",\"potentialAction\":[{\"@type\":\"ReadAction\",\"target\":[\"https:\/\/www.visioneyes.ro\/shop-online\/rame-ochelari-de-vedere-police-vpl886-0738\/\"]}]}]}<\/script>\n<!-- \/ Yoast SEO plugin. -->","_links":{"self":[{"href":"https:\/\/www.visioneyes.ro\/en\/wp-json\/wp\/v2\/product\/11926"}],"collection":[{"href":"https:\/\/www.visioneyes.ro\/en\/wp-json\/wp\/v2\/product"}],"about":[{"href":"https:\/\/www.visioneyes.ro\/en\/wp-json\/wp\/v2\/types\/product"}],"replies":[{"embeddable":true,"href":"https:\/\/www.visioneyes.ro\/en\/wp-json\/wp\/v2\/comments?post=11926"}],"wp:featuredmedia":[{"embeddable":true,"href":"https:\/\/www.visioneyes.ro\/en\/wp-json\/wp\/v2\/media\/11927"}],"wp:attachment":[{"href":"https:\/\/www.visioneyes.ro\/en\/wp-json\/wp\/v2\/media?parent=11926"}],"curies":[{"name":"wp","href":"https:\/\/api.w.org\/{rel}","templated":true}]}}