{"id":12640,"date":"2022-06-02T13:11:57","date_gmt":"2022-06-02T11:11:57","guid":{"rendered":"https:\/\/www.visioneyes.ro\/shop-online\/ochelari-de-soare-polaroid-pld-4120-g-s-x-kj1-sp\/"},"modified":"2022-06-02T13:11:59","modified_gmt":"2022-06-02T11:11:59","slug":"ochelari-de-soare-polaroid-pld-4120-g-s-x-kj1-sp","status":"publish","type":"product","link":"https:\/\/www.visioneyes.ro\/en\/shop-online\/ochelari-de-soare-polaroid-pld-4120-g-s-x-kj1-sp\/","title":{"rendered":"Ochelari de soare Polaroid PLD 4120\/G\/S\/X KJ1\/SP"},"content":{"rendered":"<div class=\"eoFontsizeXL eoTextBold\"><span style=\"font-size: 120%;\"><strong>PLD 4120\/G\/S\/X Informa\u021bii modele<\/strong><\/span><\/div>\n<div class=\"eoEmptyBorderBox\"><\/div>\n<table class=\"eoDetailPropertyListTable\" width=\"95%\">\n<tbody>\n<tr class=\"eoDetailItem eoFontSizeS\">\n<td>Dimensiuni &amp; Detalii<\/td>\n<td><span id=\"InfoSizeLabel1544332\" class=\"sizeInfoRows\">XL<\/span><\/td>\n<\/tr>\n<tr class=\"eoDetailItem eoFontSizeS\">\n<td>Lungime lentil\u0103 (mm)<\/td>\n<td><span id=\"InfoLensSize1544332\" class=\"sizeInfoRows\">59<\/span><\/td>\n<\/tr>\n<tr class=\"eoDetailItem eoFontSizeS\">\n<td>Punte nazal\u0103 (mm)<\/td>\n<td><span id=\"InfoBridgeSize1544332\" class=\"sizeInfoRows\">17<\/span><\/td>\n<\/tr>\n<tr class=\"eoDetailItem eoFontSizeS\">\n<td>Lungimea tijei<\/td>\n<td><span id=\"InfoTempleSize1544332\" class=\"sizeInfoRows\">145<\/span><\/td>\n<\/tr>\n<tr class=\"eoDetailItem eoFontSizeS\">\n<td class=\"eoDetailFeatureName\">Genul<\/td>\n<td class=\"eoDetailFeature\">B\u0103rba\u0163i<\/td>\n<\/tr>\n<tr class=\"eoDetailItem eoFontSizeS\">\n<td class=\"eoDetailFeatureName\">Tipul ramei<\/td>\n<td class=\"eoDetailFeature\"><a href=\"https:\/\/www.optieyes.ro\/?s=Rama+completa&amp;post_type=product\">Ram\u0103 complet\u0103<\/a><\/td>\n<\/tr>\n<tr class=\"eoDetailItem eoFontSizeS\">\n<td class=\"eoDetailFeatureName\">Form\u0103 rame<\/td>\n<td class=\"eoDetailFeature\"><a href=\"https:\/\/www.optieyes.ro\/?s=rectangle&amp;post_type=product\">Rectangle<\/a><\/td>\n<\/tr>\n<tr class=\"eoDetailItem eoFontSizeS\">\n<td class=\"eoDetailFeatureName\">Material rame<\/td>\n<td class=\"eoDetailFeature\"><a href=\"https:\/\/www.optieyes.ro\/?s=metal&amp;post_type=product\">Metal<\/a><\/td>\n<\/tr>\n<tr class=\"eoDetailItem eoFontSizeS\">\n<td class=\"eoDetailFeatureName\">Culoarea lentilei<\/td>\n<td class=\"eoDetailFeature\"><\/td>\n<\/tr>\n<tr class=\"eoDetailItem eoFontSizeS\">\n<td class=\"eoDetailFeatureName\">EAN<\/td>\n<td class=\"eoDetailFeature\">716736710860<\/td>\n<\/tr>\n<\/tbody>\n<\/table>\n<div><\/div>\n<div class=\"eoFontsizeXL eoTextBold\"><span style=\"font-size: 115%;\"><strong>\u200cPLD 4120\/G\/S\/X\/KJ1\/SP Ochelari de soare<\/strong><\/span><\/div>\n<p>Ace\u015fti ochelari de soare sunt accesoriul perfect pentru orele de relaxare la plaj\u0103, \u00een drumul c\u0103tre birou sau plimb\u0103rile cu prietenii prin ora\u015f. Exist\u0103 \u00eens\u0103 \u015fi un dezavantaj: cu siguran\u0163\u0103 vei atrage pe ici-colo \u015fi c\u00e2teva priviri invidioase. Modelul PLD 4120\/G\/S\/X este lansat de cur\u00e2nd pe pia\u0163\u0103 \u00een 2022, a\u015fa \u00eenc\u00e2t cu siguran\u0163\u0103 vei fi la ultimul r\u0103cnet cu ace\u015fti ochelari. Sunt frumo\u015fi, dar totu\u015fi o alt\u0103 culoare ar fi mai potrivit\u0103 pentru hainele tale preferate? Atunci verific\u0103 \u015fi celelalte variante ale modelului PLD 4120\/G\/S\/X din sortimentul nostru de la\u00a0<a href=\"https:\/\/www.optieyes.ro\/?s=polaroid&amp;post_type=product\"><b>Polaroid<\/b><\/a>, din 2021 \u015fi 2022.<\/p>\n","protected":false},"excerpt":{"rendered":"<div class=\"eoFontsizeXL eoTextBold\"><span style=\"font-size: 120%;\"><strong>PLD 4120\/G\/S\/X Informa\u021bii modele<\/strong><\/span><\/div>\n<div class=\"eoEmptyBorderBox\"><\/div>\n<table class=\"eoDetailPropertyListTable\" width=\"95%\">\n<tbody>\n<tr class=\"eoDetailItem eoFontSizeS\">\n<td>Dimensiuni &amp; Detalii<\/td>\n<td><span id=\"InfoSizeLabel1544332\" class=\"sizeInfoRows\">XL<\/span><\/td>\n<\/tr>\n<tr class=\"eoDetailItem eoFontSizeS\">\n<td>Lungime lentil\u0103 (mm)<\/td>\n<td><span id=\"InfoLensSize1544332\" class=\"sizeInfoRows\">59<\/span><\/td>\n<\/tr>\n<tr class=\"eoDetailItem eoFontSizeS\">\n<td>Punte nazal\u0103 (mm)<\/td>\n<td><span id=\"InfoBridgeSize1544332\" class=\"sizeInfoRows\">17<\/span><\/td>\n<\/tr>\n<tr class=\"eoDetailItem eoFontSizeS\">\n<td>Lungimea tijei<\/td>\n<td><span id=\"InfoTempleSize1544332\" class=\"sizeInfoRows\">145<\/span><\/td>\n<\/tr>\n<tr class=\"eoDetailItem eoFontSizeS\">\n<td class=\"eoDetailFeatureName\">Genul<\/td>\n<td class=\"eoDetailFeature\">B\u0103rba\u0163i<\/td>\n<\/tr>\n<tr class=\"eoDetailItem eoFontSizeS\">\n<td class=\"eoDetailFeatureName\">Tipul ramei<\/td>\n<td class=\"eoDetailFeature\"><a href=\"https:\/\/www.optieyes.ro\/?s=Rama+completa&amp;post_type=product\">Ram\u0103 complet\u0103<\/a><\/td>\n<\/tr>\n<tr class=\"eoDetailItem eoFontSizeS\">\n<td class=\"eoDetailFeatureName\">Form\u0103 rame<\/td>\n<td class=\"eoDetailFeature\"><a href=\"https:\/\/www.optieyes.ro\/?s=rectangle&amp;post_type=product\">Rectangle<\/a><\/td>\n<\/tr>\n<tr class=\"eoDetailItem eoFontSizeS\">\n<td class=\"eoDetailFeatureName\">Material rame<\/td>\n<td class=\"eoDetailFeature\"><a href=\"https:\/\/www.optieyes.ro\/?s=metal&amp;post_type=product\">Metal<\/a><\/td>\n<\/tr>\n<tr class=\"eoDetailItem eoFontSizeS\">\n<td class=\"eoDetailFeatureName\">Culoarea lentilei<\/td>\n<td class=\"eoDetailFeature\"><\/td>\n<\/tr>\n<tr class=\"eoDetailItem eoFontSizeS\">\n<td class=\"eoDetailFeatureName\">EAN<\/td>\n<td class=\"eoDetailFeature\">716736710860<\/td>\n<\/tr>\n<\/tbody>\n<\/table>\n<div><\/div>\n<div class=\"eoFontsizeXL eoTextBold\"><span style=\"font-size: 115%;\"><strong>\u200cPLD 4120\/G\/S\/X\/KJ1\/SP Ochelari de soare<\/strong><\/span><\/div>\n<p>Ace\u015fti ochelari de soare sunt accesoriul perfect pentru orele de relaxare la plaj\u0103, \u00een drumul c\u0103tre birou sau plimb\u0103rile cu prietenii prin ora\u015f. Exist\u0103 \u00eens\u0103 \u015fi un dezavantaj: cu siguran\u0163\u0103 vei atrage pe ici-colo \u015fi c\u00e2teva priviri invidioase. Modelul PLD 4120\/G\/S\/X este lansat de cur\u00e2nd pe pia\u0163\u0103 \u00een 2022, a\u015fa \u00eenc\u00e2t cu siguran\u0163\u0103 vei fi la ultimul r\u0103cnet cu ace\u015fti ochelari. Sunt frumo\u015fi, dar totu\u015fi o alt\u0103 culoare ar fi mai potrivit\u0103 pentru hainele tale preferate? Atunci verific\u0103 \u015fi celelalte variante ale modelului PLD 4120\/G\/S\/X din sortimentul nostru de la\u00a0<a href=\"https:\/\/www.optieyes.ro\/?s=polaroid&amp;post_type=product\"><b>Polaroid<\/b><\/a>, din 2021 \u015fi 2022.<\/p>\n","protected":false},"featured_media":12641,"comment_status":"closed","ping_status":"open","template":"","meta":[],"yoast_head":"<!-- This site is optimized with the Yoast SEO plugin v15.5 - https:\/\/yoast.com\/wordpress\/plugins\/seo\/ -->\n<title>Ochelari de soare Polaroid PLD 4120\/G\/S\/X KJ1\/SP - Sun glasses, Contact Lenses, Eye glasses, Eyeglass Frames | VisionEyes<\/title>\n<meta name=\"robots\" content=\"index, follow, max-snippet:-1, max-image-preview:large, max-video-preview:-1\" \/>\n<link rel=\"canonical\" href=\"https:\/\/www.visioneyes.ro\/shop-online\/ochelari-de-soare-polaroid-pld-4120-g-s-x-kj1-sp\/\" \/>\n<meta property=\"og:locale\" content=\"en_US\" \/>\n<meta property=\"og:type\" content=\"article\" \/>\n<meta property=\"og:title\" content=\"Ochelari de soare Polaroid PLD 4120\/G\/S\/X KJ1\/SP - Sun glasses, Contact Lenses, Eye glasses, Eyeglass Frames | VisionEyes\" \/>\n<meta property=\"og:description\" content=\"PLD 4120\/G\/S\/X Informa\u021bii modele   Dimensiuni &amp; Detalii XL  Lungime lentil\u0103 (mm) 59  Punte nazal\u0103 (mm) 17  Lungimea tijei 145  Genul B\u0103rba\u0163i  Tipul ramei Ram\u0103 complet\u0103  Form\u0103 rame Rectangle  Material rame Metal  Culoarea lentilei  EAN 716736710860   \u200cPLD 4120\/G\/S\/X\/KJ1\/SP Ochelari de soare Ace\u015fti ochelari de soare sunt accesoriul perfect pentru orele de relaxare la plaj\u0103, \u00een drumul c\u0103tre birou sau plimb\u0103rile cu prietenii prin ora\u015f. Exist\u0103 \u00eens\u0103 \u015fi un dezavantaj: cu siguran\u0163\u0103 vei atrage pe ici-colo \u015fi c\u00e2teva priviri invidioase. Modelul PLD 4120\/G\/S\/X este lansat de cur\u00e2nd pe pia\u0163\u0103 \u00een 2022, a\u015fa \u00eenc\u00e2t cu siguran\u0163\u0103 vei fi la ultimul r\u0103cnet cu ace\u015fti ochelari. Sunt frumo\u015fi, dar totu\u015fi o alt\u0103 culoare ar fi mai potrivit\u0103 pentru hainele tale preferate? Atunci verific\u0103 \u015fi celelalte variante ale modelului PLD 4120\/G\/S\/X din sortimentul nostru de la\u00a0Polaroid, din 2021 \u015fi 2022.\" \/>\n<meta property=\"og:url\" content=\"https:\/\/www.visioneyes.ro\/shop-online\/ochelari-de-soare-polaroid-pld-4120-g-s-x-kj1-sp\/\" \/>\n<meta property=\"og:site_name\" content=\"Sun glasses, Contact Lenses, Eye glasses, Eyeglass Frames | VisionEyes\" \/>\n<meta property=\"article:modified_time\" content=\"2022-06-02T11:11:59+00:00\" \/>\n<meta property=\"og:image\" content=\"https:\/\/www.visioneyes.ro\/wp-content\/uploads\/Polaroid-PLD-4120-G-S-X-KJ1-SP.jpg\" \/>\n\t<meta property=\"og:image:width\" content=\"1024\" \/>\n\t<meta property=\"og:image:height\" content=\"533\" \/>\n<meta name=\"twitter:card\" content=\"summary_large_image\" \/>\n<meta name=\"twitter:label1\" content=\"Est. reading time\">\n\t<meta name=\"twitter:data1\" content=\"1 minute\">\n<script type=\"application\/ld+json\" class=\"yoast-schema-graph\">{\"@context\":\"https:\/\/schema.org\",\"@graph\":[{\"@type\":\"WebSite\",\"@id\":\"https:\/\/www.visioneyes.ro\/#website\",\"url\":\"https:\/\/www.visioneyes.ro\/\",\"name\":\"Sun glasses, Contact Lenses, Eye glasses, Eyeglass Frames | VisionEyes\",\"description\":\"\",\"potentialAction\":[{\"@type\":\"SearchAction\",\"target\":\"https:\/\/www.visioneyes.ro\/?s={search_term_string}\",\"query-input\":\"required name=search_term_string\"}],\"inLanguage\":\"en-US\"},{\"@type\":\"ImageObject\",\"@id\":\"https:\/\/www.visioneyes.ro\/shop-online\/ochelari-de-soare-polaroid-pld-4120-g-s-x-kj1-sp\/#primaryimage\",\"inLanguage\":\"en-US\",\"url\":\"https:\/\/www.visioneyes.ro\/wp-content\/uploads\/Polaroid-PLD-4120-G-S-X-KJ1-SP.jpg\",\"width\":1024,\"height\":533},{\"@type\":\"WebPage\",\"@id\":\"https:\/\/www.visioneyes.ro\/shop-online\/ochelari-de-soare-polaroid-pld-4120-g-s-x-kj1-sp\/#webpage\",\"url\":\"https:\/\/www.visioneyes.ro\/shop-online\/ochelari-de-soare-polaroid-pld-4120-g-s-x-kj1-sp\/\",\"name\":\"Ochelari de soare Polaroid PLD 4120\/G\/S\/X KJ1\/SP - Sun glasses, Contact Lenses, Eye glasses, Eyeglass Frames | VisionEyes\",\"isPartOf\":{\"@id\":\"https:\/\/www.visioneyes.ro\/#website\"},\"primaryImageOfPage\":{\"@id\":\"https:\/\/www.visioneyes.ro\/shop-online\/ochelari-de-soare-polaroid-pld-4120-g-s-x-kj1-sp\/#primaryimage\"},\"datePublished\":\"2022-06-02T11:11:57+00:00\",\"dateModified\":\"2022-06-02T11:11:59+00:00\",\"inLanguage\":\"en-US\",\"potentialAction\":[{\"@type\":\"ReadAction\",\"target\":[\"https:\/\/www.visioneyes.ro\/shop-online\/ochelari-de-soare-polaroid-pld-4120-g-s-x-kj1-sp\/\"]}]}]}<\/script>\n<!-- \/ Yoast SEO plugin. -->","_links":{"self":[{"href":"https:\/\/www.visioneyes.ro\/en\/wp-json\/wp\/v2\/product\/12640"}],"collection":[{"href":"https:\/\/www.visioneyes.ro\/en\/wp-json\/wp\/v2\/product"}],"about":[{"href":"https:\/\/www.visioneyes.ro\/en\/wp-json\/wp\/v2\/types\/product"}],"replies":[{"embeddable":true,"href":"https:\/\/www.visioneyes.ro\/en\/wp-json\/wp\/v2\/comments?post=12640"}],"wp:featuredmedia":[{"embeddable":true,"href":"https:\/\/www.visioneyes.ro\/en\/wp-json\/wp\/v2\/media\/12641"}],"wp:attachment":[{"href":"https:\/\/www.visioneyes.ro\/en\/wp-json\/wp\/v2\/media?parent=12640"}],"curies":[{"name":"wp","href":"https:\/\/api.w.org\/{rel}","templated":true}]}}