{"id":12679,"date":"2022-06-02T13:28:03","date_gmt":"2022-06-02T11:28:03","guid":{"rendered":"https:\/\/www.visioneyes.ro\/shop-online\/ochelari-de-soare-dolce-gabbana-dg-2275-02-13\/"},"modified":"2022-06-02T13:28:03","modified_gmt":"2022-06-02T11:28:03","slug":"ochelari-de-soare-dolce-gabbana-dg-2275-02-13","status":"publish","type":"product","link":"https:\/\/www.visioneyes.ro\/en\/shop-online\/ochelari-de-soare-dolce-gabbana-dg-2275-02-13\/","title":{"rendered":"Ochelari de soare Dolce &#038; Gabbana DG 2275 02\/13"},"content":{"rendered":"<div class=\"eoFontsizeXL eoTextBold\"><span style=\"font-size: 120%;\"><strong>DG 2275 Informa\u021bii modele<\/strong><\/span><\/div>\n<div><\/div>\n<table class=\"eoDetailPropertyListTable\" width=\"95%\">\n<tbody>\n<tr class=\"eoDetailItem eoFontSizeS\">\n<td>Dimensiuni &amp; Detalii<\/td>\n<td><span id=\"InfoSizeLabel1294321\" class=\"sizeInfoRows\">M<\/span><\/td>\n<\/tr>\n<tr class=\"eoDetailItem eoFontSizeS\">\n<td>Lungime lentil\u0103 (mm)<\/td>\n<td><span id=\"InfoLensSize1294321\" class=\"sizeInfoRows\">56<\/span><\/td>\n<\/tr>\n<tr class=\"eoDetailItem eoFontSizeS\">\n<td>Punte nazal\u0103 (mm)<\/td>\n<td><span id=\"InfoBridgeSize1294321\" class=\"sizeInfoRows\">16<\/span><\/td>\n<\/tr>\n<tr class=\"eoDetailItem eoFontSizeS\">\n<td>Lungimea tijei<\/td>\n<td><span id=\"InfoTempleSize1294321\" class=\"sizeInfoRows\">140<\/span><\/td>\n<\/tr>\n<tr class=\"eoDetailItem eoFontSizeS\">\n<td class=\"eoDetailFeatureName\">Genul<\/td>\n<td class=\"eoDetailFeature\">Femei<\/td>\n<\/tr>\n<tr class=\"eoDetailItem eoFontSizeS\">\n<td class=\"eoDetailFeatureName\">Tipul ramei<\/td>\n<td class=\"eoDetailFeature\"><a href=\"https:\/\/www.optieyes.ro\/?s=rama+completa&amp;post_type=product\">Ram\u0103 complet\u0103<\/a><\/td>\n<\/tr>\n<tr class=\"eoDetailItem eoFontSizeS\">\n<td class=\"eoDetailFeatureName\">Form\u0103 rame<\/td>\n<td class=\"eoDetailFeature\"><a href=\"https:\/\/www.optieyes.ro\/?s=cat-eye&amp;post_type=product\">Cat-Eye<\/a><\/td>\n<\/tr>\n<tr class=\"eoDetailItem eoFontSizeS\">\n<td class=\"eoDetailFeatureName\">Material rame<\/td>\n<td class=\"eoDetailFeature\"><a href=\"https:\/\/www.optieyes.ro\/?s=metal&amp;post_type=product\">Metal<\/a><\/td>\n<\/tr>\n<tr class=\"eoDetailItem eoFontSizeS\">\n<td class=\"eoDetailFeatureName\">Culoare rame<\/td>\n<td class=\"eoDetailFeature\">Gold<\/td>\n<\/tr>\n<tr class=\"eoDetailItem eoFontSizeS\">\n<td class=\"eoDetailFeatureName\">Culoarea lentilei<\/td>\n<td class=\"eoDetailFeature\">Gradient Brown<\/td>\n<\/tr>\n<tr class=\"eoDetailItem eoFontSizeS\">\n<td class=\"eoDetailFeatureName\">EAN<\/td>\n<td class=\"eoDetailFeature\">8056597413213<\/td>\n<\/tr>\n<\/tbody>\n<\/table>\n<div class=\"eoFontsizeXL eoTextBold\"><span style=\"font-size: 115%;\"><strong>\u200c<\/strong><\/span><\/div>\n<div class=\"eoFontsizeXL eoTextBold\"><span style=\"font-size: 115%;\"><strong>DG2275\/02\/13 Ochelari de soare<\/strong><\/span><\/div>\n<p>Prin intermediul acestor ochelari de soare po\u0163i s\u0103-\u0163i completezi look-ul cu un accesoriu calitativ, plin de originalitate. Te vei reg\u0103si mai aproape de staruri dec\u00e2t ai crede \u015fi vei reu\u015fi s\u0103 treze\u015fti uimirea \u00een orice situa\u0163ie. Modelul DG2275 este lansat de cur\u00e2nd pe pia\u0163\u0103 \u00een 2021, a\u015fa \u00eenc\u00e2t cu siguran\u0163\u0103 vei fi la ultimul r\u0103cnet cu ace\u015fti ochelari. Modelul de ochelari DG2275 este disponibil \u00een shop-ul online OptiEyes \u015fi \u00een alte variante \u015fic de la <a href=\"https:\/\/www.optieyes.ro\/?s=dolce+gabbana&amp;post_type=product\"><b>Dolce &amp; Gabbana<\/b><\/a>, din colec\u0163iile 2020 \u015fi 2021.<\/p>\n<p>Liniile pline de expresivitate confer\u0103 notei clasice a acestui model un caracter inconfundabil, ceea ce face din aceast\u0103 pereche de ochelari un must-have inevitabil pentru orice\u00a0<a href=\"https:\/\/www.optieyes.ro\/?s=femeie&amp;post_type=product\"><b>femeie<\/b><\/a>\u00a0care se respect\u0103. Ochelarii cu rame\u00a0<b>complete<\/b>\u00a0au lentilele total \u00eencadrate de rame. Cei care sunt purt\u0103tori \u00eenr\u0103i\u0163i de ochelari, \u00ee\u015fi pot \u00eenchipui cu greu, doar \u00een situa\u0163i critice, un alt tip de ochelari dec\u00e2t acesta. Ramele tip\u00a0<a href=\"https:\/\/www.optieyes.ro\/?s=cat-eye&amp;post_type=product\"><b>Cat-Eye<\/b><\/a>\u00a0pun un accent deosebit pe fa\u0163a purt\u0103torilor. Datorit\u0103 col\u0163urilor exterioare, \u015fic alungite, aceast\u0103 form\u0103 se potrive\u015fte de minune fe\u0163elor cu linii drepte, dure. Ochelarii cu nuan\u0163e\u00a0<b>aurii<\/b>\u00a0par \u00eentotdeauna extrem de nobili \u015fi au o greutate \u00eensemnat\u0103 \u00een moda actual\u0103.<\/p>\n","protected":false},"excerpt":{"rendered":"<div class=\"eoFontsizeXL eoTextBold\"><span style=\"font-size: 120%;\"><strong>DG 2275 Informa\u021bii modele<\/strong><\/span><\/div>\n<div><\/div>\n<table class=\"eoDetailPropertyListTable\" width=\"95%\">\n<tbody>\n<tr class=\"eoDetailItem eoFontSizeS\">\n<td>Dimensiuni &amp; Detalii<\/td>\n<td><span id=\"InfoSizeLabel1294321\" class=\"sizeInfoRows\">M<\/span><\/td>\n<\/tr>\n<tr class=\"eoDetailItem eoFontSizeS\">\n<td>Lungime lentil\u0103 (mm)<\/td>\n<td><span id=\"InfoLensSize1294321\" class=\"sizeInfoRows\">56<\/span><\/td>\n<\/tr>\n<tr class=\"eoDetailItem eoFontSizeS\">\n<td>Punte nazal\u0103 (mm)<\/td>\n<td><span id=\"InfoBridgeSize1294321\" class=\"sizeInfoRows\">16<\/span><\/td>\n<\/tr>\n<tr class=\"eoDetailItem eoFontSizeS\">\n<td>Lungimea tijei<\/td>\n<td><span id=\"InfoTempleSize1294321\" class=\"sizeInfoRows\">140<\/span><\/td>\n<\/tr>\n<tr class=\"eoDetailItem eoFontSizeS\">\n<td class=\"eoDetailFeatureName\">Genul<\/td>\n<td class=\"eoDetailFeature\">Femei<\/td>\n<\/tr>\n<tr class=\"eoDetailItem eoFontSizeS\">\n<td class=\"eoDetailFeatureName\">Tipul ramei<\/td>\n<td class=\"eoDetailFeature\"><a href=\"https:\/\/www.optieyes.ro\/?s=rama+completa&amp;post_type=product\">Ram\u0103 complet\u0103<\/a><\/td>\n<\/tr>\n<tr class=\"eoDetailItem eoFontSizeS\">\n<td class=\"eoDetailFeatureName\">Form\u0103 rame<\/td>\n<td class=\"eoDetailFeature\"><a href=\"https:\/\/www.optieyes.ro\/?s=cat-eye&amp;post_type=product\">Cat-Eye<\/a><\/td>\n<\/tr>\n<tr class=\"eoDetailItem eoFontSizeS\">\n<td class=\"eoDetailFeatureName\">Material rame<\/td>\n<td class=\"eoDetailFeature\"><a href=\"https:\/\/www.optieyes.ro\/?s=metal&amp;post_type=product\">Metal<\/a><\/td>\n<\/tr>\n<tr class=\"eoDetailItem eoFontSizeS\">\n<td class=\"eoDetailFeatureName\">Culoare rame<\/td>\n<td class=\"eoDetailFeature\">Gold<\/td>\n<\/tr>\n<tr class=\"eoDetailItem eoFontSizeS\">\n<td class=\"eoDetailFeatureName\">Culoarea lentilei<\/td>\n<td class=\"eoDetailFeature\">Gradient Brown<\/td>\n<\/tr>\n<tr class=\"eoDetailItem eoFontSizeS\">\n<td class=\"eoDetailFeatureName\">EAN<\/td>\n<td class=\"eoDetailFeature\">8056597413213<\/td>\n<\/tr>\n<\/tbody>\n<\/table>\n<div class=\"eoFontsizeXL eoTextBold\"><span style=\"font-size: 115%;\"><strong>\u200c<\/strong><\/span><\/div>\n<div class=\"eoFontsizeXL eoTextBold\"><span style=\"font-size: 115%;\"><strong>DG2275\/02\/13 Ochelari de soare<\/strong><\/span><\/div>\n<p>Prin intermediul acestor ochelari de soare po\u0163i s\u0103-\u0163i completezi look-ul cu un accesoriu calitativ, plin de originalitate. Te vei reg\u0103si mai aproape de staruri dec\u00e2t ai crede \u015fi vei reu\u015fi s\u0103 treze\u015fti uimirea \u00een orice situa\u0163ie. Modelul DG2275 este lansat de cur\u00e2nd pe pia\u0163\u0103 \u00een 2021, a\u015fa \u00eenc\u00e2t cu siguran\u0163\u0103 vei fi la ultimul r\u0103cnet cu ace\u015fti ochelari. Modelul de ochelari DG2275 este disponibil \u00een shop-ul online OptiEyes \u015fi \u00een alte variante \u015fic de la <a href=\"https:\/\/www.optieyes.ro\/?s=dolce+gabbana&amp;post_type=product\"><b>Dolce &amp; Gabbana<\/b><\/a>, din colec\u0163iile 2020 \u015fi 2021.<\/p>\n<p>Liniile pline de expresivitate confer\u0103 notei clasice a acestui model un caracter inconfundabil, ceea ce face din aceast\u0103 pereche de ochelari un must-have inevitabil pentru orice\u00a0<a href=\"https:\/\/www.optieyes.ro\/?s=femeie&amp;post_type=product\"><b>femeie<\/b><\/a>\u00a0care se respect\u0103. Ochelarii cu rame\u00a0<b>complete<\/b>\u00a0au lentilele total \u00eencadrate de rame. Cei care sunt purt\u0103tori \u00eenr\u0103i\u0163i de ochelari, \u00ee\u015fi pot \u00eenchipui cu greu, doar \u00een situa\u0163i critice, un alt tip de ochelari dec\u00e2t acesta. Ramele tip\u00a0<a href=\"https:\/\/www.optieyes.ro\/?s=cat-eye&amp;post_type=product\"><b>Cat-Eye<\/b><\/a>\u00a0pun un accent deosebit pe fa\u0163a purt\u0103torilor. Datorit\u0103 col\u0163urilor exterioare, \u015fic alungite, aceast\u0103 form\u0103 se potrive\u015fte de minune fe\u0163elor cu linii drepte, dure. Ochelarii cu nuan\u0163e\u00a0<b>aurii<\/b>\u00a0par \u00eentotdeauna extrem de nobili \u015fi au o greutate \u00eensemnat\u0103 \u00een moda actual\u0103.<\/p>\n","protected":false},"featured_media":12680,"comment_status":"closed","ping_status":"open","template":"","meta":[],"yoast_head":"<!-- This site is optimized with the Yoast SEO plugin v15.5 - https:\/\/yoast.com\/wordpress\/plugins\/seo\/ -->\n<title>Ochelari de soare Dolce &amp; Gabbana DG 2275 02\/13 - Sun glasses, Contact Lenses, Eye glasses, Eyeglass Frames | VisionEyes<\/title>\n<meta name=\"robots\" content=\"index, follow, max-snippet:-1, max-image-preview:large, max-video-preview:-1\" \/>\n<link rel=\"canonical\" href=\"https:\/\/www.visioneyes.ro\/shop-online\/ochelari-de-soare-dolce-gabbana-dg-2275-02-13\/\" \/>\n<meta property=\"og:locale\" content=\"en_US\" \/>\n<meta property=\"og:type\" content=\"article\" \/>\n<meta property=\"og:title\" content=\"Ochelari de soare Dolce &amp; Gabbana DG 2275 02\/13 - Sun glasses, Contact Lenses, Eye glasses, Eyeglass Frames | VisionEyes\" \/>\n<meta property=\"og:description\" content=\"DG 2275 Informa\u021bii modele   Dimensiuni &amp; Detalii M  Lungime lentil\u0103 (mm) 56  Punte nazal\u0103 (mm) 16  Lungimea tijei 140  Genul Femei  Tipul ramei Ram\u0103 complet\u0103  Form\u0103 rame Cat-Eye  Material rame Metal  Culoare rame Gold  Culoarea lentilei Gradient Brown  EAN 8056597413213  \u200c DG2275\/02\/13 Ochelari de soare Prin intermediul acestor ochelari de soare po\u0163i s\u0103-\u0163i completezi look-ul cu un accesoriu calitativ, plin de originalitate. Te vei reg\u0103si mai aproape de staruri dec\u00e2t ai crede \u015fi vei reu\u015fi s\u0103 treze\u015fti uimirea \u00een orice situa\u0163ie. Modelul DG2275 este lansat de cur\u00e2nd pe pia\u0163\u0103 \u00een 2021, a\u015fa \u00eenc\u00e2t cu siguran\u0163\u0103 vei fi la ultimul r\u0103cnet cu ace\u015fti ochelari. Modelul de ochelari DG2275 este disponibil \u00een shop-ul online OptiEyes \u015fi \u00een alte variante \u015fic de la Dolce &amp; Gabbana, din colec\u0163iile 2020 \u015fi 2021. Liniile pline de expresivitate confer\u0103 notei clasice a acestui model un caracter inconfundabil, ceea ce face din aceast\u0103 pereche de ochelari un must-have inevitabil pentru orice\u00a0femeie\u00a0care se respect\u0103. Ochelarii cu rame\u00a0complete\u00a0au lentilele total \u00eencadrate de rame. Cei care sunt purt\u0103tori \u00eenr\u0103i\u0163i de ochelari, \u00ee\u015fi pot \u00eenchipui cu greu, doar \u00een situa\u0163i critice, un alt tip de ochelari dec\u00e2t acesta. Ramele tip\u00a0Cat-Eye\u00a0pun un accent deosebit pe fa\u0163a purt\u0103torilor. Datorit\u0103 col\u0163urilor exterioare, \u015fic alungite, aceast\u0103 form\u0103 se potrive\u015fte de minune fe\u0163elor cu linii drepte, dure. Ochelarii cu nuan\u0163e\u00a0aurii\u00a0par \u00eentotdeauna extrem de nobili \u015fi au o greutate \u00eensemnat\u0103 \u00een moda actual\u0103.\" \/>\n<meta property=\"og:url\" content=\"https:\/\/www.visioneyes.ro\/shop-online\/ochelari-de-soare-dolce-gabbana-dg-2275-02-13\/\" \/>\n<meta property=\"og:site_name\" content=\"Sun glasses, Contact Lenses, Eye glasses, Eyeglass Frames | VisionEyes\" \/>\n<meta property=\"og:image\" content=\"https:\/\/www.visioneyes.ro\/wp-content\/uploads\/Dolce-and-Gabbana-DG2275-02-13.jpg\" \/>\n\t<meta property=\"og:image:width\" content=\"1024\" \/>\n\t<meta property=\"og:image:height\" content=\"533\" \/>\n<meta name=\"twitter:card\" content=\"summary_large_image\" \/>\n<meta name=\"twitter:label1\" content=\"Est. reading time\">\n\t<meta name=\"twitter:data1\" content=\"1 minute\">\n<script type=\"application\/ld+json\" class=\"yoast-schema-graph\">{\"@context\":\"https:\/\/schema.org\",\"@graph\":[{\"@type\":\"WebSite\",\"@id\":\"https:\/\/www.visioneyes.ro\/#website\",\"url\":\"https:\/\/www.visioneyes.ro\/\",\"name\":\"Sun glasses, Contact Lenses, Eye glasses, Eyeglass Frames | VisionEyes\",\"description\":\"\",\"potentialAction\":[{\"@type\":\"SearchAction\",\"target\":\"https:\/\/www.visioneyes.ro\/?s={search_term_string}\",\"query-input\":\"required name=search_term_string\"}],\"inLanguage\":\"en-US\"},{\"@type\":\"ImageObject\",\"@id\":\"https:\/\/www.visioneyes.ro\/shop-online\/ochelari-de-soare-dolce-gabbana-dg-2275-02-13\/#primaryimage\",\"inLanguage\":\"en-US\",\"url\":\"https:\/\/www.visioneyes.ro\/wp-content\/uploads\/Dolce-and-Gabbana-DG2275-02-13.jpg\",\"width\":1024,\"height\":533},{\"@type\":\"WebPage\",\"@id\":\"https:\/\/www.visioneyes.ro\/shop-online\/ochelari-de-soare-dolce-gabbana-dg-2275-02-13\/#webpage\",\"url\":\"https:\/\/www.visioneyes.ro\/shop-online\/ochelari-de-soare-dolce-gabbana-dg-2275-02-13\/\",\"name\":\"Ochelari de soare Dolce & Gabbana DG 2275 02\/13 - Sun glasses, Contact Lenses, Eye glasses, Eyeglass Frames | VisionEyes\",\"isPartOf\":{\"@id\":\"https:\/\/www.visioneyes.ro\/#website\"},\"primaryImageOfPage\":{\"@id\":\"https:\/\/www.visioneyes.ro\/shop-online\/ochelari-de-soare-dolce-gabbana-dg-2275-02-13\/#primaryimage\"},\"datePublished\":\"2022-06-02T11:28:03+00:00\",\"dateModified\":\"2022-06-02T11:28:03+00:00\",\"inLanguage\":\"en-US\",\"potentialAction\":[{\"@type\":\"ReadAction\",\"target\":[\"https:\/\/www.visioneyes.ro\/shop-online\/ochelari-de-soare-dolce-gabbana-dg-2275-02-13\/\"]}]}]}<\/script>\n<!-- \/ Yoast SEO plugin. -->","_links":{"self":[{"href":"https:\/\/www.visioneyes.ro\/en\/wp-json\/wp\/v2\/product\/12679"}],"collection":[{"href":"https:\/\/www.visioneyes.ro\/en\/wp-json\/wp\/v2\/product"}],"about":[{"href":"https:\/\/www.visioneyes.ro\/en\/wp-json\/wp\/v2\/types\/product"}],"replies":[{"embeddable":true,"href":"https:\/\/www.visioneyes.ro\/en\/wp-json\/wp\/v2\/comments?post=12679"}],"wp:featuredmedia":[{"embeddable":true,"href":"https:\/\/www.visioneyes.ro\/en\/wp-json\/wp\/v2\/media\/12680"}],"wp:attachment":[{"href":"https:\/\/www.visioneyes.ro\/en\/wp-json\/wp\/v2\/media?parent=12679"}],"curies":[{"name":"wp","href":"https:\/\/api.w.org\/{rel}","templated":true}]}}