{"id":12752,"date":"2022-06-02T13:51:44","date_gmt":"2022-06-02T11:51:44","guid":{"rendered":"https:\/\/www.visioneyes.ro\/shop-online\/ochelari-de-soare-dolce-gabbana-dg4389-30906g\/"},"modified":"2022-06-02T13:52:14","modified_gmt":"2022-06-02T11:52:14","slug":"ochelari-de-soare-dolce-gabbana-dg4389-30906g","status":"publish","type":"product","link":"https:\/\/www.visioneyes.ro\/en\/shop-online\/ochelari-de-soare-dolce-gabbana-dg4389-30906g\/","title":{"rendered":"Ochelari de soare Dolce &#038; Gabbana DG4389 30906G"},"content":{"rendered":"<div class=\"eoFontsizeXL eoTextBold\"><span style=\"font-size: 120%;\"><strong>DG 4389 Informa\u021bii modele<\/strong><\/span><\/div>\n<div><\/div>\n<table class=\"eoDetailPropertyListTable\" width=\"95%\">\n<tbody>\n<tr class=\"eoDetailItem eoFontSizeS\">\n<td>Dimensiuni &amp; Detalii<\/td>\n<td><span id=\"InfoSizeLabel1448608\" class=\"sizeInfoRows\">XL<\/span><\/td>\n<\/tr>\n<tr class=\"eoDetailItem eoFontSizeS\">\n<td>Lungime lentil\u0103 (mm)<\/td>\n<td><span id=\"InfoLensSize1448608\" class=\"sizeInfoRows\">59<\/span><\/td>\n<\/tr>\n<tr class=\"eoDetailItem eoFontSizeS\">\n<td>Punte nazal\u0103 (mm)<\/td>\n<td><span id=\"InfoBridgeSize1448608\" class=\"sizeInfoRows\">16<\/span><\/td>\n<\/tr>\n<tr class=\"eoDetailItem eoFontSizeS\">\n<td>Lungimea tijei<\/td>\n<td><span id=\"InfoTempleSize1448608\" class=\"sizeInfoRows\">145<\/span><\/td>\n<\/tr>\n<tr class=\"eoDetailItem eoFontSizeS\">\n<td class=\"eoDetailFeatureName\">Genul<\/td>\n<td class=\"eoDetailFeature\">B\u0103rba\u0163i<\/td>\n<\/tr>\n<tr class=\"eoDetailItem eoFontSizeS\">\n<td class=\"eoDetailFeatureName\">Tipul ramei<\/td>\n<td class=\"eoDetailFeature\"><a href=\"https:\/\/www.optieyes.ro\/?s=rama+completa&amp;post_type=product\">Ram\u0103 complet\u0103<\/a><\/td>\n<\/tr>\n<tr class=\"eoDetailItem eoFontSizeS\">\n<td class=\"eoDetailFeatureName\">Form\u0103 rame<\/td>\n<td class=\"eoDetailFeature\"><a href=\"https:\/\/www.optieyes.ro\/?s=square&amp;post_type=product\">Square<\/a><\/td>\n<\/tr>\n<tr class=\"eoDetailItem eoFontSizeS\">\n<td class=\"eoDetailFeatureName\">Material rame<\/td>\n<td class=\"eoDetailFeature\"><a href=\"https:\/\/www.optieyes.ro\/?s=plastic&amp;post_type=product\">Plastic<\/a><\/td>\n<\/tr>\n<tr class=\"eoDetailItem eoFontSizeS\">\n<td class=\"eoDetailFeatureName\">Op\u021biuni lentile<\/td>\n<td class=\"eoDetailFeature\"><a href=\"https:\/\/www.optieyes.ro\/?s=cu+lentile+oglindite&amp;post_type=product\">Cu lentile oglindite<\/a><\/td>\n<\/tr>\n<tr class=\"eoDetailItem eoFontSizeS\">\n<td class=\"eoDetailFeatureName\">Culoare rame<\/td>\n<td class=\"eoDetailFeature\">Grey<\/td>\n<\/tr>\n<tr class=\"eoDetailItem eoFontSizeS\">\n<td class=\"eoDetailFeatureName\">Culoarea lentilei<\/td>\n<td class=\"eoDetailFeature\">Grey Mirror Black<\/td>\n<\/tr>\n<tr class=\"eoDetailItem eoFontSizeS\">\n<td class=\"eoDetailFeatureName\">EAN<\/td>\n<td class=\"eoDetailFeature\">8056597590822<\/td>\n<\/tr>\n<\/tbody>\n<\/table>\n<div><\/div>\n<div class=\"eoFontsizeXL eoTextBold\"><span style=\"font-size: 115%;\"><strong>\u200cDG4389\/30906G Ochelari de soare<\/strong><\/span><\/div>\n<p>Modelul DG4389 reprezint\u0103 o adev\u0103rat\u0103 sclipire de fashion, deoarece ace\u015fti ochelari de soare \u00ee\u0163i vor conferi o str\u0103lucire aparte, care va transforma noaptea \u00een zi f\u0103r\u0103 a fi nici m\u0103car o raz\u0103 de soare necesar\u0103. Cu acest nou model de la\u00a0<a href=\"https:\/\/www.optieyes.ro\/?s=dolce+%26+gabbana&amp;post_type=product\"><b>Dolce &amp; Gabbana<\/b><\/a> po\u0163i demonstra c\u0103 e\u015fti un \u201etrend-setter\u201c veritabil. Chiar \u015fi \u00een sezonul actual, acest brand reu\u015fe\u015fte s\u0103 se impun\u0103 prin colec\u0163ia sa, stabilind un trend deosebit pentru 2021. Modelul de ochelari DG4389 este disponibil \u00een shop-ul online OptiEyes \u015fi \u00een alte variante \u015fic de la Dolce &amp; Gabbana, din colec\u0163iile 2020 \u015fi 2021.<\/p>\n<p>Acest model de ochelari se adreseaz\u0103 \u00een mod special\u00a0<a href=\"https:\/\/www.optieyes.ro\/?s=barbati&amp;post_type=product\"><b>b\u0103rba\u0163ilor<\/b><\/a>\u00a0trendy! Design-ul simplu, cu linii clare, confer\u0103 o not\u0103 masculin\u0103 discret\u0103. Ochelarii cu rame\u00a0<b>complete<\/b>\u00a0au lentilele total \u00eencadrate de rame. Cei care sunt purt\u0103tori \u00eenr\u0103i\u0163i de ochelari, \u00ee\u015fi pot \u00eenchipui cu greu, doar \u00een situa\u0163i critice, un alt tip de ochelari dec\u00e2t acesta. Ramele cu\u00a0<a href=\"https:\/\/www.optieyes.ro\/?s=forma+patrata&amp;post_type=product\"><b>form\u0103 p\u0103trat\u0103<\/b><\/a>\u00a0au o form\u0103 clasic\u0103, care reprezint\u0103 un semn de recunoastere al personalit\u0103\u0163ilor caracterizate de onestitate.\u00a0<b>Plasticul<\/b>\u00a0este un material extrem de u\u015for \u015fi flexibil. Acest fapt confer\u0103 ramelor o durabilitate pe via\u0163\u0103 \u015fi un confort maxim la purtare. Ace\u015fti ochelari de marc\u0103 confer\u0103 desigur \u015fi o protec\u0163ia\u00a0<b>UV400<\/b>\u00a0optim\u0103 pentru ochii t\u0103i.<\/p>\n","protected":false},"excerpt":{"rendered":"<div class=\"eoFontsizeXL eoTextBold\"><span style=\"font-size: 120%;\"><strong>DG 4389 Informa\u021bii modele<\/strong><\/span><\/div>\n<div><\/div>\n<table class=\"eoDetailPropertyListTable\" width=\"95%\">\n<tbody>\n<tr class=\"eoDetailItem eoFontSizeS\">\n<td>Dimensiuni &amp; Detalii<\/td>\n<td><span id=\"InfoSizeLabel1448608\" class=\"sizeInfoRows\">XL<\/span><\/td>\n<\/tr>\n<tr class=\"eoDetailItem eoFontSizeS\">\n<td>Lungime lentil\u0103 (mm)<\/td>\n<td><span id=\"InfoLensSize1448608\" class=\"sizeInfoRows\">59<\/span><\/td>\n<\/tr>\n<tr class=\"eoDetailItem eoFontSizeS\">\n<td>Punte nazal\u0103 (mm)<\/td>\n<td><span id=\"InfoBridgeSize1448608\" class=\"sizeInfoRows\">16<\/span><\/td>\n<\/tr>\n<tr class=\"eoDetailItem eoFontSizeS\">\n<td>Lungimea tijei<\/td>\n<td><span id=\"InfoTempleSize1448608\" class=\"sizeInfoRows\">145<\/span><\/td>\n<\/tr>\n<tr class=\"eoDetailItem eoFontSizeS\">\n<td class=\"eoDetailFeatureName\">Genul<\/td>\n<td class=\"eoDetailFeature\">B\u0103rba\u0163i<\/td>\n<\/tr>\n<tr class=\"eoDetailItem eoFontSizeS\">\n<td class=\"eoDetailFeatureName\">Tipul ramei<\/td>\n<td class=\"eoDetailFeature\"><a href=\"https:\/\/www.optieyes.ro\/?s=rama+completa&amp;post_type=product\">Ram\u0103 complet\u0103<\/a><\/td>\n<\/tr>\n<tr class=\"eoDetailItem eoFontSizeS\">\n<td class=\"eoDetailFeatureName\">Form\u0103 rame<\/td>\n<td class=\"eoDetailFeature\"><a href=\"https:\/\/www.optieyes.ro\/?s=square&amp;post_type=product\">Square<\/a><\/td>\n<\/tr>\n<tr class=\"eoDetailItem eoFontSizeS\">\n<td class=\"eoDetailFeatureName\">Material rame<\/td>\n<td class=\"eoDetailFeature\"><a href=\"https:\/\/www.optieyes.ro\/?s=plastic&amp;post_type=product\">Plastic<\/a><\/td>\n<\/tr>\n<tr class=\"eoDetailItem eoFontSizeS\">\n<td class=\"eoDetailFeatureName\">Op\u021biuni lentile<\/td>\n<td class=\"eoDetailFeature\"><a href=\"https:\/\/www.optieyes.ro\/?s=cu+lentile+oglindite&amp;post_type=product\">Cu lentile oglindite<\/a><\/td>\n<\/tr>\n<tr class=\"eoDetailItem eoFontSizeS\">\n<td class=\"eoDetailFeatureName\">Culoare rame<\/td>\n<td class=\"eoDetailFeature\">Grey<\/td>\n<\/tr>\n<tr class=\"eoDetailItem eoFontSizeS\">\n<td class=\"eoDetailFeatureName\">Culoarea lentilei<\/td>\n<td class=\"eoDetailFeature\">Grey Mirror Black<\/td>\n<\/tr>\n<tr class=\"eoDetailItem eoFontSizeS\">\n<td class=\"eoDetailFeatureName\">EAN<\/td>\n<td class=\"eoDetailFeature\">8056597590822<\/td>\n<\/tr>\n<\/tbody>\n<\/table>\n<div><\/div>\n<div class=\"eoFontsizeXL eoTextBold\"><span style=\"font-size: 115%;\"><strong>\u200cDG4389\/30906G Ochelari de soare<\/strong><\/span><\/div>\n<p>Modelul DG4389 reprezint\u0103 o adev\u0103rat\u0103 sclipire de fashion, deoarece ace\u015fti ochelari de soare \u00ee\u0163i vor conferi o str\u0103lucire aparte, care va transforma noaptea \u00een zi f\u0103r\u0103 a fi nici m\u0103car o raz\u0103 de soare necesar\u0103. Cu acest nou model de la\u00a0<a href=\"https:\/\/www.optieyes.ro\/?s=dolce+%26+gabbana&amp;post_type=product\"><b>Dolce &amp; Gabbana<\/b><\/a> po\u0163i demonstra c\u0103 e\u015fti un \u201etrend-setter\u201c veritabil. Chiar \u015fi \u00een sezonul actual, acest brand reu\u015fe\u015fte s\u0103 se impun\u0103 prin colec\u0163ia sa, stabilind un trend deosebit pentru 2021. Modelul de ochelari DG4389 este disponibil \u00een shop-ul online OptiEyes \u015fi \u00een alte variante \u015fic de la Dolce &amp; Gabbana, din colec\u0163iile 2020 \u015fi 2021.<\/p>\n<p>Acest model de ochelari se adreseaz\u0103 \u00een mod special\u00a0<a href=\"https:\/\/www.optieyes.ro\/?s=barbati&amp;post_type=product\"><b>b\u0103rba\u0163ilor<\/b><\/a>\u00a0trendy! Design-ul simplu, cu linii clare, confer\u0103 o not\u0103 masculin\u0103 discret\u0103. Ochelarii cu rame\u00a0<b>complete<\/b>\u00a0au lentilele total \u00eencadrate de rame. Cei care sunt purt\u0103tori \u00eenr\u0103i\u0163i de ochelari, \u00ee\u015fi pot \u00eenchipui cu greu, doar \u00een situa\u0163i critice, un alt tip de ochelari dec\u00e2t acesta. Ramele cu\u00a0<a href=\"https:\/\/www.optieyes.ro\/?s=forma+patrata&amp;post_type=product\"><b>form\u0103 p\u0103trat\u0103<\/b><\/a>\u00a0au o form\u0103 clasic\u0103, care reprezint\u0103 un semn de recunoastere al personalit\u0103\u0163ilor caracterizate de onestitate.\u00a0<b>Plasticul<\/b>\u00a0este un material extrem de u\u015for \u015fi flexibil. Acest fapt confer\u0103 ramelor o durabilitate pe via\u0163\u0103 \u015fi un confort maxim la purtare. Ace\u015fti ochelari de marc\u0103 confer\u0103 desigur \u015fi o protec\u0163ia\u00a0<b>UV400<\/b>\u00a0optim\u0103 pentru ochii t\u0103i.<\/p>\n","protected":false},"featured_media":0,"comment_status":"closed","ping_status":"open","template":"","meta":[],"yoast_head":"<!-- This site is optimized with the Yoast SEO plugin v15.5 - https:\/\/yoast.com\/wordpress\/plugins\/seo\/ -->\n<title>Ochelari de soare Dolce &amp; Gabbana DG4389 30906G - Sun glasses, Contact Lenses, Eye glasses, Eyeglass Frames | VisionEyes<\/title>\n<meta name=\"robots\" content=\"index, follow, max-snippet:-1, max-image-preview:large, max-video-preview:-1\" \/>\n<link rel=\"canonical\" href=\"https:\/\/www.visioneyes.ro\/shop-online\/ochelari-de-soare-dolce-gabbana-dg4389-30906g\/\" \/>\n<meta property=\"og:locale\" content=\"en_US\" \/>\n<meta property=\"og:type\" content=\"article\" \/>\n<meta property=\"og:title\" content=\"Ochelari de soare Dolce &amp; Gabbana DG4389 30906G - Sun glasses, Contact Lenses, Eye glasses, Eyeglass Frames | VisionEyes\" \/>\n<meta property=\"og:description\" content=\"DG 4389 Informa\u021bii modele   Dimensiuni &amp; Detalii XL  Lungime lentil\u0103 (mm) 59  Punte nazal\u0103 (mm) 16  Lungimea tijei 145  Genul B\u0103rba\u0163i  Tipul ramei Ram\u0103 complet\u0103  Form\u0103 rame Square  Material rame Plastic  Op\u021biuni lentile Cu lentile oglindite  Culoare rame Grey  Culoarea lentilei Grey Mirror Black  EAN 8056597590822   \u200cDG4389\/30906G Ochelari de soare Modelul DG4389 reprezint\u0103 o adev\u0103rat\u0103 sclipire de fashion, deoarece ace\u015fti ochelari de soare \u00ee\u0163i vor conferi o str\u0103lucire aparte, care va transforma noaptea \u00een zi f\u0103r\u0103 a fi nici m\u0103car o raz\u0103 de soare necesar\u0103. Cu acest nou model de la\u00a0Dolce &amp; Gabbana po\u0163i demonstra c\u0103 e\u015fti un \u201etrend-setter\u201c veritabil. Chiar \u015fi \u00een sezonul actual, acest brand reu\u015fe\u015fte s\u0103 se impun\u0103 prin colec\u0163ia sa, stabilind un trend deosebit pentru 2021. Modelul de ochelari DG4389 este disponibil \u00een shop-ul online OptiEyes \u015fi \u00een alte variante \u015fic de la Dolce &amp; Gabbana, din colec\u0163iile 2020 \u015fi 2021. Acest model de ochelari se adreseaz\u0103 \u00een mod special\u00a0b\u0103rba\u0163ilor\u00a0trendy! Design-ul simplu, cu linii clare, confer\u0103 o not\u0103 masculin\u0103 discret\u0103. Ochelarii cu rame\u00a0complete\u00a0au lentilele total \u00eencadrate de rame. Cei care sunt purt\u0103tori \u00eenr\u0103i\u0163i de ochelari, \u00ee\u015fi pot \u00eenchipui cu greu, doar \u00een situa\u0163i critice, un alt tip de ochelari dec\u00e2t acesta. Ramele cu\u00a0form\u0103 p\u0103trat\u0103\u00a0au o form\u0103 clasic\u0103, care reprezint\u0103 un semn de recunoastere al personalit\u0103\u0163ilor caracterizate de onestitate.\u00a0Plasticul\u00a0este un material extrem de u\u015for \u015fi flexibil. Acest fapt confer\u0103 ramelor o durabilitate pe via\u0163\u0103 \u015fi un confort maxim la purtare. Ace\u015fti ochelari de marc\u0103 confer\u0103 desigur \u015fi o protec\u0163ia\u00a0UV400\u00a0optim\u0103 pentru ochii t\u0103i.\" \/>\n<meta property=\"og:url\" content=\"https:\/\/www.visioneyes.ro\/shop-online\/ochelari-de-soare-dolce-gabbana-dg4389-30906g\/\" \/>\n<meta property=\"og:site_name\" content=\"Sun glasses, Contact Lenses, Eye glasses, Eyeglass Frames | VisionEyes\" \/>\n<meta property=\"article:modified_time\" content=\"2022-06-02T11:52:14+00:00\" \/>\n<meta name=\"twitter:card\" content=\"summary_large_image\" \/>\n<meta name=\"twitter:label1\" content=\"Est. reading time\">\n\t<meta name=\"twitter:data1\" content=\"1 minute\">\n<script type=\"application\/ld+json\" class=\"yoast-schema-graph\">{\"@context\":\"https:\/\/schema.org\",\"@graph\":[{\"@type\":\"WebSite\",\"@id\":\"https:\/\/www.visioneyes.ro\/#website\",\"url\":\"https:\/\/www.visioneyes.ro\/\",\"name\":\"Sun glasses, Contact Lenses, Eye glasses, Eyeglass Frames | VisionEyes\",\"description\":\"\",\"potentialAction\":[{\"@type\":\"SearchAction\",\"target\":\"https:\/\/www.visioneyes.ro\/?s={search_term_string}\",\"query-input\":\"required name=search_term_string\"}],\"inLanguage\":\"en-US\"},{\"@type\":\"WebPage\",\"@id\":\"https:\/\/www.visioneyes.ro\/shop-online\/ochelari-de-soare-dolce-gabbana-dg4389-30906g\/#webpage\",\"url\":\"https:\/\/www.visioneyes.ro\/shop-online\/ochelari-de-soare-dolce-gabbana-dg4389-30906g\/\",\"name\":\"Ochelari de soare Dolce & Gabbana DG4389 30906G - Sun glasses, Contact Lenses, Eye glasses, Eyeglass Frames | VisionEyes\",\"isPartOf\":{\"@id\":\"https:\/\/www.visioneyes.ro\/#website\"},\"datePublished\":\"2022-06-02T11:51:44+00:00\",\"dateModified\":\"2022-06-02T11:52:14+00:00\",\"inLanguage\":\"en-US\",\"potentialAction\":[{\"@type\":\"ReadAction\",\"target\":[\"https:\/\/www.visioneyes.ro\/shop-online\/ochelari-de-soare-dolce-gabbana-dg4389-30906g\/\"]}]}]}<\/script>\n<!-- \/ Yoast SEO plugin. -->","_links":{"self":[{"href":"https:\/\/www.visioneyes.ro\/en\/wp-json\/wp\/v2\/product\/12752"}],"collection":[{"href":"https:\/\/www.visioneyes.ro\/en\/wp-json\/wp\/v2\/product"}],"about":[{"href":"https:\/\/www.visioneyes.ro\/en\/wp-json\/wp\/v2\/types\/product"}],"replies":[{"embeddable":true,"href":"https:\/\/www.visioneyes.ro\/en\/wp-json\/wp\/v2\/comments?post=12752"}],"wp:attachment":[{"href":"https:\/\/www.visioneyes.ro\/en\/wp-json\/wp\/v2\/media?parent=12752"}],"curies":[{"name":"wp","href":"https:\/\/api.w.org\/{rel}","templated":true}]}}