{"id":12765,"date":"2022-06-02T13:59:02","date_gmt":"2022-06-02T11:59:02","guid":{"rendered":"https:\/\/www.visioneyes.ro\/shop-online\/ochelari-de-soare-dolce-gabbana-dg4393-32477e\/"},"modified":"2022-10-11T12:18:21","modified_gmt":"2022-10-11T10:18:21","slug":"ochelari-de-soare-dolce-gabbana-dg4393-32477e","status":"publish","type":"product","link":"https:\/\/www.visioneyes.ro\/en\/shop-online\/ochelari-de-soare-dolce-gabbana-dg4393-32477e\/","title":{"rendered":"Ochelari de soare Dolce &#038; Gabbana DG4393 32477E"},"content":{"rendered":"<div class=\"eoFontsizeXL eoTextBold\"><span style=\"font-size: 120%;\"><strong>DG 4393 Informa\u021bii modele<\/strong><\/span><\/div>\n<div><\/div>\n<table class=\"eoDetailPropertyListTable\" width=\"95%\">\n<tbody>\n<tr class=\"eoDetailItem eoFontSizeS\">\n<td>Dimensiuni &amp; Detalii<\/td>\n<td><span id=\"InfoSizeLabel1448620\" class=\"sizeInfoRows\">M<\/span><\/td>\n<\/tr>\n<tr class=\"eoDetailItem eoFontSizeS\">\n<td>Lungime lentil\u0103 (mm)<\/td>\n<td><span id=\"InfoLensSize1448620\" class=\"sizeInfoRows\">52<\/span><\/td>\n<\/tr>\n<tr class=\"eoDetailItem eoFontSizeS\">\n<td>Punte nazal\u0103 (mm)<\/td>\n<td><span id=\"InfoBridgeSize1448620\" class=\"sizeInfoRows\">23<\/span><\/td>\n<\/tr>\n<tr class=\"eoDetailItem eoFontSizeS\">\n<td>Lungimea tijei<\/td>\n<td><span id=\"InfoTempleSize1448620\" class=\"sizeInfoRows\">140<\/span><\/td>\n<\/tr>\n<tr class=\"eoDetailItem eoFontSizeS\">\n<td class=\"eoDetailFeatureName\">Genul<\/td>\n<td class=\"eoDetailFeature\">Femei<\/td>\n<\/tr>\n<tr class=\"eoDetailItem eoFontSizeS\">\n<td class=\"eoDetailFeatureName\">Tipul ramei<\/td>\n<td class=\"eoDetailFeature\"><a href=\"https:\/\/www.optieyes.ro\/?s=rama+completa&amp;post_type=product\">Ram\u0103 complet\u0103<\/a><\/td>\n<\/tr>\n<tr class=\"eoDetailItem eoFontSizeS\">\n<td class=\"eoDetailFeatureName\">Form\u0103 rame<\/td>\n<td class=\"eoDetailFeature\"><a href=\"https:\/\/www.optieyes.ro\/?s=rotunzi&amp;post_type=product\">Rotund<\/a><\/td>\n<\/tr>\n<tr class=\"eoDetailItem eoFontSizeS\">\n<td class=\"eoDetailFeatureName\">Material rame<\/td>\n<td class=\"eoDetailFeature\"><a href=\"https:\/\/www.optieyes.ro\/?s=plastic&amp;post_type=product\">Plastic<\/a><\/td>\n<\/tr>\n<tr class=\"eoDetailItem eoFontSizeS\">\n<td class=\"eoDetailFeatureName\">Op\u021biuni lentile<\/td>\n<td class=\"eoDetailFeature\"><a href=\"https:\/\/www.optieyes.ro\/?s=cu+lentile+oglindite&amp;post_type=product\">Cu lentile oglindite<\/a><\/td>\n<\/tr>\n<tr class=\"eoDetailItem eoFontSizeS\">\n<td class=\"eoDetailFeatureName\">Culoare rame<\/td>\n<td class=\"eoDetailFeature\">Bordeaux\/transparent Bordeaux<\/td>\n<\/tr>\n<tr class=\"eoDetailItem eoFontSizeS\">\n<td class=\"eoDetailFeatureName\">Culoarea lentilei<\/td>\n<td class=\"eoDetailFeature\">Pink Mirror Silver Gradient<\/td>\n<\/tr>\n<tr class=\"eoDetailItem eoFontSizeS\">\n<td class=\"eoDetailFeatureName\">EAN<\/td>\n<td class=\"eoDetailFeature\">8056597530736<\/td>\n<\/tr>\n<\/tbody>\n<\/table>\n<div><\/div>\n<div class=\"eoFontsizeXL eoTextBold\"><span style=\"font-size: 115%;\"><strong>\u200cDG4393\/32477E Ochelari de soare<\/strong><\/span><\/div>\n<p>Prin intermediul acestor ochelari de soare po\u0163i s\u0103-\u0163i completezi look-ul cu un accesoriu calitativ, plin de originalitate. Te vei reg\u0103si mai aproape de staruri dec\u00e2t ai crede \u015fi vei reu\u015fi s\u0103 treze\u015fti uimirea \u00een orice situa\u0163ie. Cu acest nou model de la <a href=\"https:\/\/www.optieyes.ro\/?s=dolce+%26+gabbana&amp;post_type=product\"><b>Dolce &amp; Gabbana<\/b><\/a> po\u0163i demonstra c\u0103 e\u015fti un \u201etrend-setter\u201c veritabil. Chiar \u015fi \u00een sezonul actual, acest brand reu\u015fe\u015fte s\u0103 se impun\u0103 prin colec\u0163ia sa, stabilind un trend deosebit pentru 2021. Modelul de ochelari DG4393 este disponibil \u00een shop-ul online OptiEyes \u015fi \u00een alte variante \u015fic de la Dolce &amp; Gabbana, din colec\u0163iile 2020 \u015fi 2021.<\/p>\n<p>Prin acest model de ochelari, designerii se adreseaz\u0103 mai ales\u00a0<a href=\"https:\/\/www.optieyes.ro\/?s=femei&amp;post_type=product\"><b>doamnelor<\/b><\/a>, care se simt \u00een largul lor \u00een marile metropole ale lumii. Cine mai are timp s\u0103 se g\u00e2ndeasc\u0103 la \u201eMr. Right\u201c? Acum este mai important\u0103 stabilirea stilului perfect pentru 2021!Ochelarii sunt un accesoriu \u201ein\u201c. Extrem de iubite fiind modelele cu ramele\u00a0<b>complete<\/b>, c\u0103 doar se \u015ftie: doar lucrurile \u00eentregi \u00ee\u015fi merit\u0103 pre\u0163ul! \u00cen acest caz nu va fi pl\u0103tit\u0103 doar robuste\u0163ea, ci \u015fi calitatea vizibilit\u0103\u0163ii dat\u0103 de design \u015fi materiale, care este cu siguran\u0163\u0103 la mare \u00een\u0103l\u0163ime. Pentru fe\u0163ele cu\u00a0<a href=\"https:\/\/www.optieyes.ro\/?s=forma+patrata&amp;post_type=product\"><b>form\u0103 p\u0103trat\u0103<\/b><\/a>,\u00a0<a href=\"https:\/\/www.optieyes.ro\/?s=rotunzi&amp;post_type=product\"><b>lentilele rotunde<\/b><\/a>\u00a0sunt extrem de avantajoase. Contururile dure contrastreaz\u0103 \u00eentr-un mod delicat cu formele lipsite de canturi ale ramelor. Ramele din material\u00a0<b>plastic<\/b>, ca \u015fi acestea, se bucur\u0103 de o valabilitate etern\u0103 \u015fi ofer\u0103 un confort maxim la purtare. Modelul DG4393 se a\u015faz\u0103 super comod pe nas! Ace\u015fti ochelari de marc\u0103 confer\u0103 desigur \u015fi o protec\u0163ia\u00a0<b>UV400<\/b>\u00a0optim\u0103 pentru ochii t\u0103i.<\/p>\n","protected":false},"excerpt":{"rendered":"<div class=\"eoFontsizeXL eoTextBold\"><span style=\"font-size: 120%;\"><strong>DG 4393 Informa\u021bii modele<\/strong><\/span><\/div>\n<div><\/div>\n<table class=\"eoDetailPropertyListTable\" width=\"95%\">\n<tbody>\n<tr class=\"eoDetailItem eoFontSizeS\">\n<td>Dimensiuni &amp; Detalii<\/td>\n<td><span id=\"InfoSizeLabel1448620\" class=\"sizeInfoRows\">M<\/span><\/td>\n<\/tr>\n<tr class=\"eoDetailItem eoFontSizeS\">\n<td>Lungime lentil\u0103 (mm)<\/td>\n<td><span id=\"InfoLensSize1448620\" class=\"sizeInfoRows\">52<\/span><\/td>\n<\/tr>\n<tr class=\"eoDetailItem eoFontSizeS\">\n<td>Punte nazal\u0103 (mm)<\/td>\n<td><span id=\"InfoBridgeSize1448620\" class=\"sizeInfoRows\">23<\/span><\/td>\n<\/tr>\n<tr class=\"eoDetailItem eoFontSizeS\">\n<td>Lungimea tijei<\/td>\n<td><span id=\"InfoTempleSize1448620\" class=\"sizeInfoRows\">140<\/span><\/td>\n<\/tr>\n<tr class=\"eoDetailItem eoFontSizeS\">\n<td class=\"eoDetailFeatureName\">Genul<\/td>\n<td class=\"eoDetailFeature\">Femei<\/td>\n<\/tr>\n<tr class=\"eoDetailItem eoFontSizeS\">\n<td class=\"eoDetailFeatureName\">Tipul ramei<\/td>\n<td class=\"eoDetailFeature\"><a href=\"https:\/\/www.optieyes.ro\/?s=rama+completa&amp;post_type=product\">Ram\u0103 complet\u0103<\/a><\/td>\n<\/tr>\n<tr class=\"eoDetailItem eoFontSizeS\">\n<td class=\"eoDetailFeatureName\">Form\u0103 rame<\/td>\n<td class=\"eoDetailFeature\"><a href=\"https:\/\/www.optieyes.ro\/?s=rotunzi&amp;post_type=product\">Rotund<\/a><\/td>\n<\/tr>\n<tr class=\"eoDetailItem eoFontSizeS\">\n<td class=\"eoDetailFeatureName\">Material rame<\/td>\n<td class=\"eoDetailFeature\"><a href=\"https:\/\/www.optieyes.ro\/?s=plastic&amp;post_type=product\">Plastic<\/a><\/td>\n<\/tr>\n<tr class=\"eoDetailItem eoFontSizeS\">\n<td class=\"eoDetailFeatureName\">Op\u021biuni lentile<\/td>\n<td class=\"eoDetailFeature\"><a href=\"https:\/\/www.optieyes.ro\/?s=cu+lentile+oglindite&amp;post_type=product\">Cu lentile oglindite<\/a><\/td>\n<\/tr>\n<tr class=\"eoDetailItem eoFontSizeS\">\n<td class=\"eoDetailFeatureName\">Culoare rame<\/td>\n<td class=\"eoDetailFeature\">Bordeaux\/transparent Bordeaux<\/td>\n<\/tr>\n<tr class=\"eoDetailItem eoFontSizeS\">\n<td class=\"eoDetailFeatureName\">Culoarea lentilei<\/td>\n<td class=\"eoDetailFeature\">Pink Mirror Silver Gradient<\/td>\n<\/tr>\n<tr class=\"eoDetailItem eoFontSizeS\">\n<td class=\"eoDetailFeatureName\">EAN<\/td>\n<td class=\"eoDetailFeature\">8056597530736<\/td>\n<\/tr>\n<\/tbody>\n<\/table>\n<div><\/div>\n<div class=\"eoFontsizeXL eoTextBold\"><span style=\"font-size: 115%;\"><strong>\u200cDG4393\/32477E Ochelari de soare<\/strong><\/span><\/div>\n<p>Prin intermediul acestor ochelari de soare po\u0163i s\u0103-\u0163i completezi look-ul cu un accesoriu calitativ, plin de originalitate. Te vei reg\u0103si mai aproape de staruri dec\u00e2t ai crede \u015fi vei reu\u015fi s\u0103 treze\u015fti uimirea \u00een orice situa\u0163ie. Cu acest nou model de la <a href=\"https:\/\/www.optieyes.ro\/?s=dolce+%26+gabbana&amp;post_type=product\"><b>Dolce &amp; Gabbana<\/b><\/a> po\u0163i demonstra c\u0103 e\u015fti un \u201etrend-setter\u201c veritabil. Chiar \u015fi \u00een sezonul actual, acest brand reu\u015fe\u015fte s\u0103 se impun\u0103 prin colec\u0163ia sa, stabilind un trend deosebit pentru 2021. Modelul de ochelari DG4393 este disponibil \u00een shop-ul online OptiEyes \u015fi \u00een alte variante \u015fic de la Dolce &amp; Gabbana, din colec\u0163iile 2020 \u015fi 2021.<\/p>\n<p>Prin acest model de ochelari, designerii se adreseaz\u0103 mai ales\u00a0<a href=\"https:\/\/www.optieyes.ro\/?s=femei&amp;post_type=product\"><b>doamnelor<\/b><\/a>, care se simt \u00een largul lor \u00een marile metropole ale lumii. Cine mai are timp s\u0103 se g\u00e2ndeasc\u0103 la \u201eMr. Right\u201c? Acum este mai important\u0103 stabilirea stilului perfect pentru 2021!Ochelarii sunt un accesoriu \u201ein\u201c. Extrem de iubite fiind modelele cu ramele\u00a0<b>complete<\/b>, c\u0103 doar se \u015ftie: doar lucrurile \u00eentregi \u00ee\u015fi merit\u0103 pre\u0163ul! \u00cen acest caz nu va fi pl\u0103tit\u0103 doar robuste\u0163ea, ci \u015fi calitatea vizibilit\u0103\u0163ii dat\u0103 de design \u015fi materiale, care este cu siguran\u0163\u0103 la mare \u00een\u0103l\u0163ime. Pentru fe\u0163ele cu\u00a0<a href=\"https:\/\/www.optieyes.ro\/?s=forma+patrata&amp;post_type=product\"><b>form\u0103 p\u0103trat\u0103<\/b><\/a>,\u00a0<a href=\"https:\/\/www.optieyes.ro\/?s=rotunzi&amp;post_type=product\"><b>lentilele rotunde<\/b><\/a>\u00a0sunt extrem de avantajoase. Contururile dure contrastreaz\u0103 \u00eentr-un mod delicat cu formele lipsite de canturi ale ramelor. Ramele din material\u00a0<b>plastic<\/b>, ca \u015fi acestea, se bucur\u0103 de o valabilitate etern\u0103 \u015fi ofer\u0103 un confort maxim la purtare. Modelul DG4393 se a\u015faz\u0103 super comod pe nas! Ace\u015fti ochelari de marc\u0103 confer\u0103 desigur \u015fi o protec\u0163ia\u00a0<b>UV400<\/b>\u00a0optim\u0103 pentru ochii t\u0103i.<\/p>\n","protected":false},"featured_media":0,"comment_status":"closed","ping_status":"closed","template":"","meta":[],"yoast_head":"<!-- This site is optimized with the Yoast SEO plugin v15.5 - https:\/\/yoast.com\/wordpress\/plugins\/seo\/ -->\n<title>Ochelari de soare Dolce &amp; Gabbana DG4393 32477E - Sun glasses, Contact Lenses, Eye glasses, Eyeglass Frames | VisionEyes<\/title>\n<meta name=\"robots\" content=\"index, follow, max-snippet:-1, max-image-preview:large, max-video-preview:-1\" \/>\n<link rel=\"canonical\" href=\"https:\/\/www.visioneyes.ro\/shop-online\/ochelari-de-soare-dolce-gabbana-dg4393-32477e\/\" \/>\n<meta property=\"og:locale\" content=\"en_US\" \/>\n<meta property=\"og:type\" content=\"article\" \/>\n<meta property=\"og:title\" content=\"Ochelari de soare Dolce &amp; Gabbana DG4393 32477E - Sun glasses, Contact Lenses, Eye glasses, Eyeglass Frames | VisionEyes\" \/>\n<meta property=\"og:description\" content=\"DG 4393 Informa\u021bii modele   Dimensiuni &amp; Detalii M  Lungime lentil\u0103 (mm) 52  Punte nazal\u0103 (mm) 23  Lungimea tijei 140  Genul Femei  Tipul ramei Ram\u0103 complet\u0103  Form\u0103 rame Rotund  Material rame Plastic  Op\u021biuni lentile Cu lentile oglindite  Culoare rame Bordeaux\/transparent Bordeaux  Culoarea lentilei Pink Mirror Silver Gradient  EAN 8056597530736   \u200cDG4393\/32477E Ochelari de soare Prin intermediul acestor ochelari de soare po\u0163i s\u0103-\u0163i completezi look-ul cu un accesoriu calitativ, plin de originalitate. Te vei reg\u0103si mai aproape de staruri dec\u00e2t ai crede \u015fi vei reu\u015fi s\u0103 treze\u015fti uimirea \u00een orice situa\u0163ie. Cu acest nou model de la Dolce &amp; Gabbana po\u0163i demonstra c\u0103 e\u015fti un \u201etrend-setter\u201c veritabil. Chiar \u015fi \u00een sezonul actual, acest brand reu\u015fe\u015fte s\u0103 se impun\u0103 prin colec\u0163ia sa, stabilind un trend deosebit pentru 2021. Modelul de ochelari DG4393 este disponibil \u00een shop-ul online OptiEyes \u015fi \u00een alte variante \u015fic de la Dolce &amp; Gabbana, din colec\u0163iile 2020 \u015fi 2021. Prin acest model de ochelari, designerii se adreseaz\u0103 mai ales\u00a0doamnelor, care se simt \u00een largul lor \u00een marile metropole ale lumii. Cine mai are timp s\u0103 se g\u00e2ndeasc\u0103 la \u201eMr. Right\u201c? Acum este mai important\u0103 stabilirea stilului perfect pentru 2021!Ochelarii sunt un accesoriu \u201ein\u201c. Extrem de iubite fiind modelele cu ramele\u00a0complete, c\u0103 doar se \u015ftie: doar lucrurile \u00eentregi \u00ee\u015fi merit\u0103 pre\u0163ul! \u00cen acest caz nu va fi pl\u0103tit\u0103 doar robuste\u0163ea, ci \u015fi calitatea vizibilit\u0103\u0163ii dat\u0103 de design \u015fi materiale, care este cu siguran\u0163\u0103 la mare \u00een\u0103l\u0163ime. Pentru fe\u0163ele cu\u00a0form\u0103 p\u0103trat\u0103,\u00a0lentilele rotunde\u00a0sunt extrem de avantajoase. Contururile dure contrastreaz\u0103 \u00eentr-un mod delicat cu formele lipsite de canturi ale ramelor. Ramele din material\u00a0plastic, ca \u015fi acestea, se bucur\u0103 de o valabilitate etern\u0103 \u015fi ofer\u0103 un confort maxim la purtare. Modelul DG4393 se a\u015faz\u0103 super comod pe nas! Ace\u015fti ochelari de marc\u0103 confer\u0103 desigur \u015fi o protec\u0163ia\u00a0UV400\u00a0optim\u0103 pentru ochii t\u0103i.\" \/>\n<meta property=\"og:url\" content=\"https:\/\/www.visioneyes.ro\/shop-online\/ochelari-de-soare-dolce-gabbana-dg4393-32477e\/\" \/>\n<meta property=\"og:site_name\" content=\"Sun glasses, Contact Lenses, Eye glasses, Eyeglass Frames | VisionEyes\" \/>\n<meta property=\"article:modified_time\" content=\"2022-10-11T10:18:21+00:00\" \/>\n<meta name=\"twitter:card\" content=\"summary_large_image\" \/>\n<meta name=\"twitter:label1\" content=\"Est. reading time\">\n\t<meta name=\"twitter:data1\" content=\"1 minute\">\n<script type=\"application\/ld+json\" class=\"yoast-schema-graph\">{\"@context\":\"https:\/\/schema.org\",\"@graph\":[{\"@type\":\"WebSite\",\"@id\":\"https:\/\/www.visioneyes.ro\/#website\",\"url\":\"https:\/\/www.visioneyes.ro\/\",\"name\":\"Sun glasses, Contact Lenses, Eye glasses, Eyeglass Frames | VisionEyes\",\"description\":\"\",\"potentialAction\":[{\"@type\":\"SearchAction\",\"target\":\"https:\/\/www.visioneyes.ro\/?s={search_term_string}\",\"query-input\":\"required name=search_term_string\"}],\"inLanguage\":\"en-US\"},{\"@type\":\"WebPage\",\"@id\":\"https:\/\/www.visioneyes.ro\/shop-online\/ochelari-de-soare-dolce-gabbana-dg4393-32477e\/#webpage\",\"url\":\"https:\/\/www.visioneyes.ro\/shop-online\/ochelari-de-soare-dolce-gabbana-dg4393-32477e\/\",\"name\":\"Ochelari de soare Dolce & Gabbana DG4393 32477E - Sun glasses, Contact Lenses, Eye glasses, Eyeglass Frames | VisionEyes\",\"isPartOf\":{\"@id\":\"https:\/\/www.visioneyes.ro\/#website\"},\"datePublished\":\"2022-06-02T11:59:02+00:00\",\"dateModified\":\"2022-10-11T10:18:21+00:00\",\"inLanguage\":\"en-US\",\"potentialAction\":[{\"@type\":\"ReadAction\",\"target\":[\"https:\/\/www.visioneyes.ro\/shop-online\/ochelari-de-soare-dolce-gabbana-dg4393-32477e\/\"]}]}]}<\/script>\n<!-- \/ Yoast SEO plugin. -->","_links":{"self":[{"href":"https:\/\/www.visioneyes.ro\/en\/wp-json\/wp\/v2\/product\/12765"}],"collection":[{"href":"https:\/\/www.visioneyes.ro\/en\/wp-json\/wp\/v2\/product"}],"about":[{"href":"https:\/\/www.visioneyes.ro\/en\/wp-json\/wp\/v2\/types\/product"}],"replies":[{"embeddable":true,"href":"https:\/\/www.visioneyes.ro\/en\/wp-json\/wp\/v2\/comments?post=12765"}],"wp:attachment":[{"href":"https:\/\/www.visioneyes.ro\/en\/wp-json\/wp\/v2\/media?parent=12765"}],"curies":[{"name":"wp","href":"https:\/\/api.w.org\/{rel}","templated":true}]}}