{"id":12768,"date":"2022-06-02T13:59:56","date_gmt":"2022-06-02T11:59:56","guid":{"rendered":"https:\/\/www.visioneyes.ro\/shop-online\/ochelari-de-soare-dolce-gabbana-dg4394-32468g\/"},"modified":"2022-06-02T14:00:28","modified_gmt":"2022-06-02T12:00:28","slug":"ochelari-de-soare-dolce-gabbana-dg4394-32468g","status":"publish","type":"product","link":"https:\/\/www.visioneyes.ro\/en\/shop-online\/ochelari-de-soare-dolce-gabbana-dg4394-32468g\/","title":{"rendered":"Ochelari de soare Dolce &#038; Gabbana DG4394 32468G"},"content":{"rendered":"<div class=\"eoFontsizeXL eoTextBold\"><span style=\"font-size: 120%;\"><strong>DG 4394 Informa\u021bii modele<\/strong><\/span><\/div>\n<div><\/div>\n<table class=\"eoDetailPropertyListTable\" width=\"95%\">\n<tbody>\n<tr class=\"eoDetailItem eoFontSizeS\">\n<td>Dimensiuni &amp; Detalii<\/td>\n<td><span id=\"InfoSizeLabel1448625\" class=\"sizeInfoRows\">M<\/span><\/td>\n<\/tr>\n<tr class=\"eoDetailItem eoFontSizeS\">\n<td>Lungime lentil\u0103 (mm)<\/td>\n<td><span id=\"InfoLensSize1448625\" class=\"sizeInfoRows\">50<\/span><\/td>\n<\/tr>\n<tr class=\"eoDetailItem eoFontSizeS\">\n<td>Punte nazal\u0103 (mm)<\/td>\n<td><span id=\"InfoBridgeSize1448625\" class=\"sizeInfoRows\">22<\/span><\/td>\n<\/tr>\n<tr class=\"eoDetailItem eoFontSizeS\">\n<td>Lungimea tijei<\/td>\n<td><span id=\"InfoTempleSize1448625\" class=\"sizeInfoRows\">140<\/span><\/td>\n<\/tr>\n<tr class=\"eoDetailItem eoFontSizeS\">\n<td class=\"eoDetailFeatureName\">Genul<\/td>\n<td class=\"eoDetailFeature\">Femei<\/td>\n<\/tr>\n<tr class=\"eoDetailItem eoFontSizeS\">\n<td class=\"eoDetailFeatureName\">Tipul ramei<\/td>\n<td class=\"eoDetailFeature\"><a href=\"https:\/\/www.optieyes.ro\/?s=rama+completa&amp;post_type=product\">Ram\u0103 complet\u0103<\/a><\/td>\n<\/tr>\n<tr class=\"eoDetailItem eoFontSizeS\">\n<td class=\"eoDetailFeatureName\">Form\u0103 rame<\/td>\n<td class=\"eoDetailFeature\"><a href=\"https:\/\/www.optieyes.ro\/?s=panto&amp;post_type=product\">Panto<\/a><\/td>\n<\/tr>\n<tr class=\"eoDetailItem eoFontSizeS\">\n<td class=\"eoDetailFeatureName\">Material rame<\/td>\n<td class=\"eoDetailFeature\"><a href=\"https:\/\/www.optieyes.ro\/?s=plastic&amp;post_type=product\">Plastic<\/a><\/td>\n<\/tr>\n<tr class=\"eoDetailItem eoFontSizeS\">\n<td class=\"eoDetailFeatureName\">Culoare rame<\/td>\n<td class=\"eoDetailFeature\">Black\/transparent Black<\/td>\n<\/tr>\n<tr class=\"eoDetailItem eoFontSizeS\">\n<td class=\"eoDetailFeatureName\">Culoarea lentilei<\/td>\n<td class=\"eoDetailFeature\">Light Grey Gradient Black<\/td>\n<\/tr>\n<tr class=\"eoDetailItem eoFontSizeS\">\n<td class=\"eoDetailFeatureName\">EAN<\/td>\n<td class=\"eoDetailFeature\">8056597530750<\/td>\n<\/tr>\n<\/tbody>\n<\/table>\n<div class=\"eoFontsizeXL eoTextBold\">\u200c<\/div>\n<div class=\"eoFontsizeXL eoTextBold\"><span style=\"font-size: 115%;\"><strong>DG4394\/32468G Ochelari de soare<\/strong><\/span><\/div>\n<p>Modelul DG4394 reprezint\u0103 o adev\u0103rat\u0103 sclipire de fashion, deoarece ace\u015fti ochelari de soare \u00ee\u0163i vor conferi o str\u0103lucire aparte, care va transforma noaptea \u00een zi f\u0103r\u0103 a fi nici m\u0103car o raz\u0103 de soare necesar\u0103. Modelul DG4394 este lansat de cur\u00e2nd pe pia\u0163\u0103 \u00een 2021, a\u015fa \u00eenc\u00e2t cu siguran\u0163\u0103 vei fi la ultimul r\u0103cnet cu ace\u015fti ochelari. Modelul de ochelari DG4394 este disponibil \u00een shop-ul online OptiEyes \u015fi \u00een alte variante \u015fic de la <a href=\"https:\/\/www.optieyes.ro\/?s=dolce+%26+gabbana&amp;post_type=product\"><b>Dolce &amp; Gabbana<\/b><\/a>, din colec\u0163iile 2020 \u015fi 2021.<\/p>\n<p>Liniile pline de expresivitate confer\u0103 notei clasice a acestui model un caracter inconfundabil, ceea ce face din aceast\u0103 pereche de ochelari un must-have inevitabil pentru orice\u00a0<a href=\"https:\/\/www.optieyes.ro\/?s=femei&amp;post_type=product\"><b>femeie<\/b><\/a>\u00a0care se respect\u0103. Ochelarii sunt un accesoriu \u201ein\u201c. Extrem de iubite fiind modelele cu ramele\u00a0<b>complete<\/b>, c\u0103 doar se \u015ftie: doar lucrurile \u00eentregi \u00ee\u015fi merit\u0103 pre\u0163ul! \u00cen acest caz nu va fi pl\u0103tit\u0103 doar robuste\u0163ea, ci \u015fi calitatea vizibilit\u0103\u0163ii dat\u0103 de design \u015fi materiale, care este cu siguran\u0163\u0103 la mare \u00een\u0103l\u0163ime. Ochelarii tip\u00a0<a href=\"https:\/\/www.optieyes.ro\/?s=panto&amp;post_type=product\"><b>Panto<\/b><\/a>\u00a0fac parte din clasa modelelor clasice. De c\u00e2nd au fost descoperi\u0163i \u00een anii 20, ei reintr\u0103 cu regularitate \u00een mod\u0103. Ast\u0103zi, ei reprezint\u0103 o punte \u00eentre stilul Vintage \u015fi trendurile de ultim\u0103 or\u0103, finis\u00e2nd \u00eentr-un mod rafinat orice outfit.<\/p>\n","protected":false},"excerpt":{"rendered":"<div class=\"eoFontsizeXL eoTextBold\"><span style=\"font-size: 120%;\"><strong>DG 4394 Informa\u021bii modele<\/strong><\/span><\/div>\n<div><\/div>\n<table class=\"eoDetailPropertyListTable\" width=\"95%\">\n<tbody>\n<tr class=\"eoDetailItem eoFontSizeS\">\n<td>Dimensiuni &amp; Detalii<\/td>\n<td><span id=\"InfoSizeLabel1448625\" class=\"sizeInfoRows\">M<\/span><\/td>\n<\/tr>\n<tr class=\"eoDetailItem eoFontSizeS\">\n<td>Lungime lentil\u0103 (mm)<\/td>\n<td><span id=\"InfoLensSize1448625\" class=\"sizeInfoRows\">50<\/span><\/td>\n<\/tr>\n<tr class=\"eoDetailItem eoFontSizeS\">\n<td>Punte nazal\u0103 (mm)<\/td>\n<td><span id=\"InfoBridgeSize1448625\" class=\"sizeInfoRows\">22<\/span><\/td>\n<\/tr>\n<tr class=\"eoDetailItem eoFontSizeS\">\n<td>Lungimea tijei<\/td>\n<td><span id=\"InfoTempleSize1448625\" class=\"sizeInfoRows\">140<\/span><\/td>\n<\/tr>\n<tr class=\"eoDetailItem eoFontSizeS\">\n<td class=\"eoDetailFeatureName\">Genul<\/td>\n<td class=\"eoDetailFeature\">Femei<\/td>\n<\/tr>\n<tr class=\"eoDetailItem eoFontSizeS\">\n<td class=\"eoDetailFeatureName\">Tipul ramei<\/td>\n<td class=\"eoDetailFeature\"><a href=\"https:\/\/www.optieyes.ro\/?s=rama+completa&amp;post_type=product\">Ram\u0103 complet\u0103<\/a><\/td>\n<\/tr>\n<tr class=\"eoDetailItem eoFontSizeS\">\n<td class=\"eoDetailFeatureName\">Form\u0103 rame<\/td>\n<td class=\"eoDetailFeature\"><a href=\"https:\/\/www.optieyes.ro\/?s=panto&amp;post_type=product\">Panto<\/a><\/td>\n<\/tr>\n<tr class=\"eoDetailItem eoFontSizeS\">\n<td class=\"eoDetailFeatureName\">Material rame<\/td>\n<td class=\"eoDetailFeature\"><a href=\"https:\/\/www.optieyes.ro\/?s=plastic&amp;post_type=product\">Plastic<\/a><\/td>\n<\/tr>\n<tr class=\"eoDetailItem eoFontSizeS\">\n<td class=\"eoDetailFeatureName\">Culoare rame<\/td>\n<td class=\"eoDetailFeature\">Black\/transparent Black<\/td>\n<\/tr>\n<tr class=\"eoDetailItem eoFontSizeS\">\n<td class=\"eoDetailFeatureName\">Culoarea lentilei<\/td>\n<td class=\"eoDetailFeature\">Light Grey Gradient Black<\/td>\n<\/tr>\n<tr class=\"eoDetailItem eoFontSizeS\">\n<td class=\"eoDetailFeatureName\">EAN<\/td>\n<td class=\"eoDetailFeature\">8056597530750<\/td>\n<\/tr>\n<\/tbody>\n<\/table>\n<div class=\"eoFontsizeXL eoTextBold\">\u200c<\/div>\n<div class=\"eoFontsizeXL eoTextBold\"><span style=\"font-size: 115%;\"><strong>DG4394\/32468G Ochelari de soare<\/strong><\/span><\/div>\n<p>Modelul DG4394 reprezint\u0103 o adev\u0103rat\u0103 sclipire de fashion, deoarece ace\u015fti ochelari de soare \u00ee\u0163i vor conferi o str\u0103lucire aparte, care va transforma noaptea \u00een zi f\u0103r\u0103 a fi nici m\u0103car o raz\u0103 de soare necesar\u0103. Modelul DG4394 este lansat de cur\u00e2nd pe pia\u0163\u0103 \u00een 2021, a\u015fa \u00eenc\u00e2t cu siguran\u0163\u0103 vei fi la ultimul r\u0103cnet cu ace\u015fti ochelari. Modelul de ochelari DG4394 este disponibil \u00een shop-ul online OptiEyes \u015fi \u00een alte variante \u015fic de la <a href=\"https:\/\/www.optieyes.ro\/?s=dolce+%26+gabbana&amp;post_type=product\"><b>Dolce &amp; Gabbana<\/b><\/a>, din colec\u0163iile 2020 \u015fi 2021.<\/p>\n<p>Liniile pline de expresivitate confer\u0103 notei clasice a acestui model un caracter inconfundabil, ceea ce face din aceast\u0103 pereche de ochelari un must-have inevitabil pentru orice\u00a0<a href=\"https:\/\/www.optieyes.ro\/?s=femei&amp;post_type=product\"><b>femeie<\/b><\/a>\u00a0care se respect\u0103. Ochelarii sunt un accesoriu \u201ein\u201c. Extrem de iubite fiind modelele cu ramele\u00a0<b>complete<\/b>, c\u0103 doar se \u015ftie: doar lucrurile \u00eentregi \u00ee\u015fi merit\u0103 pre\u0163ul! \u00cen acest caz nu va fi pl\u0103tit\u0103 doar robuste\u0163ea, ci \u015fi calitatea vizibilit\u0103\u0163ii dat\u0103 de design \u015fi materiale, care este cu siguran\u0163\u0103 la mare \u00een\u0103l\u0163ime. Ochelarii tip\u00a0<a href=\"https:\/\/www.optieyes.ro\/?s=panto&amp;post_type=product\"><b>Panto<\/b><\/a>\u00a0fac parte din clasa modelelor clasice. De c\u00e2nd au fost descoperi\u0163i \u00een anii 20, ei reintr\u0103 cu regularitate \u00een mod\u0103. Ast\u0103zi, ei reprezint\u0103 o punte \u00eentre stilul Vintage \u015fi trendurile de ultim\u0103 or\u0103, finis\u00e2nd \u00eentr-un mod rafinat orice outfit.<\/p>\n","protected":false},"featured_media":0,"comment_status":"closed","ping_status":"open","template":"","meta":[],"yoast_head":"<!-- This site is optimized with the Yoast SEO plugin v15.5 - https:\/\/yoast.com\/wordpress\/plugins\/seo\/ -->\n<title>Ochelari de soare Dolce &amp; Gabbana DG4394 32468G - Sun glasses, Contact Lenses, Eye glasses, Eyeglass Frames | VisionEyes<\/title>\n<meta name=\"robots\" content=\"index, follow, max-snippet:-1, max-image-preview:large, max-video-preview:-1\" \/>\n<link rel=\"canonical\" href=\"https:\/\/www.visioneyes.ro\/shop-online\/ochelari-de-soare-dolce-gabbana-dg4394-32468g\/\" \/>\n<meta property=\"og:locale\" content=\"en_US\" \/>\n<meta property=\"og:type\" content=\"article\" \/>\n<meta property=\"og:title\" content=\"Ochelari de soare Dolce &amp; Gabbana DG4394 32468G - Sun glasses, Contact Lenses, Eye glasses, Eyeglass Frames | VisionEyes\" \/>\n<meta property=\"og:description\" content=\"DG 4394 Informa\u021bii modele   Dimensiuni &amp; Detalii M  Lungime lentil\u0103 (mm) 50  Punte nazal\u0103 (mm) 22  Lungimea tijei 140  Genul Femei  Tipul ramei Ram\u0103 complet\u0103  Form\u0103 rame Panto  Material rame Plastic  Culoare rame Black\/transparent Black  Culoarea lentilei Light Grey Gradient Black  EAN 8056597530750  \u200c DG4394\/32468G Ochelari de soare Modelul DG4394 reprezint\u0103 o adev\u0103rat\u0103 sclipire de fashion, deoarece ace\u015fti ochelari de soare \u00ee\u0163i vor conferi o str\u0103lucire aparte, care va transforma noaptea \u00een zi f\u0103r\u0103 a fi nici m\u0103car o raz\u0103 de soare necesar\u0103. Modelul DG4394 este lansat de cur\u00e2nd pe pia\u0163\u0103 \u00een 2021, a\u015fa \u00eenc\u00e2t cu siguran\u0163\u0103 vei fi la ultimul r\u0103cnet cu ace\u015fti ochelari. Modelul de ochelari DG4394 este disponibil \u00een shop-ul online OptiEyes \u015fi \u00een alte variante \u015fic de la Dolce &amp; Gabbana, din colec\u0163iile 2020 \u015fi 2021. Liniile pline de expresivitate confer\u0103 notei clasice a acestui model un caracter inconfundabil, ceea ce face din aceast\u0103 pereche de ochelari un must-have inevitabil pentru orice\u00a0femeie\u00a0care se respect\u0103. Ochelarii sunt un accesoriu \u201ein\u201c. Extrem de iubite fiind modelele cu ramele\u00a0complete, c\u0103 doar se \u015ftie: doar lucrurile \u00eentregi \u00ee\u015fi merit\u0103 pre\u0163ul! \u00cen acest caz nu va fi pl\u0103tit\u0103 doar robuste\u0163ea, ci \u015fi calitatea vizibilit\u0103\u0163ii dat\u0103 de design \u015fi materiale, care este cu siguran\u0163\u0103 la mare \u00een\u0103l\u0163ime. Ochelarii tip\u00a0Panto\u00a0fac parte din clasa modelelor clasice. De c\u00e2nd au fost descoperi\u0163i \u00een anii 20, ei reintr\u0103 cu regularitate \u00een mod\u0103. Ast\u0103zi, ei reprezint\u0103 o punte \u00eentre stilul Vintage \u015fi trendurile de ultim\u0103 or\u0103, finis\u00e2nd \u00eentr-un mod rafinat orice outfit.\" \/>\n<meta property=\"og:url\" content=\"https:\/\/www.visioneyes.ro\/shop-online\/ochelari-de-soare-dolce-gabbana-dg4394-32468g\/\" \/>\n<meta property=\"og:site_name\" content=\"Sun glasses, Contact Lenses, Eye glasses, Eyeglass Frames | VisionEyes\" \/>\n<meta property=\"article:modified_time\" content=\"2022-06-02T12:00:28+00:00\" \/>\n<meta name=\"twitter:card\" content=\"summary_large_image\" \/>\n<meta name=\"twitter:label1\" content=\"Est. reading time\">\n\t<meta name=\"twitter:data1\" content=\"1 minute\">\n<script type=\"application\/ld+json\" class=\"yoast-schema-graph\">{\"@context\":\"https:\/\/schema.org\",\"@graph\":[{\"@type\":\"WebSite\",\"@id\":\"https:\/\/www.visioneyes.ro\/#website\",\"url\":\"https:\/\/www.visioneyes.ro\/\",\"name\":\"Sun glasses, Contact Lenses, Eye glasses, Eyeglass Frames | VisionEyes\",\"description\":\"\",\"potentialAction\":[{\"@type\":\"SearchAction\",\"target\":\"https:\/\/www.visioneyes.ro\/?s={search_term_string}\",\"query-input\":\"required name=search_term_string\"}],\"inLanguage\":\"en-US\"},{\"@type\":\"WebPage\",\"@id\":\"https:\/\/www.visioneyes.ro\/shop-online\/ochelari-de-soare-dolce-gabbana-dg4394-32468g\/#webpage\",\"url\":\"https:\/\/www.visioneyes.ro\/shop-online\/ochelari-de-soare-dolce-gabbana-dg4394-32468g\/\",\"name\":\"Ochelari de soare Dolce & Gabbana DG4394 32468G - Sun glasses, Contact Lenses, Eye glasses, Eyeglass Frames | VisionEyes\",\"isPartOf\":{\"@id\":\"https:\/\/www.visioneyes.ro\/#website\"},\"datePublished\":\"2022-06-02T11:59:56+00:00\",\"dateModified\":\"2022-06-02T12:00:28+00:00\",\"inLanguage\":\"en-US\",\"potentialAction\":[{\"@type\":\"ReadAction\",\"target\":[\"https:\/\/www.visioneyes.ro\/shop-online\/ochelari-de-soare-dolce-gabbana-dg4394-32468g\/\"]}]}]}<\/script>\n<!-- \/ Yoast SEO plugin. -->","_links":{"self":[{"href":"https:\/\/www.visioneyes.ro\/en\/wp-json\/wp\/v2\/product\/12768"}],"collection":[{"href":"https:\/\/www.visioneyes.ro\/en\/wp-json\/wp\/v2\/product"}],"about":[{"href":"https:\/\/www.visioneyes.ro\/en\/wp-json\/wp\/v2\/types\/product"}],"replies":[{"embeddable":true,"href":"https:\/\/www.visioneyes.ro\/en\/wp-json\/wp\/v2\/comments?post=12768"}],"wp:attachment":[{"href":"https:\/\/www.visioneyes.ro\/en\/wp-json\/wp\/v2\/media?parent=12768"}],"curies":[{"name":"wp","href":"https:\/\/api.w.org\/{rel}","templated":true}]}}