{"id":12829,"date":"2022-06-02T14:06:10","date_gmt":"2022-06-02T12:06:10","guid":{"rendered":"https:\/\/www.visioneyes.ro\/shop-online\/ochelari-de-soare-dolce-gabbana-dg6125-252587\/"},"modified":"2022-06-02T14:06:10","modified_gmt":"2022-06-02T12:06:10","slug":"ochelari-de-soare-dolce-gabbana-dg6125-252587","status":"publish","type":"product","link":"https:\/\/www.visioneyes.ro\/en\/shop-online\/ochelari-de-soare-dolce-gabbana-dg6125-252587\/","title":{"rendered":"Ochelari de soare Dolce &#038; Gabbana DG6125 252587"},"content":{"rendered":"<div class=\"eoFontsizeXL eoTextBold\"><span style=\"font-size: 120%;\"><strong>DG 6125 Informa\u021bii modele<\/strong><\/span><\/div>\n<div><\/div>\n<table class=\"eoDetailPropertyListTable\" width=\"95%\">\n<tbody>\n<tr class=\"eoDetailItem eoFontSizeS\">\n<td>Dimensiuni &amp; Detalii<\/td>\n<td><span id=\"InfoSizeLabel905023\" class=\"sizeInfoRows\">XL<\/span><\/td>\n<\/tr>\n<tr class=\"eoDetailItem eoFontSizeS\">\n<td>Lungime lentil\u0103 (mm)<\/td>\n<td><span id=\"InfoLensSize905023\" class=\"sizeInfoRows\">135<\/span><\/td>\n<\/tr>\n<tr class=\"eoDetailItem eoFontSizeS\">\n<td>Punte nazal\u0103 (mm)<\/td>\n<td><span id=\"InfoBridgeSize905023\" class=\"sizeInfoRows\">0<\/span><\/td>\n<\/tr>\n<tr class=\"eoDetailItem eoFontSizeS\">\n<td>Lungimea tijei<\/td>\n<td><span id=\"InfoTempleSize905023\" class=\"sizeInfoRows\">145<\/span><\/td>\n<\/tr>\n<tr class=\"eoDetailItem eoFontSizeS\">\n<td class=\"eoDetailFeatureName\">Genul<\/td>\n<td class=\"eoDetailFeature\">B\u0103rba\u0163i<\/td>\n<\/tr>\n<tr class=\"eoDetailItem eoFontSizeS\">\n<td class=\"eoDetailFeatureName\">Tipul ramei<\/td>\n<td class=\"eoDetailFeature\"><a href=\"https:\/\/www.optieyes.ro\/?s=rama+intreaba&amp;post_type=product\">Ram\u0103 complet\u0103<\/a><\/td>\n<\/tr>\n<tr class=\"eoDetailItem eoFontSizeS\">\n<td class=\"eoDetailFeatureName\">Form\u0103 rame<\/td>\n<td class=\"eoDetailFeature\"><a href=\"https:\/\/www.optieyes.ro\/?s=shield&amp;post_type=product\">Shield<\/a><\/td>\n<\/tr>\n<tr class=\"eoDetailItem eoFontSizeS\">\n<td class=\"eoDetailFeatureName\">Material rame<\/td>\n<td class=\"eoDetailFeature\"><a href=\"https:\/\/www.optieyes.ro\/?s=plastic&amp;post_type=product\">Plastic<\/a><\/td>\n<\/tr>\n<tr class=\"eoDetailItem eoFontSizeS\">\n<td class=\"eoDetailFeatureName\">Culoare rame<\/td>\n<td class=\"eoDetailFeature\">Matte Black<\/td>\n<\/tr>\n<tr class=\"eoDetailItem eoFontSizeS\">\n<td class=\"eoDetailFeatureName\">Culoarea lentilei<\/td>\n<td class=\"eoDetailFeature\">Dark Grey<\/td>\n<\/tr>\n<tr class=\"eoDetailItem eoFontSizeS\">\n<td class=\"eoDetailFeatureName\">EAN<\/td>\n<td class=\"eoDetailFeature\">8056597131636<\/td>\n<\/tr>\n<\/tbody>\n<\/table>\n<div><\/div>\n<div class=\"eoFontsizeXL eoTextBold\"><span style=\"font-size: 115%;\"><strong>\u200cDG6125\/252587 Ochelari de soare<\/strong><\/span><\/div>\n<p>Ace\u015fti ochelari de soare sunt accesoriul perfect pentru orele de relaxare la plaj\u0103, \u00een drumul c\u0103tre birou sau plimb\u0103rile cu prietenii prin ora\u015f. Exist\u0103 \u00eens\u0103 \u015fi un dezavantaj: cu siguran\u0163\u0103 vei atrage pe ici-colo \u015fi c\u00e2teva priviri invidioase. Modelul DG6125 este lansat de cur\u00e2nd pe pia\u0163\u0103 \u00een 2019, a\u015fa \u00eenc\u00e2t cu siguran\u0163\u0103 vei fi la ultimul r\u0103cnet cu ace\u015fti ochelari. Sunt frumo\u015fi, dar totu\u015fi o alt\u0103 culoare ar fi mai potrivit\u0103 pentru hainele tale preferate? Atunci verific\u0103 \u015fi celelalte variante ale modelului DG6125 din sortimentul nostru de la\u00a0<a href=\"https:\/\/www.optieyes.ro\/?s=dolce+%26+gabbana&amp;post_type=product\"><b>Dolce &amp; Gabbana<\/b><\/a>, din 2018 \u015fi 2019.<\/p>\n<p>Acest model de ochelari se adreseaz\u0103 \u00een mod special\u00a0<a href=\"https:\/\/www.optieyes.ro\/?s=barbati&amp;post_type=product\"><b>b\u0103rba\u0163ilor<\/b><\/a>\u00a0trendy! Design-ul simplu, cu linii clare, confer\u0103 o not\u0103 masculin\u0103 discret\u0103. Ochelarii sunt un accesoriu \u201ein\u201c. Extrem de iubite fiind modelele cu ramele\u00a0<b>complete<\/b>, c\u0103 doar se \u015ftie: doar lucrurile \u00eentregi \u00ee\u015fi merit\u0103 pre\u0163ul! \u00cen acest caz nu va fi pl\u0103tit\u0103 doar robuste\u0163ea, ci \u015fi calitatea vizibilit\u0103\u0163ii dat\u0103 de design \u015fi materiale, care este cu siguran\u0163\u0103 la mare \u00een\u0103l\u0163ime.<\/p>\n","protected":false},"excerpt":{"rendered":"<div class=\"eoFontsizeXL eoTextBold\"><span style=\"font-size: 120%;\"><strong>DG 6125 Informa\u021bii modele<\/strong><\/span><\/div>\n<div><\/div>\n<table class=\"eoDetailPropertyListTable\" width=\"95%\">\n<tbody>\n<tr class=\"eoDetailItem eoFontSizeS\">\n<td>Dimensiuni &amp; Detalii<\/td>\n<td><span id=\"InfoSizeLabel905023\" class=\"sizeInfoRows\">XL<\/span><\/td>\n<\/tr>\n<tr class=\"eoDetailItem eoFontSizeS\">\n<td>Lungime lentil\u0103 (mm)<\/td>\n<td><span id=\"InfoLensSize905023\" class=\"sizeInfoRows\">135<\/span><\/td>\n<\/tr>\n<tr class=\"eoDetailItem eoFontSizeS\">\n<td>Punte nazal\u0103 (mm)<\/td>\n<td><span id=\"InfoBridgeSize905023\" class=\"sizeInfoRows\">0<\/span><\/td>\n<\/tr>\n<tr class=\"eoDetailItem eoFontSizeS\">\n<td>Lungimea tijei<\/td>\n<td><span id=\"InfoTempleSize905023\" class=\"sizeInfoRows\">145<\/span><\/td>\n<\/tr>\n<tr class=\"eoDetailItem eoFontSizeS\">\n<td class=\"eoDetailFeatureName\">Genul<\/td>\n<td class=\"eoDetailFeature\">B\u0103rba\u0163i<\/td>\n<\/tr>\n<tr class=\"eoDetailItem eoFontSizeS\">\n<td class=\"eoDetailFeatureName\">Tipul ramei<\/td>\n<td class=\"eoDetailFeature\"><a href=\"https:\/\/www.optieyes.ro\/?s=rama+intreaba&amp;post_type=product\">Ram\u0103 complet\u0103<\/a><\/td>\n<\/tr>\n<tr class=\"eoDetailItem eoFontSizeS\">\n<td class=\"eoDetailFeatureName\">Form\u0103 rame<\/td>\n<td class=\"eoDetailFeature\"><a href=\"https:\/\/www.optieyes.ro\/?s=shield&amp;post_type=product\">Shield<\/a><\/td>\n<\/tr>\n<tr class=\"eoDetailItem eoFontSizeS\">\n<td class=\"eoDetailFeatureName\">Material rame<\/td>\n<td class=\"eoDetailFeature\"><a href=\"https:\/\/www.optieyes.ro\/?s=plastic&amp;post_type=product\">Plastic<\/a><\/td>\n<\/tr>\n<tr class=\"eoDetailItem eoFontSizeS\">\n<td class=\"eoDetailFeatureName\">Culoare rame<\/td>\n<td class=\"eoDetailFeature\">Matte Black<\/td>\n<\/tr>\n<tr class=\"eoDetailItem eoFontSizeS\">\n<td class=\"eoDetailFeatureName\">Culoarea lentilei<\/td>\n<td class=\"eoDetailFeature\">Dark Grey<\/td>\n<\/tr>\n<tr class=\"eoDetailItem eoFontSizeS\">\n<td class=\"eoDetailFeatureName\">EAN<\/td>\n<td class=\"eoDetailFeature\">8056597131636<\/td>\n<\/tr>\n<\/tbody>\n<\/table>\n<div><\/div>\n<div class=\"eoFontsizeXL eoTextBold\"><span style=\"font-size: 115%;\"><strong>\u200cDG6125\/252587 Ochelari de soare<\/strong><\/span><\/div>\n<p>Ace\u015fti ochelari de soare sunt accesoriul perfect pentru orele de relaxare la plaj\u0103, \u00een drumul c\u0103tre birou sau plimb\u0103rile cu prietenii prin ora\u015f. Exist\u0103 \u00eens\u0103 \u015fi un dezavantaj: cu siguran\u0163\u0103 vei atrage pe ici-colo \u015fi c\u00e2teva priviri invidioase. Modelul DG6125 este lansat de cur\u00e2nd pe pia\u0163\u0103 \u00een 2019, a\u015fa \u00eenc\u00e2t cu siguran\u0163\u0103 vei fi la ultimul r\u0103cnet cu ace\u015fti ochelari. Sunt frumo\u015fi, dar totu\u015fi o alt\u0103 culoare ar fi mai potrivit\u0103 pentru hainele tale preferate? Atunci verific\u0103 \u015fi celelalte variante ale modelului DG6125 din sortimentul nostru de la\u00a0<a href=\"https:\/\/www.optieyes.ro\/?s=dolce+%26+gabbana&amp;post_type=product\"><b>Dolce &amp; Gabbana<\/b><\/a>, din 2018 \u015fi 2019.<\/p>\n<p>Acest model de ochelari se adreseaz\u0103 \u00een mod special\u00a0<a href=\"https:\/\/www.optieyes.ro\/?s=barbati&amp;post_type=product\"><b>b\u0103rba\u0163ilor<\/b><\/a>\u00a0trendy! Design-ul simplu, cu linii clare, confer\u0103 o not\u0103 masculin\u0103 discret\u0103. Ochelarii sunt un accesoriu \u201ein\u201c. Extrem de iubite fiind modelele cu ramele\u00a0<b>complete<\/b>, c\u0103 doar se \u015ftie: doar lucrurile \u00eentregi \u00ee\u015fi merit\u0103 pre\u0163ul! \u00cen acest caz nu va fi pl\u0103tit\u0103 doar robuste\u0163ea, ci \u015fi calitatea vizibilit\u0103\u0163ii dat\u0103 de design \u015fi materiale, care este cu siguran\u0163\u0103 la mare \u00een\u0103l\u0163ime.<\/p>\n","protected":false},"featured_media":0,"comment_status":"closed","ping_status":"open","template":"","meta":[],"yoast_head":"<!-- This site is optimized with the Yoast SEO plugin v15.5 - https:\/\/yoast.com\/wordpress\/plugins\/seo\/ -->\n<title>Ochelari de soare Dolce &amp; Gabbana DG6125 252587 - Sun glasses, Contact Lenses, Eye glasses, Eyeglass Frames | VisionEyes<\/title>\n<meta name=\"robots\" content=\"index, follow, max-snippet:-1, max-image-preview:large, max-video-preview:-1\" \/>\n<link rel=\"canonical\" href=\"https:\/\/www.visioneyes.ro\/shop-online\/ochelari-de-soare-dolce-gabbana-dg6125-252587\/\" \/>\n<meta property=\"og:locale\" content=\"en_US\" \/>\n<meta property=\"og:type\" content=\"article\" \/>\n<meta property=\"og:title\" content=\"Ochelari de soare Dolce &amp; Gabbana DG6125 252587 - Sun glasses, Contact Lenses, Eye glasses, Eyeglass Frames | VisionEyes\" \/>\n<meta property=\"og:description\" content=\"DG 6125 Informa\u021bii modele   Dimensiuni &amp; Detalii XL  Lungime lentil\u0103 (mm) 135  Punte nazal\u0103 (mm) 0  Lungimea tijei 145  Genul B\u0103rba\u0163i  Tipul ramei Ram\u0103 complet\u0103  Form\u0103 rame Shield  Material rame Plastic  Culoare rame Matte Black  Culoarea lentilei Dark Grey  EAN 8056597131636   \u200cDG6125\/252587 Ochelari de soare Ace\u015fti ochelari de soare sunt accesoriul perfect pentru orele de relaxare la plaj\u0103, \u00een drumul c\u0103tre birou sau plimb\u0103rile cu prietenii prin ora\u015f. Exist\u0103 \u00eens\u0103 \u015fi un dezavantaj: cu siguran\u0163\u0103 vei atrage pe ici-colo \u015fi c\u00e2teva priviri invidioase. Modelul DG6125 este lansat de cur\u00e2nd pe pia\u0163\u0103 \u00een 2019, a\u015fa \u00eenc\u00e2t cu siguran\u0163\u0103 vei fi la ultimul r\u0103cnet cu ace\u015fti ochelari. Sunt frumo\u015fi, dar totu\u015fi o alt\u0103 culoare ar fi mai potrivit\u0103 pentru hainele tale preferate? Atunci verific\u0103 \u015fi celelalte variante ale modelului DG6125 din sortimentul nostru de la\u00a0Dolce &amp; Gabbana, din 2018 \u015fi 2019. Acest model de ochelari se adreseaz\u0103 \u00een mod special\u00a0b\u0103rba\u0163ilor\u00a0trendy! Design-ul simplu, cu linii clare, confer\u0103 o not\u0103 masculin\u0103 discret\u0103. Ochelarii sunt un accesoriu \u201ein\u201c. Extrem de iubite fiind modelele cu ramele\u00a0complete, c\u0103 doar se \u015ftie: doar lucrurile \u00eentregi \u00ee\u015fi merit\u0103 pre\u0163ul! \u00cen acest caz nu va fi pl\u0103tit\u0103 doar robuste\u0163ea, ci \u015fi calitatea vizibilit\u0103\u0163ii dat\u0103 de design \u015fi materiale, care este cu siguran\u0163\u0103 la mare \u00een\u0103l\u0163ime.\" \/>\n<meta property=\"og:url\" content=\"https:\/\/www.visioneyes.ro\/shop-online\/ochelari-de-soare-dolce-gabbana-dg6125-252587\/\" \/>\n<meta property=\"og:site_name\" content=\"Sun glasses, Contact Lenses, Eye glasses, Eyeglass Frames | VisionEyes\" \/>\n<meta name=\"twitter:card\" content=\"summary_large_image\" \/>\n<meta name=\"twitter:label1\" content=\"Est. reading time\">\n\t<meta name=\"twitter:data1\" content=\"1 minute\">\n<script type=\"application\/ld+json\" class=\"yoast-schema-graph\">{\"@context\":\"https:\/\/schema.org\",\"@graph\":[{\"@type\":\"WebSite\",\"@id\":\"https:\/\/www.visioneyes.ro\/#website\",\"url\":\"https:\/\/www.visioneyes.ro\/\",\"name\":\"Sun glasses, Contact Lenses, Eye glasses, Eyeglass Frames | VisionEyes\",\"description\":\"\",\"potentialAction\":[{\"@type\":\"SearchAction\",\"target\":\"https:\/\/www.visioneyes.ro\/?s={search_term_string}\",\"query-input\":\"required name=search_term_string\"}],\"inLanguage\":\"en-US\"},{\"@type\":\"WebPage\",\"@id\":\"https:\/\/www.visioneyes.ro\/shop-online\/ochelari-de-soare-dolce-gabbana-dg6125-252587\/#webpage\",\"url\":\"https:\/\/www.visioneyes.ro\/shop-online\/ochelari-de-soare-dolce-gabbana-dg6125-252587\/\",\"name\":\"Ochelari de soare Dolce & Gabbana DG6125 252587 - Sun glasses, Contact Lenses, Eye glasses, Eyeglass Frames | VisionEyes\",\"isPartOf\":{\"@id\":\"https:\/\/www.visioneyes.ro\/#website\"},\"datePublished\":\"2022-06-02T12:06:10+00:00\",\"dateModified\":\"2022-06-02T12:06:10+00:00\",\"inLanguage\":\"en-US\",\"potentialAction\":[{\"@type\":\"ReadAction\",\"target\":[\"https:\/\/www.visioneyes.ro\/shop-online\/ochelari-de-soare-dolce-gabbana-dg6125-252587\/\"]}]}]}<\/script>\n<!-- \/ Yoast SEO plugin. -->","_links":{"self":[{"href":"https:\/\/www.visioneyes.ro\/en\/wp-json\/wp\/v2\/product\/12829"}],"collection":[{"href":"https:\/\/www.visioneyes.ro\/en\/wp-json\/wp\/v2\/product"}],"about":[{"href":"https:\/\/www.visioneyes.ro\/en\/wp-json\/wp\/v2\/types\/product"}],"replies":[{"embeddable":true,"href":"https:\/\/www.visioneyes.ro\/en\/wp-json\/wp\/v2\/comments?post=12829"}],"wp:attachment":[{"href":"https:\/\/www.visioneyes.ro\/en\/wp-json\/wp\/v2\/media?parent=12829"}],"curies":[{"name":"wp","href":"https:\/\/api.w.org\/{rel}","templated":true}]}}