{"id":12833,"date":"2022-06-02T14:07:58","date_gmt":"2022-06-02T12:07:58","guid":{"rendered":"https:\/\/www.visioneyes.ro\/shop-online\/ochelari-de-soare-dolce-gabbana-dg6132-675-t3\/"},"modified":"2022-06-02T14:07:58","modified_gmt":"2022-06-02T12:07:58","slug":"ochelari-de-soare-dolce-gabbana-dg6132-675-t3","status":"publish","type":"product","link":"https:\/\/www.visioneyes.ro\/en\/shop-online\/ochelari-de-soare-dolce-gabbana-dg6132-675-t3\/","title":{"rendered":"Ochelari de soare Dolce &#038; Gabbana DG6132 675\/T3"},"content":{"rendered":"<div class=\"eoFontsizeXL eoTextBold\"><span style=\"font-size: 120%;\"><strong>DG 6132 Informa\u021bii modele<\/strong><\/span><\/div>\n<div><\/div>\n<table class=\"eoDetailPropertyListTable\" width=\"95%\">\n<tbody>\n<tr class=\"eoDetailItem eoFontSizeS\">\n<td>Dimensiuni &amp; Detalii<\/td>\n<td><span id=\"InfoSizeLabel1392204\" class=\"sizeInfoRows\">L<\/span><\/td>\n<\/tr>\n<tr class=\"eoDetailItem eoFontSizeS\">\n<td>Lungime lentil\u0103 (mm)<\/td>\n<td><span id=\"InfoLensSize1392204\" class=\"sizeInfoRows\">54<\/span><\/td>\n<\/tr>\n<tr class=\"eoDetailItem eoFontSizeS\">\n<td>Punte nazal\u0103 (mm)<\/td>\n<td><span id=\"InfoBridgeSize1392204\" class=\"sizeInfoRows\">20<\/span><\/td>\n<\/tr>\n<tr class=\"eoDetailItem eoFontSizeS\">\n<td>Lungimea tijei<\/td>\n<td><span id=\"InfoTempleSize1392204\" class=\"sizeInfoRows\">145<\/span><\/td>\n<\/tr>\n<tr class=\"eoDetailItem eoFontSizeS\">\n<td class=\"eoDetailFeatureName\">Genul<\/td>\n<td class=\"eoDetailFeature\">B\u0103rba\u0163i<\/td>\n<\/tr>\n<tr class=\"eoDetailItem eoFontSizeS\">\n<td class=\"eoDetailFeatureName\">Tipul ramei<\/td>\n<td class=\"eoDetailFeature\"><a href=\"https:\/\/www.optieyes.ro\/?s=rama+intreaba&amp;post_type=product\">Ram\u0103 complet\u0103<\/a><\/td>\n<\/tr>\n<tr class=\"eoDetailItem eoFontSizeS\">\n<td class=\"eoDetailFeatureName\">Form\u0103 rame<\/td>\n<td class=\"eoDetailFeature\"><a href=\"https:\/\/www.optieyes.ro\/?s=square&amp;post_type=product\">Square<\/a><\/td>\n<\/tr>\n<tr class=\"eoDetailItem eoFontSizeS\">\n<td class=\"eoDetailFeatureName\">Material rame<\/td>\n<td class=\"eoDetailFeature\"><a href=\"https:\/\/www.optieyes.ro\/?s=plastic&amp;post_type=product\">Plastic<\/a><\/td>\n<\/tr>\n<tr class=\"eoDetailItem eoFontSizeS\">\n<td class=\"eoDetailFeatureName\">Op\u021biuni lentile<\/td>\n<td class=\"eoDetailFeature\"><a href=\"https:\/\/www.optieyes.ro\/?s=polarizat&amp;post_type=product\">Polarizat<\/a><\/td>\n<\/tr>\n<tr class=\"eoDetailItem eoFontSizeS\">\n<td class=\"eoDetailFeatureName\">Culoare rame<\/td>\n<td class=\"eoDetailFeature\">Black<\/td>\n<\/tr>\n<tr class=\"eoDetailItem eoFontSizeS\">\n<td class=\"eoDetailFeatureName\">Culoarea lentilei<\/td>\n<td class=\"eoDetailFeature\">Polar Grey<\/td>\n<\/tr>\n<tr class=\"eoDetailItem eoFontSizeS\">\n<td class=\"eoDetailFeatureName\">EAN<\/td>\n<td class=\"eoDetailFeature\">8056597538176<\/td>\n<\/tr>\n<\/tbody>\n<\/table>\n<div class=\"eoFontsizeXL eoTextBold\">\u200c<\/div>\n<div class=\"eoFontsizeXL eoTextBold\"><span style=\"font-size: 115%;\"><strong>DG6132\/675\/T3 Ochelari de soare<\/strong><\/span><\/div>\n<p>Modelul DG6132 reprezint\u0103 o adev\u0103rat\u0103 sclipire de fashion, deoarece ace\u015fti ochelari de soare \u00ee\u0163i vor conferi o str\u0103lucire aparte, care va transforma noaptea \u00een zi f\u0103r\u0103 a fi nici m\u0103car o raz\u0103 de soare necesar\u0103. Modelul DG6132 este lansat de cur\u00e2nd pe pia\u0163\u0103 \u00een 2021, a\u015fa \u00eenc\u00e2t cu siguran\u0163\u0103 vei fi la ultimul r\u0103cnet cu ace\u015fti ochelari. Sunt frumo\u015fi, dar totu\u015fi o alt\u0103 culoare ar fi mai potrivit\u0103 pentru hainele tale preferate? Atunci verific\u0103 \u015fi celelalte variante ale modelului DG6132 din sortimentul nostru de la\u00a0<a href=\"https:\/\/www.optieyes.ro\/?s=dolce+%26+gabbana&amp;post_type=product\"><b>Dolce &amp; Gabbana<\/b><\/a>, din 2020 \u015fi 2021.<\/p>\n<p>Aceast\u0103 pereche de ochelari a fost special creat\u0103 pentru\u00a0<a href=\"https:\/\/www.optieyes.ro\/?s=barbati&amp;post_type=product\"><b>b\u0103rba\u0163i<\/b><\/a>. Stilul Newschool cool se \u00eembin\u0103 fermec\u0103tor cu calitatea tradi\u0163ional\u0103, datorit\u0103 design-ul cu linii clare. Ochelarii cu rame\u00a0<b>complete<\/b>\u00a0au lentilele total \u00eencadrate de rame. Cei care sunt purt\u0103tori \u00eenr\u0103i\u0163i de ochelari, \u00ee\u015fi pot \u00eenchipui cu greu, doar \u00een situa\u0163i critice, un alt tip de ochelari dec\u00e2t acesta.<\/p>\n","protected":false},"excerpt":{"rendered":"<div class=\"eoFontsizeXL eoTextBold\"><span style=\"font-size: 120%;\"><strong>DG 6132 Informa\u021bii modele<\/strong><\/span><\/div>\n<div><\/div>\n<table class=\"eoDetailPropertyListTable\" width=\"95%\">\n<tbody>\n<tr class=\"eoDetailItem eoFontSizeS\">\n<td>Dimensiuni &amp; Detalii<\/td>\n<td><span id=\"InfoSizeLabel1392204\" class=\"sizeInfoRows\">L<\/span><\/td>\n<\/tr>\n<tr class=\"eoDetailItem eoFontSizeS\">\n<td>Lungime lentil\u0103 (mm)<\/td>\n<td><span id=\"InfoLensSize1392204\" class=\"sizeInfoRows\">54<\/span><\/td>\n<\/tr>\n<tr class=\"eoDetailItem eoFontSizeS\">\n<td>Punte nazal\u0103 (mm)<\/td>\n<td><span id=\"InfoBridgeSize1392204\" class=\"sizeInfoRows\">20<\/span><\/td>\n<\/tr>\n<tr class=\"eoDetailItem eoFontSizeS\">\n<td>Lungimea tijei<\/td>\n<td><span id=\"InfoTempleSize1392204\" class=\"sizeInfoRows\">145<\/span><\/td>\n<\/tr>\n<tr class=\"eoDetailItem eoFontSizeS\">\n<td class=\"eoDetailFeatureName\">Genul<\/td>\n<td class=\"eoDetailFeature\">B\u0103rba\u0163i<\/td>\n<\/tr>\n<tr class=\"eoDetailItem eoFontSizeS\">\n<td class=\"eoDetailFeatureName\">Tipul ramei<\/td>\n<td class=\"eoDetailFeature\"><a href=\"https:\/\/www.optieyes.ro\/?s=rama+intreaba&amp;post_type=product\">Ram\u0103 complet\u0103<\/a><\/td>\n<\/tr>\n<tr class=\"eoDetailItem eoFontSizeS\">\n<td class=\"eoDetailFeatureName\">Form\u0103 rame<\/td>\n<td class=\"eoDetailFeature\"><a href=\"https:\/\/www.optieyes.ro\/?s=square&amp;post_type=product\">Square<\/a><\/td>\n<\/tr>\n<tr class=\"eoDetailItem eoFontSizeS\">\n<td class=\"eoDetailFeatureName\">Material rame<\/td>\n<td class=\"eoDetailFeature\"><a href=\"https:\/\/www.optieyes.ro\/?s=plastic&amp;post_type=product\">Plastic<\/a><\/td>\n<\/tr>\n<tr class=\"eoDetailItem eoFontSizeS\">\n<td class=\"eoDetailFeatureName\">Op\u021biuni lentile<\/td>\n<td class=\"eoDetailFeature\"><a href=\"https:\/\/www.optieyes.ro\/?s=polarizat&amp;post_type=product\">Polarizat<\/a><\/td>\n<\/tr>\n<tr class=\"eoDetailItem eoFontSizeS\">\n<td class=\"eoDetailFeatureName\">Culoare rame<\/td>\n<td class=\"eoDetailFeature\">Black<\/td>\n<\/tr>\n<tr class=\"eoDetailItem eoFontSizeS\">\n<td class=\"eoDetailFeatureName\">Culoarea lentilei<\/td>\n<td class=\"eoDetailFeature\">Polar Grey<\/td>\n<\/tr>\n<tr class=\"eoDetailItem eoFontSizeS\">\n<td class=\"eoDetailFeatureName\">EAN<\/td>\n<td class=\"eoDetailFeature\">8056597538176<\/td>\n<\/tr>\n<\/tbody>\n<\/table>\n<div class=\"eoFontsizeXL eoTextBold\">\u200c<\/div>\n<div class=\"eoFontsizeXL eoTextBold\"><span style=\"font-size: 115%;\"><strong>DG6132\/675\/T3 Ochelari de soare<\/strong><\/span><\/div>\n<p>Modelul DG6132 reprezint\u0103 o adev\u0103rat\u0103 sclipire de fashion, deoarece ace\u015fti ochelari de soare \u00ee\u0163i vor conferi o str\u0103lucire aparte, care va transforma noaptea \u00een zi f\u0103r\u0103 a fi nici m\u0103car o raz\u0103 de soare necesar\u0103. Modelul DG6132 este lansat de cur\u00e2nd pe pia\u0163\u0103 \u00een 2021, a\u015fa \u00eenc\u00e2t cu siguran\u0163\u0103 vei fi la ultimul r\u0103cnet cu ace\u015fti ochelari. Sunt frumo\u015fi, dar totu\u015fi o alt\u0103 culoare ar fi mai potrivit\u0103 pentru hainele tale preferate? Atunci verific\u0103 \u015fi celelalte variante ale modelului DG6132 din sortimentul nostru de la\u00a0<a href=\"https:\/\/www.optieyes.ro\/?s=dolce+%26+gabbana&amp;post_type=product\"><b>Dolce &amp; Gabbana<\/b><\/a>, din 2020 \u015fi 2021.<\/p>\n<p>Aceast\u0103 pereche de ochelari a fost special creat\u0103 pentru\u00a0<a href=\"https:\/\/www.optieyes.ro\/?s=barbati&amp;post_type=product\"><b>b\u0103rba\u0163i<\/b><\/a>. Stilul Newschool cool se \u00eembin\u0103 fermec\u0103tor cu calitatea tradi\u0163ional\u0103, datorit\u0103 design-ul cu linii clare. Ochelarii cu rame\u00a0<b>complete<\/b>\u00a0au lentilele total \u00eencadrate de rame. Cei care sunt purt\u0103tori \u00eenr\u0103i\u0163i de ochelari, \u00ee\u015fi pot \u00eenchipui cu greu, doar \u00een situa\u0163i critice, un alt tip de ochelari dec\u00e2t acesta.<\/p>\n","protected":false},"featured_media":12834,"comment_status":"closed","ping_status":"open","template":"","meta":[],"yoast_head":"<!-- This site is optimized with the Yoast SEO plugin v15.5 - https:\/\/yoast.com\/wordpress\/plugins\/seo\/ -->\n<title>Ochelari de soare Dolce &amp; Gabbana DG6132 675\/T3 - Sun glasses, Contact Lenses, Eye glasses, Eyeglass Frames | VisionEyes<\/title>\n<meta name=\"robots\" content=\"index, follow, max-snippet:-1, max-image-preview:large, max-video-preview:-1\" \/>\n<link rel=\"canonical\" href=\"https:\/\/www.visioneyes.ro\/shop-online\/ochelari-de-soare-dolce-gabbana-dg6132-675-t3\/\" \/>\n<meta property=\"og:locale\" content=\"en_US\" \/>\n<meta property=\"og:type\" content=\"article\" \/>\n<meta property=\"og:title\" content=\"Ochelari de soare Dolce &amp; Gabbana DG6132 675\/T3 - Sun glasses, Contact Lenses, Eye glasses, Eyeglass Frames | VisionEyes\" \/>\n<meta property=\"og:description\" content=\"DG 6132 Informa\u021bii modele   Dimensiuni &amp; Detalii L  Lungime lentil\u0103 (mm) 54  Punte nazal\u0103 (mm) 20  Lungimea tijei 145  Genul B\u0103rba\u0163i  Tipul ramei Ram\u0103 complet\u0103  Form\u0103 rame Square  Material rame Plastic  Op\u021biuni lentile Polarizat  Culoare rame Black  Culoarea lentilei Polar Grey  EAN 8056597538176  \u200c DG6132\/675\/T3 Ochelari de soare Modelul DG6132 reprezint\u0103 o adev\u0103rat\u0103 sclipire de fashion, deoarece ace\u015fti ochelari de soare \u00ee\u0163i vor conferi o str\u0103lucire aparte, care va transforma noaptea \u00een zi f\u0103r\u0103 a fi nici m\u0103car o raz\u0103 de soare necesar\u0103. Modelul DG6132 este lansat de cur\u00e2nd pe pia\u0163\u0103 \u00een 2021, a\u015fa \u00eenc\u00e2t cu siguran\u0163\u0103 vei fi la ultimul r\u0103cnet cu ace\u015fti ochelari. Sunt frumo\u015fi, dar totu\u015fi o alt\u0103 culoare ar fi mai potrivit\u0103 pentru hainele tale preferate? Atunci verific\u0103 \u015fi celelalte variante ale modelului DG6132 din sortimentul nostru de la\u00a0Dolce &amp; Gabbana, din 2020 \u015fi 2021. Aceast\u0103 pereche de ochelari a fost special creat\u0103 pentru\u00a0b\u0103rba\u0163i. Stilul Newschool cool se \u00eembin\u0103 fermec\u0103tor cu calitatea tradi\u0163ional\u0103, datorit\u0103 design-ul cu linii clare. Ochelarii cu rame\u00a0complete\u00a0au lentilele total \u00eencadrate de rame. Cei care sunt purt\u0103tori \u00eenr\u0103i\u0163i de ochelari, \u00ee\u015fi pot \u00eenchipui cu greu, doar \u00een situa\u0163i critice, un alt tip de ochelari dec\u00e2t acesta.\" \/>\n<meta property=\"og:url\" content=\"https:\/\/www.visioneyes.ro\/shop-online\/ochelari-de-soare-dolce-gabbana-dg6132-675-t3\/\" \/>\n<meta property=\"og:site_name\" content=\"Sun glasses, Contact Lenses, Eye glasses, Eyeglass Frames | VisionEyes\" \/>\n<meta property=\"og:image\" content=\"https:\/\/www.visioneyes.ro\/wp-content\/uploads\/Dolce-and-Gabbana-DG6132-675-T3.jpg\" \/>\n\t<meta property=\"og:image:width\" content=\"1024\" \/>\n\t<meta property=\"og:image:height\" content=\"533\" \/>\n<meta name=\"twitter:card\" content=\"summary_large_image\" \/>\n<meta name=\"twitter:label1\" content=\"Est. reading time\">\n\t<meta name=\"twitter:data1\" content=\"1 minute\">\n<script type=\"application\/ld+json\" class=\"yoast-schema-graph\">{\"@context\":\"https:\/\/schema.org\",\"@graph\":[{\"@type\":\"WebSite\",\"@id\":\"https:\/\/www.visioneyes.ro\/#website\",\"url\":\"https:\/\/www.visioneyes.ro\/\",\"name\":\"Sun glasses, Contact Lenses, Eye glasses, Eyeglass Frames | VisionEyes\",\"description\":\"\",\"potentialAction\":[{\"@type\":\"SearchAction\",\"target\":\"https:\/\/www.visioneyes.ro\/?s={search_term_string}\",\"query-input\":\"required name=search_term_string\"}],\"inLanguage\":\"en-US\"},{\"@type\":\"ImageObject\",\"@id\":\"https:\/\/www.visioneyes.ro\/shop-online\/ochelari-de-soare-dolce-gabbana-dg6132-675-t3\/#primaryimage\",\"inLanguage\":\"en-US\",\"url\":\"https:\/\/www.visioneyes.ro\/wp-content\/uploads\/Dolce-and-Gabbana-DG6132-675-T3.jpg\",\"width\":1024,\"height\":533},{\"@type\":\"WebPage\",\"@id\":\"https:\/\/www.visioneyes.ro\/shop-online\/ochelari-de-soare-dolce-gabbana-dg6132-675-t3\/#webpage\",\"url\":\"https:\/\/www.visioneyes.ro\/shop-online\/ochelari-de-soare-dolce-gabbana-dg6132-675-t3\/\",\"name\":\"Ochelari de soare Dolce & Gabbana DG6132 675\/T3 - Sun glasses, Contact Lenses, Eye glasses, Eyeglass Frames | VisionEyes\",\"isPartOf\":{\"@id\":\"https:\/\/www.visioneyes.ro\/#website\"},\"primaryImageOfPage\":{\"@id\":\"https:\/\/www.visioneyes.ro\/shop-online\/ochelari-de-soare-dolce-gabbana-dg6132-675-t3\/#primaryimage\"},\"datePublished\":\"2022-06-02T12:07:58+00:00\",\"dateModified\":\"2022-06-02T12:07:58+00:00\",\"inLanguage\":\"en-US\",\"potentialAction\":[{\"@type\":\"ReadAction\",\"target\":[\"https:\/\/www.visioneyes.ro\/shop-online\/ochelari-de-soare-dolce-gabbana-dg6132-675-t3\/\"]}]}]}<\/script>\n<!-- \/ Yoast SEO plugin. -->","_links":{"self":[{"href":"https:\/\/www.visioneyes.ro\/en\/wp-json\/wp\/v2\/product\/12833"}],"collection":[{"href":"https:\/\/www.visioneyes.ro\/en\/wp-json\/wp\/v2\/product"}],"about":[{"href":"https:\/\/www.visioneyes.ro\/en\/wp-json\/wp\/v2\/types\/product"}],"replies":[{"embeddable":true,"href":"https:\/\/www.visioneyes.ro\/en\/wp-json\/wp\/v2\/comments?post=12833"}],"wp:featuredmedia":[{"embeddable":true,"href":"https:\/\/www.visioneyes.ro\/en\/wp-json\/wp\/v2\/media\/12834"}],"wp:attachment":[{"href":"https:\/\/www.visioneyes.ro\/en\/wp-json\/wp\/v2\/media?parent=12833"}],"curies":[{"name":"wp","href":"https:\/\/api.w.org\/{rel}","templated":true}]}}