{"id":12835,"date":"2022-06-02T14:07:58","date_gmt":"2022-06-02T12:07:58","guid":{"rendered":"https:\/\/www.visioneyes.ro\/shop-online\/ochelari-de-soare-dolce-gabbana-dg6134-325781\/"},"modified":"2022-06-02T14:07:58","modified_gmt":"2022-06-02T12:07:58","slug":"ochelari-de-soare-dolce-gabbana-dg6134-325781","status":"publish","type":"product","link":"https:\/\/www.visioneyes.ro\/en\/shop-online\/ochelari-de-soare-dolce-gabbana-dg6134-325781\/","title":{"rendered":"Ochelari de soare Dolce &#038; Gabbana DG6134 325781"},"content":{"rendered":"<div class=\"eoFontsizeXL eoTextBold\"><span style=\"font-size: 120%;\"><strong>DG 6134 Informa\u021bii modele<\/strong><\/span><\/div>\n<div><\/div>\n<table class=\"eoDetailPropertyListTable\" width=\"95%\">\n<tbody>\n<tr class=\"eoDetailItem eoFontSizeS\">\n<td>Dimensiuni &amp; Detalii<\/td>\n<td><span id=\"InfoSizeLabel1392205\" class=\"sizeInfoRows\">L<\/span><\/td>\n<\/tr>\n<tr class=\"eoDetailItem eoFontSizeS\">\n<td>Lungime lentil\u0103 (mm)<\/td>\n<td><span id=\"InfoLensSize1392205\" class=\"sizeInfoRows\">57<\/span><\/td>\n<\/tr>\n<tr class=\"eoDetailItem eoFontSizeS\">\n<td>Punte nazal\u0103 (mm)<\/td>\n<td><span id=\"InfoBridgeSize1392205\" class=\"sizeInfoRows\">16<\/span><\/td>\n<\/tr>\n<tr class=\"eoDetailItem eoFontSizeS\">\n<td>Lungimea tijei<\/td>\n<td><span id=\"InfoTempleSize1392205\" class=\"sizeInfoRows\">145<\/span><\/td>\n<\/tr>\n<tr class=\"eoDetailItem eoFontSizeS\">\n<td class=\"eoDetailFeatureName\">Genul<\/td>\n<td class=\"eoDetailFeature\">B\u0103rba\u0163i<\/td>\n<\/tr>\n<tr class=\"eoDetailItem eoFontSizeS\">\n<td class=\"eoDetailFeatureName\">Tipul ramei<\/td>\n<td class=\"eoDetailFeature\"><a href=\"https:\/\/www.optieyes.ro\/?s=rama+intreaba&amp;post_type=product\">Ram\u0103 complet\u0103<\/a><\/td>\n<\/tr>\n<tr class=\"eoDetailItem eoFontSizeS\">\n<td class=\"eoDetailFeatureName\">Form\u0103 rame<\/td>\n<td class=\"eoDetailFeature\"><a href=\"https:\/\/www.optieyes.ro\/?s=pilot&amp;post_type=product\">Pilot<\/a><\/td>\n<\/tr>\n<tr class=\"eoDetailItem eoFontSizeS\">\n<td class=\"eoDetailFeatureName\">Material rame<\/td>\n<td class=\"eoDetailFeature\"><a href=\"https:\/\/www.optieyes.ro\/?s=plastic&amp;post_type=product\">Plastic<\/a><\/td>\n<\/tr>\n<tr class=\"eoDetailItem eoFontSizeS\">\n<td class=\"eoDetailFeatureName\">Op\u021biuni lentile<\/td>\n<td class=\"eoDetailFeature\"><a href=\"https:\/\/www.optieyes.ro\/?s=polarizat&amp;post_type=product\">Polarizat<\/a><\/td>\n<\/tr>\n<tr class=\"eoDetailItem eoFontSizeS\">\n<td class=\"eoDetailFeatureName\">Culoare rame<\/td>\n<td class=\"eoDetailFeature\">Transparent Grey\/black<\/td>\n<\/tr>\n<tr class=\"eoDetailItem eoFontSizeS\">\n<td class=\"eoDetailFeatureName\">Culoarea lentilei<\/td>\n<td class=\"eoDetailFeature\">Polar Dark Grey<\/td>\n<\/tr>\n<tr class=\"eoDetailItem eoFontSizeS\">\n<td class=\"eoDetailFeatureName\">EAN<\/td>\n<td class=\"eoDetailFeature\">8056597537797<\/td>\n<\/tr>\n<\/tbody>\n<\/table>\n<div><\/div>\n<div class=\"eoFontsizeXL eoTextBold\"><span style=\"font-size: 115%;\"><strong>\u200cDG6134\/325781 Ochelari de soare<\/strong><\/span><\/div>\n<p>Prin intermediul acestor ochelari de soare po\u0163i s\u0103-\u0163i completezi look-ul cu un accesoriu calitativ, plin de originalitate. Te vei reg\u0103si mai aproape de staruri dec\u00e2t ai crede \u015fi vei reu\u015fi s\u0103 treze\u015fti uimirea \u00een orice situa\u0163ie. Modelul DG6134 este lansat de cur\u00e2nd pe pia\u0163\u0103 \u00een 2021, a\u015fa \u00eenc\u00e2t cu siguran\u0163\u0103 vei fi la ultimul r\u0103cnet cu ace\u015fti ochelari. Sunt frumo\u015fi, dar totu\u015fi o alt\u0103 culoare ar fi mai potrivit\u0103 pentru hainele tale preferate? Atunci verific\u0103 \u015fi celelalte variante ale modelului DG6134 din sortimentul nostru de la <a href=\"https:\/\/www.optieyes.ro\/?s=dolce+%26+gabbana&amp;post_type=product\"><b>Dolce &amp; Gabbana<\/b><\/a>, din 2020 \u015fi 2021.<\/p>\n<p>Acest model de ochelari se adreseaz\u0103 \u00een mod special\u00a0<a href=\"https:\/\/www.optieyes.ro\/?s=barbati&amp;post_type=product\"><b>b\u0103rba\u0163ilor<\/b><\/a>\u00a0trendy! Design-ul simplu, cu linii clare, confer\u0103 o not\u0103 masculin\u0103 discret\u0103. Ochelarii cu rame\u00a0<b>complete<\/b>\u00a0au lentilele total \u00eencadrate de rame. Cei care sunt purt\u0103tori \u00eenr\u0103i\u0163i de ochelari, \u00ee\u015fi pot \u00eenchipui cu greu, doar \u00een situa\u0163i critice, un alt tip de ochelari dec\u00e2t acesta. Ochelarii\u00a0<a href=\"https:\/\/www.optieyes.ro\/?s=pilot&amp;post_type=product\"><b>Pilot<\/b><\/a>, cunoscu\u0163i \u015fi sub numele Aviator, se num\u0103r\u0103 de ani buni printre \u201emust-have\u201c-urile anotimpului estival. Un accesoriu atemporal care se afl\u0103 primul pe lista de hit-uri clasice.<\/p>\n","protected":false},"excerpt":{"rendered":"<div class=\"eoFontsizeXL eoTextBold\"><span style=\"font-size: 120%;\"><strong>DG 6134 Informa\u021bii modele<\/strong><\/span><\/div>\n<div><\/div>\n<table class=\"eoDetailPropertyListTable\" width=\"95%\">\n<tbody>\n<tr class=\"eoDetailItem eoFontSizeS\">\n<td>Dimensiuni &amp; Detalii<\/td>\n<td><span id=\"InfoSizeLabel1392205\" class=\"sizeInfoRows\">L<\/span><\/td>\n<\/tr>\n<tr class=\"eoDetailItem eoFontSizeS\">\n<td>Lungime lentil\u0103 (mm)<\/td>\n<td><span id=\"InfoLensSize1392205\" class=\"sizeInfoRows\">57<\/span><\/td>\n<\/tr>\n<tr class=\"eoDetailItem eoFontSizeS\">\n<td>Punte nazal\u0103 (mm)<\/td>\n<td><span id=\"InfoBridgeSize1392205\" class=\"sizeInfoRows\">16<\/span><\/td>\n<\/tr>\n<tr class=\"eoDetailItem eoFontSizeS\">\n<td>Lungimea tijei<\/td>\n<td><span id=\"InfoTempleSize1392205\" class=\"sizeInfoRows\">145<\/span><\/td>\n<\/tr>\n<tr class=\"eoDetailItem eoFontSizeS\">\n<td class=\"eoDetailFeatureName\">Genul<\/td>\n<td class=\"eoDetailFeature\">B\u0103rba\u0163i<\/td>\n<\/tr>\n<tr class=\"eoDetailItem eoFontSizeS\">\n<td class=\"eoDetailFeatureName\">Tipul ramei<\/td>\n<td class=\"eoDetailFeature\"><a href=\"https:\/\/www.optieyes.ro\/?s=rama+intreaba&amp;post_type=product\">Ram\u0103 complet\u0103<\/a><\/td>\n<\/tr>\n<tr class=\"eoDetailItem eoFontSizeS\">\n<td class=\"eoDetailFeatureName\">Form\u0103 rame<\/td>\n<td class=\"eoDetailFeature\"><a href=\"https:\/\/www.optieyes.ro\/?s=pilot&amp;post_type=product\">Pilot<\/a><\/td>\n<\/tr>\n<tr class=\"eoDetailItem eoFontSizeS\">\n<td class=\"eoDetailFeatureName\">Material rame<\/td>\n<td class=\"eoDetailFeature\"><a href=\"https:\/\/www.optieyes.ro\/?s=plastic&amp;post_type=product\">Plastic<\/a><\/td>\n<\/tr>\n<tr class=\"eoDetailItem eoFontSizeS\">\n<td class=\"eoDetailFeatureName\">Op\u021biuni lentile<\/td>\n<td class=\"eoDetailFeature\"><a href=\"https:\/\/www.optieyes.ro\/?s=polarizat&amp;post_type=product\">Polarizat<\/a><\/td>\n<\/tr>\n<tr class=\"eoDetailItem eoFontSizeS\">\n<td class=\"eoDetailFeatureName\">Culoare rame<\/td>\n<td class=\"eoDetailFeature\">Transparent Grey\/black<\/td>\n<\/tr>\n<tr class=\"eoDetailItem eoFontSizeS\">\n<td class=\"eoDetailFeatureName\">Culoarea lentilei<\/td>\n<td class=\"eoDetailFeature\">Polar Dark Grey<\/td>\n<\/tr>\n<tr class=\"eoDetailItem eoFontSizeS\">\n<td class=\"eoDetailFeatureName\">EAN<\/td>\n<td class=\"eoDetailFeature\">8056597537797<\/td>\n<\/tr>\n<\/tbody>\n<\/table>\n<div><\/div>\n<div class=\"eoFontsizeXL eoTextBold\"><span style=\"font-size: 115%;\"><strong>\u200cDG6134\/325781 Ochelari de soare<\/strong><\/span><\/div>\n<p>Prin intermediul acestor ochelari de soare po\u0163i s\u0103-\u0163i completezi look-ul cu un accesoriu calitativ, plin de originalitate. Te vei reg\u0103si mai aproape de staruri dec\u00e2t ai crede \u015fi vei reu\u015fi s\u0103 treze\u015fti uimirea \u00een orice situa\u0163ie. Modelul DG6134 este lansat de cur\u00e2nd pe pia\u0163\u0103 \u00een 2021, a\u015fa \u00eenc\u00e2t cu siguran\u0163\u0103 vei fi la ultimul r\u0103cnet cu ace\u015fti ochelari. Sunt frumo\u015fi, dar totu\u015fi o alt\u0103 culoare ar fi mai potrivit\u0103 pentru hainele tale preferate? Atunci verific\u0103 \u015fi celelalte variante ale modelului DG6134 din sortimentul nostru de la <a href=\"https:\/\/www.optieyes.ro\/?s=dolce+%26+gabbana&amp;post_type=product\"><b>Dolce &amp; Gabbana<\/b><\/a>, din 2020 \u015fi 2021.<\/p>\n<p>Acest model de ochelari se adreseaz\u0103 \u00een mod special\u00a0<a href=\"https:\/\/www.optieyes.ro\/?s=barbati&amp;post_type=product\"><b>b\u0103rba\u0163ilor<\/b><\/a>\u00a0trendy! Design-ul simplu, cu linii clare, confer\u0103 o not\u0103 masculin\u0103 discret\u0103. Ochelarii cu rame\u00a0<b>complete<\/b>\u00a0au lentilele total \u00eencadrate de rame. Cei care sunt purt\u0103tori \u00eenr\u0103i\u0163i de ochelari, \u00ee\u015fi pot \u00eenchipui cu greu, doar \u00een situa\u0163i critice, un alt tip de ochelari dec\u00e2t acesta. Ochelarii\u00a0<a href=\"https:\/\/www.optieyes.ro\/?s=pilot&amp;post_type=product\"><b>Pilot<\/b><\/a>, cunoscu\u0163i \u015fi sub numele Aviator, se num\u0103r\u0103 de ani buni printre \u201emust-have\u201c-urile anotimpului estival. Un accesoriu atemporal care se afl\u0103 primul pe lista de hit-uri clasice.<\/p>\n","protected":false},"featured_media":0,"comment_status":"closed","ping_status":"open","template":"","meta":[],"yoast_head":"<!-- This site is optimized with the Yoast SEO plugin v15.5 - https:\/\/yoast.com\/wordpress\/plugins\/seo\/ -->\n<title>Ochelari de soare Dolce &amp; Gabbana DG6134 325781 - Sun glasses, Contact Lenses, Eye glasses, Eyeglass Frames | VisionEyes<\/title>\n<meta name=\"robots\" content=\"index, follow, max-snippet:-1, max-image-preview:large, max-video-preview:-1\" \/>\n<link rel=\"canonical\" href=\"https:\/\/www.visioneyes.ro\/shop-online\/ochelari-de-soare-dolce-gabbana-dg6134-325781\/\" \/>\n<meta property=\"og:locale\" content=\"en_US\" \/>\n<meta property=\"og:type\" content=\"article\" \/>\n<meta property=\"og:title\" content=\"Ochelari de soare Dolce &amp; Gabbana DG6134 325781 - Sun glasses, Contact Lenses, Eye glasses, Eyeglass Frames | VisionEyes\" \/>\n<meta property=\"og:description\" content=\"DG 6134 Informa\u021bii modele   Dimensiuni &amp; Detalii L  Lungime lentil\u0103 (mm) 57  Punte nazal\u0103 (mm) 16  Lungimea tijei 145  Genul B\u0103rba\u0163i  Tipul ramei Ram\u0103 complet\u0103  Form\u0103 rame Pilot  Material rame Plastic  Op\u021biuni lentile Polarizat  Culoare rame Transparent Grey\/black  Culoarea lentilei Polar Dark Grey  EAN 8056597537797   \u200cDG6134\/325781 Ochelari de soare Prin intermediul acestor ochelari de soare po\u0163i s\u0103-\u0163i completezi look-ul cu un accesoriu calitativ, plin de originalitate. Te vei reg\u0103si mai aproape de staruri dec\u00e2t ai crede \u015fi vei reu\u015fi s\u0103 treze\u015fti uimirea \u00een orice situa\u0163ie. Modelul DG6134 este lansat de cur\u00e2nd pe pia\u0163\u0103 \u00een 2021, a\u015fa \u00eenc\u00e2t cu siguran\u0163\u0103 vei fi la ultimul r\u0103cnet cu ace\u015fti ochelari. Sunt frumo\u015fi, dar totu\u015fi o alt\u0103 culoare ar fi mai potrivit\u0103 pentru hainele tale preferate? Atunci verific\u0103 \u015fi celelalte variante ale modelului DG6134 din sortimentul nostru de la Dolce &amp; Gabbana, din 2020 \u015fi 2021. Acest model de ochelari se adreseaz\u0103 \u00een mod special\u00a0b\u0103rba\u0163ilor\u00a0trendy! Design-ul simplu, cu linii clare, confer\u0103 o not\u0103 masculin\u0103 discret\u0103. Ochelarii cu rame\u00a0complete\u00a0au lentilele total \u00eencadrate de rame. Cei care sunt purt\u0103tori \u00eenr\u0103i\u0163i de ochelari, \u00ee\u015fi pot \u00eenchipui cu greu, doar \u00een situa\u0163i critice, un alt tip de ochelari dec\u00e2t acesta. Ochelarii\u00a0Pilot, cunoscu\u0163i \u015fi sub numele Aviator, se num\u0103r\u0103 de ani buni printre \u201emust-have\u201c-urile anotimpului estival. Un accesoriu atemporal care se afl\u0103 primul pe lista de hit-uri clasice.\" \/>\n<meta property=\"og:url\" content=\"https:\/\/www.visioneyes.ro\/shop-online\/ochelari-de-soare-dolce-gabbana-dg6134-325781\/\" \/>\n<meta property=\"og:site_name\" content=\"Sun glasses, Contact Lenses, Eye glasses, Eyeglass Frames | VisionEyes\" \/>\n<meta name=\"twitter:card\" content=\"summary_large_image\" \/>\n<meta name=\"twitter:label1\" content=\"Est. reading time\">\n\t<meta name=\"twitter:data1\" content=\"1 minute\">\n<script type=\"application\/ld+json\" class=\"yoast-schema-graph\">{\"@context\":\"https:\/\/schema.org\",\"@graph\":[{\"@type\":\"WebSite\",\"@id\":\"https:\/\/www.visioneyes.ro\/#website\",\"url\":\"https:\/\/www.visioneyes.ro\/\",\"name\":\"Sun glasses, Contact Lenses, Eye glasses, Eyeglass Frames | VisionEyes\",\"description\":\"\",\"potentialAction\":[{\"@type\":\"SearchAction\",\"target\":\"https:\/\/www.visioneyes.ro\/?s={search_term_string}\",\"query-input\":\"required name=search_term_string\"}],\"inLanguage\":\"en-US\"},{\"@type\":\"WebPage\",\"@id\":\"https:\/\/www.visioneyes.ro\/shop-online\/ochelari-de-soare-dolce-gabbana-dg6134-325781\/#webpage\",\"url\":\"https:\/\/www.visioneyes.ro\/shop-online\/ochelari-de-soare-dolce-gabbana-dg6134-325781\/\",\"name\":\"Ochelari de soare Dolce & Gabbana DG6134 325781 - Sun glasses, Contact Lenses, Eye glasses, Eyeglass Frames | VisionEyes\",\"isPartOf\":{\"@id\":\"https:\/\/www.visioneyes.ro\/#website\"},\"datePublished\":\"2022-06-02T12:07:58+00:00\",\"dateModified\":\"2022-06-02T12:07:58+00:00\",\"inLanguage\":\"en-US\",\"potentialAction\":[{\"@type\":\"ReadAction\",\"target\":[\"https:\/\/www.visioneyes.ro\/shop-online\/ochelari-de-soare-dolce-gabbana-dg6134-325781\/\"]}]}]}<\/script>\n<!-- \/ Yoast SEO plugin. -->","_links":{"self":[{"href":"https:\/\/www.visioneyes.ro\/en\/wp-json\/wp\/v2\/product\/12835"}],"collection":[{"href":"https:\/\/www.visioneyes.ro\/en\/wp-json\/wp\/v2\/product"}],"about":[{"href":"https:\/\/www.visioneyes.ro\/en\/wp-json\/wp\/v2\/types\/product"}],"replies":[{"embeddable":true,"href":"https:\/\/www.visioneyes.ro\/en\/wp-json\/wp\/v2\/comments?post=12835"}],"wp:attachment":[{"href":"https:\/\/www.visioneyes.ro\/en\/wp-json\/wp\/v2\/media?parent=12835"}],"curies":[{"name":"wp","href":"https:\/\/api.w.org\/{rel}","templated":true}]}}