{"id":13118,"date":"2023-04-04T06:27:36","date_gmt":"2023-04-04T04:27:36","guid":{"rendered":"https:\/\/www.visioneyes.ro\/shop-online\/rame-ochelari-de-vedere-emporio-armani-ea-3147-5799\/"},"modified":"2023-04-04T06:27:37","modified_gmt":"2023-04-04T04:27:37","slug":"rame-ochelari-de-vedere-emporio-armani-ea-3147-5799","status":"publish","type":"product","link":"https:\/\/www.visioneyes.ro\/en\/shop-online\/rame-ochelari-de-vedere-emporio-armani-ea-3147-5799\/","title":{"rendered":"Rame ochelari de vedere Emporio Armani EA 3147 5799"},"content":{"rendered":"<div class=\"eoFontsizeXL eoTextBold\"><span style=\"font-size: 120%;\"><strong>EA 3147 Informa\u021bii modele<\/strong><\/span><\/div>\n<div><\/div>\n<table class=\"eoDetailPropertyListTable\" width=\"95%\">\n<tbody>\n<tr class=\"eoDetailItem eoFontSizeS\">\n<td>Dimensiuni &amp; Detalii<\/td>\n<td><span id=\"InfoSizeLabel1710178\" class=\"sizeInfoRows\">M<\/span><span class=\"sizeInfoRowsMargin\">\/<\/span><span id=\"InfoSizeLabel1710179\" class=\"sizeInfoRows\">L<\/span><\/td>\n<\/tr>\n<tr class=\"eoDetailItem eoFontSizeS\">\n<td>Lungime lentil\u0103 (mm)<\/td>\n<td><span id=\"InfoLensSize1710178\" class=\"sizeInfoRows\">53<\/span><span class=\"sizeInfoRowsMargin\">\/<\/span><span id=\"InfoLensSize1710179\" class=\"sizeInfoRows\">55<\/span><\/td>\n<\/tr>\n<tr class=\"eoDetailItem eoFontSizeS\">\n<td>Punte nazal\u0103 (mm)<\/td>\n<td><span id=\"InfoBridgeSize1710178\" class=\"sizeInfoRows\">18<\/span><span class=\"sizeInfoRowsMargin\">\/<\/span><span id=\"InfoBridgeSize1710179\" class=\"sizeInfoRows\">18<\/span><\/td>\n<\/tr>\n<tr class=\"eoDetailItem eoFontSizeS\">\n<td>Lungimea tijei<\/td>\n<td><span id=\"InfoTempleSize1710178\" class=\"sizeInfoRows\">142<\/span><span class=\"sizeInfoRowsMargin\">\/<\/span><span id=\"InfoTempleSize1710179\" class=\"sizeInfoRows\">142<\/span><\/td>\n<\/tr>\n<tr class=\"eoDetailItem eoFontSizeS\">\n<td class=\"eoDetailFeatureName\">Genul<\/td>\n<td class=\"eoDetailFeature\">B\u0103rba\u0163i<\/td>\n<\/tr>\n<tr class=\"eoDetailItem eoFontSizeS\">\n<td class=\"eoDetailFeatureName\">Tipul ramei<\/td>\n<td class=\"eoDetailFeature\"><a href=\"https:\/\/www.optieyes.ro\/?s=rama+completa&amp;post_type=product\">Ram\u0103 complet\u0103<\/a><\/td>\n<\/tr>\n<tr class=\"eoDetailItem eoFontSizeS\">\n<td class=\"eoDetailFeatureName\">Form\u0103 rame<\/td>\n<td class=\"eoDetailFeature\"><a href=\"https:\/\/www.optieyes.ro\/?s=rectangle&amp;post_type=product\">Rectangle<\/a><\/td>\n<\/tr>\n<tr class=\"eoDetailItem eoFontSizeS\">\n<td class=\"eoDetailFeatureName\">Material rame<\/td>\n<td class=\"eoDetailFeature\"><a href=\"https:\/\/www.optieyes.ro\/?s=plastic&amp;post_type=product\">Plastic<\/a><\/td>\n<\/tr>\n<tr class=\"eoDetailItem eoFontSizeS\">\n<td class=\"eoDetailFeatureName\">Culoare rame<\/td>\n<td class=\"eoDetailFeature\">Matte Blue<\/td>\n<\/tr>\n<tr class=\"eoDetailItem eoFontSizeS\">\n<td class=\"eoDetailFeatureName\">EAN<\/td>\n<td class=\"eoDetailFeature\">8056597755122, 8056597755115<\/td>\n<\/tr>\n<\/tbody>\n<\/table>\n<div><\/div>\n<div class=\"eoFontsizeXL eoTextBold\"><span style=\"font-size: 110%;\"><strong>\u200cEA3147\/5799 Rame Ochelari<\/strong><\/span><\/div>\n<p>Cu aceast\u0103 pies\u0103 de designer \u00ee\u0163i po\u0163i considera ochii perfect \u201e\u00eembr\u0103ca\u0163i\u201d \u00een fiecare zi. Modelul EA3147 este lansat de cur\u00e2nd pe pia\u0163\u0103 \u00een 2022, a\u015fa \u00eenc\u00e2t cu siguran\u0163\u0103 vei fi la ultimul r\u0103cnet cu ace\u015fti ochelari. Modelul de ochelari EA3147 poate fi comandat \u00een magazinul nostru online \u00een urm\u0103toarele m\u0103rimi: 53 mm, 55 mm. \u00cen cazul \u00een care nu s\u0163i ce m\u0103rime ai, po\u0163i s\u0103 probezi perechea de ochelari dorit\u0103 comod, acas\u0103. Prin faptul c\u0103 noi \u00ee\u0163i oferim posibilitatea de a returna gratuit, toate comenzile nepotrivite, fie c\u0103 sunt prea mari sau prea mici, pot fi trimise simplu \u00eenapoi. Sunt frumo\u015fi, dar totu\u015fi o alt\u0103 culoare ar fi mai potrivit\u0103 pentru hainele tale preferate? Atunci verific\u0103 \u015fi celelalte variante ale modelului EA3147 din sortimentul nostru de la\u00a0<a href=\"https:\/\/www.optieyes.ro\/?s=emporio+armani&amp;post_type=product\"><b>Emporio Armani<\/b><\/a>, din 2021 \u015fi 2022.<\/p>\n","protected":false},"excerpt":{"rendered":"<div class=\"eoFontsizeXL eoTextBold\"><span style=\"font-size: 120%;\"><strong>EA 3147 Informa\u021bii modele<\/strong><\/span><\/div>\n<div><\/div>\n<table class=\"eoDetailPropertyListTable\" width=\"95%\">\n<tbody>\n<tr class=\"eoDetailItem eoFontSizeS\">\n<td>Dimensiuni &amp; Detalii<\/td>\n<td><span id=\"InfoSizeLabel1710178\" class=\"sizeInfoRows\">M<\/span><span class=\"sizeInfoRowsMargin\">\/<\/span><span id=\"InfoSizeLabel1710179\" class=\"sizeInfoRows\">L<\/span><\/td>\n<\/tr>\n<tr class=\"eoDetailItem eoFontSizeS\">\n<td>Lungime lentil\u0103 (mm)<\/td>\n<td><span id=\"InfoLensSize1710178\" class=\"sizeInfoRows\">53<\/span><span class=\"sizeInfoRowsMargin\">\/<\/span><span id=\"InfoLensSize1710179\" class=\"sizeInfoRows\">55<\/span><\/td>\n<\/tr>\n<tr class=\"eoDetailItem eoFontSizeS\">\n<td>Punte nazal\u0103 (mm)<\/td>\n<td><span id=\"InfoBridgeSize1710178\" class=\"sizeInfoRows\">18<\/span><span class=\"sizeInfoRowsMargin\">\/<\/span><span id=\"InfoBridgeSize1710179\" class=\"sizeInfoRows\">18<\/span><\/td>\n<\/tr>\n<tr class=\"eoDetailItem eoFontSizeS\">\n<td>Lungimea tijei<\/td>\n<td><span id=\"InfoTempleSize1710178\" class=\"sizeInfoRows\">142<\/span><span class=\"sizeInfoRowsMargin\">\/<\/span><span id=\"InfoTempleSize1710179\" class=\"sizeInfoRows\">142<\/span><\/td>\n<\/tr>\n<tr class=\"eoDetailItem eoFontSizeS\">\n<td class=\"eoDetailFeatureName\">Genul<\/td>\n<td class=\"eoDetailFeature\">B\u0103rba\u0163i<\/td>\n<\/tr>\n<tr class=\"eoDetailItem eoFontSizeS\">\n<td class=\"eoDetailFeatureName\">Tipul ramei<\/td>\n<td class=\"eoDetailFeature\"><a href=\"https:\/\/www.optieyes.ro\/?s=rama+completa&amp;post_type=product\">Ram\u0103 complet\u0103<\/a><\/td>\n<\/tr>\n<tr class=\"eoDetailItem eoFontSizeS\">\n<td class=\"eoDetailFeatureName\">Form\u0103 rame<\/td>\n<td class=\"eoDetailFeature\"><a href=\"https:\/\/www.optieyes.ro\/?s=rectangle&amp;post_type=product\">Rectangle<\/a><\/td>\n<\/tr>\n<tr class=\"eoDetailItem eoFontSizeS\">\n<td class=\"eoDetailFeatureName\">Material rame<\/td>\n<td class=\"eoDetailFeature\"><a href=\"https:\/\/www.optieyes.ro\/?s=plastic&amp;post_type=product\">Plastic<\/a><\/td>\n<\/tr>\n<tr class=\"eoDetailItem eoFontSizeS\">\n<td class=\"eoDetailFeatureName\">Culoare rame<\/td>\n<td class=\"eoDetailFeature\">Matte Blue<\/td>\n<\/tr>\n<tr class=\"eoDetailItem eoFontSizeS\">\n<td class=\"eoDetailFeatureName\">EAN<\/td>\n<td class=\"eoDetailFeature\">8056597755122, 8056597755115<\/td>\n<\/tr>\n<\/tbody>\n<\/table>\n<div><\/div>\n<div class=\"eoFontsizeXL eoTextBold\"><span style=\"font-size: 110%;\"><strong>\u200cEA3147\/5799 Rame Ochelari<\/strong><\/span><\/div>\n<p>Cu aceast\u0103 pies\u0103 de designer \u00ee\u0163i po\u0163i considera ochii perfect \u201e\u00eembr\u0103ca\u0163i\u201d \u00een fiecare zi. Modelul EA3147 este lansat de cur\u00e2nd pe pia\u0163\u0103 \u00een 2022, a\u015fa \u00eenc\u00e2t cu siguran\u0163\u0103 vei fi la ultimul r\u0103cnet cu ace\u015fti ochelari. Modelul de ochelari EA3147 poate fi comandat \u00een magazinul nostru online \u00een urm\u0103toarele m\u0103rimi: 53 mm, 55 mm. \u00cen cazul \u00een care nu s\u0163i ce m\u0103rime ai, po\u0163i s\u0103 probezi perechea de ochelari dorit\u0103 comod, acas\u0103. Prin faptul c\u0103 noi \u00ee\u0163i oferim posibilitatea de a returna gratuit, toate comenzile nepotrivite, fie c\u0103 sunt prea mari sau prea mici, pot fi trimise simplu \u00eenapoi. Sunt frumo\u015fi, dar totu\u015fi o alt\u0103 culoare ar fi mai potrivit\u0103 pentru hainele tale preferate? Atunci verific\u0103 \u015fi celelalte variante ale modelului EA3147 din sortimentul nostru de la\u00a0<a href=\"https:\/\/www.optieyes.ro\/?s=emporio+armani&amp;post_type=product\"><b>Emporio Armani<\/b><\/a>, din 2021 \u015fi 2022.<\/p>\n","protected":false},"featured_media":13119,"comment_status":"closed","ping_status":"open","template":"","meta":[],"yoast_head":"<!-- This site is optimized with the Yoast SEO plugin v15.5 - https:\/\/yoast.com\/wordpress\/plugins\/seo\/ -->\n<title>Rame ochelari de vedere Emporio Armani EA 3147 5799 - Sun glasses, Contact Lenses, Eye glasses, Eyeglass Frames | VisionEyes<\/title>\n<meta name=\"robots\" content=\"index, follow, max-snippet:-1, max-image-preview:large, max-video-preview:-1\" \/>\n<link rel=\"canonical\" href=\"https:\/\/www.visioneyes.ro\/shop-online\/rame-ochelari-de-vedere-emporio-armani-ea-3147-5799\/\" \/>\n<meta property=\"og:locale\" content=\"en_US\" \/>\n<meta property=\"og:type\" content=\"article\" \/>\n<meta property=\"og:title\" content=\"Rame ochelari de vedere Emporio Armani EA 3147 5799 - Sun glasses, Contact Lenses, Eye glasses, Eyeglass Frames | VisionEyes\" \/>\n<meta property=\"og:description\" content=\"EA 3147 Informa\u021bii modele   Dimensiuni &amp; Detalii M\/L  Lungime lentil\u0103 (mm) 53\/55  Punte nazal\u0103 (mm) 18\/18  Lungimea tijei 142\/142  Genul B\u0103rba\u0163i  Tipul ramei Ram\u0103 complet\u0103  Form\u0103 rame Rectangle  Material rame Plastic  Culoare rame Matte Blue  EAN 8056597755122, 8056597755115   \u200cEA3147\/5799 Rame Ochelari Cu aceast\u0103 pies\u0103 de designer \u00ee\u0163i po\u0163i considera ochii perfect \u201e\u00eembr\u0103ca\u0163i\u201d \u00een fiecare zi. Modelul EA3147 este lansat de cur\u00e2nd pe pia\u0163\u0103 \u00een 2022, a\u015fa \u00eenc\u00e2t cu siguran\u0163\u0103 vei fi la ultimul r\u0103cnet cu ace\u015fti ochelari. Modelul de ochelari EA3147 poate fi comandat \u00een magazinul nostru online \u00een urm\u0103toarele m\u0103rimi: 53 mm, 55 mm. \u00cen cazul \u00een care nu s\u0163i ce m\u0103rime ai, po\u0163i s\u0103 probezi perechea de ochelari dorit\u0103 comod, acas\u0103. Prin faptul c\u0103 noi \u00ee\u0163i oferim posibilitatea de a returna gratuit, toate comenzile nepotrivite, fie c\u0103 sunt prea mari sau prea mici, pot fi trimise simplu \u00eenapoi. Sunt frumo\u015fi, dar totu\u015fi o alt\u0103 culoare ar fi mai potrivit\u0103 pentru hainele tale preferate? Atunci verific\u0103 \u015fi celelalte variante ale modelului EA3147 din sortimentul nostru de la\u00a0Emporio Armani, din 2021 \u015fi 2022.\" \/>\n<meta property=\"og:url\" content=\"https:\/\/www.visioneyes.ro\/shop-online\/rame-ochelari-de-vedere-emporio-armani-ea-3147-5799\/\" \/>\n<meta property=\"og:site_name\" content=\"Sun glasses, Contact Lenses, Eye glasses, Eyeglass Frames | VisionEyes\" \/>\n<meta property=\"article:modified_time\" content=\"2023-04-04T04:27:37+00:00\" \/>\n<meta property=\"og:image\" content=\"https:\/\/www.visioneyes.ro\/wp-content\/uploads\/Ray.Ban_.2140-1.jpg\" \/>\n\t<meta property=\"og:image:width\" content=\"1024\" \/>\n\t<meta property=\"og:image:height\" content=\"533\" \/>\n<meta name=\"twitter:card\" content=\"summary_large_image\" \/>\n<meta name=\"twitter:label1\" content=\"Est. reading time\">\n\t<meta name=\"twitter:data1\" content=\"1 minute\">\n<script type=\"application\/ld+json\" class=\"yoast-schema-graph\">{\"@context\":\"https:\/\/schema.org\",\"@graph\":[{\"@type\":\"WebSite\",\"@id\":\"https:\/\/www.visioneyes.ro\/#website\",\"url\":\"https:\/\/www.visioneyes.ro\/\",\"name\":\"Sun glasses, Contact Lenses, Eye glasses, Eyeglass Frames | VisionEyes\",\"description\":\"\",\"potentialAction\":[{\"@type\":\"SearchAction\",\"target\":\"https:\/\/www.visioneyes.ro\/?s={search_term_string}\",\"query-input\":\"required name=search_term_string\"}],\"inLanguage\":\"en-US\"},{\"@type\":\"ImageObject\",\"@id\":\"https:\/\/www.visioneyes.ro\/shop-online\/rame-ochelari-de-vedere-emporio-armani-ea-3147-5799\/#primaryimage\",\"inLanguage\":\"en-US\",\"url\":\"https:\/\/www.visioneyes.ro\/wp-content\/uploads\/Ray.Ban_.2140-1.jpg\",\"width\":1024,\"height\":533},{\"@type\":\"WebPage\",\"@id\":\"https:\/\/www.visioneyes.ro\/shop-online\/rame-ochelari-de-vedere-emporio-armani-ea-3147-5799\/#webpage\",\"url\":\"https:\/\/www.visioneyes.ro\/shop-online\/rame-ochelari-de-vedere-emporio-armani-ea-3147-5799\/\",\"name\":\"Rame ochelari de vedere Emporio Armani EA 3147 5799 - Sun glasses, Contact Lenses, Eye glasses, Eyeglass Frames | VisionEyes\",\"isPartOf\":{\"@id\":\"https:\/\/www.visioneyes.ro\/#website\"},\"primaryImageOfPage\":{\"@id\":\"https:\/\/www.visioneyes.ro\/shop-online\/rame-ochelari-de-vedere-emporio-armani-ea-3147-5799\/#primaryimage\"},\"datePublished\":\"2023-04-04T04:27:36+00:00\",\"dateModified\":\"2023-04-04T04:27:37+00:00\",\"inLanguage\":\"en-US\",\"potentialAction\":[{\"@type\":\"ReadAction\",\"target\":[\"https:\/\/www.visioneyes.ro\/shop-online\/rame-ochelari-de-vedere-emporio-armani-ea-3147-5799\/\"]}]}]}<\/script>\n<!-- \/ Yoast SEO plugin. -->","_links":{"self":[{"href":"https:\/\/www.visioneyes.ro\/en\/wp-json\/wp\/v2\/product\/13118"}],"collection":[{"href":"https:\/\/www.visioneyes.ro\/en\/wp-json\/wp\/v2\/product"}],"about":[{"href":"https:\/\/www.visioneyes.ro\/en\/wp-json\/wp\/v2\/types\/product"}],"replies":[{"embeddable":true,"href":"https:\/\/www.visioneyes.ro\/en\/wp-json\/wp\/v2\/comments?post=13118"}],"wp:featuredmedia":[{"embeddable":true,"href":"https:\/\/www.visioneyes.ro\/en\/wp-json\/wp\/v2\/media\/13119"}],"wp:attachment":[{"href":"https:\/\/www.visioneyes.ro\/en\/wp-json\/wp\/v2\/media?parent=13118"}],"curies":[{"name":"wp","href":"https:\/\/api.w.org\/{rel}","templated":true}]}}