{"id":13171,"date":"2023-04-04T06:31:42","date_gmt":"2023-04-04T04:31:42","guid":{"rendered":"https:\/\/www.visioneyes.ro\/shop-online\/ochelari-de-soare-copii-polaroid-pld-8049-s-3u5-5z\/"},"modified":"2023-04-04T06:31:42","modified_gmt":"2023-04-04T04:31:42","slug":"ochelari-de-soare-copii-polaroid-pld-8049-s-3u5-5z","status":"publish","type":"product","link":"https:\/\/www.visioneyes.ro\/en\/shop-online\/ochelari-de-soare-copii-polaroid-pld-8049-s-3u5-5z\/","title":{"rendered":"Ochelari de soare copii Polaroid PLD 8049\/S 3U5 5Z"},"content":{"rendered":"<div class=\"eoFontsizeXL eoTextBold\"><span style=\"font-size: 110%;\"><strong>PLD 8049\/S Informatii modele<\/strong><\/span><\/div>\n<div><\/div>\n<table class=\"eoDetailPropertyListTable\" width=\"95%\">\n<tbody>\n<tr class=\"eoDetailItem eoFontSizeS\">\n<td>Dimensiuni &amp; Detalii<\/td>\n<td><span id=\"InfoSizeLabel1693680\" class=\"sizeInfoRows\">XS<\/span><\/td>\n<\/tr>\n<tr class=\"eoDetailItem eoFontSizeS\">\n<td>Lungime lentil\u0103 (mm)<\/td>\n<td><span id=\"InfoLensSize1693680\" class=\"sizeInfoRows\">49<\/span><\/td>\n<\/tr>\n<tr class=\"eoDetailItem eoFontSizeS\">\n<td>Punte nazal\u0103 (mm)<\/td>\n<td><span id=\"InfoBridgeSize1693680\" class=\"sizeInfoRows\">16<\/span><\/td>\n<\/tr>\n<tr class=\"eoDetailItem eoFontSizeS\">\n<td>Lungimea tijei<\/td>\n<td><span id=\"InfoTempleSize1693680\" class=\"sizeInfoRows\">130<\/span><\/td>\n<\/tr>\n<tr class=\"eoDetailItem eoFontSizeS\">\n<td class=\"eoDetailFeatureName\">Genul<\/td>\n<td class=\"eoDetailFeature\">Junior<\/td>\n<\/tr>\n<tr class=\"eoDetailItem eoFontSizeS\">\n<td class=\"eoDetailFeatureName\">Tipul ramei<\/td>\n<td class=\"eoDetailFeature\">Ram\u0103 complet\u0103<\/td>\n<\/tr>\n<tr class=\"eoDetailItem eoFontSizeS\">\n<td class=\"eoDetailFeatureName\">Form\u0103 rame<\/td>\n<td class=\"eoDetailFeature\">Square<\/td>\n<\/tr>\n<tr class=\"eoDetailItem eoFontSizeS\">\n<td class=\"eoDetailFeatureName\">Material rame<\/td>\n<td class=\"eoDetailFeature\">Plastic<\/td>\n<\/tr>\n<tr class=\"eoDetailItem eoFontSizeS\">\n<td class=\"eoDetailFeatureName\">Op\u021biuni lentile<\/td>\n<td class=\"eoDetailFeature\">Polarizat<\/td>\n<\/tr>\n<tr class=\"eoDetailItem eoFontSizeS\">\n<td class=\"eoDetailFeatureName\">Culoare rame<\/td>\n<td class=\"eoDetailFeature\">Brown<\/td>\n<\/tr>\n<tr class=\"eoDetailItem eoFontSizeS\">\n<td class=\"eoDetailFeatureName\">Culoarea lentilei<\/td>\n<td class=\"eoDetailFeature\"><\/td>\n<\/tr>\n<tr class=\"eoDetailItem eoFontSizeS\">\n<td class=\"eoDetailFeatureName\">EAN<\/td>\n<td class=\"eoDetailFeature\">0827886075447<\/td>\n<\/tr>\n<\/tbody>\n<\/table>\n<div><\/div>\n<div class=\"eoFontsizeXL eoTextBold\"><span style=\"font-size: 115%;\"><strong>\u200cPLD 8049\/S\/3U5\/5Z Ochelari de soare<\/strong><\/span><\/div>\n<p>Modelul PLD 8049\/S reprezint\u0103 o adev\u0103rat\u0103 sclipire de fashion, deoarece ace\u015fti ochelari de soare \u00ee\u0163i vor conferi o str\u0103lucire aparte, care va transforma noaptea \u00een zi f\u0103r\u0103 a fi nici m\u0103car o raz\u0103 de soare necesar\u0103. Cu acest nou model de la\u00a0<b>Polaroid<\/b> po\u0163i demonstra c\u0103 e\u015fti un \u201etrend-setter\u201c veritabil. Chiar \u015fi \u00een sezonul actual, acest brand reu\u015fe\u015fte s\u0103 se impun\u0103 prin colec\u0163ia sa, stabilind un trend deosebit pentru 2022. Modelul de ochelari PLD 8049\/S este disponibil \u00een shop-ul online Opti Eyes \u015fi \u00een alte variante \u015fic de la Polaroid, din colec\u0163iile 2021 \u015fi 2022.<\/p>\n<p>Modelul PLD 8049\/S a fost creat special pentru copii. El nu numai c\u0103 arat\u0103 cool, dar are \u015fi o contruc\u0163ie extrem de robust\u0103, perfect\u0103 pentru a rezista escapadelor de joac\u0103, din fiecare zi. Ochelarii sunt un accesoriu \u201ein\u201c. Extrem de iubite fiind modelele cu ramele\u00a0<b>complete<\/b>, c\u0103 doar se \u015ftie: doar lucrurile \u00eentregi \u00ee\u015fi merit\u0103 pre\u0163ul! \u00cen acest caz nu va fi pl\u0103tit\u0103 doar robuste\u0163ea, ci \u015fi calitatea vizibilit\u0103\u0163ii dat\u0103 de design \u015fi materiale, care este cu siguran\u0163\u0103 la mare \u00een\u0103l\u0163ime.<\/p>\n","protected":false},"excerpt":{"rendered":"<div class=\"eoFontsizeXL eoTextBold\"><span style=\"font-size: 110%;\"><strong>PLD 8049\/S Informatii modele<\/strong><\/span><\/div>\n<div><\/div>\n<table class=\"eoDetailPropertyListTable\" width=\"95%\">\n<tbody>\n<tr class=\"eoDetailItem eoFontSizeS\">\n<td>Dimensiuni &amp; Detalii<\/td>\n<td><span id=\"InfoSizeLabel1693680\" class=\"sizeInfoRows\">XS<\/span><\/td>\n<\/tr>\n<tr class=\"eoDetailItem eoFontSizeS\">\n<td>Lungime lentil\u0103 (mm)<\/td>\n<td><span id=\"InfoLensSize1693680\" class=\"sizeInfoRows\">49<\/span><\/td>\n<\/tr>\n<tr class=\"eoDetailItem eoFontSizeS\">\n<td>Punte nazal\u0103 (mm)<\/td>\n<td><span id=\"InfoBridgeSize1693680\" class=\"sizeInfoRows\">16<\/span><\/td>\n<\/tr>\n<tr class=\"eoDetailItem eoFontSizeS\">\n<td>Lungimea tijei<\/td>\n<td><span id=\"InfoTempleSize1693680\" class=\"sizeInfoRows\">130<\/span><\/td>\n<\/tr>\n<tr class=\"eoDetailItem eoFontSizeS\">\n<td class=\"eoDetailFeatureName\">Genul<\/td>\n<td class=\"eoDetailFeature\">Junior<\/td>\n<\/tr>\n<tr class=\"eoDetailItem eoFontSizeS\">\n<td class=\"eoDetailFeatureName\">Tipul ramei<\/td>\n<td class=\"eoDetailFeature\">Ram\u0103 complet\u0103<\/td>\n<\/tr>\n<tr class=\"eoDetailItem eoFontSizeS\">\n<td class=\"eoDetailFeatureName\">Form\u0103 rame<\/td>\n<td class=\"eoDetailFeature\">Square<\/td>\n<\/tr>\n<tr class=\"eoDetailItem eoFontSizeS\">\n<td class=\"eoDetailFeatureName\">Material rame<\/td>\n<td class=\"eoDetailFeature\">Plastic<\/td>\n<\/tr>\n<tr class=\"eoDetailItem eoFontSizeS\">\n<td class=\"eoDetailFeatureName\">Op\u021biuni lentile<\/td>\n<td class=\"eoDetailFeature\">Polarizat<\/td>\n<\/tr>\n<tr class=\"eoDetailItem eoFontSizeS\">\n<td class=\"eoDetailFeatureName\">Culoare rame<\/td>\n<td class=\"eoDetailFeature\">Brown<\/td>\n<\/tr>\n<tr class=\"eoDetailItem eoFontSizeS\">\n<td class=\"eoDetailFeatureName\">Culoarea lentilei<\/td>\n<td class=\"eoDetailFeature\"><\/td>\n<\/tr>\n<tr class=\"eoDetailItem eoFontSizeS\">\n<td class=\"eoDetailFeatureName\">EAN<\/td>\n<td class=\"eoDetailFeature\">0827886075447<\/td>\n<\/tr>\n<\/tbody>\n<\/table>\n<div><\/div>\n<div class=\"eoFontsizeXL eoTextBold\"><span style=\"font-size: 115%;\"><strong>\u200cPLD 8049\/S\/3U5\/5Z Ochelari de soare<\/strong><\/span><\/div>\n<p>Modelul PLD 8049\/S reprezint\u0103 o adev\u0103rat\u0103 sclipire de fashion, deoarece ace\u015fti ochelari de soare \u00ee\u0163i vor conferi o str\u0103lucire aparte, care va transforma noaptea \u00een zi f\u0103r\u0103 a fi nici m\u0103car o raz\u0103 de soare necesar\u0103. Cu acest nou model de la\u00a0<b>Polaroid<\/b> po\u0163i demonstra c\u0103 e\u015fti un \u201etrend-setter\u201c veritabil. Chiar \u015fi \u00een sezonul actual, acest brand reu\u015fe\u015fte s\u0103 se impun\u0103 prin colec\u0163ia sa, stabilind un trend deosebit pentru 2022. Modelul de ochelari PLD 8049\/S este disponibil \u00een shop-ul online Opti Eyes \u015fi \u00een alte variante \u015fic de la Polaroid, din colec\u0163iile 2021 \u015fi 2022.<\/p>\n<p>Modelul PLD 8049\/S a fost creat special pentru copii. El nu numai c\u0103 arat\u0103 cool, dar are \u015fi o contruc\u0163ie extrem de robust\u0103, perfect\u0103 pentru a rezista escapadelor de joac\u0103, din fiecare zi. Ochelarii sunt un accesoriu \u201ein\u201c. Extrem de iubite fiind modelele cu ramele\u00a0<b>complete<\/b>, c\u0103 doar se \u015ftie: doar lucrurile \u00eentregi \u00ee\u015fi merit\u0103 pre\u0163ul! \u00cen acest caz nu va fi pl\u0103tit\u0103 doar robuste\u0163ea, ci \u015fi calitatea vizibilit\u0103\u0163ii dat\u0103 de design \u015fi materiale, care este cu siguran\u0163\u0103 la mare \u00een\u0103l\u0163ime.<\/p>\n","protected":false},"featured_media":13172,"comment_status":"closed","ping_status":"open","template":"","meta":[],"yoast_head":"<!-- This site is optimized with the Yoast SEO plugin v15.5 - https:\/\/yoast.com\/wordpress\/plugins\/seo\/ -->\n<title>Ochelari de soare copii Polaroid PLD 8049\/S 3U5 5Z - Sun glasses, Contact Lenses, Eye glasses, Eyeglass Frames | VisionEyes<\/title>\n<meta name=\"robots\" content=\"index, follow, max-snippet:-1, max-image-preview:large, max-video-preview:-1\" \/>\n<link rel=\"canonical\" href=\"https:\/\/www.visioneyes.ro\/shop-online\/ochelari-de-soare-copii-polaroid-pld-8049-s-3u5-5z\/\" \/>\n<meta property=\"og:locale\" content=\"en_US\" \/>\n<meta property=\"og:type\" content=\"article\" \/>\n<meta property=\"og:title\" content=\"Ochelari de soare copii Polaroid PLD 8049\/S 3U5 5Z - Sun glasses, Contact Lenses, Eye glasses, Eyeglass Frames | VisionEyes\" \/>\n<meta property=\"og:description\" content=\"PLD 8049\/S Informatii modele   Dimensiuni &amp; Detalii XS  Lungime lentil\u0103 (mm) 49  Punte nazal\u0103 (mm) 16  Lungimea tijei 130  Genul Junior  Tipul ramei Ram\u0103 complet\u0103  Form\u0103 rame Square  Material rame Plastic  Op\u021biuni lentile Polarizat  Culoare rame Brown  Culoarea lentilei  EAN 0827886075447   \u200cPLD 8049\/S\/3U5\/5Z Ochelari de soare Modelul PLD 8049\/S reprezint\u0103 o adev\u0103rat\u0103 sclipire de fashion, deoarece ace\u015fti ochelari de soare \u00ee\u0163i vor conferi o str\u0103lucire aparte, care va transforma noaptea \u00een zi f\u0103r\u0103 a fi nici m\u0103car o raz\u0103 de soare necesar\u0103. Cu acest nou model de la\u00a0Polaroid po\u0163i demonstra c\u0103 e\u015fti un \u201etrend-setter\u201c veritabil. Chiar \u015fi \u00een sezonul actual, acest brand reu\u015fe\u015fte s\u0103 se impun\u0103 prin colec\u0163ia sa, stabilind un trend deosebit pentru 2022. Modelul de ochelari PLD 8049\/S este disponibil \u00een shop-ul online Opti Eyes \u015fi \u00een alte variante \u015fic de la Polaroid, din colec\u0163iile 2021 \u015fi 2022. Modelul PLD 8049\/S a fost creat special pentru copii. El nu numai c\u0103 arat\u0103 cool, dar are \u015fi o contruc\u0163ie extrem de robust\u0103, perfect\u0103 pentru a rezista escapadelor de joac\u0103, din fiecare zi. Ochelarii sunt un accesoriu \u201ein\u201c. Extrem de iubite fiind modelele cu ramele\u00a0complete, c\u0103 doar se \u015ftie: doar lucrurile \u00eentregi \u00ee\u015fi merit\u0103 pre\u0163ul! \u00cen acest caz nu va fi pl\u0103tit\u0103 doar robuste\u0163ea, ci \u015fi calitatea vizibilit\u0103\u0163ii dat\u0103 de design \u015fi materiale, care este cu siguran\u0163\u0103 la mare \u00een\u0103l\u0163ime.\" \/>\n<meta property=\"og:url\" content=\"https:\/\/www.visioneyes.ro\/shop-online\/ochelari-de-soare-copii-polaroid-pld-8049-s-3u5-5z\/\" \/>\n<meta property=\"og:site_name\" content=\"Sun glasses, Contact Lenses, Eye glasses, Eyeglass Frames | VisionEyes\" \/>\n<meta property=\"og:image\" content=\"https:\/\/www.visioneyes.ro\/wp-content\/uploads\/Polaroid-PLD-8049-S-3U5-5Z.jpg\" \/>\n\t<meta property=\"og:image:width\" content=\"1024\" \/>\n\t<meta property=\"og:image:height\" content=\"533\" \/>\n<meta name=\"twitter:card\" content=\"summary_large_image\" \/>\n<meta name=\"twitter:label1\" content=\"Est. reading time\">\n\t<meta name=\"twitter:data1\" content=\"1 minute\">\n<script type=\"application\/ld+json\" class=\"yoast-schema-graph\">{\"@context\":\"https:\/\/schema.org\",\"@graph\":[{\"@type\":\"WebSite\",\"@id\":\"https:\/\/www.visioneyes.ro\/#website\",\"url\":\"https:\/\/www.visioneyes.ro\/\",\"name\":\"Sun glasses, Contact Lenses, Eye glasses, Eyeglass Frames | VisionEyes\",\"description\":\"\",\"potentialAction\":[{\"@type\":\"SearchAction\",\"target\":\"https:\/\/www.visioneyes.ro\/?s={search_term_string}\",\"query-input\":\"required name=search_term_string\"}],\"inLanguage\":\"en-US\"},{\"@type\":\"ImageObject\",\"@id\":\"https:\/\/www.visioneyes.ro\/shop-online\/ochelari-de-soare-copii-polaroid-pld-8049-s-3u5-5z\/#primaryimage\",\"inLanguage\":\"en-US\",\"url\":\"https:\/\/www.visioneyes.ro\/wp-content\/uploads\/Polaroid-PLD-8049-S-3U5-5Z.jpg\",\"width\":1024,\"height\":533},{\"@type\":\"WebPage\",\"@id\":\"https:\/\/www.visioneyes.ro\/shop-online\/ochelari-de-soare-copii-polaroid-pld-8049-s-3u5-5z\/#webpage\",\"url\":\"https:\/\/www.visioneyes.ro\/shop-online\/ochelari-de-soare-copii-polaroid-pld-8049-s-3u5-5z\/\",\"name\":\"Ochelari de soare copii Polaroid PLD 8049\/S 3U5 5Z - Sun glasses, Contact Lenses, Eye glasses, Eyeglass Frames | VisionEyes\",\"isPartOf\":{\"@id\":\"https:\/\/www.visioneyes.ro\/#website\"},\"primaryImageOfPage\":{\"@id\":\"https:\/\/www.visioneyes.ro\/shop-online\/ochelari-de-soare-copii-polaroid-pld-8049-s-3u5-5z\/#primaryimage\"},\"datePublished\":\"2023-04-04T04:31:42+00:00\",\"dateModified\":\"2023-04-04T04:31:42+00:00\",\"inLanguage\":\"en-US\",\"potentialAction\":[{\"@type\":\"ReadAction\",\"target\":[\"https:\/\/www.visioneyes.ro\/shop-online\/ochelari-de-soare-copii-polaroid-pld-8049-s-3u5-5z\/\"]}]}]}<\/script>\n<!-- \/ Yoast SEO plugin. -->","_links":{"self":[{"href":"https:\/\/www.visioneyes.ro\/en\/wp-json\/wp\/v2\/product\/13171"}],"collection":[{"href":"https:\/\/www.visioneyes.ro\/en\/wp-json\/wp\/v2\/product"}],"about":[{"href":"https:\/\/www.visioneyes.ro\/en\/wp-json\/wp\/v2\/types\/product"}],"replies":[{"embeddable":true,"href":"https:\/\/www.visioneyes.ro\/en\/wp-json\/wp\/v2\/comments?post=13171"}],"wp:featuredmedia":[{"embeddable":true,"href":"https:\/\/www.visioneyes.ro\/en\/wp-json\/wp\/v2\/media\/13172"}],"wp:attachment":[{"href":"https:\/\/www.visioneyes.ro\/en\/wp-json\/wp\/v2\/media?parent=13171"}],"curies":[{"name":"wp","href":"https:\/\/api.w.org\/{rel}","templated":true}]}}