{"id":1528,"date":"2017-01-12T20:40:25","date_gmt":"2017-01-12T17:40:25","guid":{"rendered":"https:\/\/www.visioneyes.ro\/?post_type=product&#038;p=1528"},"modified":"2017-11-16T18:15:50","modified_gmt":"2017-11-16T15:15:50","slug":"carolina-herrera-vhe613-06hf","status":"publish","type":"product","link":"https:\/\/www.visioneyes.ro\/en\/shop-online\/carolina-herrera-vhe613-06hf\/","title":{"rendered":"Carolina Herrera VHE613 06HF"},"content":{"rendered":"<h3 class=\"page-product-heading\">Specificatii<\/h3>\n<div class=\"specificatii\">\n<table class=\"table-data-sheet\" style=\"height: 245px;\" width=\"417\">\n<tbody>\n<tr class=\"odd\">\n<td>Tip Rama<\/td>\n<td>Rama completa<\/td>\n<\/tr>\n<tr class=\"even\">\n<td>Gen<\/td>\n<td>Dama<\/td>\n<\/tr>\n<tr class=\"odd\">\n<td>Material rama<\/td>\n<td>Plastic<\/td>\n<\/tr>\n<tr class=\"even\">\n<td>Stil<\/td>\n<td>Ochi de pisica<\/td>\n<\/tr>\n<tr class=\"odd\">\n<td>Culoare rama<\/td>\n<td>Visinie<\/td>\n<\/tr>\n<tr class=\"even\">\n<td>Latime lentila<\/td>\n<td>53 mm<\/td>\n<\/tr>\n<tr class=\"odd\">\n<td>Punte nazala<\/td>\n<td>15 mm<\/td>\n<\/tr>\n<tr class=\"even\">\n<td>Lungime brat<\/td>\n<td>140 mm<\/td>\n<\/tr>\n<\/tbody>\n<\/table>\n<\/div>\n<p>Ramele beneficieaza de garantie 2 ani\u200b.<br \/>\nProdusul este nou si comercializat in ambalajul original al producatorului.<\/p>\n<p>Mai mult dec\u00e2t at\u00e2t, la noi po\u0163i cump\u0103ra lentilele perfecte de vedere, la un pre\u0163 imbatabil. Tot ceea de ce ai nevoie sunt valorile actuale de dioptrii, care \u00ee\u0163i pot fi furnizate de un doctor oftalmolog de \u00eencredere sau poti venii in magazinul nostru din Vulcan Value Centre pentru o determinare de dioptrii.<\/p>\n","protected":false},"excerpt":{"rendered":"<p>Specificatii Tip Rama Rama completa Gen Dama Material rama Plastic Stil Ochi de pisica Culoare rama Visinie Latime lentila 53 mm Punte nazala 15 mm Lungime brat 140 mm Ramele beneficieaza de garantie 2 ani\u200b. Produsul este nou si comercializat in ambalajul original al producatorului. Mai mult dec\u00e2t at\u00e2t, la noi po\u0163i cump\u0103ra lentilele perfecte [&#8230;]\n","protected":false},"featured_media":1529,"comment_status":"open","ping_status":"closed","template":"","meta":[],"yoast_head":"<!-- This site is optimized with the Yoast SEO plugin v15.5 - https:\/\/yoast.com\/wordpress\/plugins\/seo\/ -->\n<title>Carolina Herrera VHE613 06HF - Sun glasses, Contact Lenses, Eye glasses, Eyeglass Frames | VisionEyes<\/title>\n<meta name=\"robots\" content=\"index, follow, max-snippet:-1, max-image-preview:large, max-video-preview:-1\" \/>\n<link rel=\"canonical\" href=\"https:\/\/www.visioneyes.ro\/shop-online\/carolina-herrera-vhe613-06hf\/\" \/>\n<meta property=\"og:locale\" content=\"en_US\" \/>\n<meta property=\"og:type\" content=\"article\" \/>\n<meta property=\"og:title\" content=\"Carolina Herrera VHE613 06HF - Sun glasses, Contact Lenses, Eye glasses, Eyeglass Frames | VisionEyes\" \/>\n<meta property=\"og:description\" content=\"Specificatii Tip Rama Rama completa Gen Dama Material rama Plastic Stil Ochi de pisica Culoare rama Visinie Latime lentila 53 mm Punte nazala 15 mm Lungime brat 140 mm Ramele beneficieaza de garantie 2 ani\u200b. Produsul este nou si comercializat in ambalajul original al producatorului. Mai mult dec\u00e2t at\u00e2t, la noi po\u0163i cump\u0103ra lentilele perfecte [...]\" \/>\n<meta property=\"og:url\" content=\"https:\/\/www.visioneyes.ro\/shop-online\/carolina-herrera-vhe613-06hf\/\" \/>\n<meta property=\"og:site_name\" content=\"Sun glasses, Contact Lenses, Eye glasses, Eyeglass Frames | VisionEyes\" \/>\n<meta property=\"article:modified_time\" content=\"2017-11-16T15:15:50+00:00\" \/>\n<meta property=\"og:image\" content=\"https:\/\/www.visioneyes.ro\/wp-content\/uploads\/carolina-herrera-vhe613-06hf.jpg.png\" \/>\n\t<meta property=\"og:image:width\" content=\"515\" \/>\n\t<meta property=\"og:image:height\" content=\"515\" \/>\n<meta name=\"twitter:card\" content=\"summary_large_image\" \/>\n<meta name=\"twitter:label1\" content=\"Est. reading time\">\n\t<meta name=\"twitter:data1\" content=\"0 minutes\">\n<script type=\"application\/ld+json\" class=\"yoast-schema-graph\">{\"@context\":\"https:\/\/schema.org\",\"@graph\":[{\"@type\":\"WebSite\",\"@id\":\"https:\/\/www.visioneyes.ro\/#website\",\"url\":\"https:\/\/www.visioneyes.ro\/\",\"name\":\"Sun glasses, Contact Lenses, Eye glasses, Eyeglass Frames | VisionEyes\",\"description\":\"\",\"potentialAction\":[{\"@type\":\"SearchAction\",\"target\":\"https:\/\/www.visioneyes.ro\/?s={search_term_string}\",\"query-input\":\"required name=search_term_string\"}],\"inLanguage\":\"en-US\"},{\"@type\":\"ImageObject\",\"@id\":\"https:\/\/www.visioneyes.ro\/shop-online\/carolina-herrera-vhe613-06hf\/#primaryimage\",\"inLanguage\":\"en-US\",\"url\":\"https:\/\/www.visioneyes.ro\/wp-content\/uploads\/carolina-herrera-vhe613-06hf.jpg.png\",\"width\":515,\"height\":515},{\"@type\":\"WebPage\",\"@id\":\"https:\/\/www.visioneyes.ro\/shop-online\/carolina-herrera-vhe613-06hf\/#webpage\",\"url\":\"https:\/\/www.visioneyes.ro\/shop-online\/carolina-herrera-vhe613-06hf\/\",\"name\":\"Carolina Herrera VHE613 06HF - Sun glasses, Contact Lenses, Eye glasses, Eyeglass Frames | VisionEyes\",\"isPartOf\":{\"@id\":\"https:\/\/www.visioneyes.ro\/#website\"},\"primaryImageOfPage\":{\"@id\":\"https:\/\/www.visioneyes.ro\/shop-online\/carolina-herrera-vhe613-06hf\/#primaryimage\"},\"datePublished\":\"2017-01-12T17:40:25+00:00\",\"dateModified\":\"2017-11-16T15:15:50+00:00\",\"inLanguage\":\"en-US\",\"potentialAction\":[{\"@type\":\"ReadAction\",\"target\":[\"https:\/\/www.visioneyes.ro\/shop-online\/carolina-herrera-vhe613-06hf\/\"]}]}]}<\/script>\n<!-- \/ Yoast SEO plugin. -->","_links":{"self":[{"href":"https:\/\/www.visioneyes.ro\/en\/wp-json\/wp\/v2\/product\/1528"}],"collection":[{"href":"https:\/\/www.visioneyes.ro\/en\/wp-json\/wp\/v2\/product"}],"about":[{"href":"https:\/\/www.visioneyes.ro\/en\/wp-json\/wp\/v2\/types\/product"}],"replies":[{"embeddable":true,"href":"https:\/\/www.visioneyes.ro\/en\/wp-json\/wp\/v2\/comments?post=1528"}],"wp:featuredmedia":[{"embeddable":true,"href":"https:\/\/www.visioneyes.ro\/en\/wp-json\/wp\/v2\/media\/1529"}],"wp:attachment":[{"href":"https:\/\/www.visioneyes.ro\/en\/wp-json\/wp\/v2\/media?parent=1528"}],"curies":[{"name":"wp","href":"https:\/\/api.w.org\/{rel}","templated":true}]}}