{"id":2065,"date":"2017-01-31T19:01:31","date_gmt":"2017-01-31T16:01:31","guid":{"rendered":"https:\/\/www.visioneyes.ro\/?post_type=product&#038;p=2065"},"modified":"2018-04-12T17:58:30","modified_gmt":"2018-04-12T14:58:30","slug":"police-s8954-568p","status":"publish","type":"product","link":"https:\/\/www.visioneyes.ro\/en\/shop-online\/police-s8954-568p\/","title":{"rendered":"Police S8954 568P"},"content":{"rendered":"<h3 class=\"page-product-heading\">Specificatii<\/h3>\n<div class=\"specificatii\">\n<table class=\"table-data-sheet\">\n<tbody>\n<tr class=\"odd\">\n<td>Tip Rama<\/td>\n<td>Rama completa<\/td>\n<\/tr>\n<tr class=\"even\">\n<td>Gen<\/td>\n<td>Barbati<\/td>\n<\/tr>\n<tr class=\"odd\">\n<td>Material rama<\/td>\n<td>Metal<\/td>\n<\/tr>\n<tr class=\"even\">\n<td>Stil<\/td>\n<td>Rotund<\/td>\n<\/tr>\n<tr class=\"odd\">\n<td>Culoare rama<\/td>\n<td>Gri<\/td>\n<\/tr>\n<tr class=\"even\">\n<td>Culoare lentila<\/td>\n<td>Gri<\/td>\n<\/tr>\n<tr class=\"odd\">\n<td>Tip lentila<\/td>\n<td>Polarizat<\/td>\n<\/tr>\n<tr class=\"even\">\n<td>Latime lentila<\/td>\n<td>51 mm<\/td>\n<\/tr>\n<tr class=\"odd\">\n<td>Punte nazala<\/td>\n<td>18 mm<\/td>\n<\/tr>\n<tr class=\"even\">\n<td>Lungime brat<\/td>\n<td>145 mm<\/td>\n<\/tr>\n<\/tbody>\n<\/table>\n<\/div>\n<p>Utilizare recomandata:<\/p>\n<p>\u2013 accesorizeaza foarte bine tinutele casual, dar nu numai, de fiecare data cand te expui la soare;<br \/>\n\u2013 ideali pentru agrementul estival (plaja, etc.), dar si pentru alte forme de distractie in care vrei sa iti pui in valoare fizionomia<\/p>\n<p>Produsul este nou si comercializat in ambalajul original al producatorului.<br \/>\n<strong><br \/>\nMai mult dec\u00e2t at\u00e2t, la noi po\u0163i cump\u0103ra lentilele de soare polarizate cu dioptrii, la un pre\u0163 imbatabil. Tot ceea de ce ai nevoie sunt valorile actuale de dioptrii, care \u00ee\u0163i pot fi furnizate de un doctor oftalmolog de \u00eencredere sau poti venii in magazinul nostru din Vulcan Value Centre pentru o determinare de dioptrii.<\/strong><\/p>\n","protected":false},"excerpt":{"rendered":"<p>Specificatii Tip Rama Rama completa Gen Barbati Material rama Metal Stil Rotund Culoare rama Gri Culoare lentila Gri Tip lentila Polarizat Latime lentila 51 mm Punte nazala 18 mm Lungime brat 145 mm Utilizare recomandata: \u2013 accesorizeaza foarte bine tinutele casual, dar nu numai, de fiecare data cand te expui la soare; \u2013 ideali pentru [&#8230;]\n","protected":false},"featured_media":2066,"comment_status":"open","ping_status":"closed","template":"","meta":[],"yoast_head":"<!-- This site is optimized with the Yoast SEO plugin v15.5 - https:\/\/yoast.com\/wordpress\/plugins\/seo\/ -->\n<title>Police S8954 568P - Sun glasses, Contact Lenses, Eye glasses, Eyeglass Frames | VisionEyes<\/title>\n<meta name=\"robots\" content=\"index, follow, max-snippet:-1, max-image-preview:large, max-video-preview:-1\" \/>\n<link rel=\"canonical\" href=\"https:\/\/www.visioneyes.ro\/shop-online\/police-s8954-568p\/\" \/>\n<meta property=\"og:locale\" content=\"en_US\" \/>\n<meta property=\"og:type\" content=\"article\" \/>\n<meta property=\"og:title\" content=\"Police S8954 568P - Sun glasses, Contact Lenses, Eye glasses, Eyeglass Frames | VisionEyes\" \/>\n<meta property=\"og:description\" content=\"Specificatii Tip Rama Rama completa Gen Barbati Material rama Metal Stil Rotund Culoare rama Gri Culoare lentila Gri Tip lentila Polarizat Latime lentila 51 mm Punte nazala 18 mm Lungime brat 145 mm Utilizare recomandata: \u2013 accesorizeaza foarte bine tinutele casual, dar nu numai, de fiecare data cand te expui la soare; \u2013 ideali pentru [...]\" \/>\n<meta property=\"og:url\" content=\"https:\/\/www.visioneyes.ro\/shop-online\/police-s8954-568p\/\" \/>\n<meta property=\"og:site_name\" content=\"Sun glasses, Contact Lenses, Eye glasses, Eyeglass Frames | VisionEyes\" \/>\n<meta property=\"article:modified_time\" content=\"2018-04-12T14:58:30+00:00\" \/>\n<meta property=\"og:image\" content=\"https:\/\/www.visioneyes.ro\/wp-content\/uploads\/police-s8954-568p.png\" \/>\n\t<meta property=\"og:image:width\" content=\"515\" \/>\n\t<meta property=\"og:image:height\" content=\"515\" \/>\n<meta name=\"twitter:card\" content=\"summary_large_image\" \/>\n<meta name=\"twitter:label1\" content=\"Est. reading time\">\n\t<meta name=\"twitter:data1\" content=\"1 minute\">\n<script type=\"application\/ld+json\" class=\"yoast-schema-graph\">{\"@context\":\"https:\/\/schema.org\",\"@graph\":[{\"@type\":\"WebSite\",\"@id\":\"https:\/\/www.visioneyes.ro\/#website\",\"url\":\"https:\/\/www.visioneyes.ro\/\",\"name\":\"Sun glasses, Contact Lenses, Eye glasses, Eyeglass Frames | VisionEyes\",\"description\":\"\",\"potentialAction\":[{\"@type\":\"SearchAction\",\"target\":\"https:\/\/www.visioneyes.ro\/?s={search_term_string}\",\"query-input\":\"required name=search_term_string\"}],\"inLanguage\":\"en-US\"},{\"@type\":\"ImageObject\",\"@id\":\"https:\/\/www.visioneyes.ro\/shop-online\/police-s8954-568p\/#primaryimage\",\"inLanguage\":\"en-US\",\"url\":\"https:\/\/www.visioneyes.ro\/wp-content\/uploads\/police-s8954-568p.png\",\"width\":515,\"height\":515},{\"@type\":\"WebPage\",\"@id\":\"https:\/\/www.visioneyes.ro\/shop-online\/police-s8954-568p\/#webpage\",\"url\":\"https:\/\/www.visioneyes.ro\/shop-online\/police-s8954-568p\/\",\"name\":\"Police S8954 568P - Sun glasses, Contact Lenses, Eye glasses, Eyeglass Frames | VisionEyes\",\"isPartOf\":{\"@id\":\"https:\/\/www.visioneyes.ro\/#website\"},\"primaryImageOfPage\":{\"@id\":\"https:\/\/www.visioneyes.ro\/shop-online\/police-s8954-568p\/#primaryimage\"},\"datePublished\":\"2017-01-31T16:01:31+00:00\",\"dateModified\":\"2018-04-12T14:58:30+00:00\",\"inLanguage\":\"en-US\",\"potentialAction\":[{\"@type\":\"ReadAction\",\"target\":[\"https:\/\/www.visioneyes.ro\/shop-online\/police-s8954-568p\/\"]}]}]}<\/script>\n<!-- \/ Yoast SEO plugin. -->","_links":{"self":[{"href":"https:\/\/www.visioneyes.ro\/en\/wp-json\/wp\/v2\/product\/2065"}],"collection":[{"href":"https:\/\/www.visioneyes.ro\/en\/wp-json\/wp\/v2\/product"}],"about":[{"href":"https:\/\/www.visioneyes.ro\/en\/wp-json\/wp\/v2\/types\/product"}],"replies":[{"embeddable":true,"href":"https:\/\/www.visioneyes.ro\/en\/wp-json\/wp\/v2\/comments?post=2065"}],"wp:featuredmedia":[{"embeddable":true,"href":"https:\/\/www.visioneyes.ro\/en\/wp-json\/wp\/v2\/media\/2066"}],"wp:attachment":[{"href":"https:\/\/www.visioneyes.ro\/en\/wp-json\/wp\/v2\/media?parent=2065"}],"curies":[{"name":"wp","href":"https:\/\/api.w.org\/{rel}","templated":true}]}}