{"id":2596,"date":"2017-03-12T22:16:26","date_gmt":"2017-03-12T19:16:26","guid":{"rendered":"https:\/\/www.visioneyes.ro\/?post_type=product&#038;p=2596"},"modified":"2019-02-21T16:23:41","modified_gmt":"2019-02-21T13:23:41","slug":"ochelari-de-soare-unisex-polaroid-pld-2026s-cvl","status":"publish","type":"product","link":"https:\/\/www.visioneyes.ro\/en\/shop-online\/ochelari-de-soare-unisex-polaroid-pld-2026s-cvl\/","title":{"rendered":"Ochelari de soare unisex Polaroid PLD 2026\/S CVL"},"content":{"rendered":"<h3>Descriere Ochelari de soare unisex Polaroid17 PLD 2026\/S CVL de la Polaroid<\/h3>\n<div class=\"long-description\">\n<p><b>Dimensiuni<\/b><\/p>\n<div>\n<table border=\"0\" cellspacing=\"0\" cellpadding=\"0\">\n<tbody>\n<tr>\n<td><span class=\"f_name\">Inaltime lentile<\/span><br \/>\n<b>\u00a0mm<\/b><\/td>\n<td><span class=\"f_name\">Latime rama<\/span><br \/>\n<b>130 mm<\/b><\/td>\n<td><span class=\"f_name\">Latime lentile<\/span><br \/>\n<b>58 mm<\/b><\/td>\n<td><span class=\"f_name\">Lungime brate<\/span><br \/>\n<b>139 mm<\/b><\/td>\n<td><span class=\"f_name\">Punte nazala<\/span><br \/>\n<b>14 mm<\/b><\/td>\n<\/tr>\n<tr>\n<td><img src=\"https:\/\/lensa.ro\/image\/data\/icons\/inaltime-lentile.jpg\" alt=\"Inaltime lentile\" \/><\/td>\n<td><img src=\"https:\/\/lensa.ro\/image\/data\/icons\/latime-lentile.jpg\" alt=\"Latime\" \/><\/td>\n<td><img src=\"https:\/\/lensa.ro\/image\/data\/icons\/latamie-ochelari.jpg\" alt=\"Latime lentile\" \/><\/td>\n<td><img src=\"https:\/\/lensa.ro\/image\/data\/icons\/lungime-brate.jpg\" alt=\"Lungime brate\" \/><\/td>\n<td><img src=\"https:\/\/lensa.ro\/image\/data\/icons\/punte-nazala.jpg\" alt=\"Punte nazala\" \/><\/td>\n<\/tr>\n<\/tbody>\n<\/table>\n<\/div>\n<p>&nbsp;<\/p>\n<table border=\"0\" width=\"461\" cellspacing=\"0\" cellpadding=\"0\">\n<tbody>\n<tr>\n<td class=\"xl65\" width=\"461\" height=\"20\">\n<table border=\"0\" width=\"461\" cellspacing=\"0\" cellpadding=\"0\">\n<tbody>\n<tr>\n<td class=\"xl65\" width=\"461\" height=\"20\">\n<table border=\"0\" width=\"461\" cellspacing=\"0\" cellpadding=\"0\">\n<tbody>\n<tr>\n<td class=\"xl65\" width=\"461\" height=\"20\">\n<table border=\"0\" width=\"461\" cellspacing=\"0\" cellpadding=\"0\">\n<tbody>\n<tr>\n<td class=\"xl65\" width=\"461\" height=\"20\">Ochelari de soare unisex Polaroid15 PLD 2026\/S CVL<\/td>\n<\/tr>\n<\/tbody>\n<\/table>\n<\/td>\n<\/tr>\n<\/tbody>\n<\/table>\n<\/td>\n<\/tr>\n<\/tbody>\n<\/table>\n<\/td>\n<\/tr>\n<\/tbody>\n<\/table>\n<p>&nbsp;<\/p>\n<p>Ochelarii beneficiaza de garantie 2 ani.<\/p>\n<p>Pretul afisat include toate taxele!<\/p>\n<dl>\n<dt>Lentile:<\/dt>\n<dd>\n<ul>\n<li>lentile polarizate UltraSight<sup>TM<\/sup> pe baza de tehnologie Thermofusion<sup>TM<\/sup>, pentru vizibilitate impecabila si durabilitate<\/li>\n<li>ofera protectie 100% cu valoarea UV400 pentru prevenirea afectiunilor rezultate in urma expunerii la soare<\/li>\n<li>caracteristica glare block pentru vizibilitate chiar si in conditii extreme de luminozitate, si pentru a preveni oboseala ochilor<\/li>\n<li>implementate cu filtru categoria 3<\/li>\n<li>stil aviator<\/li>\n<li>nuanta gri<\/li>\n<\/ul>\n<\/dd>\n<dt>Rama:<\/dt>\n<dd>\n<ul>\n<li>cadru subtire, metalic, negru<\/li>\n<li>brate metalice, negre, cu cap din plastic, negru<\/li>\n<li>punte nazala ridicata, din doua elemente subtiri metalice, negre<\/li>\n<\/ul>\n<\/dd>\n<dt>Detalii suplimentare:<\/dt>\n<dd>\n<ul>\n<li>ochelarii sunt livrati cu tocul de depozitare si o carpa din microfibra pentru stergere si ingrijire<\/li>\n<\/ul>\n<\/dd>\n<dt>Logoul Polaroid:<\/dt>\n<dd>\n<ul>\n<li>pe brate si pe lentila stanga, garantand calitatea si originalitatea ochelarilor<\/li>\n<\/ul>\n<\/dd>\n<dt>Utilizare recomandata:<\/dt>\n<dd>\n<ul>\n<li>accesorizeaza foarte bine tinutele casual, dar nu numai, de fiecare data cand te expui la soare<\/li>\n<li>ideali pentru agrementul estival (plaja, etc.), dar si pentru alte forme de distractie in care vrei sa iti pui in valoare fizionomia<\/li>\n<\/ul>\n<\/dd>\n<\/dl>\n<\/div>\n<p>Produsul este nou si comercializat in ambalajul original al producatorului.<\/p>\n<p><strong>Mai mult dec\u00e2t at\u00e2t, la noi po\u0163i cump\u0103ra lentilele de soare polarizate cu dioptrii, la un pre\u0163 imbatabil. Tot ceea de ce ai nevoie sunt valorile actuale de dioptrii, care \u00ee\u0163i pot fi furnizate de un doctor oftalmolog de \u00eencredere sau poti venii in magazinul nostru din Vulcan Value Centre pentru o determinare de dioptrii.<\/strong><\/p>\n","protected":false},"excerpt":{"rendered":"<p>Descriere Ochelari de soare unisex Polaroid17 PLD 2026\/S CVL de la Polaroid Dimensiuni Inaltime lentile \u00a0mm Latime rama 130 mm Latime lentile 58 mm Lungime brate 139 mm Punte nazala 14 mm &nbsp; Ochelari de soare unisex Polaroid15 PLD 2026\/S CVL &nbsp; Ochelarii beneficiaza de garantie 2 ani. Pretul afisat include toate taxele! Lentile: lentile [&#8230;]\n","protected":false},"featured_media":2597,"comment_status":"open","ping_status":"closed","template":"","meta":[],"yoast_head":"<!-- This site is optimized with the Yoast SEO plugin v15.5 - https:\/\/yoast.com\/wordpress\/plugins\/seo\/ -->\n<title>Ochelari de soare unisex Polaroid PLD 2026\/S CVL - Sun glasses, Contact Lenses, Eye glasses, Eyeglass Frames | VisionEyes<\/title>\n<meta name=\"robots\" content=\"index, follow, max-snippet:-1, max-image-preview:large, max-video-preview:-1\" \/>\n<link rel=\"canonical\" href=\"https:\/\/www.visioneyes.ro\/shop-online\/ochelari-de-soare-unisex-polaroid-pld-2026s-cvl\/\" \/>\n<meta property=\"og:locale\" content=\"en_US\" \/>\n<meta property=\"og:type\" content=\"article\" \/>\n<meta property=\"og:title\" content=\"Ochelari de soare unisex Polaroid PLD 2026\/S CVL - Sun glasses, Contact Lenses, Eye glasses, Eyeglass Frames | VisionEyes\" \/>\n<meta property=\"og:description\" content=\"Descriere Ochelari de soare unisex Polaroid17 PLD 2026\/S CVL de la Polaroid Dimensiuni Inaltime lentile \u00a0mm Latime rama 130 mm Latime lentile 58 mm Lungime brate 139 mm Punte nazala 14 mm &nbsp; Ochelari de soare unisex Polaroid15 PLD 2026\/S CVL &nbsp; Ochelarii beneficiaza de garantie 2 ani. Pretul afisat include toate taxele! Lentile: lentile [...]\" \/>\n<meta property=\"og:url\" content=\"https:\/\/www.visioneyes.ro\/shop-online\/ochelari-de-soare-unisex-polaroid-pld-2026s-cvl\/\" \/>\n<meta property=\"og:site_name\" content=\"Sun glasses, Contact Lenses, Eye glasses, Eyeglass Frames | VisionEyes\" \/>\n<meta property=\"article:modified_time\" content=\"2019-02-21T13:23:41+00:00\" \/>\n<meta property=\"og:image\" content=\"https:\/\/www.visioneyes.ro\/wp-content\/uploads\/spol-g006063-m022733-bi-1.jpg\" \/>\n\t<meta property=\"og:image:width\" content=\"600\" \/>\n\t<meta property=\"og:image:height\" content=\"400\" \/>\n<meta name=\"twitter:card\" content=\"summary_large_image\" \/>\n<meta name=\"twitter:label1\" content=\"Est. reading time\">\n\t<meta name=\"twitter:data1\" content=\"1 minute\">\n<script type=\"application\/ld+json\" class=\"yoast-schema-graph\">{\"@context\":\"https:\/\/schema.org\",\"@graph\":[{\"@type\":\"WebSite\",\"@id\":\"https:\/\/www.visioneyes.ro\/#website\",\"url\":\"https:\/\/www.visioneyes.ro\/\",\"name\":\"Sun glasses, Contact Lenses, Eye glasses, Eyeglass Frames | VisionEyes\",\"description\":\"\",\"potentialAction\":[{\"@type\":\"SearchAction\",\"target\":\"https:\/\/www.visioneyes.ro\/?s={search_term_string}\",\"query-input\":\"required name=search_term_string\"}],\"inLanguage\":\"en-US\"},{\"@type\":\"ImageObject\",\"@id\":\"https:\/\/www.visioneyes.ro\/shop-online\/ochelari-de-soare-unisex-polaroid-pld-2026s-cvl\/#primaryimage\",\"inLanguage\":\"en-US\",\"url\":\"https:\/\/www.visioneyes.ro\/wp-content\/uploads\/spol-g006063-m022733-bi-1.jpg\",\"width\":600,\"height\":400},{\"@type\":\"WebPage\",\"@id\":\"https:\/\/www.visioneyes.ro\/shop-online\/ochelari-de-soare-unisex-polaroid-pld-2026s-cvl\/#webpage\",\"url\":\"https:\/\/www.visioneyes.ro\/shop-online\/ochelari-de-soare-unisex-polaroid-pld-2026s-cvl\/\",\"name\":\"Ochelari de soare unisex Polaroid PLD 2026\/S CVL - Sun glasses, Contact Lenses, Eye glasses, Eyeglass Frames | VisionEyes\",\"isPartOf\":{\"@id\":\"https:\/\/www.visioneyes.ro\/#website\"},\"primaryImageOfPage\":{\"@id\":\"https:\/\/www.visioneyes.ro\/shop-online\/ochelari-de-soare-unisex-polaroid-pld-2026s-cvl\/#primaryimage\"},\"datePublished\":\"2017-03-12T19:16:26+00:00\",\"dateModified\":\"2019-02-21T13:23:41+00:00\",\"inLanguage\":\"en-US\",\"potentialAction\":[{\"@type\":\"ReadAction\",\"target\":[\"https:\/\/www.visioneyes.ro\/shop-online\/ochelari-de-soare-unisex-polaroid-pld-2026s-cvl\/\"]}]}]}<\/script>\n<!-- \/ Yoast SEO plugin. -->","_links":{"self":[{"href":"https:\/\/www.visioneyes.ro\/en\/wp-json\/wp\/v2\/product\/2596"}],"collection":[{"href":"https:\/\/www.visioneyes.ro\/en\/wp-json\/wp\/v2\/product"}],"about":[{"href":"https:\/\/www.visioneyes.ro\/en\/wp-json\/wp\/v2\/types\/product"}],"replies":[{"embeddable":true,"href":"https:\/\/www.visioneyes.ro\/en\/wp-json\/wp\/v2\/comments?post=2596"}],"wp:featuredmedia":[{"embeddable":true,"href":"https:\/\/www.visioneyes.ro\/en\/wp-json\/wp\/v2\/media\/2597"}],"wp:attachment":[{"href":"https:\/\/www.visioneyes.ro\/en\/wp-json\/wp\/v2\/media?parent=2596"}],"curies":[{"name":"wp","href":"https:\/\/api.w.org\/{rel}","templated":true}]}}