{"id":2612,"date":"2017-03-12T22:34:32","date_gmt":"2017-03-12T20:34:32","guid":{"rendered":"https:\/\/www.visioneyes.ro\/?post_type=product&#038;p=2612"},"modified":"2023-06-19T15:04:46","modified_gmt":"2023-06-19T13:04:46","slug":"ochelari-de-soare-copii-polaroid17-pld-8020s-zdi-jy","status":"publish","type":"product","link":"https:\/\/www.visioneyes.ro\/en\/shop-online\/ochelari-de-soare-copii-polaroid17-pld-8020s-zdi-jy\/","title":{"rendered":"Ochelari de soare copii POLAROID17 PLD 8020\/S ZDI JY"},"content":{"rendered":"<h3>Descriere Ochelari de soare copii POLAROID17 PLD 8020\/S ZDI JY de la Polaroid<\/h3>\n<div class=\"long-description\">\n<p><b>Dimensiuni<\/b><\/p>\n<div>\n<table border=\"0\" cellspacing=\"0\" cellpadding=\"0\">\n<tbody>\n<tr>\n<td><span class=\"f_name\">Inaltime lentile<\/span><br \/>\n<b> &#8212; mm<\/b><\/td>\n<td><span class=\"f_name\">Latime rama\u00a0<\/span><br \/>\n<b>&#8212; mm<\/b><\/td>\n<td><span class=\"f_name\">Latime lentile<\/span><br \/>\n<b>46 mm<\/b><\/td>\n<td><span class=\"f_name\">Lungime brate<\/span><br \/>\n<b>124 mm<\/b><\/td>\n<td><span class=\"f_name\">Punte nazala<\/span><br \/>\n<b>18 mm<\/b><\/td>\n<\/tr>\n<tr>\n<td><img src=\"https:\/\/lensa.ro\/image\/data\/icons\/inaltime-lentile.jpg\" alt=\"Inaltime lentile\" \/><\/td>\n<td><img src=\"https:\/\/lensa.ro\/image\/data\/icons\/latime-lentile.jpg\" alt=\"Latime\" \/><\/td>\n<td><img src=\"https:\/\/lensa.ro\/image\/data\/icons\/latamie-ochelari.jpg\" alt=\"Latime lentile\" \/><\/td>\n<td><img src=\"https:\/\/lensa.ro\/image\/data\/icons\/lungime-brate.jpg\" alt=\"Lungime brate\" \/><\/td>\n<td><img src=\"https:\/\/lensa.ro\/image\/data\/icons\/punte-nazala.jpg\" alt=\"Punte nazala\" \/><\/td>\n<\/tr>\n<\/tbody>\n<\/table>\n<\/div>\n<p>&nbsp;<br \/>\nOchelari de soare Polaroid PLD 8020\/S ZDI JY<br \/>\nCuloare lentile: Gri, albastru oglinda<br \/>\nLentile polarizate<br \/>\nStil rama: Wayfarer<\/p>\n<p>Ochelarii beneficiaza de garantie 2 ani.<\/p>\n<p>Pretul afisat include toate taxele!<\/p>\n<\/div>\n<p>Produsul este nou si comercializat in ambalajul original al producatorului.<\/p>\n<p><strong>Mai mult dec\u00e2t at\u00e2t, la noi po\u0163i cump\u0103ra lentilele de soare polarizate cu dioptrii, la un pre\u0163 imbatabil. Tot ceea de ce ai nevoie sunt valorile actuale de dioptrii, care \u00ee\u0163i pot fi furnizate de un doctor oftalmolog de \u00eencredere sau poti venii in magazinul nostru din Vulcan Value Centre pentru o determinare de dioptrii.<\/strong><\/p>\n","protected":false},"excerpt":{"rendered":"<p>Descriere Ochelari de soare copii POLAROID17 PLD 8020\/S ZDI JY de la Polaroid Dimensiuni Inaltime lentile &#8212; mm Latime rama\u00a0 &#8212; mm Latime lentile 46 mm Lungime brate 124 mm Punte nazala 18 mm &nbsp; Ochelari de soare Polaroid PLD 8020\/S ZDI JY Culoare lentile: Gri, albastru oglinda Lentile polarizate Stil rama: Wayfarer Ochelarii beneficiaza [&#8230;]\n","protected":false},"featured_media":2613,"comment_status":"open","ping_status":"closed","template":"","meta":[],"yoast_head":"<!-- This site is optimized with the Yoast SEO plugin v15.5 - https:\/\/yoast.com\/wordpress\/plugins\/seo\/ -->\n<title>Ochelari de soare copii POLAROID17 PLD 8020\/S ZDI JY - Sun glasses, Contact Lenses, Eye glasses, Eyeglass Frames | VisionEyes<\/title>\n<meta name=\"robots\" content=\"index, follow, max-snippet:-1, max-image-preview:large, max-video-preview:-1\" \/>\n<link rel=\"canonical\" href=\"https:\/\/www.visioneyes.ro\/shop-online\/ochelari-de-soare-copii-polaroid17-pld-8020s-zdi-jy\/\" \/>\n<meta property=\"og:locale\" content=\"en_US\" \/>\n<meta property=\"og:type\" content=\"article\" \/>\n<meta property=\"og:title\" content=\"Ochelari de soare copii POLAROID17 PLD 8020\/S ZDI JY - Sun glasses, Contact Lenses, Eye glasses, Eyeglass Frames | VisionEyes\" \/>\n<meta property=\"og:description\" content=\"Descriere Ochelari de soare copii POLAROID17 PLD 8020\/S ZDI JY de la Polaroid Dimensiuni Inaltime lentile &#8212; mm Latime rama\u00a0 &#8212; mm Latime lentile 46 mm Lungime brate 124 mm Punte nazala 18 mm &nbsp; Ochelari de soare Polaroid PLD 8020\/S ZDI JY Culoare lentile: Gri, albastru oglinda Lentile polarizate Stil rama: Wayfarer Ochelarii beneficiaza [...]\" \/>\n<meta property=\"og:url\" content=\"https:\/\/www.visioneyes.ro\/shop-online\/ochelari-de-soare-copii-polaroid17-pld-8020s-zdi-jy\/\" \/>\n<meta property=\"og:site_name\" content=\"Sun glasses, Contact Lenses, Eye glasses, Eyeglass Frames | VisionEyes\" \/>\n<meta property=\"article:modified_time\" content=\"2023-06-19T13:04:46+00:00\" \/>\n<meta property=\"og:image\" content=\"https:\/\/www.visioneyes.ro\/wp-content\/uploads\/polaroid-ochelari-de-soare-copii-polaroid17-pld-8020-s-zdi-jy-10438.jpeg\" \/>\n\t<meta property=\"og:image:width\" content=\"900\" \/>\n\t<meta property=\"og:image:height\" content=\"900\" \/>\n<meta name=\"twitter:card\" content=\"summary_large_image\" \/>\n<meta name=\"twitter:label1\" content=\"Est. reading time\">\n\t<meta name=\"twitter:data1\" content=\"1 minute\">\n<script type=\"application\/ld+json\" class=\"yoast-schema-graph\">{\"@context\":\"https:\/\/schema.org\",\"@graph\":[{\"@type\":\"WebSite\",\"@id\":\"https:\/\/www.visioneyes.ro\/#website\",\"url\":\"https:\/\/www.visioneyes.ro\/\",\"name\":\"Sun glasses, Contact Lenses, Eye glasses, Eyeglass Frames | VisionEyes\",\"description\":\"\",\"potentialAction\":[{\"@type\":\"SearchAction\",\"target\":\"https:\/\/www.visioneyes.ro\/?s={search_term_string}\",\"query-input\":\"required name=search_term_string\"}],\"inLanguage\":\"en-US\"},{\"@type\":\"ImageObject\",\"@id\":\"https:\/\/www.visioneyes.ro\/shop-online\/ochelari-de-soare-copii-polaroid17-pld-8020s-zdi-jy\/#primaryimage\",\"inLanguage\":\"en-US\",\"url\":\"https:\/\/www.visioneyes.ro\/wp-content\/uploads\/polaroid-ochelari-de-soare-copii-polaroid17-pld-8020-s-zdi-jy-10438.jpeg\",\"width\":900,\"height\":900},{\"@type\":\"WebPage\",\"@id\":\"https:\/\/www.visioneyes.ro\/shop-online\/ochelari-de-soare-copii-polaroid17-pld-8020s-zdi-jy\/#webpage\",\"url\":\"https:\/\/www.visioneyes.ro\/shop-online\/ochelari-de-soare-copii-polaroid17-pld-8020s-zdi-jy\/\",\"name\":\"Ochelari de soare copii POLAROID17 PLD 8020\/S ZDI JY - Sun glasses, Contact Lenses, Eye glasses, Eyeglass Frames | VisionEyes\",\"isPartOf\":{\"@id\":\"https:\/\/www.visioneyes.ro\/#website\"},\"primaryImageOfPage\":{\"@id\":\"https:\/\/www.visioneyes.ro\/shop-online\/ochelari-de-soare-copii-polaroid17-pld-8020s-zdi-jy\/#primaryimage\"},\"datePublished\":\"2017-03-12T20:34:32+00:00\",\"dateModified\":\"2023-06-19T13:04:46+00:00\",\"inLanguage\":\"en-US\",\"potentialAction\":[{\"@type\":\"ReadAction\",\"target\":[\"https:\/\/www.visioneyes.ro\/shop-online\/ochelari-de-soare-copii-polaroid17-pld-8020s-zdi-jy\/\"]}]}]}<\/script>\n<!-- \/ Yoast SEO plugin. -->","_links":{"self":[{"href":"https:\/\/www.visioneyes.ro\/en\/wp-json\/wp\/v2\/product\/2612"}],"collection":[{"href":"https:\/\/www.visioneyes.ro\/en\/wp-json\/wp\/v2\/product"}],"about":[{"href":"https:\/\/www.visioneyes.ro\/en\/wp-json\/wp\/v2\/types\/product"}],"replies":[{"embeddable":true,"href":"https:\/\/www.visioneyes.ro\/en\/wp-json\/wp\/v2\/comments?post=2612"}],"wp:featuredmedia":[{"embeddable":true,"href":"https:\/\/www.visioneyes.ro\/en\/wp-json\/wp\/v2\/media\/2613"}],"wp:attachment":[{"href":"https:\/\/www.visioneyes.ro\/en\/wp-json\/wp\/v2\/media?parent=2612"}],"curies":[{"name":"wp","href":"https:\/\/api.w.org\/{rel}","templated":true}]}}