{"id":2775,"date":"2017-03-16T20:35:42","date_gmt":"2017-03-16T17:35:42","guid":{"rendered":"https:\/\/www.visioneyes.ro\/?post_type=product&#038;p=2775"},"modified":"2018-07-19T16:13:27","modified_gmt":"2018-07-19T13:13:27","slug":"polar-glare-pg4652-b","status":"publish","type":"product","link":"https:\/\/www.visioneyes.ro\/en\/shop-online\/polar-glare-pg4652-b\/","title":{"rendered":"Polar Glare PG4652-B"},"content":{"rendered":"<section class=\"page-product-box clearfix\">\n<h3 class=\"page-product-heading page-product-heading-half\">Caracteristici<\/h3>\n<div class=\"specificatii\">\n<table class=\"table-data-sheet\">\n<tbody>\n<tr class=\"odd\">\n<td>Tip Rama<\/td>\n<td>Rama completa<\/td>\n<\/tr>\n<tr class=\"even\">\n<td>Gen<\/td>\n<td>Barbati<\/td>\n<\/tr>\n<tr class=\"odd\">\n<td>Material rama<\/td>\n<td>Metal<\/td>\n<\/tr>\n<tr class=\"even\">\n<td>Stil<\/td>\n<td>Rectangular<\/td>\n<\/tr>\n<tr class=\"odd\">\n<td>Culoare rama<\/td>\n<td>Gri<\/td>\n<\/tr>\n<tr class=\"even\">\n<td>Culoare lentila<\/td>\n<td>Gri<\/td>\n<\/tr>\n<tr class=\"odd\">\n<td>Tip lentila<\/td>\n<td>Polarizat<\/td>\n<\/tr>\n<\/tbody>\n<\/table>\n<div id=\"features_with_images\">\n<div class=\"feature_img_container\">\n<div class=\"feature_lens_size feature_backgroundimg\"><span class=\"feature_value feature_left\">50 mm<\/span> <span class=\"feature_label feature_left\">Inaltime lentila<\/span><\/div>\n<div class=\"feature_lens_size feature_backgroundimg\">\n<div class=\"long-description\">\n<dl>\n<dt><strong>Detalii suplimentare<\/strong>:<\/dt>\n<dd>\n<ul>\n<li>ochelarii sunt livrati cu tocul de depozitare si o carpa din microfibra pentru stergere si ingrijire<\/li>\n<\/ul>\n<\/dd>\n<dt><strong>Utilizare recomandata<\/strong>:<\/dt>\n<dd>\n<ul>\n<li>accesorizeaza foarte bine tinutele casual, dar nu numai, de fiecare data cand te expui la soare<\/li>\n<li>ideali pentru agrementul estival (plaja, etc.), dar si pentru alte forme de distractie in care vrei sa iti pui in valoare fizionomia<\/li>\n<\/ul>\n<\/dd>\n<\/dl>\n<\/div>\n<p>Produsul este nou si comercializat in ambalajul original al producatorului.<\/p>\n<p><strong>Mai mult dec\u00e2t at\u00e2t, la noi po\u0163i cump\u0103ra lentilele de soare polarizate cu dioptrii, la un pre\u0163 imbatabil. Tot ceea de ce ai nevoie sunt valorile actuale de dioptrii, care \u00ee\u0163i pot fi furnizate de un doctor oftalmolog de \u00eencredere sau poti venii in magazinul nostru din Vulcan Value Centre pentru o determinare de dioptrii.<\/strong><\/p>\n<\/div>\n<\/div>\n<\/div>\n<\/div>\n<div class=\"banner\"><\/div>\n<\/section>\n","protected":false},"excerpt":{"rendered":"<p>Caracteristici Tip Rama Rama completa Gen Barbati Material rama Metal Stil Rectangular Culoare rama Gri Culoare lentila Gri Tip lentila Polarizat 50 mm Inaltime lentila Detalii suplimentare: ochelarii sunt livrati cu tocul de depozitare si o carpa din microfibra pentru stergere si ingrijire Utilizare recomandata: accesorizeaza foarte bine tinutele casual, dar nu numai, de fiecare [&#8230;]\n","protected":false},"featured_media":2776,"comment_status":"open","ping_status":"closed","template":"","meta":[],"yoast_head":"<!-- This site is optimized with the Yoast SEO plugin v15.5 - https:\/\/yoast.com\/wordpress\/plugins\/seo\/ -->\n<title>Polar Glare PG4652-B - Sun glasses, Contact Lenses, Eye glasses, Eyeglass Frames | VisionEyes<\/title>\n<meta name=\"robots\" content=\"index, follow, max-snippet:-1, max-image-preview:large, max-video-preview:-1\" \/>\n<link rel=\"canonical\" href=\"https:\/\/www.visioneyes.ro\/shop-online\/polar-glare-pg4652-b\/\" \/>\n<meta property=\"og:locale\" content=\"en_US\" \/>\n<meta property=\"og:type\" content=\"article\" \/>\n<meta property=\"og:title\" content=\"Polar Glare PG4652-B - Sun glasses, Contact Lenses, Eye glasses, Eyeglass Frames | VisionEyes\" \/>\n<meta property=\"og:description\" content=\"Caracteristici Tip Rama Rama completa Gen Barbati Material rama Metal Stil Rectangular Culoare rama Gri Culoare lentila Gri Tip lentila Polarizat 50 mm Inaltime lentila Detalii suplimentare: ochelarii sunt livrati cu tocul de depozitare si o carpa din microfibra pentru stergere si ingrijire Utilizare recomandata: accesorizeaza foarte bine tinutele casual, dar nu numai, de fiecare [...]\" \/>\n<meta property=\"og:url\" content=\"https:\/\/www.visioneyes.ro\/shop-online\/polar-glare-pg4652-b\/\" \/>\n<meta property=\"og:site_name\" content=\"Sun glasses, Contact Lenses, Eye glasses, Eyeglass Frames | VisionEyes\" \/>\n<meta property=\"article:modified_time\" content=\"2018-07-19T13:13:27+00:00\" \/>\n<meta property=\"og:image\" content=\"https:\/\/www.visioneyes.ro\/wp-content\/uploads\/polarglare-pg-4652-b.jpg\" \/>\n\t<meta property=\"og:image:width\" content=\"800\" \/>\n\t<meta property=\"og:image:height\" content=\"800\" \/>\n<meta name=\"twitter:card\" content=\"summary_large_image\" \/>\n<meta name=\"twitter:label1\" content=\"Est. reading time\">\n\t<meta name=\"twitter:data1\" content=\"1 minute\">\n<script type=\"application\/ld+json\" class=\"yoast-schema-graph\">{\"@context\":\"https:\/\/schema.org\",\"@graph\":[{\"@type\":\"WebSite\",\"@id\":\"https:\/\/www.visioneyes.ro\/#website\",\"url\":\"https:\/\/www.visioneyes.ro\/\",\"name\":\"Sun glasses, Contact Lenses, Eye glasses, Eyeglass Frames | VisionEyes\",\"description\":\"\",\"potentialAction\":[{\"@type\":\"SearchAction\",\"target\":\"https:\/\/www.visioneyes.ro\/?s={search_term_string}\",\"query-input\":\"required name=search_term_string\"}],\"inLanguage\":\"en-US\"},{\"@type\":\"ImageObject\",\"@id\":\"https:\/\/www.visioneyes.ro\/shop-online\/polar-glare-pg4652-b\/#primaryimage\",\"inLanguage\":\"en-US\",\"url\":\"https:\/\/www.visioneyes.ro\/wp-content\/uploads\/polarglare-pg-4652-b.jpg\",\"width\":800,\"height\":800},{\"@type\":\"WebPage\",\"@id\":\"https:\/\/www.visioneyes.ro\/shop-online\/polar-glare-pg4652-b\/#webpage\",\"url\":\"https:\/\/www.visioneyes.ro\/shop-online\/polar-glare-pg4652-b\/\",\"name\":\"Polar Glare PG4652-B - Sun glasses, Contact Lenses, Eye glasses, Eyeglass Frames | VisionEyes\",\"isPartOf\":{\"@id\":\"https:\/\/www.visioneyes.ro\/#website\"},\"primaryImageOfPage\":{\"@id\":\"https:\/\/www.visioneyes.ro\/shop-online\/polar-glare-pg4652-b\/#primaryimage\"},\"datePublished\":\"2017-03-16T17:35:42+00:00\",\"dateModified\":\"2018-07-19T13:13:27+00:00\",\"inLanguage\":\"en-US\",\"potentialAction\":[{\"@type\":\"ReadAction\",\"target\":[\"https:\/\/www.visioneyes.ro\/shop-online\/polar-glare-pg4652-b\/\"]}]}]}<\/script>\n<!-- \/ Yoast SEO plugin. -->","_links":{"self":[{"href":"https:\/\/www.visioneyes.ro\/en\/wp-json\/wp\/v2\/product\/2775"}],"collection":[{"href":"https:\/\/www.visioneyes.ro\/en\/wp-json\/wp\/v2\/product"}],"about":[{"href":"https:\/\/www.visioneyes.ro\/en\/wp-json\/wp\/v2\/types\/product"}],"replies":[{"embeddable":true,"href":"https:\/\/www.visioneyes.ro\/en\/wp-json\/wp\/v2\/comments?post=2775"}],"wp:featuredmedia":[{"embeddable":true,"href":"https:\/\/www.visioneyes.ro\/en\/wp-json\/wp\/v2\/media\/2776"}],"wp:attachment":[{"href":"https:\/\/www.visioneyes.ro\/en\/wp-json\/wp\/v2\/media?parent=2775"}],"curies":[{"name":"wp","href":"https:\/\/api.w.org\/{rel}","templated":true}]}}