{"id":2817,"date":"2017-03-16T21:32:19","date_gmt":"2017-03-16T18:32:19","guid":{"rendered":"https:\/\/www.visioneyes.ro\/?post_type=product&#038;p=2817"},"modified":"2018-07-19T16:13:24","modified_gmt":"2018-07-19T13:13:24","slug":"polar-glare-pg5540-polarizati","status":"publish","type":"product","link":"https:\/\/www.visioneyes.ro\/en\/shop-online\/polar-glare-pg5540-polarizati\/","title":{"rendered":"Polar Glare PG5540 Polarizati"},"content":{"rendered":"<p><strong>Informatii produs<\/strong><\/p>\n<div class=\"tabs_item\">\n<p><img loading=\"lazy\" src=\"http:\/\/cdn1.shopmania.biz\/files\/s3\/277028037\/content\/Untitled-1.jpg\" alt=\"\" width=\"455\" height=\"104\" \/><\/p>\n<p>Latime lentila: 52 mm<\/p>\n<p>Punte nazala: 20 mm<\/p>\n<p>Lungime brat: 144 mm<\/p>\n<h3>Detalii produs<\/h3>\n<hr \/>\n<p class=\"small\"><span class=\"bold\">Categorie<\/span>: Barbati<\/p>\n<p class=\"small\"><span class=\"bold\">Producator<\/span>: Polar Glare<\/p>\n<p class=\"small\"><span class=\"bold\">Culoare<\/span>: Gri, Negru<\/p>\n<p class=\"small\"><span class=\"bold\">Gen<\/span>: Barbati<\/p>\n<p class=\"small\"><span class=\"bold\">Stil<\/span>: Rotunzi, ClubMaster<\/p>\n<p class=\"small\"><span class=\"bold\">Material<\/span>: Metal \/ Plastic<\/p>\n<div class=\"long-description\">\n<dl>\n<dt><strong>Detalii suplimentare<\/strong>:<\/dt>\n<dd>\n<ul>\n<li>ochelarii sunt livrati cu tocul de depozitare si o carpa din microfibra pentru stergere si ingrijire<\/li>\n<\/ul>\n<\/dd>\n<dt><strong>Utilizare recomandata<\/strong>:<\/dt>\n<dd>\n<ul>\n<li>accesorizeaza foarte bine tinutele casual, dar nu numai, de fiecare data cand te expui la soare<\/li>\n<li>ideali pentru agrementul estival (plaja, etc.), dar si pentru alte forme de distractie in care vrei sa iti pui in valoare fizionomia<\/li>\n<\/ul>\n<\/dd>\n<\/dl>\n<\/div>\n<p>Produsul este nou si comercializat in ambalajul original al producatorului.<\/p>\n<p><strong>Mai mult dec\u00e2t at\u00e2t, la noi po\u0163i cump\u0103ra lentilele de soare polarizate cu dioptrii, la un pre\u0163 imbatabil. Tot ceea de ce ai nevoie sunt valorile actuale de dioptrii, care \u00ee\u0163i pot fi furnizate de un doctor oftalmolog de \u00eencredere sau poti venii in magazinul nostru din Vulcan Value Centre pentru o determinare de dioptrii.<\/strong><\/p>\n<\/div>\n","protected":false},"excerpt":{"rendered":"<p>Informatii produs Latime lentila: 52 mm Punte nazala: 20 mm Lungime brat: 144 mm Detalii produs Categorie: Barbati Producator: Polar Glare Culoare: Gri, Negru Gen: Barbati Stil: Rotunzi, ClubMaster Material: Metal \/ Plastic Detalii suplimentare: ochelarii sunt livrati cu tocul de depozitare si o carpa din microfibra pentru stergere si ingrijire Utilizare recomandata: accesorizeaza foarte [&#8230;]\n","protected":false},"featured_media":2818,"comment_status":"open","ping_status":"closed","template":"","meta":[],"yoast_head":"<!-- This site is optimized with the Yoast SEO plugin v15.5 - https:\/\/yoast.com\/wordpress\/plugins\/seo\/ -->\n<title>Polar Glare PG5540 Polarizati - Sun glasses, Contact Lenses, Eye glasses, Eyeglass Frames | VisionEyes<\/title>\n<meta name=\"robots\" content=\"index, follow, max-snippet:-1, max-image-preview:large, max-video-preview:-1\" \/>\n<link rel=\"canonical\" href=\"https:\/\/www.visioneyes.ro\/shop-online\/polar-glare-pg5540-polarizati\/\" \/>\n<meta property=\"og:locale\" content=\"en_US\" \/>\n<meta property=\"og:type\" content=\"article\" \/>\n<meta property=\"og:title\" content=\"Polar Glare PG5540 Polarizati - Sun glasses, Contact Lenses, Eye glasses, Eyeglass Frames | VisionEyes\" \/>\n<meta property=\"og:description\" content=\"Informatii produs Latime lentila: 52 mm Punte nazala: 20 mm Lungime brat: 144 mm Detalii produs Categorie: Barbati Producator: Polar Glare Culoare: Gri, Negru Gen: Barbati Stil: Rotunzi, ClubMaster Material: Metal \/ Plastic Detalii suplimentare: ochelarii sunt livrati cu tocul de depozitare si o carpa din microfibra pentru stergere si ingrijire Utilizare recomandata: accesorizeaza foarte [...]\" \/>\n<meta property=\"og:url\" content=\"https:\/\/www.visioneyes.ro\/shop-online\/polar-glare-pg5540-polarizati\/\" \/>\n<meta property=\"og:site_name\" content=\"Sun glasses, Contact Lenses, Eye glasses, Eyeglass Frames | VisionEyes\" \/>\n<meta property=\"article:modified_time\" content=\"2018-07-19T13:13:24+00:00\" \/>\n<meta property=\"og:image\" content=\"https:\/\/www.visioneyes.ro\/wp-content\/uploads\/polar-glare-pg-5540-polarizati9660.jpg\" \/>\n\t<meta property=\"og:image:width\" content=\"960\" \/>\n\t<meta property=\"og:image:height\" content=\"638\" \/>\n<meta name=\"twitter:card\" content=\"summary_large_image\" \/>\n<meta name=\"twitter:label1\" content=\"Est. reading time\">\n\t<meta name=\"twitter:data1\" content=\"1 minute\">\n<script type=\"application\/ld+json\" class=\"yoast-schema-graph\">{\"@context\":\"https:\/\/schema.org\",\"@graph\":[{\"@type\":\"WebSite\",\"@id\":\"https:\/\/www.visioneyes.ro\/#website\",\"url\":\"https:\/\/www.visioneyes.ro\/\",\"name\":\"Sun glasses, Contact Lenses, Eye glasses, Eyeglass Frames | VisionEyes\",\"description\":\"\",\"potentialAction\":[{\"@type\":\"SearchAction\",\"target\":\"https:\/\/www.visioneyes.ro\/?s={search_term_string}\",\"query-input\":\"required name=search_term_string\"}],\"inLanguage\":\"en-US\"},{\"@type\":\"ImageObject\",\"@id\":\"https:\/\/www.visioneyes.ro\/shop-online\/polar-glare-pg5540-polarizati\/#primaryimage\",\"inLanguage\":\"en-US\",\"url\":\"https:\/\/www.visioneyes.ro\/wp-content\/uploads\/polar-glare-pg-5540-polarizati9660.jpg\",\"width\":960,\"height\":638},{\"@type\":\"WebPage\",\"@id\":\"https:\/\/www.visioneyes.ro\/shop-online\/polar-glare-pg5540-polarizati\/#webpage\",\"url\":\"https:\/\/www.visioneyes.ro\/shop-online\/polar-glare-pg5540-polarizati\/\",\"name\":\"Polar Glare PG5540 Polarizati - Sun glasses, Contact Lenses, Eye glasses, Eyeglass Frames | VisionEyes\",\"isPartOf\":{\"@id\":\"https:\/\/www.visioneyes.ro\/#website\"},\"primaryImageOfPage\":{\"@id\":\"https:\/\/www.visioneyes.ro\/shop-online\/polar-glare-pg5540-polarizati\/#primaryimage\"},\"datePublished\":\"2017-03-16T18:32:19+00:00\",\"dateModified\":\"2018-07-19T13:13:24+00:00\",\"inLanguage\":\"en-US\",\"potentialAction\":[{\"@type\":\"ReadAction\",\"target\":[\"https:\/\/www.visioneyes.ro\/shop-online\/polar-glare-pg5540-polarizati\/\"]}]}]}<\/script>\n<!-- \/ Yoast SEO plugin. -->","_links":{"self":[{"href":"https:\/\/www.visioneyes.ro\/en\/wp-json\/wp\/v2\/product\/2817"}],"collection":[{"href":"https:\/\/www.visioneyes.ro\/en\/wp-json\/wp\/v2\/product"}],"about":[{"href":"https:\/\/www.visioneyes.ro\/en\/wp-json\/wp\/v2\/types\/product"}],"replies":[{"embeddable":true,"href":"https:\/\/www.visioneyes.ro\/en\/wp-json\/wp\/v2\/comments?post=2817"}],"wp:featuredmedia":[{"embeddable":true,"href":"https:\/\/www.visioneyes.ro\/en\/wp-json\/wp\/v2\/media\/2818"}],"wp:attachment":[{"href":"https:\/\/www.visioneyes.ro\/en\/wp-json\/wp\/v2\/media?parent=2817"}],"curies":[{"name":"wp","href":"https:\/\/api.w.org\/{rel}","templated":true}]}}