{"id":3463,"date":"2017-11-21T20:25:45","date_gmt":"2017-11-21T18:25:45","guid":{"rendered":"https:\/\/www.visioneyes.ro\/?post_type=product&#038;p=3463"},"modified":"2023-09-11T13:06:15","modified_gmt":"2023-09-11T11:06:15","slug":"guess-gu2633-005","status":"publish","type":"product","link":"https:\/\/www.visioneyes.ro\/en\/shop-online\/guess-gu2633-005\/","title":{"rendered":"Guess GU2633-005"},"content":{"rendered":"<div class=\"eoFontsizeXL eoTextBold\">Guess GU2633-005 Informatii model<\/div>\n<div class=\"eoEmptyBorderBox\"><\/div>\n<table class=\"eoDetailPropertyListTable\" width=\"95%\">\n<tbody>\n<tr class=\"eoDetailItem eoFontSizeS\">\n<td>Dimensiuni &amp; Detalii<\/td>\n<td><span id=\"InfoSizeLabel625033\" class=\"sizeInfoRows\">M<\/span><\/td>\n<\/tr>\n<tr class=\"eoDetailItem eoFontSizeS\">\n<td>Dimensiunea lentilei<\/td>\n<td><span id=\"InfoLensSize625033\" class=\"sizeInfoRows\">52<\/span><\/td>\n<\/tr>\n<tr class=\"eoDetailItem eoFontSizeS\">\n<td>Dimensiunea ramei \u00eentre lentile<\/td>\n<td><span id=\"InfoBridgeSize625033\" class=\"sizeInfoRows\">16<\/span><\/td>\n<\/tr>\n<tr class=\"eoDetailItem eoFontSizeS\">\n<td>Lungimea tijei<\/td>\n<td><span id=\"InfoTempleSize625033\" class=\"sizeInfoRows\">135<\/span><\/td>\n<\/tr>\n<tr class=\"eoDetailItem eoFontSizeS\">\n<td class=\"eoDetailFeatureName\">Genul<\/td>\n<td class=\"eoDetailFeature\">Femei<\/td>\n<\/tr>\n<tr class=\"eoDetailItem eoFontSizeS\">\n<td class=\"eoDetailFeatureName\">Tipul ramei<\/td>\n<td class=\"eoDetailFeature\">Ram\u0103 complet\u0103<\/td>\n<\/tr>\n<tr class=\"eoDetailItem eoFontSizeS\">\n<td class=\"eoDetailFeatureName\">Form\u0103 rame<\/td>\n<td class=\"eoDetailFeature\">Rotund<\/td>\n<\/tr>\n<tr class=\"eoDetailItem eoFontSizeS\">\n<td class=\"eoDetailFeatureName\">Material rame<\/td>\n<td class=\"eoDetailFeature\">Metal<\/td>\n<\/tr>\n<tr class=\"eoDetailItem eoFontSizeS\">\n<td class=\"eoDetailFeatureName\">Culoare<\/td>\n<td class=\"eoDetailFeature\">Negru<\/td>\n<\/tr>\n<tr class=\"eoDetailItem eoFontSizeS\">\n<td class=\"eoDetailFeatureName\">Culoare rame<\/td>\n<td class=\"eoDetailFeature\">Schwarz<\/td>\n<\/tr>\n<\/tbody>\n<\/table>\n<p>\u200cGU2633-S\/005 Ochelari de design<\/p>\n<p>Cu aceast\u0103 pies\u0103 de designer \u00ee\u0163i po\u0163i considera ochii perfect \u201e\u00eembr\u0103ca\u0163i\u201d \u00een fiecare zi. Modelul GU2633-S este lansat de cur\u00e2nd pe pia\u0163\u0103 \u00een 2017, a\u015fa \u00eenc\u00e2t cu siguran\u0163\u0103 vei fi la ultimul r\u0103cnet cu ace\u015fti ochelari. Modelul de ochelari GU2633-S este disponibil \u00een shop-ul online OptiEyes \u015fi \u00een alte variante \u015fic de la Guess, din colec\u0163iile 2016 \u015fi 2017.<\/p>\n<p>Acest model de ochelari a fost special creat pentru femeile puternice, care \u015ftiu ce vor. Design-ul gra\u0163ios, plin de expresivitate, face o corela\u0163ie fermec\u0103toare cu stilul chic consacrat. Ochelarii cu rame complete au lentilele total \u00eencadrate de rame. Cei care sunt purt\u0103tori \u00eenr\u0103i\u0163i de ochelari, \u00ee\u015fi pot \u00eenchipui cu greu, doar \u00een situa\u0163i critice, un alt tip de ochelari dec\u00e2t acesta. O pereche de ochelari cu rame negre sunt un adev\u0103rat \u201emust-have\u201c. Ei pot fi asorta\u0163i la orice \u015fi confer\u0103 stil oric\u0103rei \u0163inute. Fie la birou, \u00een club sau la Fashion Week \u2013 negru este potrivit \u00eentotdeauna.<br \/>\nMai mult dec\u00e2t at\u00e2t, la noi po\u0163i cump\u0103ra lentilele perfecte de vedere, la un pre\u0163 imbatabil. Tot ceea de ce ai nevoie sunt valorile actuale de dioptrii, care \u00ee\u0163i pot fi furnizate de un doctor oftalmolog de \u00eencredere. Maistrul Optician din magazilele noastre v\u0103 ofer\u0103 posibilitatea de a alege \u00eentre lentilele de marc\u0103 avantajoase, precum Hoya , Essilor, Zeiss si Rhein.<\/p>\n<p>Chiar dac\u0103 acest model Guess nu este \u00een momentul de fa\u0163\u0103 pe stoc, meri\u0163\u0103 s\u0103-l comanzi acum, pentru c\u0103 pre\u0163ul e pur \u015fi simplu imbatabil! Acum po\u0163i achizi\u0163iona acest model la un pre\u0163 incredibil de avantajos, c\u0103 doar se \u015ftie: OptiEyes este un paradis pentru v\u00e2n\u0103torii de chilipire! Ceea ce \u00een alte magazine online este desemnat cu \u201esale\u201d, la noi \u00eenseamn\u0103 pre\u0163uri normale, care \u00ee\u0163i permit s\u0103 faci economii zi de zi.<\/p>\n<p>Ramele beneficieaza de garantie 2 ani\u200b.<br \/>\nProdusul este nou si comercializat in ambalajul original al producatorului.<\/p>\n","protected":false},"excerpt":{"rendered":"<p>Guess GU2633-005 Informatii model Dimensiuni &amp; Detalii M Dimensiunea lentilei 52 Dimensiunea ramei \u00eentre lentile 16 Lungimea tijei 135 Genul Femei Tipul ramei Ram\u0103 complet\u0103 Form\u0103 rame Rotund Material rame Metal Culoare Negru Culoare rame Schwarz \u200cGU2633-S\/005 Ochelari de design Cu aceast\u0103 pies\u0103 de designer \u00ee\u0163i po\u0163i considera ochii perfect \u201e\u00eembr\u0103ca\u0163i\u201d \u00een fiecare zi. Modelul [&#8230;]\n","protected":false},"featured_media":3464,"comment_status":"open","ping_status":"closed","template":"","meta":[],"yoast_head":"<!-- This site is optimized with the Yoast SEO plugin v15.5 - https:\/\/yoast.com\/wordpress\/plugins\/seo\/ -->\n<title>Guess GU2633-005 - Sun glasses, Contact Lenses, Eye glasses, Eyeglass Frames | VisionEyes<\/title>\n<meta name=\"robots\" content=\"index, follow, max-snippet:-1, max-image-preview:large, max-video-preview:-1\" \/>\n<link rel=\"canonical\" href=\"https:\/\/www.visioneyes.ro\/shop-online\/guess-gu2633-005\/\" \/>\n<meta property=\"og:locale\" content=\"en_US\" \/>\n<meta property=\"og:type\" content=\"article\" \/>\n<meta property=\"og:title\" content=\"Guess GU2633-005 - Sun glasses, Contact Lenses, Eye glasses, Eyeglass Frames | VisionEyes\" \/>\n<meta property=\"og:description\" content=\"Guess GU2633-005 Informatii model Dimensiuni &amp; Detalii M Dimensiunea lentilei 52 Dimensiunea ramei \u00eentre lentile 16 Lungimea tijei 135 Genul Femei Tipul ramei Ram\u0103 complet\u0103 Form\u0103 rame Rotund Material rame Metal Culoare Negru Culoare rame Schwarz \u200cGU2633-S\/005 Ochelari de design Cu aceast\u0103 pies\u0103 de designer \u00ee\u0163i po\u0163i considera ochii perfect \u201e\u00eembr\u0103ca\u0163i\u201d \u00een fiecare zi. Modelul [...]\" \/>\n<meta property=\"og:url\" content=\"https:\/\/www.visioneyes.ro\/shop-online\/guess-gu2633-005\/\" \/>\n<meta property=\"og:site_name\" content=\"Sun glasses, Contact Lenses, Eye glasses, Eyeglass Frames | VisionEyes\" \/>\n<meta property=\"article:modified_time\" content=\"2023-09-11T11:06:15+00:00\" \/>\n<meta property=\"og:image\" content=\"https:\/\/www.visioneyes.ro\/wp-content\/uploads\/Guess-GU2633-S-005.jpg\" \/>\n\t<meta property=\"og:image:width\" content=\"600\" \/>\n\t<meta property=\"og:image:height\" content=\"312\" \/>\n<meta name=\"twitter:card\" content=\"summary_large_image\" \/>\n<meta name=\"twitter:label1\" content=\"Est. reading time\">\n\t<meta name=\"twitter:data1\" content=\"1 minute\">\n<script type=\"application\/ld+json\" class=\"yoast-schema-graph\">{\"@context\":\"https:\/\/schema.org\",\"@graph\":[{\"@type\":\"WebSite\",\"@id\":\"https:\/\/www.visioneyes.ro\/#website\",\"url\":\"https:\/\/www.visioneyes.ro\/\",\"name\":\"Sun glasses, Contact Lenses, Eye glasses, Eyeglass Frames | VisionEyes\",\"description\":\"\",\"potentialAction\":[{\"@type\":\"SearchAction\",\"target\":\"https:\/\/www.visioneyes.ro\/?s={search_term_string}\",\"query-input\":\"required name=search_term_string\"}],\"inLanguage\":\"en-US\"},{\"@type\":\"ImageObject\",\"@id\":\"https:\/\/www.visioneyes.ro\/shop-online\/guess-gu2633-005\/#primaryimage\",\"inLanguage\":\"en-US\",\"url\":\"https:\/\/www.visioneyes.ro\/wp-content\/uploads\/Guess-GU2633-S-005.jpg\",\"width\":600,\"height\":312},{\"@type\":\"WebPage\",\"@id\":\"https:\/\/www.visioneyes.ro\/shop-online\/guess-gu2633-005\/#webpage\",\"url\":\"https:\/\/www.visioneyes.ro\/shop-online\/guess-gu2633-005\/\",\"name\":\"Guess GU2633-005 - Sun glasses, Contact Lenses, Eye glasses, Eyeglass Frames | VisionEyes\",\"isPartOf\":{\"@id\":\"https:\/\/www.visioneyes.ro\/#website\"},\"primaryImageOfPage\":{\"@id\":\"https:\/\/www.visioneyes.ro\/shop-online\/guess-gu2633-005\/#primaryimage\"},\"datePublished\":\"2017-11-21T18:25:45+00:00\",\"dateModified\":\"2023-09-11T11:06:15+00:00\",\"inLanguage\":\"en-US\",\"potentialAction\":[{\"@type\":\"ReadAction\",\"target\":[\"https:\/\/www.visioneyes.ro\/shop-online\/guess-gu2633-005\/\"]}]}]}<\/script>\n<!-- \/ Yoast SEO plugin. -->","_links":{"self":[{"href":"https:\/\/www.visioneyes.ro\/en\/wp-json\/wp\/v2\/product\/3463"}],"collection":[{"href":"https:\/\/www.visioneyes.ro\/en\/wp-json\/wp\/v2\/product"}],"about":[{"href":"https:\/\/www.visioneyes.ro\/en\/wp-json\/wp\/v2\/types\/product"}],"replies":[{"embeddable":true,"href":"https:\/\/www.visioneyes.ro\/en\/wp-json\/wp\/v2\/comments?post=3463"}],"wp:featuredmedia":[{"embeddable":true,"href":"https:\/\/www.visioneyes.ro\/en\/wp-json\/wp\/v2\/media\/3464"}],"wp:attachment":[{"href":"https:\/\/www.visioneyes.ro\/en\/wp-json\/wp\/v2\/media?parent=3463"}],"curies":[{"name":"wp","href":"https:\/\/api.w.org\/{rel}","templated":true}]}}