{"id":352,"date":"2016-12-07T21:38:46","date_gmt":"2016-12-07T18:38:46","guid":{"rendered":"https:\/\/www.visioneyes.ro\/?post_type=product&#038;p=352"},"modified":"2017-02-28T09:17:26","modified_gmt":"2017-02-28T06:17:26","slug":"biofinity-toric-3-lentile","status":"publish","type":"product","link":"https:\/\/www.visioneyes.ro\/en\/shop-online\/biofinity-toric-3-lentile\/","title":{"rendered":"Biofinity Toric (3 lentile)"},"content":{"rendered":"<p>Lentilele Biofinity\u00ae Toric sunt recomandate pentru portul zilnic, cu frecven\u021b\u0103 de \u00eenlocuire lunar\u0103. Pentru uzul extins, de pana la 7\u00a0zile\/6 nop\u021bi consecutiv, v\u0103 sf\u0103tuim s\u0103 cere\u021bi sfatul medicului specialist! <img loading=\"lazy\" class=\"aligncenter size-full wp-image-353\" src=\"https:\/\/www.visioneyes.ro\/wp-content\/uploads\/4-big.jpg\" alt=\"\" width=\"800\" height=\"600\" \/><\/p>\n","protected":false},"excerpt":{"rendered":"<p>Lentilele Biofinity\u00ae Toric sunt recomandate pentru portul zilnic, cu frecven\u021b\u0103 de \u00eenlocuire lunar\u0103. Pentru uzul extins, de pana la 7\u00a0zile\/6 nop\u021bi consecutiv, v\u0103 sf\u0103tuim s\u0103 cere\u021bi sfatul medicului specialist!<\/p>\n","protected":false},"featured_media":353,"comment_status":"open","ping_status":"closed","template":"","meta":[],"yoast_head":"<!-- This site is optimized with the Yoast SEO plugin v15.5 - https:\/\/yoast.com\/wordpress\/plugins\/seo\/ -->\n<title>Biofinity Toric (3 lentile) - Sun glasses, Contact Lenses, Eye glasses, Eyeglass Frames | VisionEyes<\/title>\n<meta name=\"robots\" content=\"index, follow, max-snippet:-1, max-image-preview:large, max-video-preview:-1\" \/>\n<link rel=\"canonical\" href=\"https:\/\/www.visioneyes.ro\/shop-online\/biofinity-toric-3-lentile\/\" \/>\n<meta property=\"og:locale\" content=\"en_US\" \/>\n<meta property=\"og:type\" content=\"article\" \/>\n<meta property=\"og:title\" content=\"Biofinity Toric (3 lentile) - Sun glasses, Contact Lenses, Eye glasses, Eyeglass Frames | VisionEyes\" \/>\n<meta property=\"og:description\" content=\"Lentilele Biofinity\u00ae Toric sunt recomandate pentru portul zilnic, cu frecven\u021b\u0103 de \u00eenlocuire lunar\u0103. Pentru uzul extins, de pana la 7\u00a0zile\/6 nop\u021bi consecutiv, v\u0103 sf\u0103tuim s\u0103 cere\u021bi sfatul medicului specialist!\" \/>\n<meta property=\"og:url\" content=\"https:\/\/www.visioneyes.ro\/shop-online\/biofinity-toric-3-lentile\/\" \/>\n<meta property=\"og:site_name\" content=\"Sun glasses, Contact Lenses, Eye glasses, Eyeglass Frames | VisionEyes\" \/>\n<meta property=\"article:modified_time\" content=\"2017-02-28T06:17:26+00:00\" \/>\n<meta property=\"og:image\" content=\"https:\/\/www.visioneyes.ro\/wp-content\/uploads\/4-big.jpg\" \/>\n\t<meta property=\"og:image:width\" content=\"800\" \/>\n\t<meta property=\"og:image:height\" content=\"600\" \/>\n<meta name=\"twitter:card\" content=\"summary_large_image\" \/>\n<meta name=\"twitter:label1\" content=\"Est. reading time\">\n\t<meta name=\"twitter:data1\" content=\"0 minutes\">\n<script type=\"application\/ld+json\" class=\"yoast-schema-graph\">{\"@context\":\"https:\/\/schema.org\",\"@graph\":[{\"@type\":\"WebSite\",\"@id\":\"https:\/\/www.visioneyes.ro\/#website\",\"url\":\"https:\/\/www.visioneyes.ro\/\",\"name\":\"Sun glasses, Contact Lenses, Eye glasses, Eyeglass Frames | VisionEyes\",\"description\":\"\",\"potentialAction\":[{\"@type\":\"SearchAction\",\"target\":\"https:\/\/www.visioneyes.ro\/?s={search_term_string}\",\"query-input\":\"required name=search_term_string\"}],\"inLanguage\":\"en-US\"},{\"@type\":\"ImageObject\",\"@id\":\"https:\/\/www.visioneyes.ro\/shop-online\/biofinity-toric-3-lentile\/#primaryimage\",\"inLanguage\":\"en-US\",\"url\":\"https:\/\/www.visioneyes.ro\/wp-content\/uploads\/4-big.jpg\",\"width\":800,\"height\":600},{\"@type\":\"WebPage\",\"@id\":\"https:\/\/www.visioneyes.ro\/shop-online\/biofinity-toric-3-lentile\/#webpage\",\"url\":\"https:\/\/www.visioneyes.ro\/shop-online\/biofinity-toric-3-lentile\/\",\"name\":\"Biofinity Toric (3 lentile) - Sun glasses, Contact Lenses, Eye glasses, Eyeglass Frames | VisionEyes\",\"isPartOf\":{\"@id\":\"https:\/\/www.visioneyes.ro\/#website\"},\"primaryImageOfPage\":{\"@id\":\"https:\/\/www.visioneyes.ro\/shop-online\/biofinity-toric-3-lentile\/#primaryimage\"},\"datePublished\":\"2016-12-07T18:38:46+00:00\",\"dateModified\":\"2017-02-28T06:17:26+00:00\",\"inLanguage\":\"en-US\",\"potentialAction\":[{\"@type\":\"ReadAction\",\"target\":[\"https:\/\/www.visioneyes.ro\/shop-online\/biofinity-toric-3-lentile\/\"]}]}]}<\/script>\n<!-- \/ Yoast SEO plugin. -->","_links":{"self":[{"href":"https:\/\/www.visioneyes.ro\/en\/wp-json\/wp\/v2\/product\/352"}],"collection":[{"href":"https:\/\/www.visioneyes.ro\/en\/wp-json\/wp\/v2\/product"}],"about":[{"href":"https:\/\/www.visioneyes.ro\/en\/wp-json\/wp\/v2\/types\/product"}],"replies":[{"embeddable":true,"href":"https:\/\/www.visioneyes.ro\/en\/wp-json\/wp\/v2\/comments?post=352"}],"wp:featuredmedia":[{"embeddable":true,"href":"https:\/\/www.visioneyes.ro\/en\/wp-json\/wp\/v2\/media\/353"}],"wp:attachment":[{"href":"https:\/\/www.visioneyes.ro\/en\/wp-json\/wp\/v2\/media?parent=352"}],"curies":[{"name":"wp","href":"https:\/\/api.w.org\/{rel}","templated":true}]}}