{"id":360,"date":"2016-12-07T22:00:20","date_gmt":"2016-12-07T19:00:20","guid":{"rendered":"https:\/\/www.visioneyes.ro\/?post_type=product&#038;p=360"},"modified":"2020-03-31T20:04:11","modified_gmt":"2020-03-31T17:04:11","slug":"acuvue-oasys-astigmatism-6-lentile","status":"publish","type":"product","link":"https:\/\/www.visioneyes.ro\/en\/shop-online\/acuvue-oasys-astigmatism-6-lentile\/","title":{"rendered":"Acuvue Oasys for Astigmatism (6 lentile)"},"content":{"rendered":"<h2><b>ACUVUE\u00ae OASYS\u00ae for ASTIGMATISM<\/b>\u00a0\u2013 lentile de contact torice, cu absor\u021bie mare de oxigen \u0219i o\u00a0stabilitate perfect\u0103 pe\u00a0ochi!<\/h2>\n<h3>Tehnologia HYDRACLEAR\u00ae PLUS<\/h3>\n<p><strong>Transmisibilitatea crescut\u0103<\/strong>, datorit\u0103 materialului silicon-hidrogel (peste 98% din oxigen este transmis ochiului)- asigur\u0103 confort sus\u021binut \u00een purtare; \u00een folosirea de zi cu zi, timp de 14\u00a0zile sau pentru portul extins, timp de 1\u00a0s\u0103pt\u0103m\u00e2n\u0103 zi \u0219i noapte (7\u00a0zile \u0219i 6\u00a0nop\u021bi). Pentru port extins v\u0103 rug\u0103m s\u0103 cere\u021bi sfatul medicului specialist.<br \/>\n<b>Agent de hidratare<\/b>&#8211; lentila este ultra-neted\u0103 \u0219i moale iar senza\u021bia este una s\u0103n\u0103toas\u0103.<\/p>\n<h3>Design-ul inovator BLINK STABILIZED\u2122 cu patru zone de stabilitate<\/h3>\n<p>La fiecare clipire, lentila r\u0103m\u00e2ne pozi\u021bionat\u0103 corect, oferind o\u00a0imagine clar\u0103 \u0219i stabil\u0103, natural\u0103.<\/p>\n<h3>Filtru UV<\/h3>\n<p>Lentilele au filtru UV; blocheaz\u0103, \u00een medie, peste 96% UV-A\u00a0\u0219i 99% UV-B.<\/p>\n<p>Lentilele de contact ACUVUE\u00ae OASYS\u00ae sunt o\u00a0alegere ideal\u0103 pentru cei care sufera de senzatia de ochi uscat \u0219i pentru cei care lucreaz\u0103 multe ore \u00een fa\u021ba calculatorului sau lucreaz\u0103 \u00een spa\u021bii dotate cu aer condi\u021bionat.<\/p>\n<p><strong>Materialul revolutionar<\/strong> senofilcon A (silicon-hidrogel) permite o purtare extinsa de pana la o saptamana zi si noapte.<\/p>\n","protected":false},"excerpt":{"rendered":"<p>ACUVUE\u00ae OASYS\u00ae for ASTIGMATISM\u00a0\u2013 lentile de contact torice, cu absor\u021bie mare de oxigen \u0219i o\u00a0stabilitate perfect\u0103 pe\u00a0ochi! Tehnologia HYDRACLEAR\u00ae PLUS Transmisibilitatea crescut\u0103, datorit\u0103 materialului silicon-hidrogel (peste 98% din oxigen este transmis ochiului)- asigur\u0103 confort sus\u021binut \u00een purtare; \u00een folosirea de zi cu zi, timp de 14\u00a0zile sau pentru portul extins, timp de 1\u00a0s\u0103pt\u0103m\u00e2n\u0103 zi \u0219i [&#8230;]\n","protected":false},"featured_media":361,"comment_status":"open","ping_status":"closed","template":"","meta":[],"yoast_head":"<!-- This site is optimized with the Yoast SEO plugin v15.5 - https:\/\/yoast.com\/wordpress\/plugins\/seo\/ -->\n<title>Acuvue Oasys for Astigmatism (6 lentile) - Sun glasses, Contact Lenses, Eye glasses, Eyeglass Frames | VisionEyes<\/title>\n<meta name=\"robots\" content=\"index, follow, max-snippet:-1, max-image-preview:large, max-video-preview:-1\" \/>\n<link rel=\"canonical\" href=\"https:\/\/www.visioneyes.ro\/shop-online\/acuvue-oasys-astigmatism-6-lentile\/\" \/>\n<meta property=\"og:locale\" content=\"en_US\" \/>\n<meta property=\"og:type\" content=\"article\" \/>\n<meta property=\"og:title\" content=\"Acuvue Oasys for Astigmatism (6 lentile) - Sun glasses, Contact Lenses, Eye glasses, Eyeglass Frames | VisionEyes\" \/>\n<meta property=\"og:description\" content=\"ACUVUE\u00ae OASYS\u00ae for ASTIGMATISM\u00a0\u2013 lentile de contact torice, cu absor\u021bie mare de oxigen \u0219i o\u00a0stabilitate perfect\u0103 pe\u00a0ochi! Tehnologia HYDRACLEAR\u00ae PLUS Transmisibilitatea crescut\u0103, datorit\u0103 materialului silicon-hidrogel (peste 98% din oxigen este transmis ochiului)- asigur\u0103 confort sus\u021binut \u00een purtare; \u00een folosirea de zi cu zi, timp de 14\u00a0zile sau pentru portul extins, timp de 1\u00a0s\u0103pt\u0103m\u00e2n\u0103 zi \u0219i [...]\" \/>\n<meta property=\"og:url\" content=\"https:\/\/www.visioneyes.ro\/shop-online\/acuvue-oasys-astigmatism-6-lentile\/\" \/>\n<meta property=\"og:site_name\" content=\"Sun glasses, Contact Lenses, Eye glasses, Eyeglass Frames | VisionEyes\" \/>\n<meta property=\"article:modified_time\" content=\"2020-03-31T17:04:11+00:00\" \/>\n<meta property=\"og:image\" content=\"https:\/\/www.visioneyes.ro\/wp-content\/uploads\/245-big.jpg\" \/>\n\t<meta property=\"og:image:width\" content=\"800\" \/>\n\t<meta property=\"og:image:height\" content=\"600\" \/>\n<meta name=\"twitter:card\" content=\"summary_large_image\" \/>\n<meta name=\"twitter:label1\" content=\"Est. reading time\">\n\t<meta name=\"twitter:data1\" content=\"1 minute\">\n<script type=\"application\/ld+json\" class=\"yoast-schema-graph\">{\"@context\":\"https:\/\/schema.org\",\"@graph\":[{\"@type\":\"WebSite\",\"@id\":\"https:\/\/www.visioneyes.ro\/#website\",\"url\":\"https:\/\/www.visioneyes.ro\/\",\"name\":\"Sun glasses, Contact Lenses, Eye glasses, Eyeglass Frames | VisionEyes\",\"description\":\"\",\"potentialAction\":[{\"@type\":\"SearchAction\",\"target\":\"https:\/\/www.visioneyes.ro\/?s={search_term_string}\",\"query-input\":\"required name=search_term_string\"}],\"inLanguage\":\"en-US\"},{\"@type\":\"ImageObject\",\"@id\":\"https:\/\/www.visioneyes.ro\/shop-online\/acuvue-oasys-astigmatism-6-lentile\/#primaryimage\",\"inLanguage\":\"en-US\",\"url\":\"https:\/\/www.visioneyes.ro\/wp-content\/uploads\/245-big.jpg\",\"width\":800,\"height\":600},{\"@type\":\"WebPage\",\"@id\":\"https:\/\/www.visioneyes.ro\/shop-online\/acuvue-oasys-astigmatism-6-lentile\/#webpage\",\"url\":\"https:\/\/www.visioneyes.ro\/shop-online\/acuvue-oasys-astigmatism-6-lentile\/\",\"name\":\"Acuvue Oasys for Astigmatism (6 lentile) - Sun glasses, Contact Lenses, Eye glasses, Eyeglass Frames | VisionEyes\",\"isPartOf\":{\"@id\":\"https:\/\/www.visioneyes.ro\/#website\"},\"primaryImageOfPage\":{\"@id\":\"https:\/\/www.visioneyes.ro\/shop-online\/acuvue-oasys-astigmatism-6-lentile\/#primaryimage\"},\"datePublished\":\"2016-12-07T19:00:20+00:00\",\"dateModified\":\"2020-03-31T17:04:11+00:00\",\"inLanguage\":\"en-US\",\"potentialAction\":[{\"@type\":\"ReadAction\",\"target\":[\"https:\/\/www.visioneyes.ro\/shop-online\/acuvue-oasys-astigmatism-6-lentile\/\"]}]}]}<\/script>\n<!-- \/ Yoast SEO plugin. -->","_links":{"self":[{"href":"https:\/\/www.visioneyes.ro\/en\/wp-json\/wp\/v2\/product\/360"}],"collection":[{"href":"https:\/\/www.visioneyes.ro\/en\/wp-json\/wp\/v2\/product"}],"about":[{"href":"https:\/\/www.visioneyes.ro\/en\/wp-json\/wp\/v2\/types\/product"}],"replies":[{"embeddable":true,"href":"https:\/\/www.visioneyes.ro\/en\/wp-json\/wp\/v2\/comments?post=360"}],"wp:featuredmedia":[{"embeddable":true,"href":"https:\/\/www.visioneyes.ro\/en\/wp-json\/wp\/v2\/media\/361"}],"wp:attachment":[{"href":"https:\/\/www.visioneyes.ro\/en\/wp-json\/wp\/v2\/media?parent=360"}],"curies":[{"name":"wp","href":"https:\/\/api.w.org\/{rel}","templated":true}]}}