{"id":3715,"date":"2018-03-23T20:47:21","date_gmt":"2018-03-23T17:47:21","guid":{"rendered":"https:\/\/www.visioneyes.ro\/?post_type=product&#038;p=3715"},"modified":"2018-03-23T20:47:21","modified_gmt":"2018-03-23T17:47:21","slug":"ray-ban-rx6589-2501","status":"publish","type":"product","link":"https:\/\/www.visioneyes.ro\/en\/shop-online\/ray-ban-rx6589-2501\/","title":{"rendered":"Ray-Ban Rx6589 2501"},"content":{"rendered":"<h3>Descriere Rame ochelari de vedere unisex Ray-Ban Rx6589 2501<\/h3>\n<p>Details<\/p>\n<div class=\"innerExpand\">\n<div class=\"row\">\n<div class=\"columns small-4 labelDetails\">Gender: Unisex<\/div>\n<\/div>\n<div class=\"row\">\n<div class=\"columns small-4 labelDetails\">Shape: Pilot<\/div>\n<\/div>\n<div class=\"row\">\n<div class=\"columns small-4 labelDetails\">Material: Metal<\/div>\n<\/div>\n<div class=\"row\">\n<div class=\"columns small-4 labelDetails\">Lens: Nylor<\/div>\n<div>\n<div class=\"long-description\">\n<p>Pretul afisat include toate taxele!<\/p>\n<p>Vin impreuna cu un toc Ray-BanRamele beneficiaza de garantie 2 ani.<\/p>\n<p><strong>Optieyes<\/strong> este distribuitor autorizat <strong>Luxottica Group<\/strong>.<\/p>\n<\/div>\n<p>Produsul este nou si comercializat in ambalajul original al producatorului. Imaginile de pe <strong>visioneyes.ro<\/strong> au caracter informativ.<\/p>\n<p>Mai mult dec\u00e2t at\u00e2t, la noi po\u0163i cump\u0103ra lentilele perfecte de vedere, la un pre\u0163 imbatabil. Tot ceea de ce ai nevoie sunt valorile actuale de dioptrii, care \u00ee\u0163i pot fi furnizate de un doctor oftalmolog de \u00eencredere sau poti veni in magazinele nostre din Vulcan Value Centre si Dristor pentru o determinare de dioptrii.<\/p>\n<\/div>\n<\/div>\n<\/div>\n","protected":false},"excerpt":{"rendered":"<p>Descriere Rame ochelari de vedere unisex Ray-Ban Rx6589 2501 Details Gender: Unisex Shape: Pilot Material: Metal Lens: Nylor Pretul afisat include toate taxele! Vin impreuna cu un toc Ray-BanRamele beneficiaza de garantie 2 ani. Optieyes este distribuitor autorizat Luxottica Group. Produsul este nou si comercializat in ambalajul original al producatorului. Imaginile de pe visioneyes.ro au [&#8230;]\n","protected":false},"featured_media":3716,"comment_status":"open","ping_status":"closed","template":"","meta":[],"yoast_head":"<!-- This site is optimized with the Yoast SEO plugin v15.5 - https:\/\/yoast.com\/wordpress\/plugins\/seo\/ -->\n<title>Ray-Ban Rx6589 2501 - Sun glasses, Contact Lenses, Eye glasses, Eyeglass Frames | VisionEyes<\/title>\n<meta name=\"robots\" content=\"index, follow, max-snippet:-1, max-image-preview:large, max-video-preview:-1\" \/>\n<link rel=\"canonical\" href=\"https:\/\/www.visioneyes.ro\/shop-online\/ray-ban-rx6589-2501\/\" \/>\n<meta property=\"og:locale\" content=\"en_US\" \/>\n<meta property=\"og:type\" content=\"article\" \/>\n<meta property=\"og:title\" content=\"Ray-Ban Rx6589 2501 - Sun glasses, Contact Lenses, Eye glasses, Eyeglass Frames | VisionEyes\" \/>\n<meta property=\"og:description\" content=\"Descriere Rame ochelari de vedere unisex Ray-Ban Rx6589 2501 Details Gender: Unisex Shape: Pilot Material: Metal Lens: Nylor Pretul afisat include toate taxele! Vin impreuna cu un toc Ray-BanRamele beneficiaza de garantie 2 ani. Optieyes este distribuitor autorizat Luxottica Group. Produsul este nou si comercializat in ambalajul original al producatorului. Imaginile de pe visioneyes.ro au [...]\" \/>\n<meta property=\"og:url\" content=\"https:\/\/www.visioneyes.ro\/shop-online\/ray-ban-rx6589-2501\/\" \/>\n<meta property=\"og:site_name\" content=\"Sun glasses, Contact Lenses, Eye glasses, Eyeglass Frames | VisionEyes\" \/>\n<meta property=\"og:image\" content=\"https:\/\/www.visioneyes.ro\/wp-content\/uploads\/img_art_RX_6589_2501_R.jpg\" \/>\n\t<meta property=\"og:image:width\" content=\"550\" \/>\n\t<meta property=\"og:image:height\" content=\"250\" \/>\n<meta name=\"twitter:card\" content=\"summary_large_image\" \/>\n<meta name=\"twitter:label1\" content=\"Est. reading time\">\n\t<meta name=\"twitter:data1\" content=\"0 minutes\">\n<script type=\"application\/ld+json\" class=\"yoast-schema-graph\">{\"@context\":\"https:\/\/schema.org\",\"@graph\":[{\"@type\":\"WebSite\",\"@id\":\"https:\/\/www.visioneyes.ro\/#website\",\"url\":\"https:\/\/www.visioneyes.ro\/\",\"name\":\"Sun glasses, Contact Lenses, Eye glasses, Eyeglass Frames | VisionEyes\",\"description\":\"\",\"potentialAction\":[{\"@type\":\"SearchAction\",\"target\":\"https:\/\/www.visioneyes.ro\/?s={search_term_string}\",\"query-input\":\"required name=search_term_string\"}],\"inLanguage\":\"en-US\"},{\"@type\":\"ImageObject\",\"@id\":\"https:\/\/www.visioneyes.ro\/shop-online\/ray-ban-rx6589-2501\/#primaryimage\",\"inLanguage\":\"en-US\",\"url\":\"https:\/\/www.visioneyes.ro\/wp-content\/uploads\/img_art_RX_6589_2501_R.jpg\",\"width\":550,\"height\":250},{\"@type\":\"WebPage\",\"@id\":\"https:\/\/www.visioneyes.ro\/shop-online\/ray-ban-rx6589-2501\/#webpage\",\"url\":\"https:\/\/www.visioneyes.ro\/shop-online\/ray-ban-rx6589-2501\/\",\"name\":\"Ray-Ban Rx6589 2501 - Sun glasses, Contact Lenses, Eye glasses, Eyeglass Frames | VisionEyes\",\"isPartOf\":{\"@id\":\"https:\/\/www.visioneyes.ro\/#website\"},\"primaryImageOfPage\":{\"@id\":\"https:\/\/www.visioneyes.ro\/shop-online\/ray-ban-rx6589-2501\/#primaryimage\"},\"datePublished\":\"2018-03-23T17:47:21+00:00\",\"dateModified\":\"2018-03-23T17:47:21+00:00\",\"inLanguage\":\"en-US\",\"potentialAction\":[{\"@type\":\"ReadAction\",\"target\":[\"https:\/\/www.visioneyes.ro\/shop-online\/ray-ban-rx6589-2501\/\"]}]}]}<\/script>\n<!-- \/ Yoast SEO plugin. -->","_links":{"self":[{"href":"https:\/\/www.visioneyes.ro\/en\/wp-json\/wp\/v2\/product\/3715"}],"collection":[{"href":"https:\/\/www.visioneyes.ro\/en\/wp-json\/wp\/v2\/product"}],"about":[{"href":"https:\/\/www.visioneyes.ro\/en\/wp-json\/wp\/v2\/types\/product"}],"replies":[{"embeddable":true,"href":"https:\/\/www.visioneyes.ro\/en\/wp-json\/wp\/v2\/comments?post=3715"}],"wp:featuredmedia":[{"embeddable":true,"href":"https:\/\/www.visioneyes.ro\/en\/wp-json\/wp\/v2\/media\/3716"}],"wp:attachment":[{"href":"https:\/\/www.visioneyes.ro\/en\/wp-json\/wp\/v2\/media?parent=3715"}],"curies":[{"name":"wp","href":"https:\/\/api.w.org\/{rel}","templated":true}]}}