{"id":3731,"date":"2018-03-23T21:08:22","date_gmt":"2018-03-23T18:08:22","guid":{"rendered":"https:\/\/www.visioneyes.ro\/?post_type=product&#038;p=3731"},"modified":"2018-03-23T21:08:22","modified_gmt":"2018-03-23T18:08:22","slug":"ray-ban-rx7140-5687","status":"publish","type":"product","link":"https:\/\/www.visioneyes.ro\/en\/shop-online\/ray-ban-rx7140-5687\/","title":{"rendered":"RAY-BAN RX7140 5687"},"content":{"rendered":"<h3>Descriere Rame ochelari de vedere unisex RAY-BAN RX7140 5687 de la Ray-Ban<\/h3>\n<div class=\"long-description\">\n<p><b>Dimensiuni<\/b><\/p>\n<table border=\"0\" cellspacing=\"0\" cellpadding=\"0\">\n<tbody>\n<tr>\n<td><span class=\"f_name\">Inaltime lentile<\/span><br \/>\n<b> &#8212; mm<\/b><\/td>\n<td><span class=\"f_name\">Latime rama <\/span><br \/>\n<b> &#8212; mm<\/b><\/td>\n<td><span class=\"f_name\">Latime lentile<\/span><br \/>\n<b>49 mm<\/b><\/td>\n<td><span class=\"f_name\">Lungime brate<\/span><br \/>\n<b>150 mm<\/b><\/td>\n<td><span class=\"f_name\">Punte nazala<\/span><br \/>\n<b>20 mm<\/b><\/td>\n<\/tr>\n<tr>\n<td><img src=\"https:\/\/lensa.ro\/image\/data\/icons\/inaltime-lentile.jpg\" alt=\"Inaltime lentile\" \/><\/td>\n<td><img src=\"https:\/\/lensa.ro\/image\/data\/icons\/latime-lentile.jpg\" alt=\"Latime\" \/><\/td>\n<td><img src=\"https:\/\/lensa.ro\/image\/data\/icons\/latamie-ochelari.jpg\" alt=\"Latime lentile\" \/><\/td>\n<td><img src=\"https:\/\/lensa.ro\/image\/data\/icons\/lungime-brate.jpg\" alt=\"Lungime brate\" \/><\/td>\n<td><img src=\"https:\/\/lensa.ro\/image\/data\/icons\/punte-nazala.jpg\" alt=\"Punte nazala\" \/><\/td>\n<\/tr>\n<\/tbody>\n<\/table>\n<p><u><strong> Rame ochelari de vedere unisex Ray-Ban RX7140 5687<\/strong><\/u><\/p>\n<div class=\"long-description\">\n<p>Pretul afisat include toate taxele!<\/p>\n<p>Vin impreuna cu un toc Ray-BanRamele beneficiaza de garantie 2 ani.<\/p>\n<p><strong>Optieyes<\/strong> este distribuitor autorizat <strong>Luxottica Group<\/strong>.<\/p>\n<\/div>\n<p>Produsul este nou si comercializat in ambalajul original al producatorului. Imaginile de pe <strong>visioneyes.ro<\/strong> au caracter informativ.<\/p>\n<p>Mai mult dec\u00e2t at\u00e2t, la noi po\u0163i cump\u0103ra lentilele perfecte de vedere, la un pre\u0163 imbatabil. Tot ceea de ce ai nevoie sunt valorile actuale de dioptrii, care \u00ee\u0163i pot fi furnizate de un doctor oftalmolog de \u00eencredere sau poti veni in magazinele nostre din Vulcan Value Centre si Dristor pentru o determinare de dioptrii.<\/p>\n<\/div>\n","protected":false},"excerpt":{"rendered":"<p>Descriere Rame ochelari de vedere unisex RAY-BAN RX7140 5687 de la Ray-Ban Dimensiuni Inaltime lentile &#8212; mm Latime rama &#8212; mm Latime lentile 49 mm Lungime brate 150 mm Punte nazala 20 mm Rame ochelari de vedere unisex Ray-Ban RX7140 5687 Pretul afisat include toate taxele! Vin impreuna cu un toc Ray-BanRamele beneficiaza de garantie [&#8230;]\n","protected":false},"featured_media":3732,"comment_status":"open","ping_status":"closed","template":"","meta":[],"yoast_head":"<!-- This site is optimized with the Yoast SEO plugin v15.5 - https:\/\/yoast.com\/wordpress\/plugins\/seo\/ -->\n<title>RAY-BAN RX7140 5687 - Sun glasses, Contact Lenses, Eye glasses, Eyeglass Frames | VisionEyes<\/title>\n<meta name=\"robots\" content=\"index, follow, max-snippet:-1, max-image-preview:large, max-video-preview:-1\" \/>\n<link rel=\"canonical\" href=\"https:\/\/www.visioneyes.ro\/shop-online\/ray-ban-rx7140-5687\/\" \/>\n<meta property=\"og:locale\" content=\"en_US\" \/>\n<meta property=\"og:type\" content=\"article\" \/>\n<meta property=\"og:title\" content=\"RAY-BAN RX7140 5687 - Sun glasses, Contact Lenses, Eye glasses, Eyeglass Frames | VisionEyes\" \/>\n<meta property=\"og:description\" content=\"Descriere Rame ochelari de vedere unisex RAY-BAN RX7140 5687 de la Ray-Ban Dimensiuni Inaltime lentile &#8212; mm Latime rama &#8212; mm Latime lentile 49 mm Lungime brate 150 mm Punte nazala 20 mm Rame ochelari de vedere unisex Ray-Ban RX7140 5687 Pretul afisat include toate taxele! Vin impreuna cu un toc Ray-BanRamele beneficiaza de garantie [...]\" \/>\n<meta property=\"og:url\" content=\"https:\/\/www.visioneyes.ro\/shop-online\/ray-ban-rx7140-5687\/\" \/>\n<meta property=\"og:site_name\" content=\"Sun glasses, Contact Lenses, Eye glasses, Eyeglass Frames | VisionEyes\" \/>\n<meta property=\"og:image\" content=\"https:\/\/www.visioneyes.ro\/wp-content\/uploads\/ray-ban-rame-ochelari-de-vedere-unisex-ray-ban-rx7140-5687-20823.png\" \/>\n\t<meta property=\"og:image:width\" content=\"600\" \/>\n\t<meta property=\"og:image:height\" content=\"600\" \/>\n<meta name=\"twitter:card\" content=\"summary_large_image\" \/>\n<meta name=\"twitter:label1\" content=\"Est. reading time\">\n\t<meta name=\"twitter:data1\" content=\"1 minute\">\n<script type=\"application\/ld+json\" class=\"yoast-schema-graph\">{\"@context\":\"https:\/\/schema.org\",\"@graph\":[{\"@type\":\"WebSite\",\"@id\":\"https:\/\/www.visioneyes.ro\/#website\",\"url\":\"https:\/\/www.visioneyes.ro\/\",\"name\":\"Sun glasses, Contact Lenses, Eye glasses, Eyeglass Frames | VisionEyes\",\"description\":\"\",\"potentialAction\":[{\"@type\":\"SearchAction\",\"target\":\"https:\/\/www.visioneyes.ro\/?s={search_term_string}\",\"query-input\":\"required name=search_term_string\"}],\"inLanguage\":\"en-US\"},{\"@type\":\"ImageObject\",\"@id\":\"https:\/\/www.visioneyes.ro\/shop-online\/ray-ban-rx7140-5687\/#primaryimage\",\"inLanguage\":\"en-US\",\"url\":\"https:\/\/www.visioneyes.ro\/wp-content\/uploads\/ray-ban-rame-ochelari-de-vedere-unisex-ray-ban-rx7140-5687-20823.png\",\"width\":600,\"height\":600},{\"@type\":\"WebPage\",\"@id\":\"https:\/\/www.visioneyes.ro\/shop-online\/ray-ban-rx7140-5687\/#webpage\",\"url\":\"https:\/\/www.visioneyes.ro\/shop-online\/ray-ban-rx7140-5687\/\",\"name\":\"RAY-BAN RX7140 5687 - Sun glasses, Contact Lenses, Eye glasses, Eyeglass Frames | VisionEyes\",\"isPartOf\":{\"@id\":\"https:\/\/www.visioneyes.ro\/#website\"},\"primaryImageOfPage\":{\"@id\":\"https:\/\/www.visioneyes.ro\/shop-online\/ray-ban-rx7140-5687\/#primaryimage\"},\"datePublished\":\"2018-03-23T18:08:22+00:00\",\"dateModified\":\"2018-03-23T18:08:22+00:00\",\"inLanguage\":\"en-US\",\"potentialAction\":[{\"@type\":\"ReadAction\",\"target\":[\"https:\/\/www.visioneyes.ro\/shop-online\/ray-ban-rx7140-5687\/\"]}]}]}<\/script>\n<!-- \/ Yoast SEO plugin. -->","_links":{"self":[{"href":"https:\/\/www.visioneyes.ro\/en\/wp-json\/wp\/v2\/product\/3731"}],"collection":[{"href":"https:\/\/www.visioneyes.ro\/en\/wp-json\/wp\/v2\/product"}],"about":[{"href":"https:\/\/www.visioneyes.ro\/en\/wp-json\/wp\/v2\/types\/product"}],"replies":[{"embeddable":true,"href":"https:\/\/www.visioneyes.ro\/en\/wp-json\/wp\/v2\/comments?post=3731"}],"wp:featuredmedia":[{"embeddable":true,"href":"https:\/\/www.visioneyes.ro\/en\/wp-json\/wp\/v2\/media\/3732"}],"wp:attachment":[{"href":"https:\/\/www.visioneyes.ro\/en\/wp-json\/wp\/v2\/media?parent=3731"}],"curies":[{"name":"wp","href":"https:\/\/api.w.org\/{rel}","templated":true}]}}