{"id":384,"date":"2016-12-07T22:54:56","date_gmt":"2016-12-07T19:54:56","guid":{"rendered":"https:\/\/www.visioneyes.ro\/?post_type=product&#038;p=384"},"modified":"2020-03-31T18:50:13","modified_gmt":"2020-03-31T15:50:13","slug":"soflens-daily-disposable-30-lentile","status":"publish","type":"product","link":"https:\/\/www.visioneyes.ro\/en\/shop-online\/soflens-daily-disposable-30-lentile\/","title":{"rendered":"SofLens Daily Disposable (30 lentile)"},"content":{"rendered":"<h3>Design-ul asferic<\/h3>\n<p>asigur\u0103 vederii acuitate vizual\u0103 impecabil\u0103, chiar \u0219i \u00een condi\u021bii de lumin\u0103 difuz\u0103 sau la trecerea brusc\u0103 de la zonele \u00eentunecate\/umbrite la cele luminoase. (ex. senzatia de \u201eorbire\u201c din timpul \u0219ofatului)<\/p>\n<h3>Ambalaj ergonomic<\/h3>\n<p>Lentilele sunt ambalate \u00een cutii cu blistere individuale, ceea ce permite o\u00a0transportare \u0219i manevrare mai u\u0219oar\u0103 a lor.<\/p>\n<p>Lentilele au un con\u021binut ridicat de ap\u0103 (59%), care \u00eempreun\u0103 cu materialul caracteristic Hilafilcon B, asigur\u0103 un confort ridicat pe durata \u00eentregii zile.<br \/>\nPachetul con\u021bine 30\u00a0de lentile de contact.<\/p>\n","protected":false},"excerpt":{"rendered":"<p>Design-ul asferic asigur\u0103 vederii acuitate vizual\u0103 impecabil\u0103, chiar \u0219i \u00een condi\u021bii de lumin\u0103 difuz\u0103 sau la trecerea brusc\u0103 de la zonele \u00eentunecate\/umbrite la cele luminoase. (ex. senzatia de \u201eorbire\u201c din timpul \u0219ofatului) Ambalaj ergonomic Lentilele sunt ambalate \u00een cutii cu blistere individuale, ceea ce permite o\u00a0transportare \u0219i manevrare mai u\u0219oar\u0103 a lor. Lentilele au un [&#8230;]\n","protected":false},"featured_media":385,"comment_status":"open","ping_status":"closed","template":"","meta":[],"yoast_head":"<!-- This site is optimized with the Yoast SEO plugin v15.5 - https:\/\/yoast.com\/wordpress\/plugins\/seo\/ -->\n<title>SofLens Daily Disposable (30 lentile) - Sun glasses, Contact Lenses, Eye glasses, Eyeglass Frames | VisionEyes<\/title>\n<meta name=\"robots\" content=\"index, follow, max-snippet:-1, max-image-preview:large, max-video-preview:-1\" \/>\n<link rel=\"canonical\" href=\"https:\/\/www.visioneyes.ro\/shop-online\/soflens-daily-disposable-30-lentile\/\" \/>\n<meta property=\"og:locale\" content=\"en_US\" \/>\n<meta property=\"og:type\" content=\"article\" \/>\n<meta property=\"og:title\" content=\"SofLens Daily Disposable (30 lentile) - Sun glasses, Contact Lenses, Eye glasses, Eyeglass Frames | VisionEyes\" \/>\n<meta property=\"og:description\" content=\"Design-ul asferic asigur\u0103 vederii acuitate vizual\u0103 impecabil\u0103, chiar \u0219i \u00een condi\u021bii de lumin\u0103 difuz\u0103 sau la trecerea brusc\u0103 de la zonele \u00eentunecate\/umbrite la cele luminoase. (ex. senzatia de \u201eorbire\u201c din timpul \u0219ofatului) Ambalaj ergonomic Lentilele sunt ambalate \u00een cutii cu blistere individuale, ceea ce permite o\u00a0transportare \u0219i manevrare mai u\u0219oar\u0103 a lor. Lentilele au un [...]\" \/>\n<meta property=\"og:url\" content=\"https:\/\/www.visioneyes.ro\/shop-online\/soflens-daily-disposable-30-lentile\/\" \/>\n<meta property=\"og:site_name\" content=\"Sun glasses, Contact Lenses, Eye glasses, Eyeglass Frames | VisionEyes\" \/>\n<meta property=\"article:modified_time\" content=\"2020-03-31T15:50:13+00:00\" \/>\n<meta property=\"og:image\" content=\"https:\/\/www.visioneyes.ro\/wp-content\/uploads\/286-big.jpg\" \/>\n\t<meta property=\"og:image:width\" content=\"800\" \/>\n\t<meta property=\"og:image:height\" content=\"600\" \/>\n<meta name=\"twitter:card\" content=\"summary_large_image\" \/>\n<meta name=\"twitter:label1\" content=\"Est. reading time\">\n\t<meta name=\"twitter:data1\" content=\"0 minutes\">\n<script type=\"application\/ld+json\" class=\"yoast-schema-graph\">{\"@context\":\"https:\/\/schema.org\",\"@graph\":[{\"@type\":\"WebSite\",\"@id\":\"https:\/\/www.visioneyes.ro\/#website\",\"url\":\"https:\/\/www.visioneyes.ro\/\",\"name\":\"Sun glasses, Contact Lenses, Eye glasses, Eyeglass Frames | VisionEyes\",\"description\":\"\",\"potentialAction\":[{\"@type\":\"SearchAction\",\"target\":\"https:\/\/www.visioneyes.ro\/?s={search_term_string}\",\"query-input\":\"required name=search_term_string\"}],\"inLanguage\":\"en-US\"},{\"@type\":\"ImageObject\",\"@id\":\"https:\/\/www.visioneyes.ro\/shop-online\/soflens-daily-disposable-30-lentile\/#primaryimage\",\"inLanguage\":\"en-US\",\"url\":\"https:\/\/www.visioneyes.ro\/wp-content\/uploads\/286-big.jpg\",\"width\":800,\"height\":600},{\"@type\":\"WebPage\",\"@id\":\"https:\/\/www.visioneyes.ro\/shop-online\/soflens-daily-disposable-30-lentile\/#webpage\",\"url\":\"https:\/\/www.visioneyes.ro\/shop-online\/soflens-daily-disposable-30-lentile\/\",\"name\":\"SofLens Daily Disposable (30 lentile) - Sun glasses, Contact Lenses, Eye glasses, Eyeglass Frames | VisionEyes\",\"isPartOf\":{\"@id\":\"https:\/\/www.visioneyes.ro\/#website\"},\"primaryImageOfPage\":{\"@id\":\"https:\/\/www.visioneyes.ro\/shop-online\/soflens-daily-disposable-30-lentile\/#primaryimage\"},\"datePublished\":\"2016-12-07T19:54:56+00:00\",\"dateModified\":\"2020-03-31T15:50:13+00:00\",\"inLanguage\":\"en-US\",\"potentialAction\":[{\"@type\":\"ReadAction\",\"target\":[\"https:\/\/www.visioneyes.ro\/shop-online\/soflens-daily-disposable-30-lentile\/\"]}]}]}<\/script>\n<!-- \/ Yoast SEO plugin. -->","_links":{"self":[{"href":"https:\/\/www.visioneyes.ro\/en\/wp-json\/wp\/v2\/product\/384"}],"collection":[{"href":"https:\/\/www.visioneyes.ro\/en\/wp-json\/wp\/v2\/product"}],"about":[{"href":"https:\/\/www.visioneyes.ro\/en\/wp-json\/wp\/v2\/types\/product"}],"replies":[{"embeddable":true,"href":"https:\/\/www.visioneyes.ro\/en\/wp-json\/wp\/v2\/comments?post=384"}],"wp:featuredmedia":[{"embeddable":true,"href":"https:\/\/www.visioneyes.ro\/en\/wp-json\/wp\/v2\/media\/385"}],"wp:attachment":[{"href":"https:\/\/www.visioneyes.ro\/en\/wp-json\/wp\/v2\/media?parent=384"}],"curies":[{"name":"wp","href":"https:\/\/api.w.org\/{rel}","templated":true}]}}