{"id":387,"date":"2016-12-07T23:07:47","date_gmt":"2016-12-07T20:07:47","guid":{"rendered":"https:\/\/www.visioneyes.ro\/?post_type=product&#038;p=387"},"modified":"2020-03-31T13:37:26","modified_gmt":"2020-03-31T10:37:26","slug":"biotrue-oneday-30-lentile","status":"publish","type":"product","link":"https:\/\/www.visioneyes.ro\/en\/shop-online\/biotrue-oneday-30-lentile\/","title":{"rendered":"Biotrue ONEday (30 lentile)"},"content":{"rendered":"<div class=\"tabs\">\n<div class=\"float-right\">\n<div id=\"detailTabLongText\" class=\"tabs_body tabDetail active\">\n<h2>Lentile de contact Biotrue ONEday<\/h2>\n<p><strong>Biotrue ONEday <\/strong>sunt lentile de contact de la produc\u0103torul Bausch and Lomb. Aceste lentile sunt inspirate din mediul natural al ochiului uman pentru a-i\u00a0putea imita c\u00e2t mai bine propriet\u0103tile fizice. Datorit\u0103 acestui lucru, lentila ofer\u0103 purt\u0103torului un confort ridicat pe toat\u0103 durata zilei \u0219i de asemenea o\u00a0oxigenare corespunz\u0103toare a corneei.<\/p>\n<h3>HyperGel<\/h3>\n<p>La fabricarea acestei lentile a fost folosit\u0103 Technologia HyperGel, tehnologie care combin\u0103 hidrogelul clasic cu siliconul-hidrogel rezult\u00e2nd o\u00a0lentil\u0103 cu un con\u021binut ridicat de ap\u0103 \u0219i cu o\u00a0permeabilitate considerabil\u0103 de oxigen. Aceste substan\u021be sunt apoi implicate \u00een crearea stratului lipidic care reduce la minim riscul de desidratare a lentilei. Ca urmare, lentilele r\u0103man hidratate \u0219i \u00ee\u0219i p\u0103streaz\u0103 propriet\u0103tile optice intacte pe toat\u0103 durata purt\u0103rii lor. Con\u021binutul de ap\u0103 al acestor lentile este de 78%, cantitate comparabil\u0103 cu cantitatea de ap\u0103 con\u021binut\u0103 \u00een cornee.<\/p>\n<h4>Filtru UV<\/h4>\n<p>Lentilele<strong> Biotrue ONEday<\/strong> con\u021bin de asemenea filtru UV, filtru care absoarbe radia\u021biile d\u0103un\u0103toare UVA \u0219i UVB. Trebuie re\u021binut faptul c\u0103, de\u0219i aceste lentile con\u021bin filtru UV ele nu pot \u00eenlocui ochelarii de soare. Lentila nu acoper\u0103 toat\u0103 suprafa\u021ba ochiului ci doar o\u00a0parte a acestuia. Nu exist\u0103 studii clinice care s\u0103 arate c\u0103 folosirea lentile de contact cu filtre UV ar reduce riscul dezvolt\u0103rii afec\u021biunilor oculare.<img loading=\"lazy\" class=\"aligncenter size-full wp-image-388\" src=\"https:\/\/www.visioneyes.ro\/wp-content\/uploads\/1745-big.jpg\" alt=\"\" width=\"800\" height=\"600\" \/><\/p>\n<\/div>\n<\/div>\n<\/div>\n","protected":false},"excerpt":{"rendered":"<p>Lentile de contact Biotrue ONEday Biotrue ONEday sunt lentile de contact de la produc\u0103torul Bausch and Lomb. Aceste lentile sunt inspirate din mediul natural al ochiului uman pentru a-i\u00a0putea imita c\u00e2t mai bine propriet\u0103tile fizice. Datorit\u0103 acestui lucru, lentila ofer\u0103 purt\u0103torului un confort ridicat pe toat\u0103 durata zilei \u0219i de asemenea o\u00a0oxigenare corespunz\u0103toare a corneei. [&#8230;]\n","protected":false},"featured_media":388,"comment_status":"open","ping_status":"closed","template":"","meta":[],"yoast_head":"<!-- This site is optimized with the Yoast SEO plugin v15.5 - https:\/\/yoast.com\/wordpress\/plugins\/seo\/ -->\n<title>Biotrue ONEday (30 lentile) - Sun glasses, Contact Lenses, Eye glasses, Eyeglass Frames | VisionEyes<\/title>\n<meta name=\"robots\" content=\"index, follow, max-snippet:-1, max-image-preview:large, max-video-preview:-1\" \/>\n<link rel=\"canonical\" href=\"https:\/\/www.visioneyes.ro\/shop-online\/biotrue-oneday-30-lentile\/\" \/>\n<meta property=\"og:locale\" content=\"en_US\" \/>\n<meta property=\"og:type\" content=\"article\" \/>\n<meta property=\"og:title\" content=\"Biotrue ONEday (30 lentile) - Sun glasses, Contact Lenses, Eye glasses, Eyeglass Frames | VisionEyes\" \/>\n<meta property=\"og:description\" content=\"Lentile de contact Biotrue ONEday Biotrue ONEday sunt lentile de contact de la produc\u0103torul Bausch and Lomb. Aceste lentile sunt inspirate din mediul natural al ochiului uman pentru a-i\u00a0putea imita c\u00e2t mai bine propriet\u0103tile fizice. Datorit\u0103 acestui lucru, lentila ofer\u0103 purt\u0103torului un confort ridicat pe toat\u0103 durata zilei \u0219i de asemenea o\u00a0oxigenare corespunz\u0103toare a corneei. [...]\" \/>\n<meta property=\"og:url\" content=\"https:\/\/www.visioneyes.ro\/shop-online\/biotrue-oneday-30-lentile\/\" \/>\n<meta property=\"og:site_name\" content=\"Sun glasses, Contact Lenses, Eye glasses, Eyeglass Frames | VisionEyes\" \/>\n<meta property=\"article:modified_time\" content=\"2020-03-31T10:37:26+00:00\" \/>\n<meta property=\"og:image\" content=\"https:\/\/www.visioneyes.ro\/wp-content\/uploads\/1745-big.jpg\" \/>\n\t<meta property=\"og:image:width\" content=\"800\" \/>\n\t<meta property=\"og:image:height\" content=\"600\" \/>\n<meta name=\"twitter:card\" content=\"summary_large_image\" \/>\n<meta name=\"twitter:label1\" content=\"Est. reading time\">\n\t<meta name=\"twitter:data1\" content=\"1 minute\">\n<script type=\"application\/ld+json\" class=\"yoast-schema-graph\">{\"@context\":\"https:\/\/schema.org\",\"@graph\":[{\"@type\":\"WebSite\",\"@id\":\"https:\/\/www.visioneyes.ro\/#website\",\"url\":\"https:\/\/www.visioneyes.ro\/\",\"name\":\"Sun glasses, Contact Lenses, Eye glasses, Eyeglass Frames | VisionEyes\",\"description\":\"\",\"potentialAction\":[{\"@type\":\"SearchAction\",\"target\":\"https:\/\/www.visioneyes.ro\/?s={search_term_string}\",\"query-input\":\"required name=search_term_string\"}],\"inLanguage\":\"en-US\"},{\"@type\":\"ImageObject\",\"@id\":\"https:\/\/www.visioneyes.ro\/shop-online\/biotrue-oneday-30-lentile\/#primaryimage\",\"inLanguage\":\"en-US\",\"url\":\"https:\/\/www.visioneyes.ro\/wp-content\/uploads\/1745-big.jpg\",\"width\":800,\"height\":600},{\"@type\":\"WebPage\",\"@id\":\"https:\/\/www.visioneyes.ro\/shop-online\/biotrue-oneday-30-lentile\/#webpage\",\"url\":\"https:\/\/www.visioneyes.ro\/shop-online\/biotrue-oneday-30-lentile\/\",\"name\":\"Biotrue ONEday (30 lentile) - Sun glasses, Contact Lenses, Eye glasses, Eyeglass Frames | VisionEyes\",\"isPartOf\":{\"@id\":\"https:\/\/www.visioneyes.ro\/#website\"},\"primaryImageOfPage\":{\"@id\":\"https:\/\/www.visioneyes.ro\/shop-online\/biotrue-oneday-30-lentile\/#primaryimage\"},\"datePublished\":\"2016-12-07T20:07:47+00:00\",\"dateModified\":\"2020-03-31T10:37:26+00:00\",\"inLanguage\":\"en-US\",\"potentialAction\":[{\"@type\":\"ReadAction\",\"target\":[\"https:\/\/www.visioneyes.ro\/shop-online\/biotrue-oneday-30-lentile\/\"]}]}]}<\/script>\n<!-- \/ Yoast SEO plugin. -->","_links":{"self":[{"href":"https:\/\/www.visioneyes.ro\/en\/wp-json\/wp\/v2\/product\/387"}],"collection":[{"href":"https:\/\/www.visioneyes.ro\/en\/wp-json\/wp\/v2\/product"}],"about":[{"href":"https:\/\/www.visioneyes.ro\/en\/wp-json\/wp\/v2\/types\/product"}],"replies":[{"embeddable":true,"href":"https:\/\/www.visioneyes.ro\/en\/wp-json\/wp\/v2\/comments?post=387"}],"wp:featuredmedia":[{"embeddable":true,"href":"https:\/\/www.visioneyes.ro\/en\/wp-json\/wp\/v2\/media\/388"}],"wp:attachment":[{"href":"https:\/\/www.visioneyes.ro\/en\/wp-json\/wp\/v2\/media?parent=387"}],"curies":[{"name":"wp","href":"https:\/\/api.w.org\/{rel}","templated":true}]}}