{"id":393,"date":"2016-12-08T18:27:35","date_gmt":"2016-12-08T15:27:35","guid":{"rendered":"https:\/\/www.visioneyes.ro\/magazin-online\/lentile-de-contact\/torice\/air-optix-astigmatism-3-lentile-copiat\/"},"modified":"2020-03-31T10:25:01","modified_gmt":"2020-03-31T07:25:01","slug":"air-optix-astigmatism-3-lentile-copiat","status":"publish","type":"product","link":"https:\/\/www.visioneyes.ro\/en\/shop-online\/air-optix-astigmatism-3-lentile-copiat\/","title":{"rendered":"Air Optix for Astigmatism (3 lentile)"},"content":{"rendered":"<h2>AIR OPTIX\u00ae for ASTIGMATISM sunt lentile de contact lunare, din silicon-hidrogel.<\/h2>\n<h3>Tehnologia TriComfort\u2122<\/h3>\n<p><b>Respirabilitate<\/b>\u00a0\u2013 flux optim de oxigen la nivelul ochiului\u00a0\u2013 sentiment s\u0103n\u0103tos \u0219i natural.<\/p>\n<p><b>Rezisten\u021b\u0103 la depuneri<\/b>\u00a0\u2013 suprafa\u021b\u0103 fin\u0103, special conceput\u0103 s\u0103 reziste la depunerile proteice\u00a0\u2013 pentru confort pe parcursul zile, zi de zi, chiar \u0219i timp de p\u00e2n\u0103 la o\u00a0luna.<\/p>\n<p><b>P\u0103streaz\u0103 umiditatea<\/b>\u00a0\u2013 materialele patentate men\u021bin umiditatea \u0219i previn uscarea lentilei, conferind utilizatorului o\u00a0vedere clar\u0103 \u0219i s\u0103n\u0103toas\u0103.<\/p>\n<p>Lentilele de contact AIR OPTIX\u00ae for ASTIGMATISM sunt produse de <b>Alcon<\/b>(fost\u0103 Ciba Vision). Pachetul con\u021bine 3\u00a0lentile.<\/p>\n","protected":false},"excerpt":{"rendered":"<p>AIR OPTIX\u00ae for ASTIGMATISM sunt lentile de contact lunare, din silicon-hidrogel. Tehnologia TriComfort\u2122 Respirabilitate\u00a0\u2013 flux optim de oxigen la nivelul ochiului\u00a0\u2013 sentiment s\u0103n\u0103tos \u0219i natural. Rezisten\u021b\u0103 la depuneri\u00a0\u2013 suprafa\u021b\u0103 fin\u0103, special conceput\u0103 s\u0103 reziste la depunerile proteice\u00a0\u2013 pentru confort pe parcursul zile, zi de zi, chiar \u0219i timp de p\u00e2n\u0103 la o\u00a0luna. P\u0103streaz\u0103 umiditatea\u00a0\u2013 materialele [&#8230;]\n","protected":false},"featured_media":11978,"comment_status":"open","ping_status":"closed","template":"","meta":[],"yoast_head":"<!-- This site is optimized with the Yoast SEO plugin v15.5 - https:\/\/yoast.com\/wordpress\/plugins\/seo\/ -->\n<title>Air Optix for Astigmatism (3 lentile) - Sun glasses, Contact Lenses, Eye glasses, Eyeglass Frames | VisionEyes<\/title>\n<meta name=\"robots\" content=\"index, follow, max-snippet:-1, max-image-preview:large, max-video-preview:-1\" \/>\n<link rel=\"canonical\" href=\"https:\/\/www.visioneyes.ro\/shop-online\/air-optix-astigmatism-3-lentile-copiat\/\" \/>\n<meta property=\"og:locale\" content=\"en_US\" \/>\n<meta property=\"og:type\" content=\"article\" \/>\n<meta property=\"og:title\" content=\"Air Optix for Astigmatism (3 lentile) - Sun glasses, Contact Lenses, Eye glasses, Eyeglass Frames | VisionEyes\" \/>\n<meta property=\"og:description\" content=\"AIR OPTIX\u00ae for ASTIGMATISM sunt lentile de contact lunare, din silicon-hidrogel. Tehnologia TriComfort\u2122 Respirabilitate\u00a0\u2013 flux optim de oxigen la nivelul ochiului\u00a0\u2013 sentiment s\u0103n\u0103tos \u0219i natural. Rezisten\u021b\u0103 la depuneri\u00a0\u2013 suprafa\u021b\u0103 fin\u0103, special conceput\u0103 s\u0103 reziste la depunerile proteice\u00a0\u2013 pentru confort pe parcursul zile, zi de zi, chiar \u0219i timp de p\u00e2n\u0103 la o\u00a0luna. P\u0103streaz\u0103 umiditatea\u00a0\u2013 materialele [...]\" \/>\n<meta property=\"og:url\" content=\"https:\/\/www.visioneyes.ro\/shop-online\/air-optix-astigmatism-3-lentile-copiat\/\" \/>\n<meta property=\"og:site_name\" content=\"Sun glasses, Contact Lenses, Eye glasses, Eyeglass Frames | VisionEyes\" \/>\n<meta property=\"article:modified_time\" content=\"2020-03-31T07:25:01+00:00\" \/>\n<meta property=\"og:image\" content=\"https:\/\/www.visioneyes.ro\/wp-content\/uploads\/alcon-ciba-vision-alcon-ciba-vision-air-optix-for-astigmatism-lunare-6-lentile-cutie-32117.jpeg\" \/>\n\t<meta property=\"og:image:width\" content=\"770\" \/>\n\t<meta property=\"og:image:height\" content=\"770\" \/>\n<meta name=\"twitter:card\" content=\"summary_large_image\" \/>\n<meta name=\"twitter:label1\" content=\"Est. reading time\">\n\t<meta name=\"twitter:data1\" content=\"0 minutes\">\n<script type=\"application\/ld+json\" class=\"yoast-schema-graph\">{\"@context\":\"https:\/\/schema.org\",\"@graph\":[{\"@type\":\"WebSite\",\"@id\":\"https:\/\/www.visioneyes.ro\/#website\",\"url\":\"https:\/\/www.visioneyes.ro\/\",\"name\":\"Sun glasses, Contact Lenses, Eye glasses, Eyeglass Frames | VisionEyes\",\"description\":\"\",\"potentialAction\":[{\"@type\":\"SearchAction\",\"target\":\"https:\/\/www.visioneyes.ro\/?s={search_term_string}\",\"query-input\":\"required name=search_term_string\"}],\"inLanguage\":\"en-US\"},{\"@type\":\"ImageObject\",\"@id\":\"https:\/\/www.visioneyes.ro\/shop-online\/air-optix-astigmatism-3-lentile-copiat\/#primaryimage\",\"inLanguage\":\"en-US\",\"url\":\"https:\/\/www.visioneyes.ro\/wp-content\/uploads\/alcon-ciba-vision-alcon-ciba-vision-air-optix-for-astigmatism-lunare-6-lentile-cutie-32117.jpeg\",\"width\":770,\"height\":770},{\"@type\":\"WebPage\",\"@id\":\"https:\/\/www.visioneyes.ro\/shop-online\/air-optix-astigmatism-3-lentile-copiat\/#webpage\",\"url\":\"https:\/\/www.visioneyes.ro\/shop-online\/air-optix-astigmatism-3-lentile-copiat\/\",\"name\":\"Air Optix for Astigmatism (3 lentile) - Sun glasses, Contact Lenses, Eye glasses, Eyeglass Frames | VisionEyes\",\"isPartOf\":{\"@id\":\"https:\/\/www.visioneyes.ro\/#website\"},\"primaryImageOfPage\":{\"@id\":\"https:\/\/www.visioneyes.ro\/shop-online\/air-optix-astigmatism-3-lentile-copiat\/#primaryimage\"},\"datePublished\":\"2016-12-08T15:27:35+00:00\",\"dateModified\":\"2020-03-31T07:25:01+00:00\",\"inLanguage\":\"en-US\",\"potentialAction\":[{\"@type\":\"ReadAction\",\"target\":[\"https:\/\/www.visioneyes.ro\/shop-online\/air-optix-astigmatism-3-lentile-copiat\/\"]}]}]}<\/script>\n<!-- \/ Yoast SEO plugin. -->","_links":{"self":[{"href":"https:\/\/www.visioneyes.ro\/en\/wp-json\/wp\/v2\/product\/393"}],"collection":[{"href":"https:\/\/www.visioneyes.ro\/en\/wp-json\/wp\/v2\/product"}],"about":[{"href":"https:\/\/www.visioneyes.ro\/en\/wp-json\/wp\/v2\/types\/product"}],"replies":[{"embeddable":true,"href":"https:\/\/www.visioneyes.ro\/en\/wp-json\/wp\/v2\/comments?post=393"}],"wp:featuredmedia":[{"embeddable":true,"href":"https:\/\/www.visioneyes.ro\/en\/wp-json\/wp\/v2\/media\/11978"}],"wp:attachment":[{"href":"https:\/\/www.visioneyes.ro\/en\/wp-json\/wp\/v2\/media?parent=393"}],"curies":[{"name":"wp","href":"https:\/\/api.w.org\/{rel}","templated":true}]}}