{"id":405,"date":"2016-12-08T20:44:56","date_gmt":"2016-12-08T17:44:56","guid":{"rendered":"https:\/\/www.visioneyes.ro\/?post_type=product&#038;p=405"},"modified":"2018-05-08T17:20:49","modified_gmt":"2018-05-08T14:20:49","slug":"purevision-multi-focal-6-lentile","status":"publish","type":"product","link":"https:\/\/www.visioneyes.ro\/en\/shop-online\/purevision-multi-focal-6-lentile\/","title":{"rendered":"Pure Vision Multi-Focal (6 lentile)"},"content":{"rendered":"<h2>Pure Vision Multi-Focal<\/h2>\n<h3>Design-ul multifocal<\/h3>\n<p>permite vederea impecabil\u0103 la orice distan\u021b\u0103 -aproape, dep\u0103rtare \u0219i intermediar.<\/p>\n<h3>Materialul SIlicon-Hidrogel cu tehologia AerGel<\/h3>\n<p>\u00eempiedic\u0103 depunerile proteice, permite transmisibilitatea oxigenului la nivelul ochiului \u0219i asigur\u0103 hidratarea lentilei. Rezultatul este unul de confort \u0219i prospe\u021bime pe parcursul \u00eentregii zile.<\/p>\n<h3>Port extins<\/h3>\n<p>Lentilele sunt confortabile pentru portul at\u00e2t ziua c\u00e2t \u0219i noaptea, cu frecven\u021b\u0103 de \u00eenlocuire lunar\u0103.<br \/>\nPentru un port extins v\u0103 rug\u0103m s\u0103 cere\u021bi sfatul medicului specialist!<\/p>\n","protected":false},"excerpt":{"rendered":"<p>Pure Vision Multi-Focal Design-ul multifocal permite vederea impecabil\u0103 la orice distan\u021b\u0103 -aproape, dep\u0103rtare \u0219i intermediar. Materialul SIlicon-Hidrogel cu tehologia AerGel \u00eempiedic\u0103 depunerile proteice, permite transmisibilitatea oxigenului la nivelul ochiului \u0219i asigur\u0103 hidratarea lentilei. Rezultatul este unul de confort \u0219i prospe\u021bime pe parcursul \u00eentregii zile. Port extins Lentilele sunt confortabile pentru portul at\u00e2t ziua c\u00e2t \u0219i [&#8230;]\n","protected":false},"featured_media":406,"comment_status":"open","ping_status":"closed","template":"","meta":[],"yoast_head":"<!-- This site is optimized with the Yoast SEO plugin v15.5 - https:\/\/yoast.com\/wordpress\/plugins\/seo\/ -->\n<title>Pure Vision Multi-Focal (6 lentile) - Sun glasses, Contact Lenses, Eye glasses, Eyeglass Frames | VisionEyes<\/title>\n<meta name=\"robots\" content=\"index, follow, max-snippet:-1, max-image-preview:large, max-video-preview:-1\" \/>\n<link rel=\"canonical\" href=\"https:\/\/www.visioneyes.ro\/shop-online\/purevision-multi-focal-6-lentile\/\" \/>\n<meta property=\"og:locale\" content=\"en_US\" \/>\n<meta property=\"og:type\" content=\"article\" \/>\n<meta property=\"og:title\" content=\"Pure Vision Multi-Focal (6 lentile) - Sun glasses, Contact Lenses, Eye glasses, Eyeglass Frames | VisionEyes\" \/>\n<meta property=\"og:description\" content=\"Pure Vision Multi-Focal Design-ul multifocal permite vederea impecabil\u0103 la orice distan\u021b\u0103 -aproape, dep\u0103rtare \u0219i intermediar. Materialul SIlicon-Hidrogel cu tehologia AerGel \u00eempiedic\u0103 depunerile proteice, permite transmisibilitatea oxigenului la nivelul ochiului \u0219i asigur\u0103 hidratarea lentilei. Rezultatul este unul de confort \u0219i prospe\u021bime pe parcursul \u00eentregii zile. Port extins Lentilele sunt confortabile pentru portul at\u00e2t ziua c\u00e2t \u0219i [...]\" \/>\n<meta property=\"og:url\" content=\"https:\/\/www.visioneyes.ro\/shop-online\/purevision-multi-focal-6-lentile\/\" \/>\n<meta property=\"og:site_name\" content=\"Sun glasses, Contact Lenses, Eye glasses, Eyeglass Frames | VisionEyes\" \/>\n<meta property=\"article:modified_time\" content=\"2018-05-08T14:20:49+00:00\" \/>\n<meta property=\"og:image\" content=\"https:\/\/www.visioneyes.ro\/wp-content\/uploads\/270-big.jpg\" \/>\n\t<meta property=\"og:image:width\" content=\"800\" \/>\n\t<meta property=\"og:image:height\" content=\"600\" \/>\n<meta name=\"twitter:card\" content=\"summary_large_image\" \/>\n<meta name=\"twitter:label1\" content=\"Est. reading time\">\n\t<meta name=\"twitter:data1\" content=\"0 minutes\">\n<script type=\"application\/ld+json\" class=\"yoast-schema-graph\">{\"@context\":\"https:\/\/schema.org\",\"@graph\":[{\"@type\":\"WebSite\",\"@id\":\"https:\/\/www.visioneyes.ro\/#website\",\"url\":\"https:\/\/www.visioneyes.ro\/\",\"name\":\"Sun glasses, Contact Lenses, Eye glasses, Eyeglass Frames | VisionEyes\",\"description\":\"\",\"potentialAction\":[{\"@type\":\"SearchAction\",\"target\":\"https:\/\/www.visioneyes.ro\/?s={search_term_string}\",\"query-input\":\"required name=search_term_string\"}],\"inLanguage\":\"en-US\"},{\"@type\":\"ImageObject\",\"@id\":\"https:\/\/www.visioneyes.ro\/shop-online\/purevision-multi-focal-6-lentile\/#primaryimage\",\"inLanguage\":\"en-US\",\"url\":\"https:\/\/www.visioneyes.ro\/wp-content\/uploads\/270-big.jpg\",\"width\":800,\"height\":600},{\"@type\":\"WebPage\",\"@id\":\"https:\/\/www.visioneyes.ro\/shop-online\/purevision-multi-focal-6-lentile\/#webpage\",\"url\":\"https:\/\/www.visioneyes.ro\/shop-online\/purevision-multi-focal-6-lentile\/\",\"name\":\"Pure Vision Multi-Focal (6 lentile) - Sun glasses, Contact Lenses, Eye glasses, Eyeglass Frames | VisionEyes\",\"isPartOf\":{\"@id\":\"https:\/\/www.visioneyes.ro\/#website\"},\"primaryImageOfPage\":{\"@id\":\"https:\/\/www.visioneyes.ro\/shop-online\/purevision-multi-focal-6-lentile\/#primaryimage\"},\"datePublished\":\"2016-12-08T17:44:56+00:00\",\"dateModified\":\"2018-05-08T14:20:49+00:00\",\"inLanguage\":\"en-US\",\"potentialAction\":[{\"@type\":\"ReadAction\",\"target\":[\"https:\/\/www.visioneyes.ro\/shop-online\/purevision-multi-focal-6-lentile\/\"]}]}]}<\/script>\n<!-- \/ Yoast SEO plugin. -->","_links":{"self":[{"href":"https:\/\/www.visioneyes.ro\/en\/wp-json\/wp\/v2\/product\/405"}],"collection":[{"href":"https:\/\/www.visioneyes.ro\/en\/wp-json\/wp\/v2\/product"}],"about":[{"href":"https:\/\/www.visioneyes.ro\/en\/wp-json\/wp\/v2\/types\/product"}],"replies":[{"embeddable":true,"href":"https:\/\/www.visioneyes.ro\/en\/wp-json\/wp\/v2\/comments?post=405"}],"wp:featuredmedia":[{"embeddable":true,"href":"https:\/\/www.visioneyes.ro\/en\/wp-json\/wp\/v2\/media\/406"}],"wp:attachment":[{"href":"https:\/\/www.visioneyes.ro\/en\/wp-json\/wp\/v2\/media?parent=405"}],"curies":[{"name":"wp","href":"https:\/\/api.w.org\/{rel}","templated":true}]}}