{"id":409,"date":"2016-12-08T21:01:25","date_gmt":"2016-12-08T18:01:25","guid":{"rendered":"https:\/\/www.visioneyes.ro\/?post_type=product&#038;p=409"},"modified":"2020-03-31T10:31:22","modified_gmt":"2020-03-31T07:31:22","slug":"air-optix-aqua-multifocal-3-lentile","status":"publish","type":"product","link":"https:\/\/www.visioneyes.ro\/en\/shop-online\/air-optix-aqua-multifocal-3-lentile\/","title":{"rendered":"Air Optix Aqua Multifocal (3 lentile)"},"content":{"rendered":"<h2>AIR OPTIX\u00ae AQUA Multifocal<\/h2>\n<h3>Sistemul AQUA Moisture<\/h3>\n<p>lubrifiaz\u0103 \u0219i men\u021bine confortul pe tot parcursul zilei.<\/p>\n<h3>Precision Profile\u2122 Design<\/h3>\n<p>asigur\u0103 o\u00a0viziune clar\u0103, f\u0103r\u0103 \u00eentreruperi ale vederii, tranzi\u021bii line \u00eentre distan\u021bele vizuale.<\/p>\n<h3>Materialul SIlicon-Hidrogel<\/h3>\n<p>permite de p\u00e2n\u0103 la 5\u00a0ori mai mult oxigen la nivelul ochiului, senza\u021bia este una de s\u0103n\u0103tate ocular\u0103 \u0219i prospe\u021bime, \u00een fiecare zi, pe tot parcursul zilei.<\/p>\n<p>Lentilele AIR OPTIX\u00ae AQUA Multifocal sunt recomandate pentru port zilnic, cu frecven\u021b\u0103 de \u00eenlocuire lunar\u0103. Pot fi purtate \u0219i noaptea, p\u00e2n\u0103 la 6\u00a0nop\u021bi, consecutiv. Pentru portul extins v\u0103 recomand\u0103m s\u0103 cere\u021bi sfatul medicului specialist!<\/p>\n","protected":false},"excerpt":{"rendered":"<p>AIR OPTIX\u00ae AQUA Multifocal Sistemul AQUA Moisture lubrifiaz\u0103 \u0219i men\u021bine confortul pe tot parcursul zilei. Precision Profile\u2122 Design asigur\u0103 o\u00a0viziune clar\u0103, f\u0103r\u0103 \u00eentreruperi ale vederii, tranzi\u021bii line \u00eentre distan\u021bele vizuale. Materialul SIlicon-Hidrogel permite de p\u00e2n\u0103 la 5\u00a0ori mai mult oxigen la nivelul ochiului, senza\u021bia este una de s\u0103n\u0103tate ocular\u0103 \u0219i prospe\u021bime, \u00een fiecare zi, pe [&#8230;]\n","protected":false},"featured_media":11980,"comment_status":"open","ping_status":"closed","template":"","meta":[],"yoast_head":"<!-- This site is optimized with the Yoast SEO plugin v15.5 - https:\/\/yoast.com\/wordpress\/plugins\/seo\/ -->\n<title>Air Optix Aqua Multifocal (3 lentile) - Sun glasses, Contact Lenses, Eye glasses, Eyeglass Frames | VisionEyes<\/title>\n<meta name=\"robots\" content=\"index, follow, max-snippet:-1, max-image-preview:large, max-video-preview:-1\" \/>\n<link rel=\"canonical\" href=\"https:\/\/www.visioneyes.ro\/shop-online\/air-optix-aqua-multifocal-3-lentile\/\" \/>\n<meta property=\"og:locale\" content=\"en_US\" \/>\n<meta property=\"og:type\" content=\"article\" \/>\n<meta property=\"og:title\" content=\"Air Optix Aqua Multifocal (3 lentile) - Sun glasses, Contact Lenses, Eye glasses, Eyeglass Frames | VisionEyes\" \/>\n<meta property=\"og:description\" content=\"AIR OPTIX\u00ae AQUA Multifocal Sistemul AQUA Moisture lubrifiaz\u0103 \u0219i men\u021bine confortul pe tot parcursul zilei. Precision Profile\u2122 Design asigur\u0103 o\u00a0viziune clar\u0103, f\u0103r\u0103 \u00eentreruperi ale vederii, tranzi\u021bii line \u00eentre distan\u021bele vizuale. Materialul SIlicon-Hidrogel permite de p\u00e2n\u0103 la 5\u00a0ori mai mult oxigen la nivelul ochiului, senza\u021bia este una de s\u0103n\u0103tate ocular\u0103 \u0219i prospe\u021bime, \u00een fiecare zi, pe [...]\" \/>\n<meta property=\"og:url\" content=\"https:\/\/www.visioneyes.ro\/shop-online\/air-optix-aqua-multifocal-3-lentile\/\" \/>\n<meta property=\"og:site_name\" content=\"Sun glasses, Contact Lenses, Eye glasses, Eyeglass Frames | VisionEyes\" \/>\n<meta property=\"article:modified_time\" content=\"2020-03-31T07:31:22+00:00\" \/>\n<meta property=\"og:image\" content=\"https:\/\/www.visioneyes.ro\/wp-content\/uploads\/alcon-ciba-vision-alcon-ciba-vision-air-optix-aqua-multifocal-lunare-6-lentile-cutie-16854.jpeg\" \/>\n\t<meta property=\"og:image:width\" content=\"457\" \/>\n\t<meta property=\"og:image:height\" content=\"457\" \/>\n<meta name=\"twitter:card\" content=\"summary_large_image\" \/>\n<meta name=\"twitter:label1\" content=\"Est. reading time\">\n\t<meta name=\"twitter:data1\" content=\"0 minutes\">\n<script type=\"application\/ld+json\" class=\"yoast-schema-graph\">{\"@context\":\"https:\/\/schema.org\",\"@graph\":[{\"@type\":\"WebSite\",\"@id\":\"https:\/\/www.visioneyes.ro\/#website\",\"url\":\"https:\/\/www.visioneyes.ro\/\",\"name\":\"Sun glasses, Contact Lenses, Eye glasses, Eyeglass Frames | VisionEyes\",\"description\":\"\",\"potentialAction\":[{\"@type\":\"SearchAction\",\"target\":\"https:\/\/www.visioneyes.ro\/?s={search_term_string}\",\"query-input\":\"required name=search_term_string\"}],\"inLanguage\":\"en-US\"},{\"@type\":\"ImageObject\",\"@id\":\"https:\/\/www.visioneyes.ro\/shop-online\/air-optix-aqua-multifocal-3-lentile\/#primaryimage\",\"inLanguage\":\"en-US\",\"url\":\"https:\/\/www.visioneyes.ro\/wp-content\/uploads\/alcon-ciba-vision-alcon-ciba-vision-air-optix-aqua-multifocal-lunare-6-lentile-cutie-16854.jpeg\",\"width\":457,\"height\":457},{\"@type\":\"WebPage\",\"@id\":\"https:\/\/www.visioneyes.ro\/shop-online\/air-optix-aqua-multifocal-3-lentile\/#webpage\",\"url\":\"https:\/\/www.visioneyes.ro\/shop-online\/air-optix-aqua-multifocal-3-lentile\/\",\"name\":\"Air Optix Aqua Multifocal (3 lentile) - Sun glasses, Contact Lenses, Eye glasses, Eyeglass Frames | VisionEyes\",\"isPartOf\":{\"@id\":\"https:\/\/www.visioneyes.ro\/#website\"},\"primaryImageOfPage\":{\"@id\":\"https:\/\/www.visioneyes.ro\/shop-online\/air-optix-aqua-multifocal-3-lentile\/#primaryimage\"},\"datePublished\":\"2016-12-08T18:01:25+00:00\",\"dateModified\":\"2020-03-31T07:31:22+00:00\",\"inLanguage\":\"en-US\",\"potentialAction\":[{\"@type\":\"ReadAction\",\"target\":[\"https:\/\/www.visioneyes.ro\/shop-online\/air-optix-aqua-multifocal-3-lentile\/\"]}]}]}<\/script>\n<!-- \/ Yoast SEO plugin. -->","_links":{"self":[{"href":"https:\/\/www.visioneyes.ro\/en\/wp-json\/wp\/v2\/product\/409"}],"collection":[{"href":"https:\/\/www.visioneyes.ro\/en\/wp-json\/wp\/v2\/product"}],"about":[{"href":"https:\/\/www.visioneyes.ro\/en\/wp-json\/wp\/v2\/types\/product"}],"replies":[{"embeddable":true,"href":"https:\/\/www.visioneyes.ro\/en\/wp-json\/wp\/v2\/comments?post=409"}],"wp:featuredmedia":[{"embeddable":true,"href":"https:\/\/www.visioneyes.ro\/en\/wp-json\/wp\/v2\/media\/11980"}],"wp:attachment":[{"href":"https:\/\/www.visioneyes.ro\/en\/wp-json\/wp\/v2\/media?parent=409"}],"curies":[{"name":"wp","href":"https:\/\/api.w.org\/{rel}","templated":true}]}}