{"id":420,"date":"2016-12-08T21:34:34","date_gmt":"2016-12-08T19:34:34","guid":{"rendered":"https:\/\/www.visioneyes.ro\/?post_type=product&#038;p=420"},"modified":"2026-03-05T15:39:46","modified_gmt":"2026-03-05T13:39:46","slug":"renu-multiplus-360-ml","status":"publish","type":"product","link":"https:\/\/www.visioneyes.ro\/en\/shop-online\/renu-multiplus-360-ml\/","title":{"rendered":"ReNu MultiPlus 360 ml"},"content":{"rendered":"<h3>Solu\u021bia ReNu MultiPlus\u00ae Multi-Purpose<\/h3>\n<p>\u00eenl\u0103tur\u0103 depunerile de praf, lipide, cl\u0103te\u0219te \u0219i dezinfecteaz\u0103 lentilele dvs. de contact. Este potrivit\u0103 pentru toate categoriile de lentile de contact moi.<\/p>\n<h3>Con\u021bine Hydranate\u00ae<\/h3>\n<p>substan\u021b\u0103 special\u0103 ce \u00eenl\u0103tur\u0103 \u0219i \u021bine la distan\u021b\u0103 depunerile proteice<\/p>\n<h3>Serve\u0219te la cur\u0103\u021barea, dezinfectarea, cl\u0103tirea, hidratarea \u0219i p\u0103strarea lentilelor de contact.<\/h3>\n<p>V\u0103 recomand\u0103m s\u0103 respecta\u021bi termenul de valabilitate \u00eenscris pe ambalaj.<\/p>\n<p>V\u0103 rug\u0103m s\u0103 respecta\u021bi regulile de \u00eengrijire \u0219i purtare a lentilelor de contact. V\u0103 recomand\u0103m s\u0103 cere\u021bi sfatul medicului oftalmolog, dac\u0103 ave\u021bi nel\u0103muriri \u00een ceea ce prive\u0219te \u00eentre\u021binerea lentilelor de contact.<\/p>\n","protected":false},"excerpt":{"rendered":"<p>Solu\u021bia ReNu MultiPlus\u00ae Multi-Purpose \u00eenl\u0103tur\u0103 depunerile de praf, lipide, cl\u0103te\u0219te \u0219i dezinfecteaz\u0103 lentilele dvs. de contact. Este potrivit\u0103 pentru toate categoriile de lentile de contact moi. Con\u021bine Hydranate\u00ae substan\u021b\u0103 special\u0103 ce \u00eenl\u0103tur\u0103 \u0219i \u021bine la distan\u021b\u0103 depunerile proteice Serve\u0219te la cur\u0103\u021barea, dezinfectarea, cl\u0103tirea, hidratarea \u0219i p\u0103strarea lentilelor de contact. V\u0103 recomand\u0103m s\u0103 respecta\u021bi termenul de [&#8230;]\n","protected":false},"featured_media":421,"comment_status":"open","ping_status":"closed","template":"","meta":[],"yoast_head":"<!-- This site is optimized with the Yoast SEO plugin v15.5 - https:\/\/yoast.com\/wordpress\/plugins\/seo\/ -->\n<title>ReNu MultiPlus 360 ml - Sun glasses, Contact Lenses, Eye glasses, Eyeglass Frames | VisionEyes<\/title>\n<meta name=\"robots\" content=\"index, follow, max-snippet:-1, max-image-preview:large, max-video-preview:-1\" \/>\n<link rel=\"canonical\" href=\"https:\/\/www.visioneyes.ro\/shop-online\/renu-multiplus-360-ml\/\" \/>\n<meta property=\"og:locale\" content=\"en_US\" \/>\n<meta property=\"og:type\" content=\"article\" \/>\n<meta property=\"og:title\" content=\"ReNu MultiPlus 360 ml - Sun glasses, Contact Lenses, Eye glasses, Eyeglass Frames | VisionEyes\" \/>\n<meta property=\"og:description\" content=\"Solu\u021bia ReNu MultiPlus\u00ae Multi-Purpose \u00eenl\u0103tur\u0103 depunerile de praf, lipide, cl\u0103te\u0219te \u0219i dezinfecteaz\u0103 lentilele dvs. de contact. Este potrivit\u0103 pentru toate categoriile de lentile de contact moi. Con\u021bine Hydranate\u00ae substan\u021b\u0103 special\u0103 ce \u00eenl\u0103tur\u0103 \u0219i \u021bine la distan\u021b\u0103 depunerile proteice Serve\u0219te la cur\u0103\u021barea, dezinfectarea, cl\u0103tirea, hidratarea \u0219i p\u0103strarea lentilelor de contact. V\u0103 recomand\u0103m s\u0103 respecta\u021bi termenul de [...]\" \/>\n<meta property=\"og:url\" content=\"https:\/\/www.visioneyes.ro\/shop-online\/renu-multiplus-360-ml\/\" \/>\n<meta property=\"og:site_name\" content=\"Sun glasses, Contact Lenses, Eye glasses, Eyeglass Frames | VisionEyes\" \/>\n<meta property=\"article:modified_time\" content=\"2026-03-05T13:39:46+00:00\" \/>\n<meta property=\"og:image\" content=\"https:\/\/www.visioneyes.ro\/wp-content\/uploads\/227-big.jpg\" \/>\n\t<meta property=\"og:image:width\" content=\"800\" \/>\n\t<meta property=\"og:image:height\" content=\"600\" \/>\n<meta name=\"twitter:card\" content=\"summary_large_image\" \/>\n<meta name=\"twitter:label1\" content=\"Est. reading time\">\n\t<meta name=\"twitter:data1\" content=\"0 minutes\">\n<script type=\"application\/ld+json\" class=\"yoast-schema-graph\">{\"@context\":\"https:\/\/schema.org\",\"@graph\":[{\"@type\":\"WebSite\",\"@id\":\"https:\/\/www.visioneyes.ro\/#website\",\"url\":\"https:\/\/www.visioneyes.ro\/\",\"name\":\"Sun glasses, Contact Lenses, Eye glasses, Eyeglass Frames | VisionEyes\",\"description\":\"\",\"potentialAction\":[{\"@type\":\"SearchAction\",\"target\":\"https:\/\/www.visioneyes.ro\/?s={search_term_string}\",\"query-input\":\"required name=search_term_string\"}],\"inLanguage\":\"en-US\"},{\"@type\":\"ImageObject\",\"@id\":\"https:\/\/www.visioneyes.ro\/shop-online\/renu-multiplus-360-ml\/#primaryimage\",\"inLanguage\":\"en-US\",\"url\":\"https:\/\/www.visioneyes.ro\/wp-content\/uploads\/227-big.jpg\",\"width\":800,\"height\":600},{\"@type\":\"WebPage\",\"@id\":\"https:\/\/www.visioneyes.ro\/shop-online\/renu-multiplus-360-ml\/#webpage\",\"url\":\"https:\/\/www.visioneyes.ro\/shop-online\/renu-multiplus-360-ml\/\",\"name\":\"ReNu MultiPlus 360 ml - Sun glasses, Contact Lenses, Eye glasses, Eyeglass Frames | VisionEyes\",\"isPartOf\":{\"@id\":\"https:\/\/www.visioneyes.ro\/#website\"},\"primaryImageOfPage\":{\"@id\":\"https:\/\/www.visioneyes.ro\/shop-online\/renu-multiplus-360-ml\/#primaryimage\"},\"datePublished\":\"2016-12-08T19:34:34+00:00\",\"dateModified\":\"2026-03-05T13:39:46+00:00\",\"inLanguage\":\"en-US\",\"potentialAction\":[{\"@type\":\"ReadAction\",\"target\":[\"https:\/\/www.visioneyes.ro\/shop-online\/renu-multiplus-360-ml\/\"]}]}]}<\/script>\n<!-- \/ Yoast SEO plugin. -->","_links":{"self":[{"href":"https:\/\/www.visioneyes.ro\/en\/wp-json\/wp\/v2\/product\/420"}],"collection":[{"href":"https:\/\/www.visioneyes.ro\/en\/wp-json\/wp\/v2\/product"}],"about":[{"href":"https:\/\/www.visioneyes.ro\/en\/wp-json\/wp\/v2\/types\/product"}],"replies":[{"embeddable":true,"href":"https:\/\/www.visioneyes.ro\/en\/wp-json\/wp\/v2\/comments?post=420"}],"wp:featuredmedia":[{"embeddable":true,"href":"https:\/\/www.visioneyes.ro\/en\/wp-json\/wp\/v2\/media\/421"}],"wp:attachment":[{"href":"https:\/\/www.visioneyes.ro\/en\/wp-json\/wp\/v2\/media?parent=420"}],"curies":[{"name":"wp","href":"https:\/\/api.w.org\/{rel}","templated":true}]}}