{"id":462,"date":"2016-12-15T19:33:18","date_gmt":"2016-12-15T16:33:18","guid":{"rendered":"https:\/\/www.visioneyes.ro\/?post_type=product&#038;p=462"},"modified":"2017-02-28T09:16:20","modified_gmt":"2017-02-28T06:16:20","slug":"swarovski-sk5174","status":"publish","type":"product","link":"https:\/\/www.visioneyes.ro\/en\/shop-online\/swarovski-sk5174\/","title":{"rendered":"Swarovski SK5174"},"content":{"rendered":"<header class=\"article-header\">\n<h1 class=\"entry-title single-title\">Swarovski SK5174<\/h1>\n<\/header>\n<section class=\"entry-content clearfix\">&nbsp;<\/p>\n<p><i>Dimensiuni:<\/i>\u00a054\u25a116\/ lungimea bra\u021belor = 140 mm<\/p>\n<p><i>Form\u0103:\u00a0<\/i>cat-eye trapezoidal\/ frontal cu anouri \u00eenchise<\/p>\n<p><i>Material: <\/i>frontal<i> <\/i>din acetat de celuloz\u0103\/ bra\u021be mixte monel \u0219i acetat de celuloz\u0103\/ d\u00e9cor \u00een stil fa\u021betat cu accente multifa\u021betate pe terminalele ambelor bra\u021be<\/p>\n<p><i>Culori<\/i>: frontal negru, maro \u00eenchis, roz sau violet \/ bra\u021be asortate ton sur ton<\/p>\n<p><i>Prezentare: <\/i>produsul se livreaz\u0103 \u00eempreun\u0103 cu un kit personalizat (un portochelar \u0219i o microfibr\u0103)<\/p>\n<p><b>&#8211; \u2013 &#8211; \u2013 &#8211; \u2013 &#8211; \u2013 &#8211; \u2013 &#8211; \u2013 &#8211; \u2013 &#8211; \u2013 &#8211; \u2013 &#8211; \u2013 &#8211; \u2013 &#8211; \u2013 &#8211; \u2013 &#8211; \u2013 &#8211; \u2013 &#8211; \u2013 &#8211; \u2013 &#8211; \u2013 &#8211; \u2013 &#8211; \u2013 &#8211; \u2013 &#8211; \u2013 &#8211; \u2013 &#8211; \u2013 &#8211; \u2013 &#8211; \u2013 <\/b><\/p>\n<p>Montura Swarovski SK5174 apar\u021bine tipologiei <i><a title=\"Crystal SK\" href=\"https:\/\/www.crystals-from-swarovski.com\/crystals\/crystals.en.html\" target=\"_blank\">crystal fabric<\/a>,<\/i> fiind adresat\u0103 femeilor cu v\u00e2rste cuprinse \u00eentre 25 \u0219i 40 de ani ce ador\u0103 stilul autentic \u0219i cred \u00een principiile elegan\u021bei moderne ale universului Swarovski. Luxul r\u0103zbate mai degrab\u0103 din \u00eencrederea \u00een sine caracterizat\u0103 prin coeziunea dintre <i>atitudine<\/i> \u0219i <i>accesoriile vestimentare<\/i> handmade, perfect asortate cu personalitatea lor bine definit\u0103.<\/p>\n<p>Designul rafinat este eviden\u021biat prin tehnica <i><a href=\"https:\/\/www.crystals-from-swarovski.com\/crystals\/crystals.en.html\">crystal fabric<\/a>, <\/i>procedeu recent ce speculeaz\u0103 str\u0103lucirile cristalelor fin m\u0103cinate lipite pe extremitatea frontalului ce au rol de contrapunct \u00een ansamblul compozi\u021bional al monturii. Prezen\u021ba micro-cristalelor puncteaz\u0103 marea palet\u0103 de obiecte \u0219i tehnologii pe care le pot acoperi cristalele Swarovski, dovedind actualitatea luxului modern promovat de renumitul fbricant austriac.<\/p>\n<p>Forma strandard cat-eye a anoului este simultan feminin\u0103 \u0219i versatil\u0103, garant\u00e2nd montajul tuturor tipurilor de corec\u021bie optic\u0103, precum \u0219i insertul unor filtre solare. Nuan\u021bele monocrome negre, maro \u00eenchis, violet sau roz sus\u021bin str\u0103lucirea cristalelor ce respect\u0103 tipologia <i>crystal fabric\u00a0<\/i>specific\u0103 recentelor\u00a0<a href=\"https:\/\/www.crystals-from-swarovski.com\/crystals\/crystals.en.html\">bijuterii<\/a>\u00a0Swarovski.<\/p>\n<p>Swarovski SK5174 se remarc\u0103 prin stilul rafinat \u0219i maxima aten\u021bie acordat\u0103 fiec\u0103rui detaliu, eviden\u021biind deopotriv\u0103 actualitatea, excelen\u021ba, precizia \u0219i frumuse\u021bea celor mai renumite cristale din lume. Modelul SK5174 a fost ales drept mesager al \u00eentregii colec\u021bii Swarovski_2016, campania de imagine avand aportul celebrului super-model australian Miranda Kerr.<\/p>\n<\/section>\n","protected":false},"excerpt":{"rendered":"<p>Swarovski SK5174 &nbsp; Dimensiuni:\u00a054\u25a116\/ lungimea bra\u021belor = 140 mm Form\u0103:\u00a0cat-eye trapezoidal\/ frontal cu anouri \u00eenchise Material: frontal din acetat de celuloz\u0103\/ bra\u021be mixte monel \u0219i acetat de celuloz\u0103\/ d\u00e9cor \u00een stil fa\u021betat cu accente multifa\u021betate pe terminalele ambelor bra\u021be Culori: frontal negru, maro \u00eenchis, roz sau violet \/ bra\u021be asortate ton sur ton Prezentare: produsul [&#8230;]\n","protected":false},"featured_media":463,"comment_status":"open","ping_status":"closed","template":"","meta":[],"yoast_head":"<!-- This site is optimized with the Yoast SEO plugin v15.5 - https:\/\/yoast.com\/wordpress\/plugins\/seo\/ -->\n<title>Swarovski SK5174 - Sun glasses, Contact Lenses, Eye glasses, Eyeglass Frames | VisionEyes<\/title>\n<meta name=\"robots\" content=\"index, follow, max-snippet:-1, max-image-preview:large, max-video-preview:-1\" \/>\n<link rel=\"canonical\" href=\"https:\/\/www.visioneyes.ro\/shop-online\/swarovski-sk5174\/\" \/>\n<meta property=\"og:locale\" content=\"en_US\" \/>\n<meta property=\"og:type\" content=\"article\" \/>\n<meta property=\"og:title\" content=\"Swarovski SK5174 - Sun glasses, Contact Lenses, Eye glasses, Eyeglass Frames | VisionEyes\" \/>\n<meta property=\"og:description\" content=\"Swarovski SK5174 &nbsp; Dimensiuni:\u00a054\u25a116\/ lungimea bra\u021belor = 140 mm Form\u0103:\u00a0cat-eye trapezoidal\/ frontal cu anouri \u00eenchise Material: frontal din acetat de celuloz\u0103\/ bra\u021be mixte monel \u0219i acetat de celuloz\u0103\/ d\u00e9cor \u00een stil fa\u021betat cu accente multifa\u021betate pe terminalele ambelor bra\u021be Culori: frontal negru, maro \u00eenchis, roz sau violet \/ bra\u021be asortate ton sur ton Prezentare: produsul [...]\" \/>\n<meta property=\"og:url\" content=\"https:\/\/www.visioneyes.ro\/shop-online\/swarovski-sk5174\/\" \/>\n<meta property=\"og:site_name\" content=\"Sun glasses, Contact Lenses, Eye glasses, Eyeglass Frames | VisionEyes\" \/>\n<meta property=\"article:modified_time\" content=\"2017-02-28T06:16:20+00:00\" \/>\n<meta property=\"og:image\" content=\"https:\/\/www.visioneyes.ro\/wp-content\/uploads\/SK5174_084.jpg\" \/>\n\t<meta property=\"og:image:width\" content=\"600\" \/>\n\t<meta property=\"og:image:height\" content=\"296\" \/>\n<meta name=\"twitter:card\" content=\"summary_large_image\" \/>\n<meta name=\"twitter:label1\" content=\"Est. reading time\">\n\t<meta name=\"twitter:data1\" content=\"1 minute\">\n<script type=\"application\/ld+json\" class=\"yoast-schema-graph\">{\"@context\":\"https:\/\/schema.org\",\"@graph\":[{\"@type\":\"WebSite\",\"@id\":\"https:\/\/www.visioneyes.ro\/#website\",\"url\":\"https:\/\/www.visioneyes.ro\/\",\"name\":\"Sun glasses, Contact Lenses, Eye glasses, Eyeglass Frames | VisionEyes\",\"description\":\"\",\"potentialAction\":[{\"@type\":\"SearchAction\",\"target\":\"https:\/\/www.visioneyes.ro\/?s={search_term_string}\",\"query-input\":\"required name=search_term_string\"}],\"inLanguage\":\"en-US\"},{\"@type\":\"ImageObject\",\"@id\":\"https:\/\/www.visioneyes.ro\/shop-online\/swarovski-sk5174\/#primaryimage\",\"inLanguage\":\"en-US\",\"url\":\"https:\/\/www.visioneyes.ro\/wp-content\/uploads\/SK5174_084.jpg\",\"width\":600,\"height\":296},{\"@type\":\"WebPage\",\"@id\":\"https:\/\/www.visioneyes.ro\/shop-online\/swarovski-sk5174\/#webpage\",\"url\":\"https:\/\/www.visioneyes.ro\/shop-online\/swarovski-sk5174\/\",\"name\":\"Swarovski SK5174 - Sun glasses, Contact Lenses, Eye glasses, Eyeglass Frames | VisionEyes\",\"isPartOf\":{\"@id\":\"https:\/\/www.visioneyes.ro\/#website\"},\"primaryImageOfPage\":{\"@id\":\"https:\/\/www.visioneyes.ro\/shop-online\/swarovski-sk5174\/#primaryimage\"},\"datePublished\":\"2016-12-15T16:33:18+00:00\",\"dateModified\":\"2017-02-28T06:16:20+00:00\",\"inLanguage\":\"en-US\",\"potentialAction\":[{\"@type\":\"ReadAction\",\"target\":[\"https:\/\/www.visioneyes.ro\/shop-online\/swarovski-sk5174\/\"]}]}]}<\/script>\n<!-- \/ Yoast SEO plugin. -->","_links":{"self":[{"href":"https:\/\/www.visioneyes.ro\/en\/wp-json\/wp\/v2\/product\/462"}],"collection":[{"href":"https:\/\/www.visioneyes.ro\/en\/wp-json\/wp\/v2\/product"}],"about":[{"href":"https:\/\/www.visioneyes.ro\/en\/wp-json\/wp\/v2\/types\/product"}],"replies":[{"embeddable":true,"href":"https:\/\/www.visioneyes.ro\/en\/wp-json\/wp\/v2\/comments?post=462"}],"wp:featuredmedia":[{"embeddable":true,"href":"https:\/\/www.visioneyes.ro\/en\/wp-json\/wp\/v2\/media\/463"}],"wp:attachment":[{"href":"https:\/\/www.visioneyes.ro\/en\/wp-json\/wp\/v2\/media?parent=462"}],"curies":[{"name":"wp","href":"https:\/\/api.w.org\/{rel}","templated":true}]}}