{"id":506,"date":"2016-12-16T19:11:14","date_gmt":"2016-12-16T16:11:14","guid":{"rendered":"https:\/\/www.visioneyes.ro\/?post_type=product&#038;p=506"},"modified":"2017-02-28T09:16:19","modified_gmt":"2017-02-28T06:16:19","slug":"ted-baker-tb2227-104","status":"publish","type":"product","link":"https:\/\/www.visioneyes.ro\/en\/shop-online\/ted-baker-tb2227-104\/","title":{"rendered":"Ted Baker TB2227-104"},"content":{"rendered":"<p>Ted Baker TB2227 Maddox 104 cadru de lux, cu un stil distinctiv. Creat\u0103 cu \u00eenalt\u0103 calitate,fiecare pereche de ochelari este compusa din metal. O gam\u0103 de stil \u0219i culori maro \/ aurie,sunt oferite pe tot parcursul colec\u021biei, pentru a permite fiec\u0103rui utilizator s\u0103 g\u0103seasc\u0103 un costum perfect. Toate TB2227 Maddox au transport gratuit \u0219i o garan\u021bie de 1 an,toc si laveta incluse.<\/p>\n<p>Marime: 53mm<\/p>\n","protected":false},"excerpt":{"rendered":"<p>Ted Baker TB2227 Maddox 104 cadru de lux, cu un stil distinctiv. Creat\u0103 cu \u00eenalt\u0103 calitate,fiecare pereche de ochelari este compusa din metal. O gam\u0103 de stil \u0219i culori maro \/ aurie,sunt oferite pe tot parcursul colec\u021biei, pentru a permite fiec\u0103rui utilizator s\u0103 g\u0103seasc\u0103 un costum perfect. Toate TB2227 Maddox au transport gratuit \u0219i o [&#8230;]\n","protected":false},"featured_media":507,"comment_status":"open","ping_status":"closed","template":"","meta":[],"yoast_head":"<!-- This site is optimized with the Yoast SEO plugin v15.5 - https:\/\/yoast.com\/wordpress\/plugins\/seo\/ -->\n<title>Ted Baker TB2227-104 - Sun glasses, Contact Lenses, Eye glasses, Eyeglass Frames | VisionEyes<\/title>\n<meta name=\"robots\" content=\"index, follow, max-snippet:-1, max-image-preview:large, max-video-preview:-1\" \/>\n<link rel=\"canonical\" href=\"https:\/\/www.visioneyes.ro\/shop-online\/ted-baker-tb2227-104\/\" \/>\n<meta property=\"og:locale\" content=\"en_US\" \/>\n<meta property=\"og:type\" content=\"article\" \/>\n<meta property=\"og:title\" content=\"Ted Baker TB2227-104 - Sun glasses, Contact Lenses, Eye glasses, Eyeglass Frames | VisionEyes\" \/>\n<meta property=\"og:description\" content=\"Ted Baker TB2227 Maddox 104 cadru de lux, cu un stil distinctiv. Creat\u0103 cu \u00eenalt\u0103 calitate,fiecare pereche de ochelari este compusa din metal. O gam\u0103 de stil \u0219i culori maro \/ aurie,sunt oferite pe tot parcursul colec\u021biei, pentru a permite fiec\u0103rui utilizator s\u0103 g\u0103seasc\u0103 un costum perfect. Toate TB2227 Maddox au transport gratuit \u0219i o [...]\" \/>\n<meta property=\"og:url\" content=\"https:\/\/www.visioneyes.ro\/shop-online\/ted-baker-tb2227-104\/\" \/>\n<meta property=\"og:site_name\" content=\"Sun glasses, Contact Lenses, Eye glasses, Eyeglass Frames | VisionEyes\" \/>\n<meta property=\"article:modified_time\" content=\"2017-02-28T06:16:19+00:00\" \/>\n<meta property=\"og:image\" content=\"https:\/\/www.visioneyes.ro\/wp-content\/uploads\/2227-104-ted.jpg\" \/>\n\t<meta property=\"og:image:width\" content=\"800\" \/>\n\t<meta property=\"og:image:height\" content=\"800\" \/>\n<meta name=\"twitter:card\" content=\"summary_large_image\" \/>\n<meta name=\"twitter:label1\" content=\"Est. reading time\">\n\t<meta name=\"twitter:data1\" content=\"0 minutes\">\n<script type=\"application\/ld+json\" class=\"yoast-schema-graph\">{\"@context\":\"https:\/\/schema.org\",\"@graph\":[{\"@type\":\"WebSite\",\"@id\":\"https:\/\/www.visioneyes.ro\/#website\",\"url\":\"https:\/\/www.visioneyes.ro\/\",\"name\":\"Sun glasses, Contact Lenses, Eye glasses, Eyeglass Frames | VisionEyes\",\"description\":\"\",\"potentialAction\":[{\"@type\":\"SearchAction\",\"target\":\"https:\/\/www.visioneyes.ro\/?s={search_term_string}\",\"query-input\":\"required name=search_term_string\"}],\"inLanguage\":\"en-US\"},{\"@type\":\"ImageObject\",\"@id\":\"https:\/\/www.visioneyes.ro\/shop-online\/ted-baker-tb2227-104\/#primaryimage\",\"inLanguage\":\"en-US\",\"url\":\"https:\/\/www.visioneyes.ro\/wp-content\/uploads\/2227-104-ted.jpg\",\"width\":800,\"height\":800},{\"@type\":\"WebPage\",\"@id\":\"https:\/\/www.visioneyes.ro\/shop-online\/ted-baker-tb2227-104\/#webpage\",\"url\":\"https:\/\/www.visioneyes.ro\/shop-online\/ted-baker-tb2227-104\/\",\"name\":\"Ted Baker TB2227-104 - Sun glasses, Contact Lenses, Eye glasses, Eyeglass Frames | VisionEyes\",\"isPartOf\":{\"@id\":\"https:\/\/www.visioneyes.ro\/#website\"},\"primaryImageOfPage\":{\"@id\":\"https:\/\/www.visioneyes.ro\/shop-online\/ted-baker-tb2227-104\/#primaryimage\"},\"datePublished\":\"2016-12-16T16:11:14+00:00\",\"dateModified\":\"2017-02-28T06:16:19+00:00\",\"inLanguage\":\"en-US\",\"potentialAction\":[{\"@type\":\"ReadAction\",\"target\":[\"https:\/\/www.visioneyes.ro\/shop-online\/ted-baker-tb2227-104\/\"]}]}]}<\/script>\n<!-- \/ Yoast SEO plugin. -->","_links":{"self":[{"href":"https:\/\/www.visioneyes.ro\/en\/wp-json\/wp\/v2\/product\/506"}],"collection":[{"href":"https:\/\/www.visioneyes.ro\/en\/wp-json\/wp\/v2\/product"}],"about":[{"href":"https:\/\/www.visioneyes.ro\/en\/wp-json\/wp\/v2\/types\/product"}],"replies":[{"embeddable":true,"href":"https:\/\/www.visioneyes.ro\/en\/wp-json\/wp\/v2\/comments?post=506"}],"wp:featuredmedia":[{"embeddable":true,"href":"https:\/\/www.visioneyes.ro\/en\/wp-json\/wp\/v2\/media\/507"}],"wp:attachment":[{"href":"https:\/\/www.visioneyes.ro\/en\/wp-json\/wp\/v2\/media?parent=506"}],"curies":[{"name":"wp","href":"https:\/\/api.w.org\/{rel}","templated":true}]}}