{"id":713,"date":"2016-12-19T21:48:03","date_gmt":"2016-12-19T19:48:03","guid":{"rendered":"https:\/\/www.visioneyes.ro\/?post_type=product&#038;p=713"},"modified":"2025-02-06T16:29:34","modified_gmt":"2025-02-06T14:29:34","slug":"rame-ochelari-de-vedere-tommy-hilfiger-th-1017-ucs","status":"publish","type":"product","link":"https:\/\/www.visioneyes.ro\/en\/shop-online\/rame-ochelari-de-vedere-tommy-hilfiger-th-1017-ucs\/","title":{"rendered":"Rame ochelari de vedere Tommy Hilfiger TH 1017 UCS"},"content":{"rendered":"<p>&nbsp;<\/p>\n<div class=\"eoFontsizeXL eoTextBold\"><strong>TH 1017 Informatii modele<\/strong><\/div>\n<div class=\"eoEmptyBorderBox\"><\/div>\n<table class=\"eoDetailPropertyListTable\" width=\"95%\">\n<tbody>\n<tr class=\"eoDetailItem eoFontSizeS\">\n<td>Dimensiuni &amp; Detalii<\/td>\n<td><span id=\"InfoSizeLabel425700\" class=\"sizeInfoRows\">M<\/span><span class=\"sizeInfoRowsMargin\">\/<\/span><span id=\"InfoSizeLabel425701\" class=\"sizeInfoRows\">L<\/span><\/td>\n<\/tr>\n<tr class=\"eoDetailItem eoFontSizeS\">\n<td>Dimensiunea lentilei<\/td>\n<td><span id=\"InfoLensSize425700\" class=\"sizeInfoRows\">50<\/span><span class=\"sizeInfoRowsMargin\">\/<\/span><span id=\"InfoLensSize425701\" class=\"sizeInfoRows\">52<\/span><\/td>\n<\/tr>\n<tr class=\"eoDetailItem eoFontSizeS\">\n<td>Dimensiunea ramei \u00eentre lentile<\/td>\n<td><span id=\"InfoBridgeSize425700\" class=\"sizeInfoRows\">16<\/span><span class=\"sizeInfoRowsMargin\">\/<\/span><span id=\"InfoBridgeSize425701\" class=\"sizeInfoRows\">16<\/span><\/td>\n<\/tr>\n<tr class=\"eoDetailItem eoFontSizeS\">\n<td>Lungimea tijei<\/td>\n<td><span id=\"InfoTempleSize425700\" class=\"sizeInfoRows\">130<\/span><span class=\"sizeInfoRowsMargin\">\/<\/span><span id=\"InfoTempleSize425701\" class=\"sizeInfoRows\">140<\/span><\/td>\n<\/tr>\n<tr class=\"eoDetailItem eoFontSizeS\">\n<td class=\"eoDetailFeatureName\">Genul<\/td>\n<td class=\"eoDetailFeature\">Femei<\/td>\n<\/tr>\n<tr class=\"eoDetailItem eoFontSizeS\">\n<td class=\"eoDetailFeatureName\">Form\u0103 rame<\/td>\n<td class=\"eoDetailFeature\">Rectangle<\/td>\n<\/tr>\n<tr class=\"eoDetailItem eoFontSizeS\">\n<td class=\"eoDetailFeatureName\">Material rame<\/td>\n<td class=\"eoDetailFeature\">Plastic<\/td>\n<\/tr>\n<tr class=\"eoDetailItem eoFontSizeS\">\n<td class=\"eoDetailFeatureName\">Culoare<\/td>\n<td class=\"eoDetailFeature\">Purpuriu, Roz<\/td>\n<\/tr>\n<\/tbody>\n<\/table>\n<p>\u200c<em><strong>TH 1017\/UCS Ochelari de design<\/strong><\/em><\/p>\n<p>Cu aceast\u0103 pies\u0103 de designer \u00ee\u0163i po\u0163i considera ochii perfect \u201e\u00eembr\u0103ca\u0163i\u201d \u00een fiecare zi. Modelul TH 1017 este disponibil \u00een m\u0103rimile 50 mm, 52 mm.Liniile pline de expresivitate confer\u0103 notei clasice a acestui model un caracter inconfundabil, ceea ce face din aceast\u0103 pereche de ochelari un must-have inevitabil pentru orice femeie care se respect\u0103. <b>Ochelarii rotunzi<\/b> confer\u0103 chipurilor o imagine distinct\u0103, u\u015for de recunoscut. Chiar \u015fi John Lennon \u015ftia acest lucru \u015fi ap\u0103rea \u00een concertele sale extrem de rar f\u0103r\u0103 ace\u015ftia. Harry Potter nu ar mai fi cu siguran\u0163\u0103 acela\u015fi, f\u0103r\u0103 renumi\u0163ii s\u0103i ochelari. Datorit\u0103 formei sale, modelul TH 1017 are o \u201evalabilitate\u201d etern\u0103, pentru c\u0103 <a href=\"https:\/\/www.visioneyes.ro\"><b>ochelarii rotunzi<\/b><\/a> nu vor ie\u015fi niciodat\u0103 din mod\u0103! <b>Plasticul<\/b> este un material extrem de u\u015for \u015fi flexibil. Acest fapt confer\u0103 ramelor o durabilitate pe via\u0163\u0103 \u015fi un confort maxim la purtare. Culoarea violet, denumit\u0103 \u015fi lila, este un simbol al individualit\u0103\u0163ii, creativita\u0163ii \u015fi a \u00eencrederii de sine. Ea confer\u0103 delicate\u0163e aproape oric\u0103rei nuan\u0163e de ten \u015fi din punct de vedere stilistic este extrem de versatil\u0103 \u015fi u\u015for de combinat.<\/p>\n<p>Mai mult dec\u00e2t at\u00e2t, la noi po\u0163i cump\u0103ra lentilele perfecte de vedere, la un pre\u0163 imbatabil. Tot ceea de ce ai nevoie sunt valorile actuale de dioptrii, care \u00ee\u0163i pot fi furnizate de un doctor oftalmolog de \u00eencredere sau poti venii in magazinul nostru din Vulcan Value Centre pentru o determinare de dioptrii.<\/p>\n","protected":false},"excerpt":{"rendered":"<p>&nbsp; TH 1017 Informatii modele Dimensiuni &amp; Detalii M\/L Dimensiunea lentilei 50\/52 Dimensiunea ramei \u00eentre lentile 16\/16 Lungimea tijei 130\/140 Genul Femei Form\u0103 rame Rectangle Material rame Plastic Culoare Purpuriu, Roz \u200cTH 1017\/UCS Ochelari de design Cu aceast\u0103 pies\u0103 de designer \u00ee\u0163i po\u0163i considera ochii perfect \u201e\u00eembr\u0103ca\u0163i\u201d \u00een fiecare zi. Modelul TH 1017 este disponibil [&#8230;]\n","protected":false},"featured_media":714,"comment_status":"open","ping_status":"closed","template":"","meta":[],"yoast_head":"<!-- This site is optimized with the Yoast SEO plugin v15.5 - https:\/\/yoast.com\/wordpress\/plugins\/seo\/ -->\n<title>Rame ochelari de vedere Tommy Hilfiger TH 1017 UCS - Sun glasses, Contact Lenses, Eye glasses, Eyeglass Frames | VisionEyes<\/title>\n<meta name=\"robots\" content=\"index, follow, max-snippet:-1, max-image-preview:large, max-video-preview:-1\" \/>\n<link rel=\"canonical\" href=\"https:\/\/www.visioneyes.ro\/shop-online\/rame-ochelari-de-vedere-tommy-hilfiger-th-1017-ucs\/\" \/>\n<meta property=\"og:locale\" content=\"en_US\" \/>\n<meta property=\"og:type\" content=\"article\" \/>\n<meta property=\"og:title\" content=\"Rame ochelari de vedere Tommy Hilfiger TH 1017 UCS - Sun glasses, Contact Lenses, Eye glasses, Eyeglass Frames | VisionEyes\" \/>\n<meta property=\"og:description\" content=\"&nbsp; TH 1017 Informatii modele Dimensiuni &amp; Detalii M\/L Dimensiunea lentilei 50\/52 Dimensiunea ramei \u00eentre lentile 16\/16 Lungimea tijei 130\/140 Genul Femei Form\u0103 rame Rectangle Material rame Plastic Culoare Purpuriu, Roz \u200cTH 1017\/UCS Ochelari de design Cu aceast\u0103 pies\u0103 de designer \u00ee\u0163i po\u0163i considera ochii perfect \u201e\u00eembr\u0103ca\u0163i\u201d \u00een fiecare zi. Modelul TH 1017 este disponibil [...]\" \/>\n<meta property=\"og:url\" content=\"https:\/\/www.visioneyes.ro\/shop-online\/rame-ochelari-de-vedere-tommy-hilfiger-th-1017-ucs\/\" \/>\n<meta property=\"og:site_name\" content=\"Sun glasses, Contact Lenses, Eye glasses, Eyeglass Frames | VisionEyes\" \/>\n<meta property=\"article:modified_time\" content=\"2025-02-06T14:29:34+00:00\" \/>\n<meta property=\"og:image\" content=\"https:\/\/www.visioneyes.ro\/wp-content\/uploads\/Tommy-Hilfiger-TH-1017-UCS.jpg\" \/>\n\t<meta property=\"og:image:width\" content=\"600\" \/>\n\t<meta property=\"og:image:height\" content=\"300\" \/>\n<meta name=\"twitter:card\" content=\"summary_large_image\" \/>\n<meta name=\"twitter:label1\" content=\"Est. reading time\">\n\t<meta name=\"twitter:data1\" content=\"1 minute\">\n<script type=\"application\/ld+json\" class=\"yoast-schema-graph\">{\"@context\":\"https:\/\/schema.org\",\"@graph\":[{\"@type\":\"WebSite\",\"@id\":\"https:\/\/www.visioneyes.ro\/#website\",\"url\":\"https:\/\/www.visioneyes.ro\/\",\"name\":\"Sun glasses, Contact Lenses, Eye glasses, Eyeglass Frames | VisionEyes\",\"description\":\"\",\"potentialAction\":[{\"@type\":\"SearchAction\",\"target\":\"https:\/\/www.visioneyes.ro\/?s={search_term_string}\",\"query-input\":\"required name=search_term_string\"}],\"inLanguage\":\"en-US\"},{\"@type\":\"ImageObject\",\"@id\":\"https:\/\/www.visioneyes.ro\/shop-online\/rame-ochelari-de-vedere-tommy-hilfiger-th-1017-ucs\/#primaryimage\",\"inLanguage\":\"en-US\",\"url\":\"https:\/\/www.visioneyes.ro\/wp-content\/uploads\/Tommy-Hilfiger-TH-1017-UCS.jpg\",\"width\":600,\"height\":300},{\"@type\":\"WebPage\",\"@id\":\"https:\/\/www.visioneyes.ro\/shop-online\/rame-ochelari-de-vedere-tommy-hilfiger-th-1017-ucs\/#webpage\",\"url\":\"https:\/\/www.visioneyes.ro\/shop-online\/rame-ochelari-de-vedere-tommy-hilfiger-th-1017-ucs\/\",\"name\":\"Rame ochelari de vedere Tommy Hilfiger TH 1017 UCS - Sun glasses, Contact Lenses, Eye glasses, Eyeglass Frames | VisionEyes\",\"isPartOf\":{\"@id\":\"https:\/\/www.visioneyes.ro\/#website\"},\"primaryImageOfPage\":{\"@id\":\"https:\/\/www.visioneyes.ro\/shop-online\/rame-ochelari-de-vedere-tommy-hilfiger-th-1017-ucs\/#primaryimage\"},\"datePublished\":\"2016-12-19T19:48:03+00:00\",\"dateModified\":\"2025-02-06T14:29:34+00:00\",\"inLanguage\":\"en-US\",\"potentialAction\":[{\"@type\":\"ReadAction\",\"target\":[\"https:\/\/www.visioneyes.ro\/shop-online\/rame-ochelari-de-vedere-tommy-hilfiger-th-1017-ucs\/\"]}]}]}<\/script>\n<!-- \/ Yoast SEO plugin. -->","_links":{"self":[{"href":"https:\/\/www.visioneyes.ro\/en\/wp-json\/wp\/v2\/product\/713"}],"collection":[{"href":"https:\/\/www.visioneyes.ro\/en\/wp-json\/wp\/v2\/product"}],"about":[{"href":"https:\/\/www.visioneyes.ro\/en\/wp-json\/wp\/v2\/types\/product"}],"replies":[{"embeddable":true,"href":"https:\/\/www.visioneyes.ro\/en\/wp-json\/wp\/v2\/comments?post=713"}],"wp:featuredmedia":[{"embeddable":true,"href":"https:\/\/www.visioneyes.ro\/en\/wp-json\/wp\/v2\/media\/714"}],"wp:attachment":[{"href":"https:\/\/www.visioneyes.ro\/en\/wp-json\/wp\/v2\/media?parent=713"}],"curies":[{"name":"wp","href":"https:\/\/api.w.org\/{rel}","templated":true}]}}