{"id":748,"date":"2016-12-20T22:19:17","date_gmt":"2016-12-20T19:19:17","guid":{"rendered":"https:\/\/www.visioneyes.ro\/?post_type=product&#038;p=748"},"modified":"2017-02-28T09:15:06","modified_gmt":"2017-02-28T06:15:06","slug":"just-cavalli-jc0706-066","status":"publish","type":"product","link":"https:\/\/www.visioneyes.ro\/en\/shop-online\/just-cavalli-jc0706-066\/","title":{"rendered":"Just Cavalli JC0706 066"},"content":{"rendered":"<div class=\"eoFontsizeXL eoTextBold\">JC 0706 Informa\u0162ii modele<\/div>\n<div class=\"eoEmptyBorderBox\"><\/div>\n<table class=\"eoDetailPropertyListTable\" width=\"95%\">\n<tbody>\n<tr class=\"eoDetailItem eoFontSizeS\">\n<td>Dimensiuni &amp; Detalii<\/td>\n<td><span id=\"InfoSizeLabel366764\" class=\"sizeInfoRows\">M<\/span><\/td>\n<\/tr>\n<tr class=\"eoDetailItem eoFontSizeS\">\n<td>Dimensiunea lentilei<\/td>\n<td><span id=\"InfoLensSize366764\" class=\"sizeInfoRows\">53<\/span><\/td>\n<\/tr>\n<tr class=\"eoDetailItem eoFontSizeS\">\n<td>Dimensiunea ramei \u00eentre lentile<\/td>\n<td><span id=\"InfoBridgeSize366764\" class=\"sizeInfoRows\">13<\/span><\/td>\n<\/tr>\n<tr class=\"eoDetailItem eoFontSizeS\">\n<td>Lungimea tijei<\/td>\n<td><span id=\"InfoTempleSize366764\" class=\"sizeInfoRows\">140<\/span><\/td>\n<\/tr>\n<tr class=\"eoDetailItem eoFontSizeS\">\n<td class=\"eoDetailFeatureName\">Genul<\/td>\n<td class=\"eoDetailFeature\">Femei<\/td>\n<\/tr>\n<tr class=\"eoDetailItem eoFontSizeS\">\n<td class=\"eoDetailFeatureName\">Tipul ramei<\/td>\n<td class=\"eoDetailFeature\"><a href=\"https:\/\/www.visioneyes.ro\/Ochelari-de-vedere-cu-ram%C4%83-umplut%C4%83-%28Full%29.html\">Ram\u0103 complet\u0103<\/a><\/td>\n<\/tr>\n<tr class=\"eoDetailItem eoFontSizeS\">\n<td class=\"eoDetailFeatureName\">Form\u0103 rame<\/td>\n<td class=\"eoDetailFeature\"><a href=\"https:\/\/www.visioneyes.ro\/Square-Ochelari-de-vedere.html\">Square<\/a><\/td>\n<\/tr>\n<tr class=\"eoDetailItem eoFontSizeS\">\n<td class=\"eoDetailFeatureName\">Material rame<\/td>\n<td class=\"eoDetailFeature\"><a href=\"https:\/\/www.visioneyes.ro\/Ochelari-de-vedere-din-Plastic.html\">Plastic<\/a><\/td>\n<\/tr>\n<tr class=\"eoDetailItem eoFontSizeS\">\n<td class=\"eoDetailFeatureName\">Culoare<\/td>\n<td class=\"eoDetailFeature\"><a href=\"https:\/\/www.visioneyes.ro\/Ochelari-de-vedere-ro%C5%9Fu.html\">Ro\u015fu<\/a><\/td>\n<\/tr>\n<\/tbody>\n<\/table>\n<div class=\"eoFontsizeXL eoTextBold\"><\/div>\n<div class=\"eoFontsizeXL eoTextBold\">\u200c<strong>JC0706\/066 Ochelari de design<\/strong><\/div>\n<p>Termenul de \u201eajutor vizual\u201c este total neinspirat pentru modelul JC0706. Cu aceast\u0103 pereche de ochelariai achizi\u0163ionat un accesoriu, care i\u0163i va revolu\u0163iona stilul personal, dovedind c\u0103 ai un gust aparte \u00een materie de mod\u0103! Sunt frumo\u015fi, dar totu\u015fi o alt\u0103 culoare ar fi mai potrivit\u0103 pentru hainele tale preferate? Atunci verific\u0103 \u015fi celelalte variante ale modelului JC0706 din sortimentul nostru de la <a href=\"https:\/\/www.visioneyes.ro\/Ochelari-de-vedere-Just-Cavalli.html\"><b>Just Cavalli<\/b><\/a>, din 2015 \u015fi 2016.<\/p>\n<p>Acest model de ochelari a fost special creat pentru <a href=\"https:\/\/www.visioneyes.ro\/Ochelari-de-vedere-Femei.html\"><b>femeile<\/b><\/a> puternice, care \u015ftiu ce vor. Design-ul gra\u0163ios, plin de expresivitate, face o corela\u0163ie fermec\u0103toare cu stilul chic consacrat. Cu acest model de ochelari cu rame <b>complete<\/b> faci pe oricine s\u0103 \u00een\u0163eleag\u0103, f\u0103r\u0103 dubii, c\u0103 nu accep\u0163i jum\u0103t\u0103\u0163iile de m\u0103sur\u0103! Ramele cu <a href=\"https:\/\/www.visioneyes.ro\/Square-Ochelari-de-vedere.html\"><b>form\u0103 p\u0103trat\u0103<\/b><\/a> confer\u0103 fe\u0163elor rotunde o form\u0103 accentuat\u0103 estetic, care pare astfel mult mai marcant\u0103. Ele vor fi un adev\u0103rat \u201dhightlight\u201d pentru chipul t\u0103u, atr\u0103g\u00e2nd ca un magnet privirile c\u0103tre tine. Ramele din material <b>plastic<\/b>, ca \u015fi acestea, se bucur\u0103 de o valabilitate etern\u0103 \u015fi ofer\u0103 un confort maxim la purtare. Modelul JC0706 se a\u015faz\u0103 super comod pe nas! Cine prefer\u0103 stilul ceva mai extravagant, va face alegerea perfect\u0103 cu o pereche de ochelari de culoare <b>ro\u015fu<\/b>, precum ace\u015ftia. Acest model pentru Femei te face pur \u015fi simplu s\u0103-l adori.<\/p>\n<div class=\"eoFontsizeXL eoTextBold\">\u200cJC0706\/066 Ochelari de design<\/div>\n<p>Termenul de \u201eajutor vizual\u201c este total neinspirat pentru modelul JC0706. Cu aceast\u0103 pereche de ochelariai achizi\u0163ionat un accesoriu, care i\u0163i va revolu\u0163iona stilul personal, dovedind c\u0103 ai un gust aparte \u00een materie de mod\u0103! Sunt frumo\u015fi, dar totu\u015fi o alt\u0103 culoare ar fi mai potrivit\u0103 pentru hainele tale preferate? Atunci verific\u0103 \u015fi celelalte variante ale modelului JC0706 din sortimentul nostru de la <a href=\"https:\/\/www.edel-optics.ro\/Ochelari-de-vedere-Just-Cavalli.html\"><b>Just Cavalli<\/b><\/a>, din 2015 \u015fi 2016.<\/p>\n<p>Mai mult dec\u00e2t at\u00e2t, la noi po\u0163i cump\u0103ra lentilele perfecte de vedere, la un pre\u0163 imbatabil. Tot ceea de ce ai nevoie sunt valorile actuale de dioptrii, care \u00ee\u0163i pot fi furnizate de un doctor oftalmolog de \u00eencredere sau poti venii in magazinul nostru din <a href=\"https:\/\/www.vulcanvaluecentre.ro\">Vulcan Value Centre<\/a> pentru o determinare de dioptrii.<\/p>\n","protected":false},"excerpt":{"rendered":"<p>JC 0706 Informa\u0162ii modele Dimensiuni &amp; Detalii M Dimensiunea lentilei 53 Dimensiunea ramei \u00eentre lentile 13 Lungimea tijei 140 Genul Femei Tipul ramei Ram\u0103 complet\u0103 Form\u0103 rame Square Material rame Plastic Culoare Ro\u015fu \u200cJC0706\/066 Ochelari de design Termenul de \u201eajutor vizual\u201c este total neinspirat pentru modelul JC0706. Cu aceast\u0103 pereche de ochelariai achizi\u0163ionat un accesoriu, [&#8230;]\n","protected":false},"featured_media":749,"comment_status":"open","ping_status":"closed","template":"","meta":[],"yoast_head":"<!-- This site is optimized with the Yoast SEO plugin v15.5 - https:\/\/yoast.com\/wordpress\/plugins\/seo\/ -->\n<title>Just Cavalli JC0706 066 - Sun glasses, Contact Lenses, Eye glasses, Eyeglass Frames | VisionEyes<\/title>\n<meta name=\"robots\" content=\"index, follow, max-snippet:-1, max-image-preview:large, max-video-preview:-1\" \/>\n<link rel=\"canonical\" href=\"https:\/\/www.visioneyes.ro\/shop-online\/just-cavalli-jc0706-066\/\" \/>\n<meta property=\"og:locale\" content=\"en_US\" \/>\n<meta property=\"og:type\" content=\"article\" \/>\n<meta property=\"og:title\" content=\"Just Cavalli JC0706 066 - Sun glasses, Contact Lenses, Eye glasses, Eyeglass Frames | VisionEyes\" \/>\n<meta property=\"og:description\" content=\"JC 0706 Informa\u0162ii modele Dimensiuni &amp; Detalii M Dimensiunea lentilei 53 Dimensiunea ramei \u00eentre lentile 13 Lungimea tijei 140 Genul Femei Tipul ramei Ram\u0103 complet\u0103 Form\u0103 rame Square Material rame Plastic Culoare Ro\u015fu \u200cJC0706\/066 Ochelari de design Termenul de \u201eajutor vizual\u201c este total neinspirat pentru modelul JC0706. Cu aceast\u0103 pereche de ochelariai achizi\u0163ionat un accesoriu, [...]\" \/>\n<meta property=\"og:url\" content=\"https:\/\/www.visioneyes.ro\/shop-online\/just-cavalli-jc0706-066\/\" \/>\n<meta property=\"og:site_name\" content=\"Sun glasses, Contact Lenses, Eye glasses, Eyeglass Frames | VisionEyes\" \/>\n<meta property=\"article:modified_time\" content=\"2017-02-28T06:15:06+00:00\" \/>\n<meta property=\"og:image\" content=\"https:\/\/www.visioneyes.ro\/wp-content\/uploads\/Just-Cavalli-JC0706-066.jpg\" \/>\n\t<meta property=\"og:image:width\" content=\"600\" \/>\n\t<meta property=\"og:image:height\" content=\"312\" \/>\n<meta name=\"twitter:card\" content=\"summary_large_image\" \/>\n<meta name=\"twitter:label1\" content=\"Est. reading time\">\n\t<meta name=\"twitter:data1\" content=\"2 minutes\">\n<script type=\"application\/ld+json\" class=\"yoast-schema-graph\">{\"@context\":\"https:\/\/schema.org\",\"@graph\":[{\"@type\":\"WebSite\",\"@id\":\"https:\/\/www.visioneyes.ro\/#website\",\"url\":\"https:\/\/www.visioneyes.ro\/\",\"name\":\"Sun glasses, Contact Lenses, Eye glasses, Eyeglass Frames | VisionEyes\",\"description\":\"\",\"potentialAction\":[{\"@type\":\"SearchAction\",\"target\":\"https:\/\/www.visioneyes.ro\/?s={search_term_string}\",\"query-input\":\"required name=search_term_string\"}],\"inLanguage\":\"en-US\"},{\"@type\":\"ImageObject\",\"@id\":\"https:\/\/www.visioneyes.ro\/shop-online\/just-cavalli-jc0706-066\/#primaryimage\",\"inLanguage\":\"en-US\",\"url\":\"https:\/\/www.visioneyes.ro\/wp-content\/uploads\/Just-Cavalli-JC0706-066.jpg\",\"width\":600,\"height\":312},{\"@type\":\"WebPage\",\"@id\":\"https:\/\/www.visioneyes.ro\/shop-online\/just-cavalli-jc0706-066\/#webpage\",\"url\":\"https:\/\/www.visioneyes.ro\/shop-online\/just-cavalli-jc0706-066\/\",\"name\":\"Just Cavalli JC0706 066 - Sun glasses, Contact Lenses, Eye glasses, Eyeglass Frames | VisionEyes\",\"isPartOf\":{\"@id\":\"https:\/\/www.visioneyes.ro\/#website\"},\"primaryImageOfPage\":{\"@id\":\"https:\/\/www.visioneyes.ro\/shop-online\/just-cavalli-jc0706-066\/#primaryimage\"},\"datePublished\":\"2016-12-20T19:19:17+00:00\",\"dateModified\":\"2017-02-28T06:15:06+00:00\",\"inLanguage\":\"en-US\",\"potentialAction\":[{\"@type\":\"ReadAction\",\"target\":[\"https:\/\/www.visioneyes.ro\/shop-online\/just-cavalli-jc0706-066\/\"]}]}]}<\/script>\n<!-- \/ Yoast SEO plugin. -->","_links":{"self":[{"href":"https:\/\/www.visioneyes.ro\/en\/wp-json\/wp\/v2\/product\/748"}],"collection":[{"href":"https:\/\/www.visioneyes.ro\/en\/wp-json\/wp\/v2\/product"}],"about":[{"href":"https:\/\/www.visioneyes.ro\/en\/wp-json\/wp\/v2\/types\/product"}],"replies":[{"embeddable":true,"href":"https:\/\/www.visioneyes.ro\/en\/wp-json\/wp\/v2\/comments?post=748"}],"wp:featuredmedia":[{"embeddable":true,"href":"https:\/\/www.visioneyes.ro\/en\/wp-json\/wp\/v2\/media\/749"}],"wp:attachment":[{"href":"https:\/\/www.visioneyes.ro\/en\/wp-json\/wp\/v2\/media?parent=748"}],"curies":[{"name":"wp","href":"https:\/\/api.w.org\/{rel}","templated":true}]}}