{"id":791,"date":"2016-12-21T20:44:23","date_gmt":"2016-12-21T17:44:23","guid":{"rendered":"https:\/\/www.visioneyes.ro\/?post_type=product&#038;p=791"},"modified":"2018-11-07T18:28:19","modified_gmt":"2018-11-07T15:28:19","slug":"rame-ochelari-de-vedere-dama-cacharel-ca1015-001-noir","status":"publish","type":"product","link":"https:\/\/www.visioneyes.ro\/en\/shop-online\/rame-ochelari-de-vedere-dama-cacharel-ca1015-001-noir\/","title":{"rendered":"Rame ochelari de vedere dama CACHAREL CA1015 001 NOIR"},"content":{"rendered":"<div id=\"tab-description\" class=\"panel wc-tab entry-content active\">\n<div class=\"long-description\">\n<p><strong>Rame ochelari de vedere dama CACHAREL CA1015 001 NOIR<br \/>\n<\/strong><\/p>\n<\/div>\n<div class=\"long-description\">\n<table class=\"eoDetailPropertyListTable\" width=\"95%\">\n<tbody>\n<tr class=\"eoDetailItem eoFontSizeS\">\n<td>Dimensiuni &amp; Detalii<\/td>\n<td><span id=\"InfoSizeLabel377566\" class=\"sizeInfoRows\"><\/span><span id=\"InfoSizeLabel46446\" class=\"sizeInfoRows\">L<\/span><\/td>\n<\/tr>\n<tr class=\"eoDetailItem eoFontSizeS\">\n<td>Dimensiunea lentilei<\/td>\n<td><span id=\"InfoLensSize377566\" class=\"sizeInfoRows\"><\/span><span id=\"InfoLensSize46446\" class=\"sizeInfoRows\">52<\/span><\/td>\n<\/tr>\n<tr class=\"eoDetailItem eoFontSizeS\">\n<td>Dimensiunea ramei \u00eentre lentile<\/td>\n<td><span id=\"InfoBridgeSize377566\" class=\"sizeInfoRows\"><\/span><span id=\"InfoBridgeSize46446\" class=\"sizeInfoRows\">17<\/span><\/td>\n<\/tr>\n<tr class=\"eoDetailItem eoFontSizeS\">\n<td>Lungimea tijei<\/td>\n<td><span id=\"InfoTempleSize377566\" class=\"sizeInfoRows\"><\/span><span id=\"InfoTempleSize46446\" class=\"sizeInfoRows\">140<\/span><\/td>\n<\/tr>\n<tr class=\"eoDetailItem eoFontSizeS\">\n<td class=\"eoDetailFeatureName\">Genul<\/td>\n<td class=\"eoDetailFeature\">Feminin<\/td>\n<\/tr>\n<tr class=\"eoDetailItem eoFontSizeS\">\n<td class=\"eoDetailFeatureName\">Tipul ramei<\/td>\n<td class=\"eoDetailFeature\">Ram\u0103 complet\u0103<\/td>\n<\/tr>\n<tr class=\"eoDetailItem eoFontSizeS\">\n<td class=\"eoDetailFeatureName\">Form\u0103 rame<\/td>\n<td class=\"eoDetailFeature\">Wayfarer<\/td>\n<\/tr>\n<tr class=\"eoDetailItem eoFontSizeS\">\n<td class=\"eoDetailFeatureName\">Material rame<\/td>\n<td class=\"eoDetailFeature\">Metal<\/td>\n<\/tr>\n<tr class=\"eoDetailItem eoFontSizeS\">\n<td class=\"eoDetailFeatureName\">Culoare<\/td>\n<td class=\"eoDetailFeature\">Negru<\/td>\n<\/tr>\n<\/tbody>\n<\/table>\n<\/div>\n<p>Ramele beneficieaza de garantie 1 an\u200b.<br \/>\nProdusul este nou si comercializat in ambalajul original al producatorului<\/p>\n<p>Mai mult dec\u00e2t at\u00e2t, la noi po\u0163i cump\u0103ra lentilele perfecte de vedere, la un pre\u0163 imbatabil. Tot ceea de ce ai nevoie sunt valorile actuale de dioptrii, care \u00ee\u0163i pot fi furnizate de un doctor oftalmolog de \u00eencredere sau poti venii in magazinul nostru din Vulcan Value Centre pentru o determinare de dioptrii.<\/p>\n<\/div>\n","protected":false},"excerpt":{"rendered":"<p>Rame ochelari de vedere dama CACHAREL CA1015 001 NOIR Dimensiuni &amp; Detalii L Dimensiunea lentilei 52 Dimensiunea ramei \u00eentre lentile 17 Lungimea tijei 140 Genul Feminin Tipul ramei Ram\u0103 complet\u0103 Form\u0103 rame Wayfarer Material rame Metal Culoare Negru Ramele beneficieaza de garantie 1 an\u200b. Produsul este nou si comercializat in ambalajul original al producatorului Mai [&#8230;]\n","protected":false},"featured_media":792,"comment_status":"open","ping_status":"closed","template":"","meta":[],"yoast_head":"<!-- This site is optimized with the Yoast SEO plugin v15.5 - https:\/\/yoast.com\/wordpress\/plugins\/seo\/ -->\n<title>Rame ochelari de vedere dama CACHAREL CA1015 001 NOIR - Sun glasses, Contact Lenses, Eye glasses, Eyeglass Frames | VisionEyes<\/title>\n<meta name=\"robots\" content=\"index, follow, max-snippet:-1, max-image-preview:large, max-video-preview:-1\" \/>\n<link rel=\"canonical\" href=\"https:\/\/www.visioneyes.ro\/shop-online\/rame-ochelari-de-vedere-dama-cacharel-ca1015-001-noir\/\" \/>\n<meta property=\"og:locale\" content=\"en_US\" \/>\n<meta property=\"og:type\" content=\"article\" \/>\n<meta property=\"og:title\" content=\"Rame ochelari de vedere dama CACHAREL CA1015 001 NOIR - Sun glasses, Contact Lenses, Eye glasses, Eyeglass Frames | VisionEyes\" \/>\n<meta property=\"og:description\" content=\"Rame ochelari de vedere dama CACHAREL CA1015 001 NOIR Dimensiuni &amp; Detalii L Dimensiunea lentilei 52 Dimensiunea ramei \u00eentre lentile 17 Lungimea tijei 140 Genul Feminin Tipul ramei Ram\u0103 complet\u0103 Form\u0103 rame Wayfarer Material rame Metal Culoare Negru Ramele beneficieaza de garantie 1 an\u200b. Produsul este nou si comercializat in ambalajul original al producatorului Mai [...]\" \/>\n<meta property=\"og:url\" content=\"https:\/\/www.visioneyes.ro\/shop-online\/rame-ochelari-de-vedere-dama-cacharel-ca1015-001-noir\/\" \/>\n<meta property=\"og:site_name\" content=\"Sun glasses, Contact Lenses, Eye glasses, Eyeglass Frames | VisionEyes\" \/>\n<meta property=\"article:modified_time\" content=\"2018-11-07T15:28:19+00:00\" \/>\n<meta property=\"og:image\" content=\"https:\/\/www.visioneyes.ro\/wp-content\/uploads\/cacharel-rame-ochelari-de-vedere-dama-cacharel-ca1015-001-noir-9218.jpeg\" \/>\n\t<meta property=\"og:image:width\" content=\"600\" \/>\n\t<meta property=\"og:image:height\" content=\"600\" \/>\n<meta name=\"twitter:card\" content=\"summary_large_image\" \/>\n<meta name=\"twitter:label1\" content=\"Est. reading time\">\n\t<meta name=\"twitter:data1\" content=\"0 minutes\">\n<script type=\"application\/ld+json\" class=\"yoast-schema-graph\">{\"@context\":\"https:\/\/schema.org\",\"@graph\":[{\"@type\":\"WebSite\",\"@id\":\"https:\/\/www.visioneyes.ro\/#website\",\"url\":\"https:\/\/www.visioneyes.ro\/\",\"name\":\"Sun glasses, Contact Lenses, Eye glasses, Eyeglass Frames | VisionEyes\",\"description\":\"\",\"potentialAction\":[{\"@type\":\"SearchAction\",\"target\":\"https:\/\/www.visioneyes.ro\/?s={search_term_string}\",\"query-input\":\"required name=search_term_string\"}],\"inLanguage\":\"en-US\"},{\"@type\":\"ImageObject\",\"@id\":\"https:\/\/www.visioneyes.ro\/shop-online\/rame-ochelari-de-vedere-dama-cacharel-ca1015-001-noir\/#primaryimage\",\"inLanguage\":\"en-US\",\"url\":\"https:\/\/www.visioneyes.ro\/wp-content\/uploads\/cacharel-rame-ochelari-de-vedere-dama-cacharel-ca1015-001-noir-9218.jpeg\",\"width\":600,\"height\":600},{\"@type\":\"WebPage\",\"@id\":\"https:\/\/www.visioneyes.ro\/shop-online\/rame-ochelari-de-vedere-dama-cacharel-ca1015-001-noir\/#webpage\",\"url\":\"https:\/\/www.visioneyes.ro\/shop-online\/rame-ochelari-de-vedere-dama-cacharel-ca1015-001-noir\/\",\"name\":\"Rame ochelari de vedere dama CACHAREL CA1015 001 NOIR - Sun glasses, Contact Lenses, Eye glasses, Eyeglass Frames | VisionEyes\",\"isPartOf\":{\"@id\":\"https:\/\/www.visioneyes.ro\/#website\"},\"primaryImageOfPage\":{\"@id\":\"https:\/\/www.visioneyes.ro\/shop-online\/rame-ochelari-de-vedere-dama-cacharel-ca1015-001-noir\/#primaryimage\"},\"datePublished\":\"2016-12-21T17:44:23+00:00\",\"dateModified\":\"2018-11-07T15:28:19+00:00\",\"inLanguage\":\"en-US\",\"potentialAction\":[{\"@type\":\"ReadAction\",\"target\":[\"https:\/\/www.visioneyes.ro\/shop-online\/rame-ochelari-de-vedere-dama-cacharel-ca1015-001-noir\/\"]}]}]}<\/script>\n<!-- \/ Yoast SEO plugin. -->","_links":{"self":[{"href":"https:\/\/www.visioneyes.ro\/en\/wp-json\/wp\/v2\/product\/791"}],"collection":[{"href":"https:\/\/www.visioneyes.ro\/en\/wp-json\/wp\/v2\/product"}],"about":[{"href":"https:\/\/www.visioneyes.ro\/en\/wp-json\/wp\/v2\/types\/product"}],"replies":[{"embeddable":true,"href":"https:\/\/www.visioneyes.ro\/en\/wp-json\/wp\/v2\/comments?post=791"}],"wp:featuredmedia":[{"embeddable":true,"href":"https:\/\/www.visioneyes.ro\/en\/wp-json\/wp\/v2\/media\/792"}],"wp:attachment":[{"href":"https:\/\/www.visioneyes.ro\/en\/wp-json\/wp\/v2\/media?parent=791"}],"curies":[{"name":"wp","href":"https:\/\/api.w.org\/{rel}","templated":true}]}}