{"id":810,"date":"2016-12-21T21:36:21","date_gmt":"2016-12-21T18:36:21","guid":{"rendered":"https:\/\/www.visioneyes.ro\/?post_type=product&#038;p=810"},"modified":"2018-11-07T18:28:13","modified_gmt":"2018-11-07T15:28:13","slug":"rame-ochelari-de-vedere-dama-cacharel-ca3010-600-pavot","status":"publish","type":"product","link":"https:\/\/www.visioneyes.ro\/en\/shop-online\/rame-ochelari-de-vedere-dama-cacharel-ca3010-600-pavot\/","title":{"rendered":"Rame ochelari de vedere dama CACHAREL CA3010 600 PAVOT"},"content":{"rendered":"<div id=\"tab-description\" class=\"panel wc-tab entry-content active\">\n<h3>Descriere Rame ochelari de vedere dama CACHAREL CA3010 600 PAVOT<\/h3>\n<div class=\"long-description\">\n<p>Rame ochelari de vedere dama CACHAREL CA1018 0011<\/p>\n<p>Pretul afisat include toate taxele.<\/p>\n<p>Brand: CACHAREL<br \/>\nModel: Dama<br \/>\nCuloare rama: Verde<br \/>\nTipul ramei: Rama completa<br \/>\nForma ramei: Rectangulari<\/p>\n<p><b>Dimensiuni<\/b><\/p>\n<div>\n<table border=\"0\" cellspacing=\"0\" cellpadding=\"0\">\n<tbody>\n<tr>\n<td><span class=\"f_name\">Inaltime lentile<\/span><br \/>\n<b> \u2014 mm<\/b><\/td>\n<td><span class=\"f_name\">Latime rama <\/span><br \/>\n<b> \u2014 mm<\/b><\/td>\n<td><span class=\"f_name\">Latime lentile<\/span><br \/>\n<strong>49<\/strong> <b>mm<\/b><\/td>\n<td><span class=\"f_name\">Lungime brate<\/span><br \/>\n<b>140 mm<\/b><\/td>\n<td><span class=\"f_name\">Punte nazala<\/span><br \/>\n<b>18 mm<\/b><\/td>\n<\/tr>\n<tr>\n<td><img src=\"https:\/\/lensa.ro\/image\/data\/icons\/inaltime-lentile.jpg\" alt=\"Inaltime lentile\" \/><\/td>\n<td><img src=\"https:\/\/lensa.ro\/image\/data\/icons\/latime-lentile.jpg\" alt=\"Latime\" \/><\/td>\n<td><img src=\"https:\/\/lensa.ro\/image\/data\/icons\/latamie-ochelari.jpg\" alt=\"Latime lentile\" \/><\/td>\n<td><img src=\"https:\/\/lensa.ro\/image\/data\/icons\/lungime-brate.jpg\" alt=\"Lungime brate\" \/><\/td>\n<td><img src=\"https:\/\/lensa.ro\/image\/data\/icons\/punte-nazala.jpg\" alt=\"Punte nazala\" \/><\/td>\n<\/tr>\n<\/tbody>\n<\/table>\n<\/div>\n<\/div>\n<p>Ramele beneficieaza de garantie 1 an\u200b.<br \/>\nProdusul este nou si comercializat in ambalajul original al producatorului<\/p>\n<p>Mai mult dec\u00e2t at\u00e2t, la noi po\u0163i cump\u0103ra lentilele perfecte de vedere, la un pre\u0163 imbatabil. Tot ceea de ce ai nevoie sunt valorile actuale de dioptrii, care \u00ee\u0163i pot fi furnizate de un doctor oftalmolog de \u00eencredere sau poti venii in magazinul nostru din Vulcan Value Centre pentru o determinare de dioptrii.<\/p>\n<\/div>\n","protected":false},"excerpt":{"rendered":"<p>Descriere Rame ochelari de vedere dama CACHAREL CA3010 600 PAVOT Rame ochelari de vedere dama CACHAREL CA1018 0011 Pretul afisat include toate taxele. Brand: CACHAREL Model: Dama Culoare rama: Verde Tipul ramei: Rama completa Forma ramei: Rectangulari Dimensiuni Inaltime lentile \u2014 mm Latime rama \u2014 mm Latime lentile 49 mm Lungime brate 140 mm Punte [&#8230;]\n","protected":false},"featured_media":811,"comment_status":"open","ping_status":"closed","template":"","meta":[],"yoast_head":"<!-- This site is optimized with the Yoast SEO plugin v15.5 - https:\/\/yoast.com\/wordpress\/plugins\/seo\/ -->\n<title>Rame ochelari de vedere dama CACHAREL CA3010 600 PAVOT - Sun glasses, Contact Lenses, Eye glasses, Eyeglass Frames | VisionEyes<\/title>\n<meta name=\"robots\" content=\"index, follow, max-snippet:-1, max-image-preview:large, max-video-preview:-1\" \/>\n<link rel=\"canonical\" href=\"https:\/\/www.visioneyes.ro\/shop-online\/rame-ochelari-de-vedere-dama-cacharel-ca3010-600-pavot\/\" \/>\n<meta property=\"og:locale\" content=\"en_US\" \/>\n<meta property=\"og:type\" content=\"article\" \/>\n<meta property=\"og:title\" content=\"Rame ochelari de vedere dama CACHAREL CA3010 600 PAVOT - Sun glasses, Contact Lenses, Eye glasses, Eyeglass Frames | VisionEyes\" \/>\n<meta property=\"og:description\" content=\"Descriere Rame ochelari de vedere dama CACHAREL CA3010 600 PAVOT Rame ochelari de vedere dama CACHAREL CA1018 0011 Pretul afisat include toate taxele. Brand: CACHAREL Model: Dama Culoare rama: Verde Tipul ramei: Rama completa Forma ramei: Rectangulari Dimensiuni Inaltime lentile \u2014 mm Latime rama \u2014 mm Latime lentile 49 mm Lungime brate 140 mm Punte [...]\" \/>\n<meta property=\"og:url\" content=\"https:\/\/www.visioneyes.ro\/shop-online\/rame-ochelari-de-vedere-dama-cacharel-ca3010-600-pavot\/\" \/>\n<meta property=\"og:site_name\" content=\"Sun glasses, Contact Lenses, Eye glasses, Eyeglass Frames | VisionEyes\" \/>\n<meta property=\"article:modified_time\" content=\"2018-11-07T15:28:13+00:00\" \/>\n<meta property=\"og:image\" content=\"https:\/\/www.visioneyes.ro\/wp-content\/uploads\/cacharel-rame-ochelari-de-vedere-dama-cacharel-ca3010-600-pavot-9233.jpeg\" \/>\n\t<meta property=\"og:image:width\" content=\"314\" \/>\n\t<meta property=\"og:image:height\" content=\"314\" \/>\n<meta name=\"twitter:card\" content=\"summary_large_image\" \/>\n<meta name=\"twitter:label1\" content=\"Est. reading time\">\n\t<meta name=\"twitter:data1\" content=\"0 minutes\">\n<script type=\"application\/ld+json\" class=\"yoast-schema-graph\">{\"@context\":\"https:\/\/schema.org\",\"@graph\":[{\"@type\":\"WebSite\",\"@id\":\"https:\/\/www.visioneyes.ro\/#website\",\"url\":\"https:\/\/www.visioneyes.ro\/\",\"name\":\"Sun glasses, Contact Lenses, Eye glasses, Eyeglass Frames | VisionEyes\",\"description\":\"\",\"potentialAction\":[{\"@type\":\"SearchAction\",\"target\":\"https:\/\/www.visioneyes.ro\/?s={search_term_string}\",\"query-input\":\"required name=search_term_string\"}],\"inLanguage\":\"en-US\"},{\"@type\":\"ImageObject\",\"@id\":\"https:\/\/www.visioneyes.ro\/shop-online\/rame-ochelari-de-vedere-dama-cacharel-ca3010-600-pavot\/#primaryimage\",\"inLanguage\":\"en-US\",\"url\":\"https:\/\/www.visioneyes.ro\/wp-content\/uploads\/cacharel-rame-ochelari-de-vedere-dama-cacharel-ca3010-600-pavot-9233.jpeg\",\"width\":314,\"height\":314},{\"@type\":\"WebPage\",\"@id\":\"https:\/\/www.visioneyes.ro\/shop-online\/rame-ochelari-de-vedere-dama-cacharel-ca3010-600-pavot\/#webpage\",\"url\":\"https:\/\/www.visioneyes.ro\/shop-online\/rame-ochelari-de-vedere-dama-cacharel-ca3010-600-pavot\/\",\"name\":\"Rame ochelari de vedere dama CACHAREL CA3010 600 PAVOT - Sun glasses, Contact Lenses, Eye glasses, Eyeglass Frames | VisionEyes\",\"isPartOf\":{\"@id\":\"https:\/\/www.visioneyes.ro\/#website\"},\"primaryImageOfPage\":{\"@id\":\"https:\/\/www.visioneyes.ro\/shop-online\/rame-ochelari-de-vedere-dama-cacharel-ca3010-600-pavot\/#primaryimage\"},\"datePublished\":\"2016-12-21T18:36:21+00:00\",\"dateModified\":\"2018-11-07T15:28:13+00:00\",\"inLanguage\":\"en-US\",\"potentialAction\":[{\"@type\":\"ReadAction\",\"target\":[\"https:\/\/www.visioneyes.ro\/shop-online\/rame-ochelari-de-vedere-dama-cacharel-ca3010-600-pavot\/\"]}]}]}<\/script>\n<!-- \/ Yoast SEO plugin. -->","_links":{"self":[{"href":"https:\/\/www.visioneyes.ro\/en\/wp-json\/wp\/v2\/product\/810"}],"collection":[{"href":"https:\/\/www.visioneyes.ro\/en\/wp-json\/wp\/v2\/product"}],"about":[{"href":"https:\/\/www.visioneyes.ro\/en\/wp-json\/wp\/v2\/types\/product"}],"replies":[{"embeddable":true,"href":"https:\/\/www.visioneyes.ro\/en\/wp-json\/wp\/v2\/comments?post=810"}],"wp:featuredmedia":[{"embeddable":true,"href":"https:\/\/www.visioneyes.ro\/en\/wp-json\/wp\/v2\/media\/811"}],"wp:attachment":[{"href":"https:\/\/www.visioneyes.ro\/en\/wp-json\/wp\/v2\/media?parent=810"}],"curies":[{"name":"wp","href":"https:\/\/api.w.org\/{rel}","templated":true}]}}